{"id":19563,"date":"2020-10-01T19:03:10","date_gmt":"2020-10-01T19:03:10","guid":{"rendered":"https:\/\/va87zabukmi.preview.infomaniak.website\/?page_id=19563"},"modified":"2024-03-26T08:23:11","modified_gmt":"2024-03-26T08:23:11","slug":"%e8%81%94%e7%bb%9c%e4%ba%ba","status":"publish","type":"page","link":"https:\/\/sulelaw.com\/zh-hans\/%e8%81%94%e7%bb%9c%e4%ba%ba\/","title":{"rendered":"\u8054\u7cfb"},"content":{"rendered":"<div class=\"gb-container gb-container-773ee761\"><div class=\"gb-inside-container\">\n<div class=\"gb-grid-wrapper gb-grid-wrapper-2133caaa\">\n<div class=\"gb-grid-column gb-grid-column-17be5e6c\"><div class=\"gb-container gb-container-17be5e6c\"><div class=\"gb-inside-container\">\n\n<h2 class=\"gb-headline gb-headline-1d13e19d gb-headline-text\">\u8054\u7cfb\u6211\u4eec<\/h2>\n\n<\/div><\/div><\/div>\n\n<div class=\"gb-grid-column gb-grid-column-bfae7363\"><div class=\"gb-container gb-container-bfae7363\"><div class=\"gb-inside-container\">\n<div class=\"gb-grid-wrapper gb-grid-wrapper-fccbc38b\">\n<div class=\"gb-grid-column gb-grid-column-49088109\"><div class=\"gb-container gb-container-49088109\"><div class=\"gb-inside-container\">\n\n<p class=\"gb-headline gb-headline-ced9cb38\"><span class=\"gb-icon\"><svg xmlns=\"http:\/\/www.w3.org\/2000\/svg\" viewBox=\"0 0 384 512\" width=\"1em\" height=\"1em\" aria-hidden=\"true\"><path d=\"M172.268 501.67C26.97 291.031 0 269.413 0 192 0 85.961 85.961 0 192 0s192 85.961 192 192c0 77.413-26.97 99.031-172.268 309.67-9.535 13.774-29.93 13.773-39.464 0zM192 272c44.183 0 80-35.817 80-80s-35.817-80-80-80-80 35.817-80 80 35.817 80 80 80z\" fill=\"currentColor\"><\/path><\/svg><\/span><span class=\"gb-headline-text\"><\/span><\/p>\n\n\n\n<div style=\"height:100px\" aria-hidden=\"true\" class=\"wp-block-spacer\"><\/div>\n\n<\/div><\/div><\/div>\n\n<div class=\"gb-grid-column gb-grid-column-9a55fb07\"><div class=\"gb-container gb-container-9a55fb07\"><div class=\"gb-inside-container\">\n\n<p>\u5308\u7259\u5229<\/p>\n\n\n\n<p>84 Frankel Le\u00f3 \u00fat<br>S\u00fcle \u00dcgyv\u00e9di Iroda &#8211; \u77e5\u8bc6\u4ea7\u6743\u5f8b\u5e08\u4e8b\u52a1\u6240\u3002<br>1023 Budapest<br>\u7535\u8bdd\uff1a+36 1-700-2255<br>\u4f20\u771f\uff1a+36 1-700-1877<br>\u7535\u5b50\u90ae\u4ef6\uff1a<a href=\"mailto:hu@sulelaw.com\" title=\"\"><strong>hu@sulelaw.com<\/strong><\/a><\/p>\n\n<\/div><\/div><\/div>\n<\/div>\n\n\n<hr class=\"wp-block-separator has-css-opacity\"\/>\n\n\n\n<p><\/p>\n\n\n<div class=\"gb-grid-wrapper gb-grid-wrapper-61e0f111\">\n<div class=\"gb-grid-column gb-grid-column-2d9c95bb\"><div class=\"gb-container gb-container-2d9c95bb\"><div class=\"gb-inside-container\">\n\n<p class=\"gb-headline gb-headline-dddf014c\"><span class=\"gb-icon\"><svg xmlns=\"http:\/\/www.w3.org\/2000\/svg\" viewBox=\"0 0 384 512\" width=\"1em\" height=\"1em\" aria-hidden=\"true\"><path d=\"M172.268 501.67C26.97 291.031 0 269.413 0 192 0 85.961 85.961 0 192 0s192 85.961 192 192c0 77.413-26.97 99.031-172.268 309.67-9.535 13.774-29.93 13.773-39.464 0zM192 272c44.183 0 80-35.817 80-80s-35.817-80-80-80-80 35.817-80 80 35.817 80 80 80z\" fill=\"currentColor\"><\/path><\/svg><\/span><span class=\"gb-headline-text\"><\/span><\/p>\n\n<\/div><\/div><\/div>\n\n<div class=\"gb-grid-column gb-grid-column-21acad26\"><div class=\"gb-container gb-container-21acad26\"><div class=\"gb-inside-container\">\n\n<p>\u5fb7\u56fd<\/p>\n\n\n\n<p>Scharnweberstr. 9<br>S\u00fcle\u5f8b\u5e08\u4e8b\u52a1\u6240\u3002<br>15537 Erkner<br>\u7535\u8bdd\uff1a+49 3362 509 7737<br>\u7535\u5b50\u90ae\u4ef6\uff1a<a href=\"mailto:de@sulelaw.com\" title=\"\"><strong>de@sulelaw.com<\/strong><\/a><\/p>\n\n<\/div><\/div><\/div>\n<\/div>\n\n\n<hr class=\"wp-block-separator has-css-opacity\"\/>\n\n\n\n<p class=\"gb-headline gb-headline-6b986211\"><span class=\"gb-icon\"><svg xmlns=\"http:\/\/www.w3.org\/2000\/svg\" viewBox=\"0 0 448 512\" width=\"1em\" height=\"1em\" aria-hidden=\"true\"><path d=\"M416 208H272V64c0-17.67-14.33-32-32-32h-32c-17.67 0-32 14.33-32 32v144H32c-17.67 0-32 14.33-32 32v32c0 17.67 14.33 32 32 32h144v144c0 17.67 14.33 32 32 32h32c17.67 0 32-14.33 32-32V304h144c17.67 0 32-14.33 32-32v-32c0-17.67-14.33-32-32-32z\" fill=\"currentColor\"><\/path><\/svg><\/span><span class=\"gb-headline-text\">\u5fae\u4fe1<\/span><\/p>\n\n\n<div class=\"wp-block-image is-style-rounded\">\n<figure class=\"aligncenter size-large is-resized\"><img loading=\"lazy\" decoding=\"async\" width=\"512\" height=\"512\" src=\"https:\/\/sulelaw.com\/wp-content\/uploads\/2020\/09\/wechat-qr-code.jpg\" alt=\"\" class=\"wp-image-19303\" style=\"width:128px;height:128px\" srcset=\"https:\/\/sulelaw.com\/wp-content\/uploads\/2020\/09\/wechat-qr-code.jpg 512w, https:\/\/sulelaw.com\/wp-content\/uploads\/2020\/09\/wechat-qr-code-300x300.jpg 300w, https:\/\/sulelaw.com\/wp-content\/uploads\/2020\/09\/wechat-qr-code-150x150.jpg 150w\" sizes=\"auto, (max-width: 512px) 100vw, 512px\" \/><\/figure><\/div>\n\n\n<hr class=\"wp-block-separator has-css-opacity\"\/>\n\n\n<div class=\"gb-grid-wrapper gb-grid-wrapper-895f1620\">\n<div class=\"gb-grid-column gb-grid-column-cc76dffe\"><div class=\"gb-container gb-container-cc76dffe\"><div class=\"gb-inside-container\">\n\n<p class=\"gb-headline gb-headline-a1dc144d\"><span class=\"gb-icon\"><svg xmlns=\"http:\/\/www.w3.org\/2000\/svg\" viewBox=\"0 0 384 512\" width=\"1em\" height=\"1em\" aria-hidden=\"true\"><path d=\"M172.268 501.67C26.97 291.031 0 269.413 0 192 0 85.961 85.961 0 192 0s192 85.961 192 192c0 77.413-26.97 99.031-172.268 309.67-9.535 13.774-29.93 13.773-39.464 0zM192 272c44.183 0 80-35.817 80-80s-35.817-80-80-80-80 35.817-80 80 35.817 80 80 80z\" fill=\"currentColor\"><\/path><\/svg><\/span><span class=\"gb-headline-text\"><\/span><\/p>\n\n<\/div><\/div><\/div>\n\n<div class=\"gb-grid-column gb-grid-column-fa1073da\"><div class=\"gb-container gb-container-fa1073da\"><div class=\"gb-inside-container\">\n\n<p>\u82f1\u56fd<\/p>\n\n\n\n<p>\u6211\u4eec\u5728\u82f1\u56fd\u6709\u4e00\u4e2a\u670d\u52a1\u5730\u5740\uff0c\u7528\u4e8e\u4e0e\u82f1\u56fdIPO\u8fdb\u884c\u901a\u4fe1\u3002  <\/p>\n\n\n\n<p>49 Station Road<br>Polegate, East Sussex<br>BN26 6EA<\/p>\n\n\n\n<p>\u5982\u679c\u60a8\u62c5\u5fc3\u82f1\u56fd\u77e5\u8bc6\u4ea7\u6743\uff0c\u8bf7\u6ce8\u610f\uff0c\u6211\u4eec\u63a5\u53d7\u670d\u52a1\uff0c<a href=\"mailto:uk@sulelaw.com\"><strong>uk@sulelaw.com<\/strong><\/a>\u3002 \u6211\u4eec\u5f88\u4e50\u610f\u786e\u8ba4\u5b89\u5168\u6536\u636e\uff0c\u8bf7\u5728\u60a8\u7684\u901a\u4fe1\u4e2d\u6ce8\u660e\u6b64\u8bf7\u6c42\u3002<\/p>\n\n\n\n<p>\u6211\u4eec\u5f3a\u70c8\u5efa\u8bae\u60a8\u4f7f\u7528\u6211\u4eec\u7684\u7535\u5b50\u90ae\u4ef6\u5730\u5740\uff0c\u4ee5\u4fbf\u66f4\u5feb\u5730\u5904\u7406\u60a8\u7684\u6848\u4ef6\u3002<\/p>\n\n<\/div><\/div><\/div>\n<\/div>\n<\/div><\/div><\/div>\n<\/div>\n<\/div><\/div>","protected":false},"excerpt":{"rendered":"","protected":false},"author":2,"featured_media":0,"parent":0,"menu_order":0,"comment_status":"closed","ping_status":"closed","template":"","meta":{"footnotes":""},"class_list":["post-19563","page","type-page","status-publish"],"aioseo_notices":[],"_links":{"self":[{"href":"https:\/\/sulelaw.com\/zh-hans\/wp-json\/wp\/v2\/pages\/19563","targetHints":{"allow":["GET"]}}],"collection":[{"href":"https:\/\/sulelaw.com\/zh-hans\/wp-json\/wp\/v2\/pages"}],"about":[{"href":"https:\/\/sulelaw.com\/zh-hans\/wp-json\/wp\/v2\/types\/page"}],"author":[{"embeddable":true,"href":"https:\/\/sulelaw.com\/zh-hans\/wp-json\/wp\/v2\/users\/2"}],"replies":[{"embeddable":true,"href":"https:\/\/sulelaw.com\/zh-hans\/wp-json\/wp\/v2\/comments?post=19563"}],"version-history":[{"count":13,"href":"https:\/\/sulelaw.com\/zh-hans\/wp-json\/wp\/v2\/pages\/19563\/revisions"}],"predecessor-version":[{"id":24210,"href":"https:\/\/sulelaw.com\/zh-hans\/wp-json\/wp\/v2\/pages\/19563\/revisions\/24210"}],"wp:attachment":[{"href":"https:\/\/sulelaw.com\/zh-hans\/wp-json\/wp\/v2\/media?parent=19563"}],"curies":[{"name":"wp","href":"https:\/\/api.w.org\/{rel}","templated":true}]}}