{"id":20538,"date":"2020-11-04T09:15:08","date_gmt":"2020-11-04T09:15:08","guid":{"rendered":"https:\/\/va87zabukmi.preview.infomaniak.website\/legal-services\/it-law-it-lawyer-it-law-firm\/"},"modified":"2020-11-13T18:00:48","modified_gmt":"2020-11-13T18:00:48","slug":"it-jog-internet-ugyved-informatikai-jogasz","status":"publish","type":"page","link":"https:\/\/sulelaw.com\/hu\/jogi-szolgaltatas\/it-jog-internet-ugyved-informatikai-jogasz\/","title":{"rendered":"IT jog \/ Internet \u00fcgyv\u00e9d \/ Informatikai jog\u00e1sz"},"content":{"rendered":"\n<div class=\"gb-container gb-container-e3321647\"><div class=\"gb-inside-container\">\n<div class=\"gb-grid-wrapper gb-grid-wrapper-9df41ee5\">\n<div class=\"gb-grid-column gb-grid-column-71587cc8\"><div class=\"gb-container gb-container-71587cc8\"><div class=\"gb-inside-container\">\n<h2 class=\"gb-headline gb-headline-5d5268ff\">Az IT jogi \u00fcgyv\u00e9di iroda f\u00f3kusza<\/h2>\n<\/div><\/div><\/div>\n\n\n\n<div class=\"gb-grid-column gb-grid-column-633a8305\"><div class=\"gb-container gb-container-633a8305\"><div class=\"gb-inside-container\">\n<p>Jog\u00e1szaink j\u00e1ratosak az IT leg\u00fajabb fejlem\u00e9nyeiben \u00e9s meg\u00e9rtik az ezekhez kapcsol\u00f3d\u00f3 jogi k\u00e9rd\u00e9sek s\u00faly\u00e1t. Sz\u00fcks\u00e9g eset\u00e9n fell\u00e9p\u00fcnk az internetes jogs\u00e9rt\u0151 cselekm\u00e9nyek ellen is, peres vagy alternat\u00edv vitarendez\u00e9si elj\u00e1r\u00e1sokat ind\u00edtunk. Jogi tan\u00e1csot adunk elektronikus kereskedelem, internet \u00e9s elektronikus marketing ter\u00fcleten, online szerencsej\u00e1t\u00e9kkal kapcsolatban. <\/p>\n\n\n\n<p>Ma minden c\u00e9gnek sz\u00e1molnia kell az informatik\u00e1val. T\u00e1mogatjuk \u00d6nt abban, hogy \u00fczleti partnereivel, besz\u00e1ll\u00edt\u00f3ival \u00e9s \u00fcgyfeleivel val\u00f3 kapcsolataira jogszer\u0171, kreat\u00edv \u00e9s praktikus megold\u00e1sokat tal\u00e1ljon. IT \u00fcgyv\u00e9d csapatunk felm\u00e9ri, hogy az \u00fcgyfelek betartj\u00e1k-e a vonatkoz\u00f3 t\u00f6rv\u00e9nyeket \u00e9s szab\u00e1lyoz\u00e1sokat. Ez mag\u00e1ban foglalja az informatikai szerz\u0151d\u00e9sek minden t\u00edpus\u00e1nak megfogalmaz\u00e1s\u00e1t \u00e9s jogi tan\u00e1csad\u00e1st olyan ter\u00fcleteken, mint p\u00e9ld\u00e1ul licencel\u00e9s, forgalmaz\u00e1s, fejleszt\u00e9s, karbantart\u00e1s, outsourcing \u00e9s e-kereskedelem.<\/p>\n<\/div><\/div><\/div>\n<\/div>\n<\/div><\/div>\n\n\n\n<div class=\"gb-container gb-container-05724921\"><div class=\"gb-inside-container\">\n<div class=\"gb-grid-wrapper gb-grid-wrapper-f1eea5cd\">\n<div class=\"gb-grid-column gb-grid-column-f8fac88a\"><div class=\"gb-container gb-container-f8fac88a\"><div class=\"gb-inside-container\">\n<h2 class=\"gb-headline gb-headline-2e40bf50\">F\u0151bb informatikai jogi szolg\u00e1ltat\u00e1saink<\/h2>\n<\/div><\/div><\/div>\n\n\n\n<div class=\"gb-grid-column gb-grid-column-7a0f3012\"><div class=\"gb-container gb-container-7a0f3012\"><div class=\"gb-inside-container\">\n<div class=\"wp-block-pb-accordion-item c-accordion__item js-accordion-item no-js\" data-initially-open=\"false\" data-click-to-close=\"true\" data-auto-close=\"false\" data-scroll=\"false\" data-scroll-offset=\"0\"><h3 id=\"at-67813\" class=\"c-accordion__title js-accordion-controller\" role=\"button\">Informatikai meg\u00e1llapod\u00e1sok, licencek \u00e9s jog\u00fcgyletek kidolgoz\u00e1sa<\/h3><div id=\"ac-67813\" class=\"c-accordion__content\">\n<p>V\u00e9gigvezethetj\u00fck \u00d6nt a technol\u00f3giai meg\u00e1llapod\u00e1sokon, a kezd\u0151 v\u00e1llalkoz\u00e1sokt\u00f3l kezdve a multinacion\u00e1lis v\u00e1llalatokig.<\/p>\n<\/div><\/div>\n\n\n\n<div class=\"wp-block-pb-accordion-item c-accordion__item js-accordion-item no-js\" data-initially-open=\"false\" data-click-to-close=\"true\" data-auto-close=\"false\" data-scroll=\"false\" data-scroll-offset=\"0\"><h3 id=\"at-12388\" class=\"c-accordion__title js-accordion-controller\" role=\"button\">Start-upok<\/h3><div id=\"ac-12388\" class=\"c-accordion__content\">\n<p>Seg\u00edt\u00fcnk <strong>start-up<\/strong> \u00fcgyfeleknek a v\u00e1llalkoz\u00e1salap\u00edt\u00e1s, a finansz\u00edroz\u00e1s, a tartalomszab\u00e1lyoz\u00e1s \u00e9s a weboldalkezel\u00e9s k\u00e9rd\u00e9seiben.<\/p>\n\n\n\n<p>Informatikai \u00fcgyv\u00e9di irod\u00e1nk jogi megold\u00e1sokat k\u00edn\u00e1l t\u00f6bb orsz\u00e1g piac\u00e1ra sz\u00f3l\u00f3 term\u00e9kk\u00edn\u00e1lattal \u00e9s domain n\u00e9v jogvit\u00e1kkal kapcsolatban.<\/p>\n<\/div><\/div>\n\n\n\n<div class=\"wp-block-pb-accordion-item c-accordion__item js-accordion-item no-js\" data-initially-open=\"false\" data-click-to-close=\"true\" data-auto-close=\"false\" data-scroll=\"false\" data-scroll-offset=\"0\"><h3 id=\"at-59928\" class=\"c-accordion__title js-accordion-controller\" role=\"button\">Vitarendez\u00e9s az informatikai szektorban<\/h3><div id=\"ac-59928\" class=\"c-accordion__content\">\n<p>Peres \u00fcgyv\u00e9djeink \u00fcgyf\u00e9lk\u00f6zpont\u00fa megk\u00f6zel\u00edt\u00e9se az, hogy \u00fcgyfeleink c\u00e9ljai hat\u00e1rozz\u00e1k meg a jogi strat\u00e9gi\u00e1nkat, f\u00fcggetlen\u00fcl att\u00f3l, hogy az azonnali int\u00e9zked\u00e9sr\u0151l, egy \u00fczleti vita id\u0151ben t\u00f6rt\u00e9n\u0151 megold\u00e1s\u00e1r\u00f3l, alternat\u00edv vitarendez\u00e9sr\u0151l, a polg\u00e1ri perr\u0151l &#8211; b\u00edr\u00f3s\u00e1gi elj\u00e1r\u00e1sr\u00f3l vagy egy fellebbez\u00e9s megnyer\u00e9s\u00e9r\u0151l van-e sz\u00f3.<\/p>\n<\/div><\/div>\n\n\n\n<div class=\"wp-block-pb-accordion-item c-accordion__item js-accordion-item no-js\" data-initially-open=\"false\" data-click-to-close=\"true\" data-auto-close=\"false\" data-scroll=\"false\" data-scroll-offset=\"0\"><h3 id=\"at-97572\" class=\"c-accordion__title js-accordion-controller\" role=\"button\">K\u00f6telez\u0151 jogi megfelel\u00e9s informatikai szolg\u00e1ltat\u00f3k sz\u00e1m\u00e1ra<\/h3><div id=\"ac-97572\" class=\"c-accordion__content\">\n<p>\u00dczet\u00e1g\u00e1t\u00f3l f\u00fcgg\u0151en egyes szolg\u00e1ltat\u00e1saival kapcsolatban a fel\u00fcgyeleti hat\u00f3s\u00e1gok \u00e9rtes\u00edt\u00e9st vagy ak\u00e1r regisztr\u00e1ci\u00f3t is el\u0151\u00edrhatnak. Bizonyos esetekben a jogszab\u00e1lyoknak megfelel\u0151 \u00c1ltal\u00e1nos Szerz\u0151d\u00e9si Felt\u00e9teleket is be kell ny\u00fajtani.<\/p>\n<\/div><\/div>\n<\/div><\/div><\/div>\n<\/div>\n<\/div><\/div>\n\n\n\n<div class=\"gb-container gb-container-f4aa788b\"><div class=\"gb-inside-container\">\n<div class=\"gb-grid-wrapper gb-grid-wrapper-6491d706\">\n<div class=\"gb-grid-column gb-grid-column-3f1495bc\"><div class=\"gb-container gb-container-3f1495bc\"><div class=\"gb-inside-container\">\n<h2 class=\"gb-headline gb-headline-8ed7bb69\">Az IT jog az informatika joga, ide\u00e9rtve a sz\u00e1m\u00edt\u00e1stechnik\u00e1t \u00e9s az internetet is<\/h2>\n<\/div><\/div><\/div>\n\n\n\n<div class=\"gb-grid-column gb-grid-column-033bdb6f\"><div class=\"gb-container gb-container-033bdb6f\"><div class=\"gb-inside-container\">\n<figure class=\"wp-block-image is-resized size-large is-style-default\"><img loading=\"lazy\" decoding=\"async\" src=\"https:\/\/sulelaw.com\/wp-content\/uploads\/2020\/11\/cdc-I-SoYkFjVI0-unsplash-1024x827.jpg\" alt=\"IT jog Informatikai \u00fcgyv\u00e9d magyarorsz\u00e1g n\u00e9metorsz\u00e1g EU\" class=\"wp-image-20275\" width=\"871\" height=\"703\" srcset=\"https:\/\/sulelaw.com\/wp-content\/uploads\/2020\/11\/cdc-I-SoYkFjVI0-unsplash-1024x827.jpg 1024w, https:\/\/sulelaw.com\/wp-content\/uploads\/2020\/11\/cdc-I-SoYkFjVI0-unsplash-300x242.jpg 300w, https:\/\/sulelaw.com\/wp-content\/uploads\/2020\/11\/cdc-I-SoYkFjVI0-unsplash-768x620.jpg 768w, https:\/\/sulelaw.com\/wp-content\/uploads\/2020\/11\/cdc-I-SoYkFjVI0-unsplash-1536x1241.jpg 1536w, https:\/\/sulelaw.com\/wp-content\/uploads\/2020\/11\/cdc-I-SoYkFjVI0-unsplash.jpg 1920w\" sizes=\"auto, (max-width: 871px) 100vw, 871px\" \/><figcaption>Forr\u00e1s: Public Health Image Library from the Centers for Disease Control and Prevention &#8211;  <a href=\"https:\/\/unsplash.com\/@cdc?utm_source=unsplash&amp;utm_medium=referral&amp;utm_content=creditCopyText\">CDC<\/a> <\/figcaption><\/figure>\n<\/div><\/div><\/div>\n<\/div>\n<\/div><\/div>\n\n\n\n<div class=\"gb-container gb-container-2a545a7e\"><div class=\"gb-inside-container\">\n<h2 class=\"has-text-align-center wp-block-heading\">IT jog &#8211; GYIK<\/h2>\n\n\n\n<p><\/p>\n\n\n\n<div class=\"schema-faq wp-block-yoast-faq-block\"><div class=\"schema-faq-section\" id=\"faq-question-1604420909555\"><strong class=\"schema-faq-question\">Mi az IT jog?<\/strong> <p class=\"schema-faq-answer\">Az informatikai jog (az angol &#8222;IT&#8221; az informatika megfelel\u0151je) biztos\u00edtja a jogi keretet az elektronikus inform\u00e1ci\u00f3k gy\u0171jt\u00e9s\u00e9re, feldolgoz\u00e1s\u00e1ra, t\u00e1rol\u00e1s\u00e1ra \u00e9s terjeszt\u00e9s\u00e9re a vil\u00e1gpiacon. Ezen a ter\u00fcleten az informatikai jog\u00e1szok gyakorlatilag minden ipar\u00e1gat k\u00e9pviselnek, seg\u00edtenek az informatikai tranzakci\u00f3k struktur\u00e1l\u00e1s\u00e1ban, hogy maximaliz\u00e1lj\u00e1k az \u00fcgyfelek profitj\u00e1t, mik\u00f6zben biztos\u00edtj\u00e1k a jogszab\u00e1lyoknak val\u00f3 megfelel\u00e9st. Nagy hangs\u00falyt fektetnek a tranzakci\u00f3ban r\u00e9szt vev\u0151 felek k\u00f6z\u00f6tti lehets\u00e9ges vitaforr\u00e1sok el\u0151rejelz\u00e9s\u00e9re \u00e9s olyan meg\u00e1llapod\u00e1sok megk\u00f6t\u00e9s\u00e9re is, amelyek kezelik ezeket a helyzeteket, \u00e9s \u00edgy cs\u00f6kkentik a perek kock\u00e1zat\u00e1t.<br\/>Ha olyan informatikai jogvit\u00e1k mer\u00fclnek fel, amelyeket a b\u00edr\u00f3s\u00e1gi rendszeren k\u00edv\u00fcl nem lehet megoldani, az informatikai jogra szakosodott \u00fcgyv\u00e9d er\u0151teljes j\u00f3 v\u00e1laszt\u00e1s lehet egy nem specializ\u00e1l\u00f3dott \u00fcgyv\u00e9dhez k\u00e9pest. <\/p> <\/div> <div class=\"schema-faq-section\" id=\"faq-question-1605211911485\"><strong class=\"schema-faq-question\">Lehets\u00e9ges <strong>online jogi tan\u00e1csad\u00e1s<\/strong>?<\/strong> <p class=\"schema-faq-answer\">Igen, az online\u00a0 jogi tan\u00e1csad\u00e1s alkalmas a minden szempontb\u00f3l helyt\u00e1ll\u00f3 jogi v\u00e9lem\u00e9ny kialak\u00edt\u00e1s\u00e1ra. A technol\u00f3gia adta lehet\u0151s\u00e9geket kihaszn\u00e1lva az \u00fcgyf\u00e9l azonos\u00edt\u00e1st \u00e9s az okiratok beazonos\u00edt\u00e1s\u00e1t is el lehet v\u00e9gezni online. Az online \u00fcgyv\u00e9d el\u00e9rhet\u0151 lehet\u0151s\u00e9g a legt\u00f6bb esetben.<\/p> <\/div> <\/div>\n<\/div><\/div>\n","protected":false},"excerpt":{"rendered":"<p>IT jog &#8211; GYIK<\/p>\n","protected":false},"author":2,"featured_media":0,"parent":20484,"menu_order":0,"comment_status":"closed","ping_status":"closed","template":"","meta":{"footnotes":""},"class_list":["post-20538","page","type-page","status-publish"],"aioseo_notices":[],"_links":{"self":[{"href":"https:\/\/sulelaw.com\/hu\/wp-json\/wp\/v2\/pages\/20538","targetHints":{"allow":["GET"]}}],"collection":[{"href":"https:\/\/sulelaw.com\/hu\/wp-json\/wp\/v2\/pages"}],"about":[{"href":"https:\/\/sulelaw.com\/hu\/wp-json\/wp\/v2\/types\/page"}],"author":[{"embeddable":true,"href":"https:\/\/sulelaw.com\/hu\/wp-json\/wp\/v2\/users\/2"}],"replies":[{"embeddable":true,"href":"https:\/\/sulelaw.com\/hu\/wp-json\/wp\/v2\/comments?post=20538"}],"version-history":[{"count":20,"href":"https:\/\/sulelaw.com\/hu\/wp-json\/wp\/v2\/pages\/20538\/revisions"}],"predecessor-version":[{"id":21688,"href":"https:\/\/sulelaw.com\/hu\/wp-json\/wp\/v2\/pages\/20538\/revisions\/21688"}],"up":[{"embeddable":true,"href":"https:\/\/sulelaw.com\/hu\/wp-json\/wp\/v2\/pages\/20484"}],"wp:attachment":[{"href":"https:\/\/sulelaw.com\/hu\/wp-json\/wp\/v2\/media?parent=20538"}],"curies":[{"name":"wp","href":"https:\/\/api.w.org\/{rel}","templated":true}]}}