{"id":20526,"date":"2020-10-26T08:00:18","date_gmt":"2020-10-26T08:00:18","guid":{"rendered":"https:\/\/va87zabukmi.preview.infomaniak.website\/legal-services\/data-protection-gdpr-law-firm-data-privacy-eu-representative-dpo-data-protection-office-article-27-representative\/"},"modified":"2020-11-18T18:37:03","modified_gmt":"2020-11-18T18:37:03","slug":"adatvedelem-gdpr-adatvedelmi-ugyved-jogasz-belso-adatvedelmi-felelos-szakerto-adatvedelmi-incidens","status":"publish","type":"page","link":"https:\/\/sulelaw.com\/hu\/jogi-szolgaltatas\/adatvedelem-gdpr-adatvedelmi-ugyved-jogasz-belso-adatvedelmi-felelos-szakerto-adatvedelmi-incidens\/","title":{"rendered":"Adatv\u00e9delem \/ GDPR \/ Adatv\u00e9delmi felel\u0151s"},"content":{"rendered":"\n<div class=\"gb-container gb-container-e3321647\"><div class=\"gb-inside-container\">\n<div class=\"gb-grid-wrapper gb-grid-wrapper-9df41ee5\">\n<div class=\"gb-grid-column gb-grid-column-71587cc8\"><div class=\"gb-container gb-container-71587cc8\"><div class=\"gb-inside-container\">\n<h2 class=\"gb-headline gb-headline-5d5268ff\">GDPR, magyar \u00e9s n\u00e9met adatv\u00e9delem, bels\u0151 adatv\u00e9delmi felel\u0151s<\/h2>\n<\/div><\/div><\/div>\n\n\n\n<div class=\"gb-grid-column gb-grid-column-633a8305\"><div class=\"gb-container gb-container-633a8305\"><div class=\"gb-inside-container\">\n<p>Adatv\u00e9delmi szak\u00e9rt\u0151 \u00fcgyv\u00e9di irod\u00e1nk rendelkez\u00e9s\u00e9re \u00e1ll jogi konzult\u00e1ci\u00f3 \u00e9s jogi tan\u00e1csad\u00e1s sor\u00e1n az adatv\u00e9delem \u00e9s az inform\u00e1ci\u00f3szabads\u00e1g megfelel\u00e9si k\u00e9rd\u00e9seiben, k\u00fcl\u00f6n\u00f6sen az \u00c1ltal\u00e1nos Adatv\u00e9delmi Rendelet (GDPR) folyamatos v\u00e9grehajt\u00e1sa \u00e9s betart\u00e1sa \u00e9rdek\u00e9ben Magyarorsz\u00e1gon \u00e9s N\u00e9metorsz\u00e1gban. A praxist S\u00fcle \u00c1kos vezeti, aki tan\u00fas\u00edtott <strong>bels\u0151&nbsp;adatv\u00e9delmi felel\u0151s (DPO)<\/strong> \u00e9s a EU-s GDPR k\u00e9pvisel\u0151. A GDPR v\u00e9grehajt\u00e1s\u00e1nak d\u00e1tuma &#8211; 2018. m\u00e1jus 25. &#8211; \u00f3ta ez a legfontosabb k\u00f6z\u00f6s jogszab\u00e1ly az EU-ban, Magyarorsz\u00e1gon \u00e9s N\u00e9metorsz\u00e1gban kisebb elt\u00e9r\u00e9sek vannak csup\u00e1n.<\/p>\n\n\n\n<p>Rendszeresen k\u00e9sz\u00edt\u00fcnk \u00e9s \u00e9rt\u00e9kel\u00fcnk ki v\u00e1llalati adatv\u00e9delmi ir\u00e1nyelveket, \u00e9s elemezz\u00fck a weboldalakat e szempontokb\u00f3l annak \u00e9rdek\u00e9ben, hogy teljes m\u00e9rt\u00e9kben megfelelj\u00fcnk az alkalmazand\u00f3 t\u00f6rv\u00e9nyeknek. Adatv\u00e9delmi \u00fcgyv\u00e9dk\u00e9nt kapcsolatot tartunk a Nemzeti Adatv\u00e9delmi \u00e9s Inform\u00e1ci\u00f3szabads\u00e1g Hat\u00f3s\u00e1ggal (<strong>NAIH<\/strong>). Ezenk\u00edv\u00fcl elv\u00e9gezz\u00fck az adatv\u00e9delmi megfelel\u00e9s ellen\u0151rz\u00e9s\u00e9t \u00e9s elk\u00e9sz\u00edtj\u00fck a kapcsol\u00f3d\u00f3 \u00e1tvil\u00e1g\u00edt\u00e1si jelent\u00e9seket. Munk\u00e1nk nagy r\u00e9sz\u00e9t m\u00e1s \u00fcgyv\u00e9di irod\u00e1kon kereszt\u00fcl kapjuk. \u00d6r\u00f6mmel fogadjuk ezt, \u00e9s viszonozzuk m\u00e1s jogter\u00fcleteken, aj\u00e1nl\u00e1s vagy megb\u00edz\u00e1s form\u00e1j\u00e1ban.<\/p>\n<\/div><\/div><\/div>\n<\/div>\n<\/div><\/div>\n\n\n\n<div class=\"gb-container gb-container-25f97922\"><div class=\"gb-inside-container\"><\/div><\/div>\n\n\n\n<div class=\"gb-container gb-container-05724921\"><div class=\"gb-inside-container\">\n<div class=\"gb-grid-wrapper gb-grid-wrapper-f1eea5cd\">\n<div class=\"gb-grid-column gb-grid-column-f8fac88a\"><div class=\"gb-container gb-container-f8fac88a\"><div class=\"gb-inside-container\">\n<h2 class=\"gb-headline gb-headline-2e40bf50\">N\u00e9h\u00e1ny kiemelt adatv\u00e9delmi jogi szolg\u00e1ltat\u00e1sunk<\/h2>\n\n\n\n<p><\/p>\n\n\n\n<figure class=\"wp-block-image size-large is-style-rounded\"><img loading=\"lazy\" decoding=\"async\" width=\"640\" height=\"425\" src=\"https:\/\/sulelaw.com\/wp-content\/uploads\/2020\/11\/data-protection-eu-surveillance-camera.jpg\" alt=\"adatv\u00e9delmi jog adatv\u00e9delem EU GDPR CCTV megfigyel\u00e9s\" class=\"wp-image-21210\" srcset=\"https:\/\/sulelaw.com\/wp-content\/uploads\/2020\/11\/data-protection-eu-surveillance-camera.jpg 640w, https:\/\/sulelaw.com\/wp-content\/uploads\/2020\/11\/data-protection-eu-surveillance-camera-300x199.jpg 300w\" sizes=\"auto, (max-width: 640px) 100vw, 640px\" \/><figcaption>A k\u00e9p forr\u00e1sa: <a href=\"https:\/\/unsplash.com\/@tobiastu?utm_source=unsplash&amp;utm_medium=referral&amp;utm_content=creditCopyText\">Tobias Tullius<\/a><\/figcaption><\/figure>\n<\/div><\/div><\/div>\n\n\n\n<div class=\"gb-grid-column gb-grid-column-7a0f3012\"><div class=\"gb-container gb-container-7a0f3012\"><div class=\"gb-inside-container\">\n<div class=\"wp-block-pb-accordion-item c-accordion__item js-accordion-item no-js\" data-initially-open=\"false\" data-click-to-close=\"true\" data-auto-close=\"false\" data-scroll=\"false\" data-scroll-offset=\"0\"><h3 id=\"at-67813\" class=\"c-accordion__title js-accordion-controller\" role=\"button\">Adatv\u00e9delmi koncepci\u00f3 l\u00e9trehoz\u00e1sa c\u00e9ge sz\u00e1m\u00e1ra<\/h3><div id=\"ac-67813\" class=\"c-accordion__content\">\n<p>Jogszab\u00e1lyoknak val\u00f3 megfelel\u00e9s<\/p>\n\n\n\n<p>Munkaszerz\u0151d\u00e9sek megfelel\u0151s\u00e9g\u00e9nek ellen\u0151rz\u00e9se az adatv\u00e9delmi jogszab\u00e1lyokkal \u00f6sszhangban<\/p>\n\n\n\n<p>Titoktart\u00e1si meg\u00e1llapod\u00e1sok (NDA-k) kidolgoz\u00e1sa v\u00e9dett adatok nyilv\u00e1noss\u00e1gra hozatal\u00e1nak elker\u00fcl\u00e9se \u00e9rdek\u00e9ben<\/p>\n\n\n\n<p>Seg\u00edts\u00e9g az adatfeldolgoz\u00e1si meg\u00e1llapod\u00e1sok megfogalmaz\u00e1s\u00e1ban<\/p>\n<\/div><\/div>\n\n\n\n<div class=\"wp-block-pb-accordion-item c-accordion__item js-accordion-item no-js\" data-initially-open=\"false\" data-click-to-close=\"true\" data-auto-close=\"false\" data-scroll=\"false\" data-scroll-offset=\"0\"><h3 id=\"at-50922\" class=\"c-accordion__title js-accordion-controller\" role=\"button\">GDPR 27. cikk szerinti EU adatv\u00e9delmi k\u00e9pvisel\u0151 (kinevez\u00e9s)<\/h3><div id=\"ac-50922\" class=\"c-accordion__content\">\n<p>Sz\u00fcks\u00e9ges olyan EU-n k\u00edv\u00fcli sz\u00e9khely\u0171 c\u00e9gek sz\u00e1m\u00e1ra, amelyek EU-s szem\u00e9lyes adatokat kezelnek<\/p>\n\n\n\n<p>Az eg\u00e9sz Eur\u00f3pai Uni\u00f3ban<\/p>\n\n\n\n<p>T\u00e1mogat\u00e1s adatv\u00e9delmi szak\u00e9rt\u0151k\u00e9nt<\/p>\n<\/div><\/div>\n\n\n\n<div class=\"wp-block-pb-accordion-item c-accordion__item js-accordion-item no-js\" data-initially-open=\"false\" data-click-to-close=\"true\" data-auto-close=\"false\" data-scroll=\"false\" data-scroll-offset=\"0\"><h3 id=\"at-97385\" class=\"c-accordion__title js-accordion-controller\" role=\"button\">K\u00fcl\u00f6nleges adatv\u00e9delem a k\u00fcl\u00f6n\u00f6sen \u00e9rz\u00e9keny adatokhoz<\/h3><div id=\"ac-97385\" class=\"c-accordion__content\">\n<p>A politikai v\u00e9lem\u00e9nyekre, etnikai hovatartoz\u00e1sra, vall\u00e1sra, filoz\u00f3fiai meggy\u0151z\u0151d\u00e9sre, a szakszervezeti tags\u00e1gra, az eg\u00e9szs\u00e9gre vagy a szexu\u00e1lis \u00e9letre vonatkoz\u00f3 \u00e9rz\u00e9keny inform\u00e1ci\u00f3kat az adatv\u00e9delmi jogszab\u00e1lyok k\u00fcl\u00f6n\u00f6sen v\u00e9dik<\/p>\n\n\n\n<p>A szem\u00e9lyes adatokra vonatkoz\u00f3 jogszab\u00e1lyi k\u00f6vetelm\u00e9nyek \u00e9s az eg\u00e9szs\u00e9g\u00fcgyi adatokra vonatkoz\u00f3 szab\u00e1lyok k\u00f6z\u00f6tti kapcsolat \u00f6sszetett, \u00e9s meg\u00e9rt\u00e9s\u00e9hez tapasztalatra van sz\u00fcks\u00e9g. Seg\u00edthet\u00fcnk ezen jogszab\u00e1lyok \u00e9rtelmez\u00e9s\u00e9ben \u00e9s az el\u0151\u00edr\u00e1sok teljes\u00edt\u00e9s\u00e9ben<\/p>\n\n\n\n<p>Az alkalmazottak szem\u00e9lyes adatainak kezel\u00e9se d\u00f6nt\u0151 fontoss\u00e1g\u00fa minden v\u00e1llalkoz\u00e1s sz\u00e1m\u00e1ra. Tan\u00e1csot adunk a GDPR \u00e9s az adatv\u00e9delmi szab\u00e1lyok fontoss\u00e1g\u00e1r\u00f3l a HR munk\u00e1ban<\/p>\n<\/div><\/div>\n\n\n\n<div class=\"wp-block-pb-accordion-item c-accordion__item js-accordion-item no-js\" data-initially-open=\"false\" data-click-to-close=\"true\" data-auto-close=\"false\" data-scroll=\"false\" data-scroll-offset=\"0\"><h3 id=\"at-63512\" class=\"c-accordion__title js-accordion-controller\" role=\"button\">Adatbiztons\u00e1gi esetek<\/h3><div id=\"ac-63512\" class=\"c-accordion__content\">\n<p>Konzult\u00e1ci\u00f3 az adatbiztons\u00e1g ter\u00fclet\u00e9n<\/p>\n\n\n\n<p>Adatbiztons\u00e1gi auditok lebonyol\u00edt\u00e1sa<\/p>\n\n\n\n<p>Adatbiztons\u00e1gi tan\u00e1csad\u00e1s \u00f3rad\u00edjas vagy havi d\u00edj alapon<\/p>\n<\/div><\/div>\n\n\n\n<div class=\"wp-block-pb-accordion-item c-accordion__item js-accordion-item no-js\" data-initially-open=\"false\" data-click-to-close=\"true\" data-auto-close=\"false\" data-scroll=\"false\" data-scroll-offset=\"0\"><h3 id=\"at-21027\" class=\"c-accordion__title js-accordion-controller\" role=\"button\">Adatv\u00e9delmi tisztvisel\u0151 vagy adatv\u00e9delmi koordin\u00e1tor<\/h3><div id=\"ac-21027\" class=\"c-accordion__content\">\n<p>T\u00e1mogathatjuk helyileg az adatbiztons\u00e1gi tisztvisel\u0151 feladatait \u00e9s jogi kapcsolattart\u00f3i is lehet\u00fcnk<\/p>\n\n\n\n<p>Adatv\u00e9delmi k\u00e9pz\u00e9s munkav\u00e1llal\u00f3k sz\u00e1m\u00e1ra Magyarorsz\u00e1gon<\/p>\n\n\n\n<p>Bizonyos c\u00e9geknek k\u00f6telez\u0151 kijel\u00f6lnie egy adatv\u00e9delmi tisztvisel\u0151t Magyarorsz\u00e1gon<\/p>\n\n\n\n<p>Adatv\u00e9delmi megfelel\u00e9si programok \u00e9s ir\u00e1nyelvek kidolgoz\u00e1sa c\u00e9gek sz\u00e1m\u00e1ra, bele\u00e9rtve a k\u00e9pz\u00e9si anyagokat<\/p>\n\n\n\n<p>H\u00e1zon bel\u00fcli adatv\u00e9delmi k\u00e9pz\u00e9s<\/p>\n<\/div><\/div>\n\n\n\n<div class=\"wp-block-pb-accordion-item c-accordion__item js-accordion-item no-js\" data-initially-open=\"false\" data-click-to-close=\"true\" data-auto-close=\"false\" data-scroll=\"false\" data-scroll-offset=\"0\"><h3 id=\"at-67562\" class=\"c-accordion__title js-accordion-controller\" role=\"button\">A GDPR 15 cikke szerinti megkeres\u00e9s<\/h3><div id=\"ac-67562\" class=\"c-accordion__content\">\n<p>Az \u00e9rintett jogosult arra, hogy az adatkezel\u0151t\u0151l visszajelz\u00e9st kapjon arra vonatkoz\u00f3an, hogy szem\u00e9lyes adatainak kezel\u00e9se folyamatban van-e, \u00e9s ha ilyen adatkezel\u00e9s folyamatban van, jogosult arra, hogy a szem\u00e9lyes adatokhoz hozz\u00e1f\u00e9rjen<\/p>\n\n\n\n<p>Megfelel\u0151 k\u00e9relem eset\u00e9n az adatkezel\u0151 az adatkezel\u00e9s t\u00e1rgy\u00e1t k\u00e9pez\u0151 szem\u00e9lyes adatok m\u00e1solat\u00e1t az \u00e9rintett rendelkez\u00e9s\u00e9re kell, hogy bocs\u00e1ssa<\/p>\n<\/div><\/div>\n\n\n\n<div class=\"wp-block-pb-accordion-item c-accordion__item js-accordion-item no-js\" data-initially-open=\"false\" data-click-to-close=\"true\" data-auto-close=\"false\" data-scroll=\"false\" data-scroll-offset=\"0\"><h3 id=\"at-85366\" class=\"c-accordion__title js-accordion-controller\" role=\"button\">Adatv\u00e9delmi hat\u00e1svizsg\u00e1lat<\/h3><div id=\"ac-85366\" class=\"c-accordion__content\">\n<p>Elj\u00e1r\u00e1sok az adatv\u00e9delmi hat\u00f3s\u00e1gn\u00e1l<\/p>\n\n\n\n<p>T\u00e1mogat\u00e1s adatv\u00e9delmi szak\u00e9rt\u0151k\u00e9nt<\/p>\n\n\n\n<p>Az adatv\u00e9delmi hat\u00e1svizsg\u00e1lati szoftver haszn\u00e1lata<\/p>\n<\/div><\/div>\n\n\n\n<div class=\"wp-block-pb-accordion-item c-accordion__item js-accordion-item no-js\" data-initially-open=\"false\" data-click-to-close=\"true\" data-auto-close=\"false\" data-scroll=\"false\" data-scroll-offset=\"0\"><h3 id=\"at-95078\" class=\"c-accordion__title js-accordion-controller\" role=\"button\">Hat\u00e1rokon \u00e1tny\u00fal\u00f3 adatkezel\u00e9ses esetek<\/h3><div id=\"ac-95078\" class=\"c-accordion__content\">\n<p>Jogalapok vizsg\u00e1lata<\/p>\n\n\n\n<p>Egyet\u00e9rt\u00e9si nyilatkozat elk\u00e9sz\u00edt\u00e9se \u00fcgyfelekkel, sz\u00e1ll\u00edt\u00f3kkal \u00e9s \u00fczleti partnerekkel folytatott kapcsolatokhoz<\/p>\n<\/div><\/div>\n\n\n\n<div class=\"wp-block-pb-accordion-item c-accordion__item js-accordion-item no-js\" data-initially-open=\"false\" data-click-to-close=\"true\" data-auto-close=\"false\" data-scroll=\"false\" data-scroll-offset=\"0\"><h3 id=\"at-97608\" class=\"c-accordion__title js-accordion-controller\" role=\"button\">Adatv\u00e9delmi szab\u00e1lyzatok, policy-k<\/h3><div id=\"ac-97608\" class=\"c-accordion__content\">\n<p>Az adott c\u00e9gre szabott adatv\u00e9delmi szab\u00e1lyzatok, policy-k elk\u00e9sz\u00edt\u00e9se<\/p>\n\n\n\n<p>T\u00e1mogat\u00e1s adatv\u00e9delmi szak\u00e9rt\u0151k\u00e9nt<\/p>\n<\/div><\/div>\n<\/div><\/div><\/div>\n\n\n\n<div class=\"gb-grid-column gb-grid-column-acc45b8c\"><div class=\"gb-container gb-container-acc45b8c\"><div class=\"gb-inside-container\"><\/div><\/div><\/div>\n<\/div>\n<\/div><\/div>\n\n\n\n<div class=\"gb-container gb-container-2a545a7e\"><div class=\"gb-inside-container\">\n<h2 class=\"has-text-align-center wp-block-heading\">Adatv\u00e9delem, GDPR &#8211; GYIK<\/h2>\n\n\n\n<p><\/p>\n\n\n\n<div class=\"schema-faq wp-block-yoast-faq-block\"><div class=\"schema-faq-section\" id=\"faq-question-1603732441245\"><strong class=\"schema-faq-question\">Egy \u00fczleti partner szem\u00e9lyes adatait v\u00e9letlen\u00fcl nyilv\u00e1noss\u00e1gra hozt\u00e1k. K\u00e9sleltethetem a jelent\u00e9st\u00e9telt a k\u00f6r\u00fclm\u00e9nyek kivizsg\u00e1l\u00e1s\u00e1ig?<\/strong> <p class=\"schema-faq-answer\">Az adatkezel\u0151knek indokolatlan k\u00e9sedelem n\u00e9lk\u00fcl, \u00e9s ahol lehets\u00e9ges, legk\u00e9s\u0151bb 72 \u00f3r\u00e1n bel\u00fcl \u00e9rtes\u00edteni\u00fck kell a fel\u00fcgyeleti hat\u00f3s\u00e1got a szem\u00e9lyes adatok megs\u00e9rt\u00e9s\u00e9r\u0151l, kiv\u00e9ve, ha az <strong>adatv\u00e9delmi incidens<\/strong> val\u00f3sz\u00edn\u0171leg nem vesz\u00e9lyezteti a term\u00e9szetes szem\u00e9ly jogait. Ha 72 \u00f3r\u00e1n t\u00fali k\u00e9sedelem k\u00f6vetkezik be, az adatkezel\u0151nek \u00e9rtes\u00edtenie kell az adatv\u00e9delmi hat\u00f3s\u00e1got a k\u00e9s\u00e9s ok\u00e1r\u00f3l is.<\/p> <\/div> <div class=\"schema-faq-section\" id=\"faq-question-1603735225198\"><strong class=\"schema-faq-question\">Mit kell belefoglalni egy adatv\u00e9delmi incidensr\u0151l sz\u00f3l\u00f3 jelent\u00e9sbe?<\/strong> <p class=\"schema-faq-answer\">(1) a jogs\u00e9rt\u00e9s jelleg\u00e9t, valamint az \u00e9rintettek \u00e9s az \u00e9rintett szem\u00e9lyes adatok nyilv\u00e1ntart\u00e1s\u00e1nak kateg\u00f3ri\u00e1it \u00e9s hozz\u00e1vet\u0151leges sz\u00e1m\u00e1t; (2) az adatv\u00e9delmi tisztvisel\u0151 vagy m\u00e1s, a c\u00e9g\u00e9ben l\u00e9v\u0151 kapcsolattart\u00f3 nev\u00e9t \u00e9s el\u00e9rhet\u0151s\u00e9geit, ahol tov\u00e1bbi inform\u00e1ci\u00f3k kaphat\u00f3k a jogs\u00e9rt\u00e9s el\u0151rel\u00e1that\u00f3 k\u00f6vetkezm\u00e9nyeir\u0151l (4) az <strong>adatv\u00e9delmi incidens<\/strong> orvosl\u00e1sa \u00e9rdek\u00e9ben tett vagy javasolt int\u00e9zked\u00e9seket, illetve az<strong> adatv\u00e9delmi incidens<\/strong> hat\u00e1sainak enyh\u00edt\u00e9s\u00e9re ir\u00e1nyul\u00f3 int\u00e9zked\u00e9seket<\/p> <\/div> <div class=\"schema-faq-section\" id=\"faq-question-1603735827637\"><strong class=\"schema-faq-question\">Mi a k\u00f6z\u00f6s adatkezel\u0151i meg\u00e1llapod\u00e1s?<\/strong> <p class=\"schema-faq-answer\">A k\u00f6z\u00f6s adatkezel\u0151k k\u00f6z\u00f6sen hat\u00e1rozz\u00e1k meg az adatkezel\u00e9s c\u00e9lj\u00e1t \u00e9s eszk\u00f6zeit, \u00e9s meg kell \u00e1llapodniuk a GDPR feladatainak \u00e9s felel\u0151ss\u00e9g\u00e9nek megoszt\u00e1s\u00e1ban, valamint az \u00e9rintettek jogainak gyakorl\u00e1s\u00e1nak \u00e9s az \u00e1tl\u00e1that\u00f3s\u00e1g biztos\u00edt\u00e1s\u00e1nak m\u00f3dj\u00e1ban. A meg\u00e1llapod\u00e1snak meg kell hat\u00e1roznia a feladataikat \u00e9s felel\u0151ss\u00e9g\u00fcket, \u00e9s a meg\u00e1llapod\u00e1s l\u00e9nyeg\u00e9t el\u00e9rhet\u0151v\u00e9 kell tenni az \u00e9rintettek sz\u00e1m\u00e1ra<\/p> <\/div> <div class=\"schema-faq-section\" id=\"faq-question-1603736151937\"><strong class=\"schema-faq-question\">Mi a tervez\u00e9s \u00e9s alap\u00e9rtelmez\u00e9s szerinti adatv\u00e9delem?<\/strong> <p class=\"schema-faq-answer\">Ezek a GDPR fogalmai \u00e9s azt jelenti, hogy az adatkezel\u0151knek megfelel\u0151 technikai \u00e9s szervez\u00e9si int\u00e9zked\u00e9seket kell bevezetni\u00fck, amelyek c\u00e9lja az adatv\u00e9delmi elvek v\u00e9grehajt\u00e1sa \u00e9s az adatalanyok jogainak v\u00e9delm\u00e9t szolg\u00e1l\u00f3 biztos\u00edt\u00e9kok integr\u00e1l\u00e1sa; \u00e9s ami biztos\u00edtja, hogy alap\u00e9rtelmez\u00e9s szerint csak a feldolgoz\u00e1s konkr\u00e9t c\u00e9lj\u00e1ra sz\u00fcks\u00e9ges szem\u00e9lyes adatokat haszn\u00e1lj\u00e1k fel<\/p> <\/div> <div class=\"schema-faq-section\" id=\"faq-question-1603736431190\"><strong class=\"schema-faq-question\">Mi az adatv\u00e9delmi hat\u00e1svizsg\u00e1lat?<\/strong> <p class=\"schema-faq-answer\">Az adatv\u00e9delmi hat\u00e1svizsg\u00e1lat a GDPR-nek val\u00f3 megfelel\u00e9s ki\u00e9p\u00edt\u00e9s\u00e9nek \u00e9s bizony\u00edt\u00e1s\u00e1nak folyamata. Le kell folytatni minden olyan adatfeldolgoz\u00e1si tev\u00e9kenys\u00e9gr\u0151l, amely a term\u00e9szetes szem\u00e9ly jogainak megs\u00e9rt\u00e9s\u00e9nek nagy kock\u00e1zat\u00e1val j\u00e1r . A GDPR-ben meghat\u00e1rozott magas kock\u00e1zat\u00fa adatfeldolgoz\u00e1s p\u00e9ld\u00e1i a k\u00f6vetkez\u0151k: (1) szisztematikus \u00e9s \u00e1tfog\u00f3 feldolgoz\u00e1si tev\u00e9kenys\u00e9gek, ide\u00e9rtve a profilalkot\u00e1st, \u00e9s ahol a d\u00f6nt\u00e9seknek joghat\u00e1sa &#8211; vagy hasonl\u00f3an jelent\u0151s hat\u00e1sa van &#8211; az egy\u00e9nekre; (2) speci\u00e1lis kateg\u00f3ri\u00e1k vagy b\u00fcntet\u0151\u00edt\u00e9letek vagy b\u0171ncselekm\u00e9nyek r\u00e9szleteinek nagysz\u00e1m\u00fa feldolgoz\u00e1sa; vagy (3) a k\u00f6zter\u00fcletek nagym\u00e9rt\u00e9k\u0171, szisztematikus megfigyel\u00e9se (pl. CCTV)<\/p> <\/div> <\/div>\n<\/div><\/div>\n","protected":false},"excerpt":{"rendered":"<p>Adatv\u00e9delem, GDPR &#8211; GYIK<\/p>\n","protected":false},"author":2,"featured_media":0,"parent":20484,"menu_order":0,"comment_status":"closed","ping_status":"closed","template":"","meta":{"footnotes":""},"class_list":["post-20526","page","type-page","status-publish"],"aioseo_notices":[],"_links":{"self":[{"href":"https:\/\/sulelaw.com\/hu\/wp-json\/wp\/v2\/pages\/20526","targetHints":{"allow":["GET"]}}],"collection":[{"href":"https:\/\/sulelaw.com\/hu\/wp-json\/wp\/v2\/pages"}],"about":[{"href":"https:\/\/sulelaw.com\/hu\/wp-json\/wp\/v2\/types\/page"}],"author":[{"embeddable":true,"href":"https:\/\/sulelaw.com\/hu\/wp-json\/wp\/v2\/users\/2"}],"replies":[{"embeddable":true,"href":"https:\/\/sulelaw.com\/hu\/wp-json\/wp\/v2\/comments?post=20526"}],"version-history":[{"count":26,"href":"https:\/\/sulelaw.com\/hu\/wp-json\/wp\/v2\/pages\/20526\/revisions"}],"predecessor-version":[{"id":21841,"href":"https:\/\/sulelaw.com\/hu\/wp-json\/wp\/v2\/pages\/20526\/revisions\/21841"}],"up":[{"embeddable":true,"href":"https:\/\/sulelaw.com\/hu\/wp-json\/wp\/v2\/pages\/20484"}],"wp:attachment":[{"href":"https:\/\/sulelaw.com\/hu\/wp-json\/wp\/v2\/media?parent=20526"}],"curies":[{"name":"wp","href":"https:\/\/api.w.org\/{rel}","templated":true}]}}