{"id":20512,"date":"2020-11-06T17:19:39","date_gmt":"2020-11-06T17:19:39","guid":{"rendered":"https:\/\/va87zabukmi.preview.infomaniak.website\/legal-services\/commercial-law-m-and-a\/"},"modified":"2020-11-13T18:04:26","modified_gmt":"2020-11-13T18:04:26","slug":"kereskedelmi-cegjog-perek","status":"publish","type":"page","link":"https:\/\/sulelaw.com\/hu\/jogi-szolgaltatas\/kereskedelmi-cegjog-perek\/","title":{"rendered":"Kereskedelmi \u00e9s c\u00e9gjog"},"content":{"rendered":"\n<div class=\"gb-container gb-container-e3321647\"><div class=\"gb-inside-container\">\n<div class=\"gb-grid-wrapper gb-grid-wrapper-9df41ee5\">\n<div class=\"gb-grid-column gb-grid-column-71587cc8\"><div class=\"gb-container gb-container-71587cc8\"><div class=\"gb-inside-container\">\n<h2 class=\"gb-headline gb-headline-5d5268ff\">Az \u00fczleti jogra \u00f6sszpontos\u00edtunk<\/h2>\n<\/div><\/div><\/div>\n\n\n\n<div class=\"gb-grid-column gb-grid-column-633a8305\"><div class=\"gb-container gb-container-633a8305\"><div class=\"gb-inside-container\">\n<p>A szerz\u0151d\u00e9sek jog\u00e1nak vil\u00e1g\u00e1ban \u00fcgyv\u00e9deink kiv\u00e1l\u00f3an biztos\u00edtj\u00e1k az \u00d6n\u00f6k elk\u00e9pzel\u00e9seit. Mindig is \u00fcgyfeleink teljes k\u00f6r\u0171 t\u00e1mogat\u00e1sa volt a c\u00e9lunk szerte\u00e1gaz\u00f3 jogi k\u00e9rd\u00e9sekben, az \u00fczleti t\u00e1rgyal\u00e1sokt\u00f3l kezdve az el\u0151zetes meg\u00e1llapod\u00e1sok el\u0151k\u00e9sz\u00edt\u00e9s\u00e9n kereszt\u00fcl a v\u00e9gleges szerz\u0151d\u00e9sek al\u00e1\u00edr\u00e1s\u00e1ig, \u00e9s ezeken t\u00fal.<\/p>\n\n\n\n<p>A S\u00fcle \u00dcgyv\u00e9di Iroda olyan innovat\u00edv kereskedelmi jogi praxist alak\u00edtott ki, amely az \u00fcgyfelek ig\u00e9nyeire \u00f6sszpontos\u00edt, amikor szerz\u0151d\u00e9ses felt\u00e9teleket k\u00e9sz\u00edt el\u0151 vagy vizsg\u00e1l fel\u00fcl, vagy amikor szerz\u0151d\u00e9sekre vonatkoz\u00f3 jogi tan\u00e1csot ny\u00fajt. A szerz\u0151d\u00e9sek jog\u00e1n bel\u00fcl megeml\u00edtend\u0151 a franchise jog ter\u00e9n nyert tapasztalatunk.<\/p>\n<\/div><\/div><\/div>\n<\/div>\n<\/div><\/div>\n\n\n\n<div class=\"gb-container gb-container-05724921\"><div class=\"gb-inside-container\">\n<div class=\"gb-grid-wrapper gb-grid-wrapper-f1eea5cd\">\n<div class=\"gb-grid-column gb-grid-column-f8fac88a\"><div class=\"gb-container gb-container-f8fac88a\"><div class=\"gb-inside-container\">\n<h2 class=\"gb-headline gb-headline-2e40bf50\">F\u0151bb kereskedelmi jogi \u00e9s c\u00e9gjogi szolg\u00e1ltat\u00e1saink<\/h2>\n<\/div><\/div><\/div>\n\n\n\n<div class=\"gb-grid-column gb-grid-column-7a0f3012\"><div class=\"gb-container gb-container-7a0f3012\"><div class=\"gb-inside-container\">\n<div class=\"wp-block-pb-accordion-item c-accordion__item js-accordion-item no-js\" data-initially-open=\"false\" data-click-to-close=\"true\" data-auto-close=\"false\" data-scroll=\"false\" data-scroll-offset=\"0\"><h3 id=\"at-12388\" class=\"c-accordion__title js-accordion-controller\" role=\"button\">Kereskedelmi jog<\/h3><div id=\"ac-12388\" class=\"c-accordion__content\">\n<p>V\u00e9gigvezetj\u00fck a patin\u00e1s \u00e9s a m\u00e9g csak kezd\u0151 \u00fcgyfeleinket a v\u00e1llalkoz\u00e1sok alap\u00edt\u00e1s\u00e1n, a szerz\u0151d\u00e9seken, a tartalomszab\u00e1lyoz\u00e1son \u00e9s a weboldalkezel\u00e9s l\u00e9p\u00e9sein. \u00dcgyv\u00e9di irod\u00e1nk gyors \u00e9s hathat\u00f3s jogi megold\u00e1sokat k\u00edn\u00e1l sz\u00e1mos ipar\u00e1g sz\u00e1m\u00e1ra.<\/p>\n<\/div><\/div>\n\n\n\n<div class=\"wp-block-pb-accordion-item c-accordion__item js-accordion-item no-js\" data-initially-open=\"false\" data-click-to-close=\"true\" data-auto-close=\"false\" data-scroll=\"false\" data-scroll-offset=\"0\"><h3 id=\"at-59928\" class=\"c-accordion__title js-accordion-controller\" role=\"button\">Jogvit\u00e1k, pervitel<\/h3><div id=\"ac-59928\" class=\"c-accordion__content\">\n<p>Irod\u00e1nk c\u00e9lja, hogy amennyiben lehets\u00e9ges, ker\u00fclj\u00fck el a peres utat. Amennyiben a peresked\u00e9s elker\u00fclhetetlen, \u00fcgyfeleink \u00fczleti c\u00e9ljaira koncentr\u00e1lunk, \u00e9s felm\u00e9rj\u00fck a jogi, anyagi \u00e9s h\u00edrn\u00e9vvel kapcsolatos kock\u00e1zatokat is.<\/p>\n\n\n\n<p>Irod\u00e1nk \u00e1tfog\u00f3 tapasztalattal rendelkezik peres \u00e9s nemperes elj\u00e1r\u00e1sokban. Az Iroda \u00e9s kooper\u00e1l\u00f3 \u00fcgyv\u00e9dei gazdas\u00e1gi, polg\u00e1ri jogi \u00fcgyekben k\u00e9pviselik \u00fcgyfeleinket, t\u00f6bbek k\u00f6z\u00f6tt szerz\u0151d\u00e9sszeg\u00e9si, k\u00e1rt\u00e9r\u00edt\u00e9si, k\u00f6vetel\u00e9s\u00e9rv\u00e9nyes\u00edt\u00e9si \u00fcgyekben, valamint iparjogv\u00e9delmi jogok illetve szerz\u0151i jogok megs\u00e9rt\u00e9s\u00e9vel kapcsolatos peres \u00e9s nem peres elj\u00e1r\u00e1sokban, \u00e9s k\u00f6z\u00f6ss\u00e9gi b\u00edr\u00f3s\u00e1gi hat\u00e1rozatok elismertet\u00e9s\u00e9vel \u00e9s v\u00e9grehajt\u00e1sukkal kapcsolatban. A peres elj\u00e1r\u00e1sok sor\u00e1n irod\u00e1nk \u00fcgyf\u00e9lk\u00f6zpont\u00fa hozz\u00e1\u00e1ll\u00e1sa \u00e9s az \u00fcgyfelek gazdas\u00e1gi tev\u00e9kenys\u00e9g\u00e9nek, valamint c\u00e9ljainak el\u0151t\u00e9rbe helyez\u00e9se biztos\u00edtja, hogy a jogvita a lehet\u0151 leghat\u00e9konyabb, \u00e9s az \u00fcgyf\u00e9l szempontj\u00e1b\u00f3l legkedvez\u0151bb m\u00f3don ker\u00fclj\u00f6n rendez\u00e9sre. Irod\u00e1nk szint\u00e9n j\u00e1rtas az olyan \u00f6sszetett \u00fcgyek kezel\u00e9s\u00e9ben, ahol t\u00f6bb k\u00f6vetel\u00e9s \u00e9s t\u00f6bb felperes vagy alperes van jelen az \u00fcgyben, valamint hat\u00e1rozatok v\u00e9grehajt\u00e1s\u00e1ban, k\u00f6vetel\u00e9sek \u00e9rv\u00e9nyes\u00edt\u00e9s\u00e9ben.<\/p>\n<\/div><\/div>\n\n\n\n<div class=\"wp-block-pb-accordion-item c-accordion__item js-accordion-item no-js\" data-initially-open=\"false\" data-click-to-close=\"true\" data-auto-close=\"false\" data-scroll=\"false\" data-scroll-offset=\"0\"><h3 id=\"at-97572\" class=\"c-accordion__title js-accordion-controller\" role=\"button\">C\u00e9gjog, f\u00fazi\u00f3k \u00e9s v\u00e1llalati felv\u00e1s\u00e1rl\u00e1sok<\/h3><div id=\"ac-97572\" class=\"c-accordion__content\">\n<p>Val\u00f3sz\u00edn\u0171leg ez egyik a legnagyobb jogter\u00fclet, amibe szinte minden belef\u00e9r, ami a c\u00e9gekhez kapcsol\u00f3dik. \u00dczleti, kereskedelmi jogi szolg\u00e1ltat\u00e1sokat ny\u00fajtunk c\u00e9gek, v\u00e1llalatok sz\u00e1m\u00e1ra, a c\u00e9gbejegyz\u00e9st\u0151l \u00e9s a c\u00e9gm\u00f3dos\u00edt\u00e1sokt\u00f3l kezdve, bele\u00e9rtve az egyszer\u0171 \u00e9s \u00f6sszetett \u00fczleti tranzakci\u00f3khoz sz\u00fcks\u00e9ges teljes jogi dokument\u00e1ci\u00f3 el\u0151k\u00e9sz\u00edt\u00e9s\u00e9t.<\/p>\n<\/div><\/div>\n<\/div><\/div><\/div>\n<\/div>\n<\/div><\/div>\n\n\n\n<div class=\"gb-container gb-container-f4aa788b\"><div class=\"gb-inside-container\">\n<div class=\"gb-grid-wrapper gb-grid-wrapper-6491d706\">\n<div class=\"gb-grid-column gb-grid-column-3f1495bc\"><div class=\"gb-container gb-container-3f1495bc\"><div class=\"gb-inside-container\">\n<h2 class=\"gb-headline gb-headline-8ed7bb69\">A kereskedelmi jog mag\u00e1ban foglalja a t\u00e1rsas\u00e1gi jogot,<br\/>versenyjogot, a fogyaszt\u00f3v\u00e9delem, a szerz\u0151d\u00e9ses jog, nemzetk\u00f6zi kereskedelmi jog ter\u00fcleteit<\/h2>\n<\/div><\/div><\/div>\n\n\n\n<div class=\"gb-grid-column gb-grid-column-033bdb6f\"><div class=\"gb-container gb-container-033bdb6f\"><div class=\"gb-inside-container\">\n<div class=\"wp-block-image size-large is-style-default\"><figure class=\"aligncenter\"><img loading=\"lazy\" decoding=\"async\" width=\"640\" height=\"424\" src=\"https:\/\/sulelaw.com\/wp-content\/uploads\/2020\/11\/commercial-law-firm.jpg\" alt=\"Magyar kereskedelmi c\u00e9gjog \u00fcgyv\u00e9d\" class=\"wp-image-20513\" srcset=\"https:\/\/sulelaw.com\/wp-content\/uploads\/2020\/11\/commercial-law-firm.jpg 640w, https:\/\/sulelaw.com\/wp-content\/uploads\/2020\/11\/commercial-law-firm-300x199.jpg 300w\" sizes=\"auto, (max-width: 640px) 100vw, 640px\" \/><figcaption>Szerz\u0151i jogosult \u00e9s forr\u00e1s: <a href=\"https:\/\/unsplash.com\/@tvdhdvt\">Tom Vanderheyden @tvdhdvt<\/a><\/figcaption><\/figure><\/div>\n<\/div><\/div><\/div>\n<\/div>\n<\/div><\/div>\n\n\n\n<div class=\"gb-container gb-container-2a545a7e\"><div class=\"gb-inside-container\">\n<h2 class=\"has-text-align-center wp-block-heading\">Kereskedelmi jog &#8211; M&amp;A &#8211; GYIK<\/h2>\n\n\n\n<p><\/p>\n\n\n\n<div class=\"schema-faq wp-block-yoast-faq-block\"><div class=\"schema-faq-section\" id=\"faq-question-1604420909555\"><strong class=\"schema-faq-question\">Mi az az<strong> M&amp;A?<\/strong><\/strong> <p class=\"schema-faq-answer\">Az M&amp;A angol kifejez\u00e9s, \u00e9s a f\u00fazi\u00f3k \u00e9s \u00e9s felv\u00e1s\u00e1rl\u00e1sok r\u00f6vid\u00edt\u00e9se. A f\u00fazi\u00f3k k\u00e9t t\u00e1rsas\u00e1g egyes\u00fcl\u00e9s\u00e9vel k\u00f6vetkeznek be. A felv\u00e1s\u00e1rl\u00e1sok akkor fordulnak el\u0151, amikor az egyik c\u00e9g meg\u00e1v\u00e1solja egy m\u00e1sik c\u00e9g r\u00e9szv\u00e9nyeit \u00fczletr\u00e9szeit. N\u00e9ha a felv\u00e1s\u00e1rl\u00e1s bar\u00e1ts\u00e1gos, \u00e9s n\u00e9ha ellens\u00e9ges &#8211; n\u00e9ha a versenyt\u00e1rsakat v\u00e1s\u00e1rolj\u00e1k fel, n\u00e9ha csak \u00faj \u00fczlet\u00e1gat akar l\u00e9trehozni egy megl\u00e9v\u0151, m\u00e1s profil\u00fa c\u00e9g.<\/p> <\/div> <\/div>\n<\/div><\/div>\n","protected":false},"excerpt":{"rendered":"<p>Kereskedelmi jog &#8211; M&amp;A &#8211; GYIK<\/p>\n","protected":false},"author":2,"featured_media":0,"parent":20484,"menu_order":0,"comment_status":"closed","ping_status":"closed","template":"","meta":{"footnotes":""},"class_list":["post-20512","page","type-page","status-publish"],"aioseo_notices":[],"_links":{"self":[{"href":"https:\/\/sulelaw.com\/hu\/wp-json\/wp\/v2\/pages\/20512","targetHints":{"allow":["GET"]}}],"collection":[{"href":"https:\/\/sulelaw.com\/hu\/wp-json\/wp\/v2\/pages"}],"about":[{"href":"https:\/\/sulelaw.com\/hu\/wp-json\/wp\/v2\/types\/page"}],"author":[{"embeddable":true,"href":"https:\/\/sulelaw.com\/hu\/wp-json\/wp\/v2\/users\/2"}],"replies":[{"embeddable":true,"href":"https:\/\/sulelaw.com\/hu\/wp-json\/wp\/v2\/comments?post=20512"}],"version-history":[{"count":11,"href":"https:\/\/sulelaw.com\/hu\/wp-json\/wp\/v2\/pages\/20512\/revisions"}],"predecessor-version":[{"id":21702,"href":"https:\/\/sulelaw.com\/hu\/wp-json\/wp\/v2\/pages\/20512\/revisions\/21702"}],"up":[{"embeddable":true,"href":"https:\/\/sulelaw.com\/hu\/wp-json\/wp\/v2\/pages\/20484"}],"wp:attachment":[{"href":"https:\/\/sulelaw.com\/hu\/wp-json\/wp\/v2\/media?parent=20512"}],"curies":[{"name":"wp","href":"https:\/\/api.w.org\/{rel}","templated":true}]}}