{"id":20496,"date":"2020-10-25T16:34:48","date_gmt":"2020-10-25T16:34:48","guid":{"rendered":"https:\/\/va87zabukmi.preview.infomaniak.website\/legal-services\/advertising-marketing-law-firm\/"},"modified":"2020-11-18T18:35:26","modified_gmt":"2020-11-18T18:35:26","slug":"reklamjog-marketing-jog-ugyved","status":"publish","type":"page","link":"https:\/\/sulelaw.com\/hu\/jogi-szolgaltatas\/reklamjog-marketing-jog-ugyved\/","title":{"rendered":"Rekl\u00e1mjog \u00e9s marketing jog"},"content":{"rendered":"\n<div class=\"gb-container gb-container-e3321647\"><div class=\"gb-inside-container\">\n<div class=\"gb-grid-wrapper gb-grid-wrapper-9df41ee5\">\n<div class=\"gb-grid-column gb-grid-column-71587cc8\"><div class=\"gb-container gb-container-71587cc8\"><div class=\"gb-inside-container\">\n<h2 class=\"gb-headline gb-headline-5d5268ff\">Rekl\u00e1m, marketing, prom\u00f3ci\u00f3s kamp\u00e1nyok<\/h2>\n<\/div><\/div><\/div>\n\n\n\n<div class=\"gb-grid-column gb-grid-column-633a8305\"><div class=\"gb-container gb-container-633a8305\"><div class=\"gb-inside-container\">\n<p>A rekl\u00e1mjoghoz \u00e9s a marketing joghoz kapcsol\u00f3d\u00f3an minden elk\u00e9pzelhet\u0151 jogi k\u00e9rd\u00e9sben tan\u00e1csad\u00e1st ny\u00fajtunk. Munk\u00e1nk mag\u00e1ban foglalja a rekl\u00e1mban elhangz\u00f3 \u00e1ll\u00edt\u00e1sok vizsg\u00e1lat\u00e1t \u00e9s megalapoz\u00e1s\u00e1t, a meg\u00e1llapod\u00e1sok kidolgoz\u00e1s\u00e1t \u00e9s megt\u00e1rgyal\u00e1s\u00e1t, a brandelt e-kereskedelem jogi k\u00e9rd\u00e9seit, a direkt marketing, rekl\u00e1moz\u00e1s, a telemarketinggel kapcsolatos k\u00e9rd\u00e9sek kezel\u00e9s\u00e9t, a h\u00edrlevelek \u00e9s enged\u00e9lyen alapul\u00f3 elektronikus levelek marketingj\u00e9t \u00e9s prom\u00f3ci\u00f3s marketing kamp\u00e1nyokat.<\/p>\n\n\n\n<p>Emellett a szab\u00e1lyozott ipar\u00e1gak sz\u00e1m\u00e1ra is kimagasl\u00f3 jogi szolg\u00e1ltat\u00e1sokat ny\u00fajtunk. \u00dcgyv\u00e9djeink j\u00f3l ismerik az e ter\u00fcleteken felmer\u00fcl\u0151 sz\u00e1mos \u00f6sszetett jogi k\u00e9rd\u00e9st, bele\u00e9rtve az \u00e1llami norm\u00e1kat, el\u0151\u00edr\u00e1sokat, a GDPR-t, a szerz\u0151i jogokat, a v\u00e9djegyeket \u00e9s \u00fczleti titkok jog\u00e1t.<\/p>\n<\/div><\/div><\/div>\n<\/div>\n<\/div><\/div>\n\n\n\n<div class=\"gb-container gb-container-25f97922\"><div class=\"gb-inside-container\"><\/div><\/div>\n\n\n\n<div class=\"gb-container gb-container-6f5e113a\"><div class=\"gb-inside-container\">\n<div class=\"gb-grid-wrapper gb-grid-wrapper-d33b2b2e\">\n<div class=\"gb-grid-column gb-grid-column-a94d8ae4\"><div class=\"gb-container gb-container-a94d8ae4\"><div class=\"gb-inside-container\">\n<h2 class=\"gb-headline gb-headline-8480e524\">Online rekl\u00e1moz\u00e1s<\/h2>\n\n\n\n<figure class=\"wp-block-image size-large is-style-rounded\"><img loading=\"lazy\" decoding=\"async\" width=\"640\" height=\"427\" src=\"https:\/\/sulelaw.com\/wp-content\/uploads\/2020\/11\/thought-catalog-tRL_Rkh6D8o-unsplash.jpg\" alt=\"rekl\u00e1mjog \u00fcgyv\u00e9d\" class=\"wp-image-21825\" srcset=\"https:\/\/sulelaw.com\/wp-content\/uploads\/2020\/11\/thought-catalog-tRL_Rkh6D8o-unsplash.jpg 640w, https:\/\/sulelaw.com\/wp-content\/uploads\/2020\/11\/thought-catalog-tRL_Rkh6D8o-unsplash-300x200.jpg 300w\" sizes=\"auto, (max-width: 640px) 100vw, 640px\" \/><figcaption>Fot\u00f3: <a href=\"https:\/\/unsplash.com\/@thoughtcatalog?utm_source=unsplash&amp;utm_medium=referral&amp;utm_content=creditCopyText\">Thought Catalog<\/a>\u00a0<\/figcaption><\/figure>\n<\/div><\/div><\/div>\n\n\n\n<div class=\"gb-grid-column gb-grid-column-3e52e881\"><div class=\"gb-container gb-container-3e52e881\"><div class=\"gb-inside-container\">\n<h3 class=\"gb-headline gb-headline-b41a9652\">Eur\u00f3pai Uni\u00f3<\/h3>\n\n\n\n<p>\u00dcgyv\u00e9di irod\u00e1nk jogi t\u00e1mogat\u00e1st ny\u00fajt az EU-ban mindenf\u00e9le online term\u00e9kbevezet\u00e9shez \u00e9s marketing kamp\u00e1nyhoz. Tapasztalataink vannak a nemzetk\u00f6zi \u00e9s helyi piacokr\u00f3l, a k\u00f6z\u00f6ss\u00e9gi m\u00e9di\u00e1r\u00f3l.<\/p>\n<\/div><\/div><\/div>\n<\/div>\n<\/div><\/div>\n\n\n\n<div class=\"gb-container gb-container-05724921\"><div class=\"gb-inside-container\">\n<div class=\"gb-grid-wrapper gb-grid-wrapper-f1eea5cd\">\n<div class=\"gb-grid-column gb-grid-column-f8fac88a\"><div class=\"gb-container gb-container-f8fac88a\"><div class=\"gb-inside-container\">\n<h2 class=\"gb-headline gb-headline-2e40bf50\">N\u00e9h\u00e1ny kapcsol\u00f3d\u00f3 hirdet\u00e9si jogi szolg\u00e1ltat\u00e1sunk<\/h2>\n\n\n\n<div style=\"height:100px\" aria-hidden=\"true\" class=\"wp-block-spacer\"><\/div>\n\n\n\n<hr class=\"wp-block-separator\"\/>\n\n\n\n<figure class=\"wp-block-image size-large is-style-rounded\"><img loading=\"lazy\" decoding=\"async\" width=\"640\" height=\"800\" src=\"https:\/\/sulelaw.com\/wp-content\/uploads\/2020\/11\/andrea-leopardi-u8NQockJPwg-unsplash-1.jpg\" alt=\"rekl\u00e1m m\u00e9dia marketin \u00fcgyv\u00e9di iroda magyarorsz\u00e1g \u00e9s n\u00e9metorsz\u00e1g\" class=\"wp-image-21828\" srcset=\"https:\/\/sulelaw.com\/wp-content\/uploads\/2020\/11\/andrea-leopardi-u8NQockJPwg-unsplash-1.jpg 640w, https:\/\/sulelaw.com\/wp-content\/uploads\/2020\/11\/andrea-leopardi-u8NQockJPwg-unsplash-1-240x300.jpg 240w\" sizes=\"auto, (max-width: 640px) 100vw, 640px\" \/><figcaption>Fot\u00f3: <a href=\"https:\/\/unsplash.com\/@whatyouhide?utm_source=unsplash&amp;utm_medium=referral&amp;utm_content=creditCopyText\">Andrea Leopardi<\/a>\u00a0<\/figcaption><\/figure>\n<\/div><\/div><\/div>\n\n\n\n<div class=\"gb-grid-column gb-grid-column-7a0f3012\"><div class=\"gb-container gb-container-7a0f3012\"><div class=\"gb-inside-container\">\n<div class=\"wp-block-pb-accordion-item c-accordion__item js-accordion-item no-js\" data-initially-open=\"false\" data-click-to-close=\"true\" data-auto-close=\"false\" data-scroll=\"false\" data-scroll-offset=\"0\"><h3 id=\"at-67813\" class=\"c-accordion__title js-accordion-controller\" role=\"button\">Prom\u00f3ci\u00f3k \u00e1ttekint\u00e9se \u00e9s szab\u00e1lyoz\u00e1si k\u00f6vetelm\u00e9nyek<\/h3><div id=\"ac-67813\" class=\"c-accordion__content\">\n<p>A t\u00f6rv\u00e9nyeknek \u00e9s a szab\u00e1lyoz\u00e1si k\u00f6vetelm\u00e9nyeknek val\u00f3 megfelel\u00e9s el\u00e9r\u00e9se<\/p>\n\n\n\n<p>H\u00e1zon bel\u00fcli k\u00e9pz\u00e9s prom\u00f3ci\u00f3s strat\u00e9gi\u00e1kr\u00f3l<\/p>\n<\/div><\/div>\n\n\n\n<div class=\"wp-block-pb-accordion-item c-accordion__item js-accordion-item no-js\" data-initially-open=\"false\" data-click-to-close=\"true\" data-auto-close=\"false\" data-scroll=\"false\" data-scroll-offset=\"0\"><h3 id=\"at-97385\" class=\"c-accordion__title js-accordion-controller\" role=\"button\">Hirdet\u00e9sben elhangz\u00f3 \u00e1ll\u00edt\u00e1sok \u00e1ttekint\u00e9se \u00e9s jogi megalapoz\u00e1sa<\/h3><div id=\"ac-97385\" class=\"c-accordion__content\">\n<p>Az alkalmazand\u00f3 jogszab\u00e1lyoknak, \u00f6nszab\u00e1lyoz\u00f3 szervezeteknek \u00e9s legjobb gyakorlatoknak val\u00f3 megfelel\u00e9s<\/p>\n\n\n\n<p>\u00c1rukkal \u00e9s szolg\u00e1ltat\u00e1sokkal kapcsolatos rekl\u00e1mban elhangz\u00f3 \u00e1ll\u00edt\u00e1sok \u00e1ttekint\u00e9se<\/p>\n\n\n\n<p>K\u00e9pz\u00e9s h\u00e1zon bel\u00fcli jogi, marketing \u00e9s term\u00e9kfejleszt\u00e9si csapatok sz\u00e1m\u00e1ra<\/p>\n<\/div><\/div>\n\n\n\n<div class=\"wp-block-pb-accordion-item c-accordion__item js-accordion-item no-js\" data-initially-open=\"false\" data-click-to-close=\"true\" data-auto-close=\"false\" data-scroll=\"false\" data-scroll-offset=\"0\"><h3 id=\"at-31769\" class=\"c-accordion__title js-accordion-controller\" role=\"button\">Aj\u00e1nd\u00e9kk\u00e1rty\u00e1k \u00e9s h\u0171s\u00e9gprogramok<\/h3><div id=\"ac-31769\" class=\"c-accordion__content\">\n<p>Felt\u00e9telek, lej\u00e1rat, felmond\u00e1s<\/p>\n\n\n\n<p>Kapcsol\u00f3d\u00f3 ad\u00f3z\u00e1si k\u00e9rd\u00e9sek<\/p>\n<\/div><\/div>\n\n\n\n<div class=\"wp-block-pb-accordion-item c-accordion__item js-accordion-item no-js\" data-initially-open=\"false\" data-click-to-close=\"true\" data-auto-close=\"false\" data-scroll=\"false\" data-scroll-offset=\"0\"><h3 id=\"at-51200\" class=\"c-accordion__title js-accordion-controller\" role=\"button\">\u00dcgyn\u00f6ks\u00e9gi \u00e9s m\u00e9dia meg\u00e1llapod\u00e1sok<\/h3><div id=\"ac-51200\" class=\"c-accordion__content\">\n<p>Rekl\u00e1m, prom\u00f3ci\u00f3k, k\u00f6z\u00f6ns\u00e9gkapcsolatok (PR &#8211; public relations), rendezv\u00e9nymarketing, \u00fcgyn\u00f6ks\u00e9gi meg\u00e1llapod\u00e1sok projektekhez<\/p>\n\n\n\n<p>M\u00e9dia\u00fcgyn\u00f6ks\u00e9gi \u00e9s technol\u00f3giai meg\u00e1llapod\u00e1sok, bele\u00e9rtve a m\u00e9dia v\u00e1s\u00e1rl\u00e1s\u00e1t, tervez\u00e9s\u00e9t \u00e9s elhelyez\u00e9s\u00e9t; hirdet\u00e9si szolg\u00e1ltat\u00e1sok; c\u00e9lzott rekl\u00e1m; \u00e9s felh\u0151alap\u00fa platformok<\/p>\n\n\n\n<p>Meg\u00e1llapod\u00e1sok a marketinggel \u00e9s az e-kereskedelemmel kapcsolatban<\/p>\n<\/div><\/div>\n\n\n\n<div class=\"wp-block-pb-accordion-item c-accordion__item js-accordion-item no-js\" data-initially-open=\"false\" data-click-to-close=\"true\" data-auto-close=\"false\" data-scroll=\"false\" data-scroll-offset=\"0\"><h3 id=\"at-63512\" class=\"c-accordion__title js-accordion-controller\" role=\"button\">Szponzor\u00e1l\u00e1s \u00e9s h\u00edress\u00e9gek<\/h3><div id=\"ac-63512\" class=\"c-accordion__content\">\n<p>Hirdet\u0151 \u00e1ltal fejlesztett sz\u00f3rakoztat\u00f3 programok<\/p>\n\n\n\n<p>Szponzor\u00e1l\u00e1s a sport, a zene, a telev\u00edzi\u00f3 \u00e9s a film ter\u00fclet\u00e9n<\/p>\n\n\n\n<p>H\u00edress\u00e9gek term\u00e9kprom\u00f3ci\u00f3s meg\u00e1llapod\u00e1sai<\/p>\n<\/div><\/div>\n\n\n\n<div class=\"wp-block-pb-accordion-item c-accordion__item js-accordion-item no-js\" data-initially-open=\"false\" data-click-to-close=\"true\" data-auto-close=\"false\" data-scroll=\"false\" data-scroll-offset=\"0\"><h3 id=\"at-45196\" class=\"c-accordion__title js-accordion-controller\" role=\"button\">Rekl\u00e1mjogi vit\u00e1k<\/h3><div id=\"ac-45196\" class=\"c-accordion__content\">\n<p>F\u00e9lrevezet\u0151 \u00e9s megt\u00e9veszt\u0151 rekl\u00e1moz\u00e1ssal kapcsolatos tisztess\u00e9gtelen versenyjogi perek<\/p>\n\n\n\n<p>Amazon panaszok<\/p>\n\n\n\n<p>K\u00e9pviselet \u00f6nszab\u00e1lyoz\u00f3 test\u00fcletek el\u0151tt<\/p>\n\n\n\n<p>A rekl\u00e1moz\u00e1sban szerz\u0151i jogi \u00e9s v\u00e9djegyekkel kapcsolatos vit\u00e1s k\u00e9rd\u00e9sek<\/p>\n<\/div><\/div>\n<\/div><\/div><\/div>\n<\/div>\n<\/div><\/div>\n\n\n\n<div class=\"gb-container gb-container-2a545a7e\"><div class=\"gb-inside-container\">\n<h2 class=\"has-text-align-center wp-block-heading\">Rekl\u00e1mjog &#8211; marketing jog &#8211; GYIK<\/h2>\n\n\n\n<p><\/p>\n\n\n\n<div class=\"schema-faq wp-block-yoast-faq-block\"><div class=\"schema-faq-section\" id=\"faq-question-1603644770244\"><strong class=\"schema-faq-question\">Megengedett a szponzor\u00e1l\u00e1s Magyarorsz\u00e1gon?<\/strong> <p class=\"schema-faq-answer\">A nyilv\u00e1nos rendezv\u00e9ny szponzor\u00e1nak nev\u00e9t, log\u00f3j\u00e1t, term\u00e9k\u00e9t vagy szolg\u00e1ltat\u00e1s\u00e1t nem lehet \u00e1lc\u00e1zott rekl\u00e1mnak tekinteni, felt\u00e9ve, hogy a m\u00e9diaszolg\u00e1ltat\u00f3nak nincs \u00fczleti \u00e9rdeke az ilyen megjelen\u00e9s ir\u00e1nt, \u00e9s a megjelen\u00e9s m\u00f3dja nem ad indokolatlan hangs\u00falyt a szponzornak.<\/p> <\/div> <div class=\"schema-faq-section\" id=\"faq-question-1603698093672\"><strong class=\"schema-faq-question\">Sz\u00fcks\u00e9g van a prom\u00f3ci\u00f3s j\u00e1t\u00e9kok enged\u00e9lyez\u00e9s\u00e9re Magyarorsz\u00e1gon?<\/strong> <p class=\"schema-faq-answer\">A szerencsej\u00e1t\u00e9kr\u00f3l sz\u00f3l\u00f3 t\u00f6rv\u00e9ny alapj\u00e1n a prom\u00f3ci\u00f3s j\u00e1t\u00e9kokhoz nincs sz\u00fcks\u00e9g enged\u00e9lyre. Ha azonban egy prom\u00f3ci\u00f3s esem\u00e9ny \u00e1ruk vagy szolg\u00e1ltat\u00e1sok v\u00e1s\u00e1rl\u00e1s\u00e1hoz kapcsol\u00f3dik, akkor az \u00e1llami ad\u00f3hat\u00f3s\u00e1got &#8211; mint fel\u00fcgyel\u0151 hat\u00f3s\u00e1got &#8211; legal\u00e1bb t\u00edz nappal el\u0151re \u00e9rtes\u00edteni kell.<\/p> <\/div> <div class=\"schema-faq-section\" id=\"faq-question-1603698167247\"><strong class=\"schema-faq-question\">Mikor nem sz\u00fcks\u00e9ges az \u00e9rtes\u00edt\u00e9s Magyarorsz\u00e1gon prom\u00f3ci\u00f3k \/ j\u00e1t\u00e9kok eset\u00e9n?<\/strong> <p class=\"schema-faq-answer\">A v\u00e1s\u00e1rl\u00e1sho k\u00f6t\u00f6tt prom\u00f3ci\u00f3k eset\u00e9n (pl. csak egy k\u00e9rd\u0151\u00edv kit\u00f6lt\u00e9se) nincs sz\u00fcks\u00e9g \u00e9rtes\u00edt\u00e9sre. A r\u00e9szv\u00e9telnek ingyenesnek kell lennie, mert ha a v\u00e1s\u00e1rl\u00f3nak a v\u00e1s\u00e1rolt \u00e1ruk \u00e9rt\u00e9k\u00e9n k\u00edv\u00fcl m\u00e1st kell fizetnie, hogy beker\u00fclj\u00f6n a v\u00e9letlenszer\u0171 sorsol\u00e1sba, az szerencsej\u00e1t\u00e9knak min\u0151s\u00fcl, \u00e9s mint ilyen, az ad\u00f3hat\u00f3s\u00e1g enged\u00e9lye sz\u00fcks\u00e9ges.<\/p> <\/div> <div class=\"schema-faq-section\" id=\"faq-question-1603698221801\"><strong class=\"schema-faq-question\">Sz\u00fcks\u00e9ge van-e enged\u00e9lyre a szerencsej\u00e1t\u00e9khoz Magyarorsz\u00e1gon?<\/strong> <p class=\"schema-faq-answer\">Yes, it must be authorized by the tax authority.<\/p> <\/div> <\/div>\n<\/div><\/div>\n","protected":false},"excerpt":{"rendered":"<p>Rekl\u00e1mjog &#8211; marketing jog &#8211; GYIK<\/p>\n","protected":false},"author":2,"featured_media":0,"parent":20484,"menu_order":0,"comment_status":"closed","ping_status":"closed","template":"","meta":{"footnotes":""},"class_list":["post-20496","page","type-page","status-publish"],"aioseo_notices":[],"_links":{"self":[{"href":"https:\/\/sulelaw.com\/hu\/wp-json\/wp\/v2\/pages\/20496","targetHints":{"allow":["GET"]}}],"collection":[{"href":"https:\/\/sulelaw.com\/hu\/wp-json\/wp\/v2\/pages"}],"about":[{"href":"https:\/\/sulelaw.com\/hu\/wp-json\/wp\/v2\/types\/page"}],"author":[{"embeddable":true,"href":"https:\/\/sulelaw.com\/hu\/wp-json\/wp\/v2\/users\/2"}],"replies":[{"embeddable":true,"href":"https:\/\/sulelaw.com\/hu\/wp-json\/wp\/v2\/comments?post=20496"}],"version-history":[{"count":15,"href":"https:\/\/sulelaw.com\/hu\/wp-json\/wp\/v2\/pages\/20496\/revisions"}],"predecessor-version":[{"id":21840,"href":"https:\/\/sulelaw.com\/hu\/wp-json\/wp\/v2\/pages\/20496\/revisions\/21840"}],"up":[{"embeddable":true,"href":"https:\/\/sulelaw.com\/hu\/wp-json\/wp\/v2\/pages\/20484"}],"wp:attachment":[{"href":"https:\/\/sulelaw.com\/hu\/wp-json\/wp\/v2\/media?parent=20496"}],"curies":[{"name":"wp","href":"https:\/\/api.w.org\/{rel}","templated":true}]}}