{"id":20472,"date":"2020-10-30T16:34:44","date_gmt":"2020-10-30T16:34:44","guid":{"rendered":"https:\/\/va87zabukmi.preview.infomaniak.website\/intellectual-property-ip-lawyer-law-firm\/patent-renewals-assignment\/"},"modified":"2020-11-13T17:38:25","modified_gmt":"2020-11-13T17:38:25","slug":"szabadalom-dijfizetes-atruhazas-epo-europai-szabadalmi-hivatal","status":"publish","type":"page","link":"https:\/\/sulelaw.com\/hu\/szellemi-tulajdonjog-ip-ugyvedi-iroda-ugyved\/szabadalom-dijfizetes-atruhazas-epo-europai-szabadalmi-hivatal\/","title":{"rendered":"Szabadalmi d\u00edjfizet\u00e9s \/ Az eur\u00f3pai szabadalom \u00e9ves d\u00edjai"},"content":{"rendered":"\n<div class=\"gb-container gb-container-e3321647\"><div class=\"gb-inside-container\">\n<div class=\"gb-grid-wrapper gb-grid-wrapper-9df41ee5\">\n<div class=\"gb-grid-column gb-grid-column-71587cc8\"><div class=\"gb-container gb-container-71587cc8\"><div class=\"gb-inside-container\">\n<h2 class=\"gb-headline gb-headline-5d5268ff\">Szabadalmak meg\u00faj\u00edt\u00e1sa \u00e9s szabadalmak \u00e1truh\u00e1z\u00e1sa<\/h2>\n<\/div><\/div><\/div>\n\n\n\n<div class=\"gb-grid-column gb-grid-column-633a8305\"><div class=\"gb-container gb-container-633a8305\"><div class=\"gb-inside-container\">\n<p>A szabadalmi meg\u00faj\u00edt\u00e1sok \u00e9s a szabadalmi \u00e1truh\u00e1z\u00e1sok lebonyol\u00edt\u00e1sa csak k\u00e9t p\u00e9lda szabadalmi jogi szolg\u00e1ltat\u00e1sainkb\u00f3l, m\u00e9gis k\u00e9t fontos szolg\u00e1ltat\u00e1s. Szabadalmi \u00fcgyv\u00e9dk\u00e9nt elj\u00e1runk az Eur\u00f3pai Szabadalmi Hivataln\u00e1l (EPO), a N\u00e9met Szabadalmi \u00e9s V\u00e9djegyhivataln\u00e1l (DPMA), valamint a Magyar Szellemi Tulajdon Nemzeti Hivatala (SZTNH) el\u0151tt. N\u00e9metorsz\u00e1gban \u00e9s Magyarorsz\u00e1gon haszn\u00e1lati mintaoltalmakat is k\u00e9pvisel\u00fcnk.<\/p>\n\n\n\n<p>Szolg\u00e1ltat\u00e1sokat k\u00edn\u00e1lunk az ipari tulajdonjogok fel\u00fcgyelet\u00e9vel \u00e9s fenntart\u00e1si d\u00edj\u00e1nak befizet\u00e9s\u00e9vel kapcsolatban, mint p\u00e9ld\u00e1ul a szabadalmak, a haszn\u00e1lati mintaoltalmak, a formatervez\u00e9si mint\u00e1k \u00e9s a v\u00e9djegyek kombin\u00e1lt IP-portf\u00f3li\u00f3ival kapcsolatban. A jogi k\u00e9pvisel\u0151ket \u00e9s a szabadalmi \u00fcgyvviv\u0151ket (vagy a szabadalmi \u00fcgyviv\u0151k t\u00e1rsul\u00e1sait) az EPO k\u00fcl\u00f6n list\u00e1kon vezeti. \u00dcgyv\u00e9di irod\u00e1nk jogi k\u00e9pvisel\u0151k\u00e9nt j\u00e1r el az EPO-n\u00e1l, \u00e9s a DPMA-n\u00e1l, illetve az SZTNH-n\u00e1l.<\/p>\n<\/div><\/div><\/div>\n<\/div>\n<\/div><\/div>\n\n\n\n<div class=\"gb-container gb-container-05724921\"><div class=\"gb-inside-container\">\n<div class=\"gb-grid-wrapper gb-grid-wrapper-f1eea5cd\">\n<div class=\"gb-grid-column gb-grid-column-f8fac88a\"><div class=\"gb-container gb-container-f8fac88a\"><div class=\"gb-inside-container\">\n<h2 class=\"gb-headline gb-headline-2e40bf50\">F\u0151bb szabadalmi \u00e9s haszn\u00e1lati minta szolg\u00e1ltat\u00e1saink<\/h2>\n<\/div><\/div><\/div>\n\n\n\n<div class=\"gb-grid-column gb-grid-column-7a0f3012\"><div class=\"gb-container gb-container-7a0f3012\"><div class=\"gb-inside-container\">\n<div class=\"wp-block-pb-accordion-item c-accordion__item js-accordion-item no-js\" data-initially-open=\"false\" data-click-to-close=\"true\" data-auto-close=\"false\" data-scroll=\"false\" data-scroll-offset=\"0\"><h3 id=\"at-67813\" class=\"c-accordion__title js-accordion-controller\" role=\"button\">Szabadalmi meg\u00faj\u00edt\u00e1s az eur\u00f3pai EPO-n\u00e1l, a n\u00e9met DPMA-n\u00e1l, a magyar SZTNH-n\u00e1l<\/h3><div id=\"ac-67813\" class=\"c-accordion__content\">\n<p>A folyamat minden r\u00e9szlet\u00e9vel foglalkozunk, a k\u00f6zelg\u0151 szabadalmi meg\u00faj\u00edt\u00e1si hat\u00e1rid\u0151kkel kapcsolatos eml\u00e9keztet\u0151kt\u0151l a visszaigazol\u00e1sok, hivatalos nyugt\u00e1k \u00e9s igazol\u00e1sok tov\u00e1bb\u00edt\u00e1s\u00e1ig.<\/p>\n\n\n\n<p>Figyelembe v\u00e9ve gyakorlatunkat az IP-portf\u00f3li\u00f3 kezel\u00e9s ter\u00e9n, k\u00fcl\u00f6nleges alacsony \u00e1rakat tudunk aj\u00e1nlani legnagyobb \u00fcgyfeleink sz\u00e1m\u00e1ra. <\/p>\n<\/div><\/div>\n\n\n\n<div class=\"wp-block-pb-accordion-item c-accordion__item js-accordion-item no-js\" data-initially-open=\"false\" data-click-to-close=\"true\" data-auto-close=\"false\" data-scroll=\"false\" data-scroll-offset=\"0\"><h3 id=\"at-59928\" class=\"c-accordion__title js-accordion-controller\" role=\"button\">Haszn\u00e1lati minta meg\u00faj\u00edt\u00e1sok N\u00e9metorsz\u00e1gban \u00e9s Magyarorsz\u00e1gon<\/h3><div id=\"ac-59928\" class=\"c-accordion__content\">\n<p>Magyarorsz\u00e1gon \u00e9s N\u00e9metorsz\u00e1gban a haszn\u00e1lati minta oltalma el\u00e9rhet\u0151 olyan \u00faj m\u0171szaki megold\u00e1sok sz\u00e1m\u00e1ra, amelyek nem \u00e9rik el a szabadalmazhat\u00f3 tal\u00e1lm\u00e1ny szintj\u00e9t. A <strong>haszn\u00e1lati minta<\/strong> v\u00e9delme r\u00e9v\u00e9n az eml\u00edtett oltalom jogosultj\u00e1nak kiz\u00e1r\u00f3lagos joga van a haszn\u00e1lati minta hasznos\u00edt\u00e1s\u00e1ra, vagy m\u00e1s szem\u00e9ly r\u00e9sz\u00e9re licencia ad\u00e1s\u00e1ra. Az oltalom id\u0151tartama legfeljebb 10 \u00e9v, ami ut\u00e1n a haszn\u00e1lati minta a k\u00f6zkincs r\u00e9sze lesz.<\/p>\n\n\n\n<p>Ezen szellemi tulajdonjog a regisztr\u00e1ci\u00f3j\u00e1val j\u00f6n l\u00e9tre, \u00e9s ugyanazokat a jogokat biztos\u00edtja \u00d6nnek, mint a szabadalom: kiz\u00e1r\u00f3lagos jog a tal\u00e1lm\u00e1ny hasznos\u00edt\u00e1s\u00e1ra, gy\u00e1rt\u00e1sra \u00e9s forgalmaz\u00e1s\u00e1ra. Megtilthatja, hogy b\u00e1rki m\u00e1s ezeket tegye. A <strong>haszn\u00e1lati minta<\/strong> eset\u00e9n nincs \u00fajdons\u00e1gkutat\u00e1s, azaz a lajstromoz\u00e1si elj\u00e1r\u00e1s sor\u00e1n nem vizsg\u00e1lj\u00e1k az \u00fajdons\u00e1got, a feltal\u00e1l\u00f3i l\u00e9p\u00e9st \u00e9s az ipari alkalmazhat\u00f3s\u00e1got. Emiatt a <strong>haszn\u00e1lati minta<\/strong> v\u00e9delme k\u00f6nnyebben, gyorsabban \u00e9s olcs\u00f3bban \u00e9rhet\u0151 el, mint a szabadalmi oltalom.<\/p>\n\n\n\n<p>A <strong>magyar haszn\u00e1lati minta <\/strong>\u00e9letben tart\u00e1sa \u00e9rdek\u00e9ben \u00e9vente meg\u00faj\u00edt\u00e1si d\u00edjat kell fizetni. A <strong>n\u00e9met <strong>haszn\u00e1lati minta<\/strong><\/strong> eset\u00e9ben a meg\u00faj\u00edt\u00e1si id\u0151szakok a k\u00f6vetkez\u0151k: az els\u0151 meg\u00faj\u00edt\u00e1s h\u00e1rom \u00e9v ut\u00e1n; a m\u00e1sodik d\u00edj hat \u00e9v ut\u00e1n \u00e9s a harmadik d\u00edj nyolc \u00e9v ut\u00e1n esed\u00e9kes.<\/p>\n<\/div><\/div>\n\n\n\n<div class=\"wp-block-pb-accordion-item c-accordion__item js-accordion-item no-js\" data-initially-open=\"false\" data-click-to-close=\"true\" data-auto-close=\"false\" data-scroll=\"false\" data-scroll-offset=\"0\"><h3 id=\"at-97572\" class=\"c-accordion__title js-accordion-controller\" role=\"button\">Szabadalmak \u00e1truh\u00e1z\u00e1sa \u00e9s haszn\u00e1lati modellek \u00e1truh\u00e1z\u00e1sa<\/h3><div id=\"ac-97572\" class=\"c-accordion__content\">\n<p>Seg\u00edthet\u00fcnk a szabadalmi portf\u00f3li\u00f3 \u00e1truh\u00e1z\u00e1s\u00e1nak bejegyz\u00e9s\u00e9ben az <strong>Eur\u00f3pai Szabadalmi HIvataln\u00e1l<\/strong>, <strong>N\u00e9metorsz\u00e1gban <\/strong>vagy <strong>Magyarorsz\u00e1gon<\/strong>. Nem kell nyilv\u00e1noss\u00e1gra hoznia a szabadalmi \u00e1truh\u00e1z\u00e1s vagy a hasz\u00e1lati minta \u00e1truh\u00e1z\u00e1s bizalmas szerz\u0151d\u00e9ses rendelkez\u00e9seit. Ugyanakkor a beny\u00fajtand\u00f3 dokumentumokon fel kell t\u00fcntetni a szerz\u0151d\u0151 felek al\u00e1\u00edr\u00e1s\u00e1t. Az \u00e1truh\u00e1z\u00e1st igazol\u00f3 nyilatkozat, amelyet a szerz\u0151d\u0151 felek al\u00e1\u00edrtak, szint\u00e9n elegend\u0151.<\/p>\n\n\n\n<p>Az, hogy az \u00e1truh\u00e1z\u00e1s a bejelent\u00e9si szakaszban vagy a regisztr\u00e1ci\u00f3 ut\u00e1n t\u00f6rt\u00e9nik-e, nem korl\u00e1tozza a szabadalmi jogok \u00e9rt\u00e9kes\u00edt\u00e9s\u00e9t vagy licenszbe ad\u00e1s\u00e1t. Az eur\u00f3pai szabadalmi bejelent\u00e9s vagy bejegyzett szabadalom egy vagy t\u00f6bb kijel\u00f6lt szerz\u0151d\u0151 \u00e1llamra eg\u00e9sz\u00e9ben vagy r\u00e9szben is \u00e1truh\u00e1zhat\u00f3.<\/p>\n<\/div><\/div>\n\n\n\n<div class=\"wp-block-pb-accordion-item c-accordion__item js-accordion-item no-js\" data-initially-open=\"false\" data-click-to-close=\"true\" data-auto-close=\"false\" data-scroll=\"false\" data-scroll-offset=\"0\"><h3 id=\"at-7949\" class=\"c-accordion__title js-accordion-controller\" role=\"button\">N\u00e9vv\u00e1ltoz\u00e1s, szabadalmi jogosult v\u00e1ltoz\u00e1sa, EPO szabadalmi k\u00e9pvisel\u0151 megv\u00e1ltoz\u00e1sa<\/h3><div id=\"ac-7949\" class=\"c-accordion__content\">\n<p>Az Eur\u00f3pai Szabadalmi \u00datmutat\u00f3 alapj\u00e1n k\u00e9r\u00e9sre a bejelent\u0151 nev\u00e9nek megv\u00e1ltoztat\u00e1s\u00e1t bejegyzik az Eur\u00f3pai Szabadalmi Nyilv\u00e1ntart\u00e1sba mindaddig, am\u00edg az eur\u00f3pai szabadalmi bejelent\u00e9s vagy az EPO el\u0151tti elj\u00e1r\u00e1s folyamatban van, \u00e9s mindaddig, am\u00edg ez nem jelent v\u00e1ltoz\u00e1st a k\u00e9relmez\u0151 jogi szem\u00e9ly\u00e9ben. Az EPO-nak be kell mutatni a v\u00e1ltoz\u00e1st igazol\u00f3 relev\u00e1ns dokumentumokat. A n\u00e9vv\u00e1ltoz\u00e1s regisztr\u00e1ci\u00f3ja ingyenes.<\/p>\n\n\n\n<p>Er\u0151sen aj\u00e1nlott, hogy adatait naprak\u00e9szen tartsa a szabadalmi nyilv\u00e1ntart\u00e1sokban. A szabadalom jogosultj\u00e1nak vagy k\u00e9pvisel\u0151j\u00e9nek nev\u00e9ben \u00e9s \/ vagy c\u00edm\u00e9ben bek\u00f6vetkezett v\u00e1ltoz\u00e1sokat gyorsan be kell jelenteni a szabadalmi hivataloknak, hogy elker\u00fclj\u00e9k a k\u00e9s\u0151bbi \u00e1truh\u00e1z\u00e1sokkal, enged\u00e9lyez\u00e9ssel \u00e9s szabadalmi jogs\u00e9rt\u00e9sekkel kapcsolatos form\u00e1lis probl\u00e9m\u00e1kat.<\/p>\n<\/div><\/div>\n\n\n\n<div class=\"wp-block-pb-accordion-item c-accordion__item js-accordion-item no-js\" data-initially-open=\"false\" data-click-to-close=\"true\" data-auto-close=\"false\" data-scroll=\"false\" data-scroll-offset=\"0\"><h3 id=\"at-87616\" class=\"c-accordion__title js-accordion-controller\" role=\"button\">Szabadalmi peres \u00fcgyv\u00e9d<\/h3><div id=\"ac-87616\" class=\"c-accordion__content\">\n<p>A szabadalmi peres \u00fcgyv\u00e9dek a szellemi tulajdon, a v\u00e9djegyek, a formatervez\u00e9si mint\u00e1k jogai, a szerz\u0151i jogi t\u00f6rv\u00e9nyek \u00e9s a szabadalmak szak\u00e9rt\u0151i. Az alkot\u00f3kat vagy a v\u00e1llalatokat k\u00e9pviselik a szabadalmi jog\u00e9rv\u00e9nyes\u00edt\u00e9si folyamatok sor\u00e1n, seg\u00edtenek a szabadalmi licenszekkel kapcsolatban \u00e9s szabadalombitorl\u00e1si \u00fcgyekben, valamint peres elj\u00e1r\u00e1sban v\u00e9dik \u00fcgyfeleik tal\u00e1lm\u00e1nyhoz f\u0171z\u0151d\u0151 jogait. A szellemi tulajdonjogokkal kapcsolatos jogi tan\u00e1cs kiterjed p\u00e9ld\u00e1ul szabadalmak, m\u0171szaki adatok, \u00fczleti titkok, licencek, szerz\u0151i jogok \u00e9s v\u00e9djegyek ter\u00fclet\u00e9re. \u00c9rtelmezni kell az \u00fcgyfelek szellemi tulajdon\u00e1val kapcsolatos t\u00f6rv\u00e9nyeket, d\u00f6nt\u00e9seket \u00e9s szab\u00e1lyoz\u00e1si anyagokat; jogi kutat\u00e1st kell lefolytatni, bizony\u00edt\u00e9kokat gy\u0171jteni \u00e9s elrendezni. A szabadalmi peres \u00fcgyv\u00e9dek el tudj\u00e1k magyar\u00e1zni &#8211; jogi nyelven &#8211; az \u00f6sszetett m\u0171szaki inform\u00e1ci\u00f3kat. <\/p>\n\n\n\n<p>Jogi k\u00e9pviseletet k\u00edn\u00e1lunk az \u00fcgyfeleknek a szellemi tulajdonjoggal kapcsolatos b\u00edr\u00f3s\u00e1gi elj\u00e1r\u00e1sokban, \u00e9s t\u00f6rv\u00e9nyi, szab\u00e1lyoz\u00e1si \u00e9s szerz\u0151d\u00e9ses k\u00f6telezetts\u00e9gek \u00e9rv\u00e9nyes\u00edt\u00e9s\u00e9vel biztos\u00edtjuk az \u00fcgyf\u00e9l szellemi tulajdon\u00e1nak v\u00e9delm\u00e9t.<\/p>\n<\/div><\/div>\n<\/div><\/div><\/div>\n<\/div>\n<\/div><\/div>\n\n\n\n<div class=\"gb-container gb-container-f4aa788b\"><div class=\"gb-inside-container\">\n<div class=\"gb-grid-wrapper gb-grid-wrapper-6491d706\">\n<div class=\"gb-grid-column gb-grid-column-3f1495bc\"><div class=\"gb-container gb-container-3f1495bc\"><div class=\"gb-inside-container\">\n<h2 class=\"gb-headline gb-headline-8ed7bb69\">Az Eur\u00f3pai Szabadalmi Szervezet tag\u00e1llamai<\/h2>\n<\/div><\/div><\/div>\n\n\n\n<div class=\"gb-grid-column gb-grid-column-033bdb6f\"><div class=\"gb-container gb-container-033bdb6f\"><div class=\"gb-inside-container\">\n<figure class=\"wp-block-image size-large is-style-default\"><img loading=\"lazy\" decoding=\"async\" width=\"1024\" height=\"717\" src=\"https:\/\/sulelaw.com\/wp-content\/uploads\/2020\/11\/EPO-1024x717.png\" alt=\"EPO szabadalom meg\u00faj\u00edt\u00e1si d\u00edj\" class=\"wp-image-20237\" srcset=\"https:\/\/sulelaw.com\/wp-content\/uploads\/2020\/11\/EPO-1024x717.png 1024w, https:\/\/sulelaw.com\/wp-content\/uploads\/2020\/11\/EPO-300x210.png 300w, https:\/\/sulelaw.com\/wp-content\/uploads\/2020\/11\/EPO-768x538.png 768w, https:\/\/sulelaw.com\/wp-content\/uploads\/2020\/11\/EPO-1536x1075.png 1536w, https:\/\/sulelaw.com\/wp-content\/uploads\/2020\/11\/EPO-2048x1434.png 2048w\" sizes=\"auto, (max-width: 1024px) 100vw, 1024px\" \/><figcaption>Az eur\u00f3pai szabadalmi oltalom f\u00f6ldrajzi hat\u00e1lya &#8211; A t\u00e9rk\u00e9p forr\u00e1sa: https:\/\/www.epo.org\/about-us\/at-a-glance.html<br> <a href=\"https:\/\/www.epo.org\/footer\/terms.html#a6\" target=\"_blank\" rel=\"noreferrer noopener nofollow\">Copyright <\/a>2020 EPO<\/figcaption><\/figure>\n<\/div><\/div><\/div>\n<\/div>\n<\/div><\/div>\n\n\n\n<div class=\"gb-container gb-container-2a545a7e\"><div class=\"gb-inside-container\">\n<h2 class=\"has-text-align-center wp-block-heading\">Szabadalom &#8211; GYIK<\/h2>\n\n\n\n<p><\/p>\n\n\n\n<div class=\"schema-faq wp-block-yoast-faq-block\"><div class=\"schema-faq-section\" id=\"faq-question-1604420909555\"><strong class=\"schema-faq-question\">Mi az a szabadalom?<\/strong> <p class=\"schema-faq-answer\">A szabadalom a technikai megold\u00e1s haszn\u00e1lat\u00e1nak monop\u00f3liuma. A szabadalom a szabadalmi hivataln\u00e1l bejegyzett kiz\u00e1r\u00f3lagos jog egy tal\u00e1lm\u00e1nyhoz, amely olyan term\u00e9k vagy elj\u00e1r\u00e1s, amely \u00faj technikai megold\u00e1st k\u00edn\u00e1l egy probl\u00e9m\u00e1ra. A szabadalom megszerz\u00e9s\u00e9hez a tal\u00e1lm\u00e1nyra vonatkoz\u00f3 m\u0171szaki inform\u00e1ci\u00f3kat a nyilv\u00e1noss\u00e1g el\u00e9 kell terjeszteni egy szabadalmi bejelent\u00e9sben.<\/p> <\/div> <div class=\"schema-faq-section\" id=\"faq-question-1604421391149\"><strong class=\"schema-faq-question\">Mikor esed\u00e9kes a szabadalom meg\u00faj\u00edt\u00e1sa az EPO-n\u00e1l?<\/strong> <p class=\"schema-faq-answer\">Az <strong>eur\u00f3pai szabadalmi bejelent\u00e9s<\/strong> meg\u00faj\u00edt\u00e1si \/ fenntart\u00e1si d\u00edjai a soron k\u00f6vetkez\u0151 \u00e9vre annak a h\u00f3napnak az utols\u00f3 napj\u00e1n esed\u00e9kesek, amely az eur\u00f3pai szabadalmi bejelent\u00e9s beny\u00fajt\u00e1s\u00e1nak \u00e9vfordul\u00f3ja. A harmadik \u00e9vre vonatkoz\u00f3 meg\u00faj\u00edt\u00e1si d\u00edjat esed\u00e9kess\u00e9ge el\u0151tt legfeljebb hat h\u00f3nappal lehet megfizetni. Az \u00f6sszes t\u00f6bbi meg\u00faj\u00edt\u00e1si d\u00edjat nem lehet \u00e9rv\u00e9nyesen megfizetni h\u00e1rom h\u00f3nappal az esed\u00e9kess\u00e9g el\u0151tt. A megengedett el\u0151zetes fizet\u00e9si id\u0151szak el\u0151tt teljes\u00edtett meg\u00faj\u00edt\u00e1si d\u00edjak nem \u00e9rv\u00e9nyesek.<\/p> <\/div> <\/div>\n<\/div><\/div>\n","protected":false},"excerpt":{"rendered":"<p>Szabadalom &#8211; GYIK<\/p>\n","protected":false},"author":2,"featured_media":0,"parent":20447,"menu_order":0,"comment_status":"closed","ping_status":"closed","template":"","meta":{"footnotes":""},"class_list":["post-20472","page","type-page","status-publish"],"aioseo_notices":[],"_links":{"self":[{"href":"https:\/\/sulelaw.com\/hu\/wp-json\/wp\/v2\/pages\/20472","targetHints":{"allow":["GET"]}}],"collection":[{"href":"https:\/\/sulelaw.com\/hu\/wp-json\/wp\/v2\/pages"}],"about":[{"href":"https:\/\/sulelaw.com\/hu\/wp-json\/wp\/v2\/types\/page"}],"author":[{"embeddable":true,"href":"https:\/\/sulelaw.com\/hu\/wp-json\/wp\/v2\/users\/2"}],"replies":[{"embeddable":true,"href":"https:\/\/sulelaw.com\/hu\/wp-json\/wp\/v2\/comments?post=20472"}],"version-history":[{"count":10,"href":"https:\/\/sulelaw.com\/hu\/wp-json\/wp\/v2\/pages\/20472\/revisions"}],"predecessor-version":[{"id":21593,"href":"https:\/\/sulelaw.com\/hu\/wp-json\/wp\/v2\/pages\/20472\/revisions\/21593"}],"up":[{"embeddable":true,"href":"https:\/\/sulelaw.com\/hu\/wp-json\/wp\/v2\/pages\/20447"}],"wp:attachment":[{"href":"https:\/\/sulelaw.com\/hu\/wp-json\/wp\/v2\/media?parent=20472"}],"curies":[{"name":"wp","href":"https:\/\/api.w.org\/{rel}","templated":true}]}}