{"id":20447,"date":"2020-10-28T10:26:05","date_gmt":"2020-10-28T10:26:05","guid":{"rendered":"https:\/\/va87zabukmi.preview.infomaniak.website\/intellectual-property-ip-lawyer-law-firm\/"},"modified":"2022-10-21T11:02:30","modified_gmt":"2022-10-21T11:02:30","slug":"szellemi-tulajdonjog-ip-ugyvedi-iroda-ugyved","status":"publish","type":"page","link":"https:\/\/sulelaw.com\/hu\/szellemi-tulajdonjog-ip-ugyvedi-iroda-ugyved\/","title":{"rendered":"Szellemi tulajdonjog \/ IP \/ iparjogv\u00e9delmi jog"},"content":{"rendered":"<div class=\"gb-container gb-container-e3321647\"><div class=\"gb-inside-container\">\n<div class=\"gb-grid-wrapper gb-grid-wrapper-9df41ee5\">\n<div class=\"gb-grid-column gb-grid-column-71587cc8\"><div class=\"gb-container gb-container-71587cc8\"><div class=\"gb-inside-container\">\n\n<h2 class=\"gb-headline gb-headline-5d5268ff gb-headline-text\">Szellemi tulajdonjog, iparjogv\u00e9delem<\/h2>\n\n<\/div><\/div><\/div>\n\n<div class=\"gb-grid-column gb-grid-column-633a8305\"><div class=\"gb-container gb-container-633a8305\"><div class=\"gb-inside-container\">\n\n<p>Az \u00fcgyv\u00e9di iroda kiemelked\u0151 szak\u00e9rtelme a szellemi tulajdonjogok ter\u00e9n lehet\u0151v\u00e9 teszi a vit\u00e1s jogi k\u00e9rd\u00e9sek minden szempontj\u00e1nak kezel\u00e9s\u00e9t. Kis csapatunkkal irod\u00e1nk k\u00e9pes bonyolult \u00e9s \u00fatt\u00f6r\u0151 jogi eseteket is megoldani. Az iroda megk\u00f6zel\u00edt\u00e9se k\u00f6lts\u00e9ghat\u00e9kony \u00e9s gyakorlati. A praxist S\u00fcle \u00c1kos vezeti, aki sz\u00e9les k\u00f6rben elismert \u00fcgyv\u00e9d a v\u00e9djegy, a formatervez\u00e9si mint\u00e1k, az \u00fczleti titkok, adatv\u00e9delem \u00e9s a szerz\u0151i jog ter\u00fclet\u00e9n. Az IP praxis mind a vit\u00e1s, mind a nem vit\u00e1s, \u00fan. st\u00e1tusz \u00fcgyekre, esetekre is kiterjed. Az IP \u00fcgyv\u00e9di iroda mark\u00e1nsan k\u00e9pviselteti mag\u00e1t a technol\u00f3gia, a m\u00e9dia, valamint a divat \u00e9s a luxus, az \u00e9lettudom\u00e1ny ipar\u00e1gakban. A szellemi tulajdoni praxis lefedi a szellemi tulajdonjogok teljes k\u00f6r\u00e9t, \u00e9s jogi tan\u00e1csokat ny\u00fajtunk egyes\u00fcl\u00e9si \u00e9s felv\u00e1s\u00e1rl\u00e1si \u00fcgyletek szellemi tulajdonjogi aspektusaiban is. Az \u00fcgyv\u00e9di iroda nagy IP-portf\u00f3li\u00f3kat is kezel, \u00e9s seg\u00edts\u00e9get tud ny\u00fajtani IP due diligence \u00e1tvil\u00e1g\u00edt\u00e1sokban.<\/p>\n\n<\/div><\/div><\/div>\n<\/div>\n<\/div><\/div>\n\n<div class=\"gb-container gb-container-05724921\"><div class=\"gb-inside-container\">\n<div class=\"gb-grid-wrapper gb-grid-wrapper-f1eea5cd\">\n<div class=\"gb-grid-column gb-grid-column-f8fac88a\"><div class=\"gb-container gb-container-f8fac88a\"><div class=\"gb-inside-container\">\n\n<h2 class=\"gb-headline gb-headline-2e40bf50 gb-headline-text\">\u00cdme n\u00e9h\u00e1ny a szellemi tulajdonjogi szolg\u00e1ltat\u00e1saink k\u00f6z\u00fcl<\/h2>\n\n\n\n<div style=\"height:100px\" aria-hidden=\"true\" class=\"wp-block-spacer\"><\/div>\n\n\n\n<hr class=\"wp-block-separator has-css-opacity\"\/>\n\n\n\n<figure class=\"wp-block-image size-large is-style-rounded\"><img loading=\"lazy\" decoding=\"async\" width=\"640\" height=\"427\" src=\"https:\/\/sulelaw.com\/wp-content\/uploads\/2020\/11\/roma-kaiuk-Dvv3DoDPVHo-unsplash.jpg\" alt=\"szellemi tulajdonjog, jogi szolg\u00e1ltat\u00e1sok\" class=\"wp-image-21794\" srcset=\"https:\/\/sulelaw.com\/wp-content\/uploads\/2020\/11\/roma-kaiuk-Dvv3DoDPVHo-unsplash.jpg 640w, https:\/\/sulelaw.com\/wp-content\/uploads\/2020\/11\/roma-kaiuk-Dvv3DoDPVHo-unsplash-300x200.jpg 300w\" sizes=\"auto, (max-width: 640px) 100vw, 640px\" \/><figcaption>Fot\u00f3:&nbsp;<a href=\"https:\/\/unsplash.com\/@roma_kaiuk?utm_source=unsplash&amp;utm_medium=referral&amp;utm_content=creditCopyText\">Roma Kaiuk<\/a>&nbsp;<\/figcaption><\/figure>\n\n<\/div><\/div><\/div>\n\n<div class=\"gb-grid-column gb-grid-column-7a0f3012\"><div class=\"gb-container gb-container-7a0f3012\"><div class=\"gb-inside-container\">\n\n<div class=\"wp-block-pb-accordion-item c-accordion__item js-accordion-item no-js\" data-initially-open=\"false\" data-click-to-close=\"true\" data-auto-close=\"false\" data-scroll=\"false\" data-scroll-offset=\"0\"><h3 id=\"at-204470\" class=\"c-accordion__title js-accordion-controller\" role=\"button\">Design mint szellemi tulajdonjog<\/h3><div id=\"ac-204470\" class=\"c-accordion__content\">\n<p>A formatervez\u00e9si minta meghat\u00e1rozhat\u00f3 \u00fagy, mint a term\u00e9k eg\u00e9sz\u00e9nek vagy egy r\u00e9sz\u00e9nek k\u00e9t- vagy h\u00e1romdimenzi\u00f3s megjelen\u00e9se. Oltalom al\u00e1 ker\u00fclhetnek p\u00e9ld\u00e1ul olyan tulajdons\u00e1gok, mint a term\u00e9k k\u00f6rvonalai, sz\u00ednei, form\u00e1ja, text\u00far\u00e1ja.<\/p>\n\n\n\n<p>Szellemi tulajdonjogi \u00fcgyv\u00e9dk\u00e9nt formatervez\u00e9si mint\u00e1kat k\u00e9pvisel\u00fcnk Magyarorsz\u00e1gon, N\u00e9metorsz\u00e1gban, az EU-ban, \u00e9s egyes tov\u00e1bbi orsz\u00e1gokban.<\/p>\n\n\n\n<p>Fontos,hogy nincs a bejelent\u00e9si folyamat sor\u00e1n nincs \u00fajdons\u00e1gkutat\u00e1s, \u00edgy nagyobb a kock\u00e1zata annak, hogy egy formatervez\u00e9si minta k\u00e9s\u0151bb megt\u00e1madhat\u00f3 \u00e9s t\u00f6r\u00f6ltethet\u0151 lesz.<\/p>\n<\/div><\/div>\n\n\n\n<div class=\"wp-block-pb-accordion-item c-accordion__item js-accordion-item no-js\" data-initially-open=\"false\" data-click-to-close=\"true\" data-auto-close=\"false\" data-scroll=\"false\" data-scroll-offset=\"0\"><h3 id=\"at-204471\" class=\"c-accordion__title js-accordion-controller\" role=\"button\">V\u00e9djegy<\/h3><div id=\"ac-204471\" class=\"c-accordion__content\">\n<p>A v\u00e9djegyek regisztr\u00e1ci\u00f3ja \u00e9s a kapcsol\u00f3d\u00f3 jogvit\u00e1k, peres \u00fcgyvitel tov\u00e1bbra is az els\u0151 sz\u00e1m\u00fa szellemi tulajdon jogi szolg\u00e1ltat\u00e1sunk. Egyes v\u00e9djegyek kereskedelmi \u00e9rt\u00e9ke gyakran meghaladhatja egyes szabadalmak \u00e9rt\u00e9k\u00e9t.<\/p>\n\n\n\n<p>T\u00e1mogathatjuk \u00d6nt a v\u00e9djegybejelent\u00e9sek, v\u00e1mint\u00e9zked\u00e9sek,  \u00fcgyv\u00e9di felsz\u00f3l\u00edt\u00f3 lev\u00e9l k\u00fcld\u00e9se, peres elj\u00e1r\u00e1sok, enged\u00e9lyeztet\u00e9sek, felsz\u00f3lal\u00e1sok, t\u00f6rl\u00e9sek stb. sor\u00e1n. T\u00f6bb \u00fcgyfel\u00fcnk sz\u00e1m\u00e1ra mint helyi vagy EU-s IP-portf\u00f3li\u00f3kezel\u0151k\u00e9nt j\u00e1runk el.<\/p>\n<\/div><\/div>\n\n\n\n<div class=\"wp-block-pb-accordion-item c-accordion__item js-accordion-item no-js\" data-initially-open=\"false\" data-click-to-close=\"true\" data-auto-close=\"false\" data-scroll=\"false\" data-scroll-offset=\"0\"><h3 id=\"at-204472\" class=\"c-accordion__title js-accordion-controller\" role=\"button\">Szerz\u0151i jog<\/h3><div id=\"ac-204472\" class=\"c-accordion__content\">\n<p>A szoftver \u00e9s m\u00e1s szerz\u0151i jogok \u00e9s az adatb\u00e1zisok v\u00e9delme lehet\u0151v\u00e9 teszi az alkot\u00f3 vagy jogosult sz\u00e1m\u00e1ra, hogy kamatoztass\u00e1k er\u0151fesz\u00edt\u00e9seiket vagy anyagi befektet\u00e9seiket. Ebben seg\u00edt\u00fcnk \u00fcgyfeleinknek. Ha sz\u00fcks\u00e9ges, b\u00edr\u00f3s\u00e1ghoz fordulunk az \u00d6n \u00e9rdekeinek v\u00e9delme \u00e9rdek\u00e9ben, de arra is t\u00f6reksz\u00fcnk, hogy a lehet\u0151 legjobb eredm\u00e9nyt \u00e9rj\u00fck el hasznos\u00edt\u00e1si \/ licensz meg\u00e1llapod\u00e1sok jogi felt\u00e9teleinek alkuja sor\u00e1n.<\/p>\n<\/div><\/div>\n\n\n\n<div class=\"wp-block-pb-accordion-item c-accordion__item js-accordion-item no-js\" data-initially-open=\"false\" data-click-to-close=\"true\" data-auto-close=\"false\" data-scroll=\"false\" data-scroll-offset=\"0\"><h3 id=\"at-204473\" class=\"c-accordion__title js-accordion-controller\" role=\"button\">Szabadalom<\/h3><div id=\"ac-204473\" class=\"c-accordion__content\">\n<p>A szabadalmak fontos szerepet j\u00e1tszanak az \u00fczleti \u00e9letben, mivel a szabadalom jogosultjai korl\u00e1tozott ideig ter\u00fcleti monop\u00f3liumot, azaz kiz\u00e1r\u00f3lagos haszn\u00e1lati jogot szereznek a tal\u00e1lm\u00e1nyra.<\/p>\n\n\n\n<p>Jelenleg a k\u00f6vetkez\u0151 szabadalmi jogi k\u00e9pviseleti szolg\u00e1ltat\u00e1sokat k\u00edn\u00e1ljuk: szabadalmi meg\u00faj\u00edt\u00e1sok, szabadalmak \u00e1truh\u00e1z\u00e1sa, az IP-jogok due diiligence \u00e1tvil\u00e1g\u00edt\u00e1sa, n\u00e9v- \u00e9s c\u00edmv\u00e1ltoztat\u00e1s \u00e1tvezet\u00e9se a szabadalmi hivatalokn\u00e1l.<\/p>\n<\/div><\/div>\n\n\n\n<div class=\"wp-block-pb-accordion-item c-accordion__item js-accordion-item no-js\" data-initially-open=\"false\" data-click-to-close=\"true\" data-auto-close=\"false\" data-scroll=\"false\" data-scroll-offset=\"0\"><h3 id=\"at-204474\" class=\"c-accordion__title js-accordion-controller\" role=\"button\">Haszn\u00e1lati mintaoltalom<\/h3><div id=\"ac-204474\" class=\"c-accordion__content\">\n<p>A haszn\u00e1lati mintaoltalom nem minden EU-tag\u00e1llamban el\u00e9rhet\u0151 jogi oltalom, de Magyarorsz\u00e1gon \u00e9s N\u00e9metorsz\u00e1gban regisztr\u00e1lhat\u00f3, bejegyezhet\u0151.<\/p>\n\n\n\n<p>A haszn\u00e1lati mintaoltalom lajstromoz\u00e1sa sor\u00e1n nem vizsg\u00e1lj\u00e1k annak az \u00fajdons\u00e1g\u00e1t, a feltal\u00e1l\u00f3i l\u00e9p\u00e9st \u00e9s az ipari alkalmazhat\u00f3s\u00e1got. Emiatt a haszn\u00e1lati mintaoltalom k\u00f6nnyebben, gyorsabban \u00e9s olcs\u00f3bban \u00e9rhet\u0151 el, mint a szabadalmi oltalom.<\/p>\n\n\n\n<p>Ezenk\u00edv\u00fcl a haszn\u00e1lati mintaoltalom egy tartal\u00e9k lehet\u0151s\u00e9g, ha a szabadalmi bejelent\u00e9s probl\u00e9m\u00e1snak bizonyulna.<\/p>\n<\/div><\/div>\n\n\n\n<div class=\"wp-block-pb-accordion-item c-accordion__item js-accordion-item no-js\" data-initially-open=\"false\" data-click-to-close=\"true\" data-auto-close=\"false\" data-scroll=\"false\" data-scroll-offset=\"0\"><h3 id=\"at-204475\" class=\"c-accordion__title js-accordion-controller\" role=\"button\">\u00dczleti titok v\u00e9delem \u00e9s \u00fczleti titok licenszel\u00e9s<\/h3><div id=\"ac-204475\" class=\"c-accordion__content\">\n<p>Az \u00fczleti tikok fontos szellemi tulajdonjogok a mindennapi \u00fczleti \u00e9letben, valamint a technol\u00f3gia transzfer meg\u00e1llapod\u00e1sok sot\u00e1n.<\/p>\n\n\n\n<p>A TRIPS Egyezm\u00e9ny szerint: <em>A term\u00e9szetes \u00e9s jogi szem\u00e9lyeknek lehet\u0151s\u00e9g\u00fck van megakad\u00e1lyozni, hogy az ir\u00e1ny\u00edt\u00e1suk alatt jogszer\u0171en tart\u00f3zkod\u00f3 inform\u00e1ci\u00f3kat m\u00e1sok beleegyez\u00e9se n\u00e9lk\u00fcl nyilv\u00e1noss\u00e1gra hozz\u00e1k, megszerezz\u00e9k vagy m\u00e1sok felhaszn\u00e1lhass\u00e1k a becs\u00fcletes kereskedelmi gyakorlattal ellent\u00e9tes m\u00f3don, amennyiben ezek az inform\u00e1ci\u00f3k:<\/em><\/p>\n\n\n\n<p><em>a) titkos abban az \u00e9rtelemben, hogy testk\u00e9nt vagy alkatr\u00e9szeinek pontos konfigur\u00e1ci\u00f3j\u00e1ban \u00e9s \u00f6ssze\u00e1ll\u00edt\u00e1s\u00e1ban nem \u00e1ltal\u00e1nosan ismert, vagy a sz\u00f3ban forg\u00f3 inform\u00e1ci\u00f3val \u00e1ltal\u00e1ban foglalkoz\u00f3 k\u00f6r\u00f6kben k\u00f6nnyen hozz\u00e1f\u00e9rhet\u0151;<\/em><\/p>\n\n\n\n<p><em>b) kereskedelmi \u00e9rt\u00e9ke van, mivel titkos; \u00e9s<\/em><\/p>\n\n\n\n<p><em>c) az inform\u00e1ci\u00f3kat t\u00f6rv\u00e9nyesen ellen\u0151rz\u00e9se alatt tart\u00f3 szem\u00e9ly \u00e9sszer\u0171 int\u00e9zked\u00e9seket tett az inform\u00e1ci\u00f3k titokban tart\u00e1sa it\u00e1nt<\/em><\/p>\n<\/div><\/div>\n\n\n\n<div class=\"wp-block-pb-accordion-item c-accordion__item js-accordion-item no-js\" data-initially-open=\"false\" data-click-to-close=\"true\" data-auto-close=\"false\" data-scroll=\"false\" data-scroll-offset=\"0\"><h3 id=\"at-204476\" class=\"c-accordion__title js-accordion-controller\" role=\"button\">N\u00f6v\u00e9nyfajta-oltalom \u00e9s f\u00f6ldrajzi \u00e1rujelz\u0151k<\/h3><div id=\"ac-204476\" class=\"c-accordion__content\">\n<p>Ezek a jogok a mez\u0151gazdas\u00e1gi sz\u00e1m\u00e1ra a legfontosabbak.<\/p>\n\n\n\n<p>B\u00e1rmely mag\u00e1nszem\u00e9ly, jogi szem\u00e9ly vagy t\u00e1rsas\u00e1g szerezhet f\u00f6ldrajzi jelz\u00e9sre vonatkoz\u00f3 oltalmat Magyarorsz\u00e1gon, ha a f\u00f6ldrajzi jelz\u00e9ssel azonos\u00edtott term\u00e9ket gy\u00e1rt, dolgoz fel az adott f\u00f6ldrajzi ter\u00fcleten. Aki az adott r\u00e9gi\u00f3ban gy\u00e1rtja a term\u00e9ket, megszerezheti a magyar f\u00f6ldrajzi \u00e1rujelz\u0151 haszn\u00e1lat\u00e1nak jog\u00e1t.<\/p>\n\n\n\n<p>A n\u00f6v\u00e9nyfajta-oltalom jogi v\u00e9delmet ny\u00fajt a tov\u00e1bbfejlesztett n\u00f6v\u00e9nyfajt\u00e1k &#8211; hibridek, kl\u00f3nok stb. sz\u00e1m\u00e1ra. A magyar n\u00f6v\u00e9nyfajta-oltalom tulajdonos\u00e1nak kiz\u00e1r\u00f3lagos jogai vannak a n\u00f6v\u00e9nyfajta felhaszn\u00e1l\u00e1s\u00e1ra vagy enged\u00e9lyez\u00e9s\u00e9re.<\/p>\n<\/div><\/div>\n\n<\/div><\/div><\/div>\n<\/div>\n<\/div><\/div>\n\n<div class=\"gb-container gb-container-2a545a7e\"><div class=\"gb-inside-container\">\n\n<h2 class=\"has-text-align-center wp-block-heading\">Szellemi tulajdonjog &#8211; IP &#8211; GYIK<\/h2>\n\n\n\n<p><\/p>\n\n\n\n<div class=\"schema-faq wp-block-yoast-faq-block\"><div class=\"schema-faq-section\" id=\"faq-question-1603882028301\"><strong class=\"schema-faq-question\">Mi az a tan\u00fas\u00edt\u00f3 v\u00e9djegy?<\/strong> <p class=\"schema-faq-answer\">A tan\u00fas\u00edt\u00f3 v\u00e9djegy azt jelenti, hogy a v\u00e9djeggyel ell\u00e1tott \u00e1ruk \/ szolg\u00e1ltat\u00e1sok bizonyos k\u00f6z\u00f6s jellemz\u0151kkel rendelkeznek, amelyeket egy f\u00fcggetlen test\u00fclet tan\u00fas\u00edtott. Csak az a term\u00e9szetes vagy jogi szem\u00e9ly lehet a tan\u00fas\u00edt\u00f3 v\u00e9djegy tulajdonosa, aki \/ amely nem az \u00e1ruk gy\u00e1rt\u00f3ja \/ forgalmaz\u00f3ja. A term\u00e9k tan\u00fas\u00edtott tulajdons\u00e1gait, a v\u00e9djegy haszn\u00e1lat\u00e1nak felt\u00e9teleit, valamint a tesztel\u00e9si \u00e9s ellen\u0151rz\u00e9si k\u00e9rd\u00e9seket a tan\u00fas\u00edt\u00f3 v\u00e9djegy haszn\u00e1lat\u00e1ra vonatkoz\u00f3 el\u0151\u00edr\u00e1sok &#8211; szab\u00e1lyzat &#8211; hat\u00e1rozz\u00e1k meg.<\/p> <\/div> <div class=\"schema-faq-section\" id=\"faq-question-1603886699489\"><strong class=\"schema-faq-question\">Hogyan v\u00e9dhetek le egy log\u00f3t? Bejelenthetek egy v\u00e9djegyet vagy egy formatervez\u00e9si mint\u00e1t, hogy lev\u00e9djek egy log\u00f3t?<\/strong> <p class=\"schema-faq-answer\">A log\u00f3 egyszerre v\u00e9dhet\u0151 v\u00e9djegyk\u00e9nt \u00e9s bejegyzett formatervez\u00e9si mintak\u00e9nt is. Ha k\u00e9ts\u00e9gei vannak afel\u0151l, hogy milyen jogi strat\u00e9gia alkalmas a log\u00f3 legjobb v\u00e9delm\u00e9re, konzult\u00e1ljon a v\u00e9djegyjog \u00e9s a formatervez\u00e9si jog ter\u00e9n j\u00e1rtas IP-\u00fcgyv\u00e9ddel.<\/p> <\/div> <div class=\"schema-faq-section\" id=\"faq-question-1603886959813\"><strong class=\"schema-faq-question\">Mi a szellemi tulajdon?<\/strong> <p class=\"schema-faq-answer\">A szellemi tulajdon (IP) az elme alkot\u00e1saira utal, p\u00e9ld\u00e1ul tal\u00e1lm\u00e1nyokra; irodalmi \u00e9s m\u0171v\u00e9szeti alkot\u00e1sokra; designra; valamint a kereskedelemben haszn\u00e1lt szimb\u00f3lumokra, brandekre \u00e9s k\u00e9pekre. Az IP jogi v\u00e9delem alatt \u00e1llhat, p\u00e9ld\u00e1ul szabadalmak, szerz\u0151i jogi \u00e9s v\u00e9djegyek stb.<\/p> <\/div> <div class=\"schema-faq-section\" id=\"faq-question-1603887661831\"><strong class=\"schema-faq-question\">A tulajdonomban lesz-e az \u00e1ltalam l\u00e9trehozott szellemi tulajdon?<\/strong> <p class=\"schema-faq-answer\">Nem felt\u00e9tlen\u00fcl. A szellemi tulajdon alkot\u00f3ja \u00e1ltal\u00e1ban a szerz\u0151i jogokkal rendelkezik, m\u00edg m\u00e1s jogokat el\u0151bb regisztr\u00e1lni, lajstromozni kell. Vannak bizonyos kiv\u00e9telek is &#8211; pl. ha az IP egy adott megb\u00edz\u00e1s alatt j\u00f6n l\u00e9tre, akkor \u00e1ltal\u00e1ban a megb\u00edz\u00f3 rendelkezik a szellemi tulajdonjoggal.<\/p> <\/div> <\/div>\n\n<\/div><\/div>","protected":false},"excerpt":{"rendered":"<p>Szellemi tulajdonjog &#8211; IP &#8211; GYIK<\/p>\n","protected":false},"author":2,"featured_media":0,"parent":0,"menu_order":0,"comment_status":"closed","ping_status":"closed","template":"","meta":{"footnotes":""},"class_list":["post-20447","page","type-page","status-publish"],"aioseo_notices":[],"_links":{"self":[{"href":"https:\/\/sulelaw.com\/hu\/wp-json\/wp\/v2\/pages\/20447","targetHints":{"allow":["GET"]}}],"collection":[{"href":"https:\/\/sulelaw.com\/hu\/wp-json\/wp\/v2\/pages"}],"about":[{"href":"https:\/\/sulelaw.com\/hu\/wp-json\/wp\/v2\/types\/page"}],"author":[{"embeddable":true,"href":"https:\/\/sulelaw.com\/hu\/wp-json\/wp\/v2\/users\/2"}],"replies":[{"embeddable":true,"href":"https:\/\/sulelaw.com\/hu\/wp-json\/wp\/v2\/comments?post=20447"}],"version-history":[{"count":21,"href":"https:\/\/sulelaw.com\/hu\/wp-json\/wp\/v2\/pages\/20447\/revisions"}],"predecessor-version":[{"id":23951,"href":"https:\/\/sulelaw.com\/hu\/wp-json\/wp\/v2\/pages\/20447\/revisions\/23951"}],"wp:attachment":[{"href":"https:\/\/sulelaw.com\/hu\/wp-json\/wp\/v2\/media?parent=20447"}],"curies":[{"name":"wp","href":"https:\/\/api.w.org\/{rel}","templated":true}]}}