{"id":19975,"date":"2020-10-25T15:06:47","date_gmt":"2020-10-25T15:06:47","guid":{"rendered":"https:\/\/va87zabukmi.preview.infomaniak.website\/?page_id=19975"},"modified":"2022-10-21T09:40:16","modified_gmt":"2022-10-21T09:40:16","slug":"ugyvedi-iroda","status":"publish","type":"page","link":"https:\/\/sulelaw.com\/hu\/","title":{"rendered":"Kezd\u0151lap"},"content":{"rendered":"\n<div class=\"wp-block-group has-cyan-bluish-gray-color has-white-background-color has-text-color has-background\"><div class=\"wp-block-group__inner-container is-layout-flow wp-block-group-is-layout-flow\"><div class=\"gb-container gb-container-3449d892 alignfull\"><div class=\"gb-inside-container\">\n\n<div class=\"wp-block-group alignfull\"><div class=\"wp-block-group__inner-container is-layout-flow wp-block-group-is-layout-flow\">\n<figure class=\"wp-block-image alignfull size-full is-style-default\"><img loading=\"lazy\" decoding=\"async\" width=\"2200\" height=\"1238\" src=\"https:\/\/sulelaw.com\/wp-content\/uploads\/2020\/09\/akos_sule_portrait_2200.jpg\" alt=\"sule law firm\" class=\"wp-image-18943\" srcset=\"https:\/\/sulelaw.com\/wp-content\/uploads\/2020\/09\/akos_sule_portrait_2200.jpg 2200w, https:\/\/sulelaw.com\/wp-content\/uploads\/2020\/09\/akos_sule_portrait_2200-300x169.jpg 300w, https:\/\/sulelaw.com\/wp-content\/uploads\/2020\/09\/akos_sule_portrait_2200-1024x576.jpg 1024w, https:\/\/sulelaw.com\/wp-content\/uploads\/2020\/09\/akos_sule_portrait_2200-768x432.jpg 768w, https:\/\/sulelaw.com\/wp-content\/uploads\/2020\/09\/akos_sule_portrait_2200-1536x864.jpg 1536w, https:\/\/sulelaw.com\/wp-content\/uploads\/2020\/09\/akos_sule_portrait_2200-2048x1152.jpg 2048w\" sizes=\"auto, (max-width: 2200px) 100vw, 2200px\" \/><\/figure>\n<\/div><\/div>\n\n<\/div><\/div>\n\n\n<p><\/p>\n<\/div><\/div>\n\n\n<div class=\"gb-container gb-container-cb424f49\"><div class=\"gb-inside-container\">\n<div class=\"gb-grid-wrapper gb-grid-wrapper-193b3041\">\n<div class=\"gb-grid-column gb-grid-column-5916b5d3\"><div class=\"gb-container gb-container-5916b5d3\"><div class=\"gb-inside-container\">\n\n<h2 class=\"gb-headline gb-headline-1175e36b gb-headline-text\">BEMUTATKOZ\u00c1S<\/h2>\n\n\n\n<h2 class=\"gb-headline gb-headline-1fd53d29 gb-headline-text\">Az \u00fcgyv\u00e9di iroda szakter\u00fcletei az eur\u00f3pai szellemi tulajdon, az adatv\u00e9delem, az informatikai &#8211; internet jog, a rekl\u00e1m- \u00e9s a m\u00e9diajog<\/h2>\n\n\n<div class=\"gb-button-wrapper gb-button-wrapper-8be1ef44\">\n\n<a class=\"gb-button gb-button-059a7619 gb-button-text\" href=\"https:\/\/sulelaw.com\/hu\/az-ugyvedi-iroda\/\">TOV\u00c1BB<\/a>\n\n<\/div>\n<\/div><\/div><\/div>\n\n<div class=\"gb-grid-column gb-grid-column-a8352ff1\"><div class=\"gb-container gb-container-a8352ff1\"><div class=\"gb-inside-container\">\n\n<h2 class=\"gb-headline gb-headline-36240a01 gb-headline-text\">IROD\u00c1INK<\/h2>\n\n\n\n<h2 class=\"gb-headline gb-headline-66aa2ac6 gb-headline-text\">S\u00fcle \u00c1kos <strong>d\u00edjnyertes \u00fcgyv\u00e9di irod\u00e1i<\/strong> Magyarorsz\u00e1gon, <a href=\"\/hu\/locations\/ugyved-magyarorszag-budapest\/\">Budapesten<\/a> \u00e9s <a href=\"\/hu\/locations\/ugyved-nemetorszag-berlin\/\">Berlinben, N\u00e9metorsz\u00e1gban<\/a> tal\u00e1lhat\u00f3ak<\/h2>\n\n\n<div class=\"gb-button-wrapper gb-button-wrapper-15cb9f4a\">\n\n<a class=\"gb-button gb-button-2d834708 gb-button-text\" href=\"https:\/\/sulelaw.com\/hu\/az-ugyvedi-iroda\/#awards-rankings\">D\u00cdJAK \u00c9S ELISMER\u00c9SEK<\/a>\n\n<\/div>\n<\/div><\/div><\/div>\n<\/div>\n<\/div><\/div>\n\n<div class=\"gb-container gb-container-ae4ea3f2\"><div class=\"gb-inside-container\">\n<div class=\"gb-container gb-container-9c513c63\"><div class=\"gb-inside-container\">\n<div class=\"gb-grid-wrapper gb-grid-wrapper-e6cbb27f\">\n<div class=\"gb-grid-column gb-grid-column-c9390516\"><div class=\"gb-container gb-container-c9390516\"><div class=\"gb-inside-container\">\n<div class=\"gb-button-wrapper gb-button-wrapper-bcf80602\">\n\n<span class=\"gb-button gb-button-ee82dc49\"><span class=\"gb-icon\"><svg aria-hidden=\"true\" height=\"1em\" width=\"1em\" viewBox=\"0 0 384 512\" xmlns=\"http:\/\/www.w3.org\/2000\/svg\"><path fill=\"currentColor\" d=\"M97.12 362.63c-8.69-8.69-4.16-6.24-25.12-11.85-9.51-2.55-17.87-7.45-25.43-13.32L1.2 448.7c-4.39 10.77 3.81 22.47 15.43 22.03l52.69-2.01L105.56 507c8 8.44 22.04 5.81 26.43-4.96l52.05-127.62c-10.84 6.04-22.87 9.58-35.31 9.58-19.5 0-37.82-7.59-51.61-21.37zM382.8 448.7l-45.37-111.24c-7.56 5.88-15.92 10.77-25.43 13.32-21.07 5.64-16.45 3.18-25.12 11.85-13.79 13.78-32.12 21.37-51.62 21.37-12.44 0-24.47-3.55-35.31-9.58L252 502.04c4.39 10.77 18.44 13.4 26.43 4.96l36.25-38.28 52.69 2.01c11.62.44 19.82-11.27 15.43-22.03zM263 340c15.28-15.55 17.03-14.21 38.79-20.14 13.89-3.79 24.75-14.84 28.47-28.98 7.48-28.4 5.54-24.97 25.95-45.75 10.17-10.35 14.14-25.44 10.42-39.58-7.47-28.38-7.48-24.42 0-52.83 3.72-14.14-.25-29.23-10.42-39.58-20.41-20.78-18.47-17.36-25.95-45.75-3.72-14.14-14.58-25.19-28.47-28.98-27.88-7.61-24.52-5.62-44.95-26.41-10.17-10.35-25-14.4-38.89-10.61-27.87 7.6-23.98 7.61-51.9 0-13.89-3.79-28.72.25-38.89 10.61-20.41 20.78-17.05 18.8-44.94 26.41-13.89 3.79-24.75 14.84-28.47 28.98-7.47 28.39-5.54 24.97-25.95 45.75-10.17 10.35-14.15 25.44-10.42 39.58 7.47 28.36 7.48 24.4 0 52.82-3.72 14.14.25 29.23 10.42 39.59 20.41 20.78 18.47 17.35 25.95 45.75 3.72 14.14 14.58 25.19 28.47 28.98C104.6 325.96 106.27 325 121 340c13.23 13.47 33.84 15.88 49.74 5.82a39.676 39.676 0 0 1 42.53 0c15.89 10.06 36.5 7.65 49.73-5.82zM97.66 175.96c0-53.03 42.24-96.02 94.34-96.02s94.34 42.99 94.34 96.02-42.24 96.02-94.34 96.02-94.34-42.99-94.34-96.02z\"><\/path><\/svg><\/span><\/span>\n\n<\/div>\n\n\n<h4 class=\"gb-headline gb-headline-642c33e1 gb-headline-text\"><strong>Szellemi tulajdonjog<\/strong><\/h4>\n\n\n\n<p class=\"has-text-align-center\">A szellemi tulajdonjog \u00e9s iparjogv\u00e9delem sz\u00e9les k\u00f6r\u00e9t fedj\u00fck le az Eur\u00f3pai Uni\u00f3ban, bele\u00e9rtve az IP-portf\u00f3li\u00f3 kezel\u00e9st, a magyar v\u00e9djegyeket \u00e9s a szabadalmi pereket. Az <strong>\u00fcgyv\u00e9di iroda<\/strong> \u00e9s megb\u00edzott <strong>szabadalmi \u00fcgyviv\u0151i<\/strong> Eur\u00f3pa jelent\u0151s r\u00e9sz\u00e9t lefedik munk\u00e1jukkal. \u00a0<\/p>\n\n\n<div class=\"gb-button-wrapper gb-button-wrapper-e01bfac7\">\n\n<a class=\"gb-button gb-button-ad13c0d6\" href=\"https:\/\/sulelaw.com\/hu\/szellemi-tulajdonjog-ip-ugyvedi-iroda-ugyved\/\"><span class=\"gb-button-text\"><strong>B\u0150VEBBEN<\/strong><\/span><span class=\"gb-icon\"><svg aria-hidden=\"true\" height=\"1em\" width=\"1em\" viewBox=\"0 0 256 512\" xmlns=\"http:\/\/www.w3.org\/2000\/svg\"><path fill=\"currentColor\" d=\"M224.3 273l-136 136c-9.4 9.4-24.6 9.4-33.9 0l-22.6-22.6c-9.4-9.4-9.4-24.6 0-33.9l96.4-96.4-96.4-96.4c-9.4-9.4-9.4-24.6 0-33.9L54.3 103c9.4-9.4 24.6-9.4 33.9 0l136 136c9.5 9.4 9.5 24.6.1 34z\"><\/path><\/svg><\/span><\/a>\n\n<\/div>\n<\/div><\/div><\/div>\n\n<div class=\"gb-grid-column gb-grid-column-d2986319\"><div class=\"gb-container gb-container-d2986319\"><div class=\"gb-inside-container\">\n<div class=\"gb-button-wrapper gb-button-wrapper-84e05fb0\">\n\n<span class=\"gb-button gb-button-564b740f\"><span class=\"gb-icon\"><svg xmlns=\"http:\/\/www.w3.org\/2000\/svg\" viewBox=\"0 0 512 512\" width=\"1em\" height=\"1em\" aria-hidden=\"true\"><path d=\"M466.5 83.7l-192-80a48.15 48.15 0 0 0-36.9 0l-192 80C27.7 91.1 16 108.6 16 128c0 198.5 114.5 335.7 221.5 380.3 11.8 4.9 25.1 4.9 36.9 0C360.1 472.6 496 349.3 496 128c0-19.4-11.7-36.9-29.5-44.3zM256.1 446.3l-.1-381 175.9 73.3c-3.3 151.4-82.1 261.1-175.8 307.7z\" fill=\"currentColor\"><\/path><\/svg><\/span><\/span>\n\n<\/div>\n\n\n<h4 class=\"gb-headline gb-headline-c5f310ec gb-headline-text\"><strong><strong>Adatv\u00e9delem<\/strong><\/strong><\/h4>\n\n\n\n<p class=\"has-text-align-center\">Folyamatosan k\u00f6vetj\u00fck az \u00faj adatv\u00e9delmi eseteket Magyarorsz\u00e1gon, N\u00e9metorsz\u00e1gban \u00e9s az EU-ban. Ennek megfelel\u0151en az adatv\u00e9delmi hat\u00f3s\u00e1gok, b\u00edr\u00f3s\u00e1gok d\u00f6nt\u00e9seire \u00e9s inform\u00e1ci\u00f3ira is figyel\u00fcnk, \u00e9s k\u00f6vetj\u00fck a t\u00f6rv\u00e9nyhoz\u00e1st.&nbsp;<\/p>\n\n\n<div class=\"gb-button-wrapper gb-button-wrapper-cf58fec8\">\n\n<a class=\"gb-button gb-button-f4bd105a\" href=\"https:\/\/sulelaw.com\/hu\/jogi-szolgaltatas\/adatvedelem-gdpr-adatvedelmi-ugyved-jogasz-belso-adatvedelmi-felelos-szakerto-adatvedelmi-incidens\/\"><span class=\"gb-button-text\"><strong>B\u0150VEBBEN<\/strong><\/span><span class=\"gb-icon\"><svg aria-hidden=\"true\" height=\"1em\" width=\"1em\" viewBox=\"0 0 256 512\" xmlns=\"http:\/\/www.w3.org\/2000\/svg\"><path fill=\"currentColor\" d=\"M224.3 273l-136 136c-9.4 9.4-24.6 9.4-33.9 0l-22.6-22.6c-9.4-9.4-9.4-24.6 0-33.9l96.4-96.4-96.4-96.4c-9.4-9.4-9.4-24.6 0-33.9L54.3 103c9.4-9.4 24.6-9.4 33.9 0l136 136c9.5 9.4 9.5 24.6.1 34z\"><\/path><\/svg><\/span><\/a>\n\n<\/div>\n<\/div><\/div><\/div>\n\n<div class=\"gb-grid-column gb-grid-column-f968778f\"><div class=\"gb-container gb-container-f968778f\"><div class=\"gb-inside-container\">\n<div class=\"gb-button-wrapper gb-button-wrapper-c82a7ecc\">\n\n<span class=\"gb-button gb-button-01c0eb16\"><span class=\"gb-icon\"><svg aria-hidden=\"true\" height=\"1em\" width=\"1em\" viewBox=\"0 0 576 512\" xmlns=\"http:\/\/www.w3.org\/2000\/svg\"><path fill=\"currentColor\" d=\"M576 240c0-23.63-12.95-44.04-32-55.12V32.01C544 23.26 537.02 0 512 0c-7.12 0-14.19 2.38-19.98 7.02l-85.03 68.03C364.28 109.19 310.66 128 256 128H64c-35.35 0-64 28.65-64 64v96c0 35.35 28.65 64 64 64h33.7c-1.39 10.48-2.18 21.14-2.18 32 0 39.77 9.26 77.35 25.56 110.94 5.19 10.69 16.52 17.06 28.4 17.06h74.28c26.05 0 41.69-29.84 25.9-50.56-16.4-21.52-26.15-48.36-26.15-77.44 0-11.11 1.62-21.79 4.41-32H256c54.66 0 108.28 18.81 150.98 52.95l85.03 68.03a32.023 32.023 0 0 0 19.98 7.02c24.92 0 32-22.78 32-32V295.13C563.05 284.04 576 263.63 576 240zm-96 141.42l-33.05-26.44C392.95 311.78 325.12 288 256 288v-96c69.12 0 136.95-23.78 190.95-66.98L480 98.58v282.84z\"><\/path><\/svg><\/span><\/span>\n\n<\/div>\n\n\n<h4 class=\"gb-headline gb-headline-5825e68b gb-headline-text\"><strong>Rekl\u00e1mjog<\/strong><\/h4>\n\n\n\n<p class=\"has-text-align-center\">A<strong> m\u00e9dia-, <\/strong>az<strong> internet- <\/strong>\u00e9s a<strong> rekl\u00e1mjog<\/strong> \u00f6sszetett ter\u00fcletek Magyarorsz\u00e1gon. \u00d6sszefoglalva: nem csup\u00e1n \u00f6sszetettek, hanem rendk\u00edv\u00fcl sokoldal\u00faak is, az \u00fcgyf\u00e9l ipar\u00e1g\u00e1nak megfelel\u0151en. Ezt szem el\u0151tt tartva rendszerint szisztematikus \u00f6nellen\u0151rz\u00e9st kell v\u00e9gezni, amikor megoldunk egy-egy <strong>m\u00e9diajogi <\/strong>vagy<strong> internet jogi <\/strong>esetet.<\/p>\n\n\n<div class=\"gb-button-wrapper gb-button-wrapper-8402e8b2\">\n\n<a class=\"gb-button gb-button-dc6139ab\" href=\"https:\/\/sulelaw.com\/hu\/jogi-szolgaltatas\/reklamjog-marketing-jog-ugyved\/\"><span class=\"gb-button-text\"><strong>B\u0150VEBBEN<\/strong><\/span><span class=\"gb-icon\"><svg aria-hidden=\"true\" height=\"1em\" width=\"1em\" viewBox=\"0 0 256 512\" xmlns=\"http:\/\/www.w3.org\/2000\/svg\"><path fill=\"currentColor\" d=\"M224.3 273l-136 136c-9.4 9.4-24.6 9.4-33.9 0l-22.6-22.6c-9.4-9.4-9.4-24.6 0-33.9l96.4-96.4-96.4-96.4c-9.4-9.4-9.4-24.6 0-33.9L54.3 103c9.4-9.4 24.6-9.4 33.9 0l136 136c9.5 9.4 9.5 24.6.1 34z\"><\/path><\/svg><\/span><\/a>\n\n<\/div>\n<\/div><\/div><\/div>\n<\/div>\n<\/div><\/div>\n\n<div class=\"gb-container gb-container-3e61ee03\"><div class=\"gb-inside-container\">\n\n<p>A S\u00fcle \u00dcgyv\u00e9di Iroda nemzetk\u00f6zileg elismert, d\u00edjnyertes szellemi tulajdoni \u00fcgyv\u00e9di iroda (l\u00e1sd a d\u00edjainkr\u00f3l sz\u00f3l\u00f3 oldalt). Jogi tan\u00e1csunkat \u00fcgyfeleink proakt\u00edvnak \u00e9s nagyon gyorsan tartj\u00e1k. A S\u00fcle \u00dcgyv\u00e9di Iroda alapvet\u0151 \u00e9rt\u00e9kei a nemzetk\u00f6zi megk\u00f6zel\u00edt\u00e9s \u00e9s a v\u00e1llalkoz\u00f3i szellem. Nagy hangs\u00falyt fektet\u00fcnk arra, hogy meg\u00e9rts\u00fck \u00fcgyfeleink sz\u00e1nd\u00e9kait, hogy hathat\u00f3s jogi sz\u00f3sz\u00f3l\u00f3jukk\u00e1 v\u00e1lhassunk. C\u00e9lunk, hogy k\u00f6lts\u00e9ghat\u00e9kony m\u00f3don \u00e1tfog\u00f3 jogi szolg\u00e1ltat\u00e1sokat ny\u00fajtsunk \u00fcgyfeleink ig\u00e9nyeihez igaz\u00edtva. Mindazon\u00e1ltal, a folyamatos technol\u00f3giai \u00faj\u00edt\u00e1sokt\u00f3l hajtva, arra t\u00f6reksz\u00fcnk, hogy mindig friss jogi szolg\u00e1ltat\u00e1sokat ny\u00fajtsunk. Eur\u00f3pai \u00fcgyv\u00e9djeink \u00e9s eur\u00f3pai jogi k\u00e9pvisel\u0151ink elismertek a szakter\u00fclet\u00fck\u00f6n. Budapesti IP \u00fcgyv\u00e9di irod\u00e1nk mellett van egy irod\u00e1nk Berlinben, N\u00e9metorsz\u00e1gban is. Ebb\u0151l kifoly\u00f3lag val\u00f3ban nemzetk\u00f6zi \u00fcgyv\u00e9di iroda vagyunk, akik \u00f6r\u00f6mmel k\u00e9pviseln\u00e9nk \u00d6nt a magyar, a n\u00e9met \u00e9s az Eur\u00f3pai Uni\u00f3 b\u00edr\u00f3s\u00e1gai \u00e9s hivatalai el\u0151tt.<\/p>\n\n<\/div><\/div>\n\n<div class=\"gb-grid-wrapper gb-grid-wrapper-ffc9d8c6\">\n<div class=\"gb-grid-column gb-grid-column-4e6c559a\"><div class=\"gb-container gb-container-4e6c559a\"><div class=\"gb-inside-container\">\n<div class=\"gb-button-wrapper gb-button-wrapper-224a4557\">\n\n<span class=\"gb-button gb-button-bafe8963\"><span class=\"gb-icon\"><svg aria-hidden=\"true\" height=\"1em\" width=\"1em\" viewBox=\"0 0 512 512\" xmlns=\"http:\/\/www.w3.org\/2000\/svg\"><path fill=\"currentColor\" d=\"M466.5 83.7l-192-80a48.15 48.15 0 0 0-36.9 0l-192 80C27.7 91.1 16 108.6 16 128c0 198.5 114.5 335.7 221.5 380.3 11.8 4.9 25.1 4.9 36.9 0C360.1 472.6 496 349.3 496 128c0-19.4-11.7-36.9-29.5-44.3zM256.1 446.3l-.1-381 175.9 73.3c-3.3 151.4-82.1 261.1-175.8 307.7z\"><\/path><\/svg><\/span><\/span>\n\n<\/div>\n\n\n<h4 class=\"gb-headline gb-headline-596c85cc gb-headline-text\">Iparjogv\u00e9delem<\/h4>\n\n\n\n<p class=\"has-text-align-center\">Seg\u00edt\u00fcnk megtal\u00e1lni az \u00d6n \u00e9s v\u00e1llalkoz\u00e1sa sz\u00e1m\u00e1ra legmegfelel\u0151bb szellemi tulajdonjogi v\u00e9delmet. Haszn\u00e1lja ki nemzetk\u00f6zi megk\u00f6zel\u00edt\u00e9s\u00fcnket, \u00e9s tervezz\u00fck meg, hogy hol \u00e9rdemes legink\u00e1bb oltalmat szereznie!<\/p>\n\n\n<div class=\"gb-button-wrapper gb-button-wrapper-97f266c5\">\n\n<a class=\"gb-button gb-button-40227c9b\" href=\"https:\/\/sulelaw.com\/hu\/szellemi-tulajdonjog-ip-ugyvedi-iroda-ugyved\/\"><span class=\"gb-button-text\">B\u0150VEBBEN<\/span><span class=\"gb-icon\"><svg aria-hidden=\"true\" height=\"1em\" width=\"1em\" viewBox=\"0 0 256 512\" xmlns=\"http:\/\/www.w3.org\/2000\/svg\"><path fill=\"currentColor\" d=\"M224.3 273l-136 136c-9.4 9.4-24.6 9.4-33.9 0l-22.6-22.6c-9.4-9.4-9.4-24.6 0-33.9l96.4-96.4-96.4-96.4c-9.4-9.4-9.4-24.6 0-33.9L54.3 103c9.4-9.4 24.6-9.4 33.9 0l136 136c9.5 9.4 9.5 24.6.1 34z\"><\/path><\/svg><\/span><\/a>\n\n<\/div>\n<\/div><\/div><\/div>\n\n<div class=\"gb-grid-column gb-grid-column-a122598d\"><div class=\"gb-container gb-container-a122598d\"><div class=\"gb-inside-container\">\n<div class=\"gb-button-wrapper gb-button-wrapper-f74679b1\">\n\n<span class=\"gb-button gb-button-57bf89d0\"><span class=\"gb-icon\"><svg aria-hidden=\"true\" height=\"1em\" width=\"1em\" viewBox=\"0 0 496 512\" xmlns=\"http:\/\/www.w3.org\/2000\/svg\"><path fill=\"currentColor\" d=\"M248 8C111 8 0 119 0 256s111 248 248 248 248-111 248-248S385 8 248 8zm0 96c48.6 0 88 39.4 88 88s-39.4 88-88 88-88-39.4-88-88 39.4-88 88-88zm0 344c-58.7 0-111.3-26.6-146.5-68.2 18.8-35.4 55.6-59.8 98.5-59.8 2.4 0 4.8.4 7.1 1.1 13 4.2 26.6 6.9 40.9 6.9 14.3 0 28-2.7 40.9-6.9 2.3-.7 4.7-1.1 7.1-1.1 42.9 0 79.7 24.4 98.5 59.8C359.3 421.4 306.7 448 248 448z\"><\/path><\/svg><\/span><\/span>\n\n<\/div>\n\n\n<h4 class=\"gb-headline gb-headline-e08c96f2 gb-headline-text\">Szem\u00e9lyre sz\u00f3l\u00f3 tan\u00e1csad\u00e1s<\/h4>\n\n\n\n<p class=\"has-text-align-center\">Az <strong>\u00fcgyv\u00e9di iroda<\/strong> mindent megtesz az\u00e9rt, hogy szem\u00e9lyre szabott jogi tan\u00e1csad\u00e1st ny\u00fajtson \u00d6nnek, amely megfelel mind az \u00d6n ig\u00e9nyeinek,mind k\u00f6lts\u00e9gvet\u00e9s\u00e9nek. Vil\u00e1gos, hogy egyes \u00fcgyfelek a cs\u00facsmin\u0151s\u00e9get keresik m\u00edg m\u00e1sok a legjobb \u00e1rakat \u00e9s legalacsonyabb jogi k\u00f6lts\u00e9geket prefer\u00e1lj\u00e1k.<\/p>\n\n\n<div class=\"gb-button-wrapper gb-button-wrapper-92eafd3b\">\n\n<a class=\"gb-button gb-button-5d48b18e\" href=\"https:\/\/sulelaw.com\/hu\/az-ugyvedi-iroda\/#clients\"><span class=\"gb-button-text\"><strong>B\u0150VEBBEN<\/strong><\/span><span class=\"gb-icon\"><svg aria-hidden=\"true\" height=\"1em\" width=\"1em\" viewBox=\"0 0 256 512\" xmlns=\"http:\/\/www.w3.org\/2000\/svg\"><path fill=\"currentColor\" d=\"M224.3 273l-136 136c-9.4 9.4-24.6 9.4-33.9 0l-22.6-22.6c-9.4-9.4-9.4-24.6 0-33.9l96.4-96.4-96.4-96.4c-9.4-9.4-9.4-24.6 0-33.9L54.3 103c9.4-9.4 24.6-9.4 33.9 0l136 136c9.5 9.4 9.5 24.6.1 34z\"><\/path><\/svg><\/span><\/a>\n\n<\/div>\n<\/div><\/div><\/div>\n\n<div class=\"gb-grid-column gb-grid-column-263ca9cf\"><div class=\"gb-container gb-container-263ca9cf\"><div class=\"gb-inside-container\">\n<div class=\"gb-button-wrapper gb-button-wrapper-83bac232\">\n\n<span class=\"gb-button gb-button-5ace8efc\"><span class=\"gb-icon\"><svg aria-hidden=\"true\" height=\"1em\" width=\"1em\" viewBox=\"0 0 512 512\" xmlns=\"http:\/\/www.w3.org\/2000\/svg\"><path fill=\"currentColor\" d=\"M256 8C119 8 8 119 8 256s111 248 248 248 248-111 248-248S393 8 256 8zm144 276c0 6.6-5.4 12-12 12h-92v92c0 6.6-5.4 12-12 12h-56c-6.6 0-12-5.4-12-12v-92h-92c-6.6 0-12-5.4-12-12v-56c0-6.6 5.4-12 12-12h92v-92c0-6.6 5.4-12 12-12h56c6.6 0 12 5.4 12 12v92h92c6.6 0 12 5.4 12 12v56z\"><\/path><\/svg><\/span><\/span>\n\n<\/div>\n\n\n<h4 class=\"gb-headline gb-headline-dd14c738 gb-headline-text\">Jogi seg\u00edts\u00e9gny\u00fajt\u00e1s<\/h4>\n\n\n\n<p class=\"has-text-align-center\">A mindennapi \u00fczleti tev\u00e9kenys\u00e9g\u00fcnk mellett <strong>pro bono jogi seg\u00edts\u00e9gny\u00fajt\u00e1st <\/strong>k\u00edn\u00e1lunk olyan v\u00e1logatott \u00fcgyfeleknek, akiknek ingyenes<strong> jogi szolg\u00e1ltat\u00e1sokra<\/strong> van sz\u00fcks\u00e9g\u00fck, \u00e9s erre r\u00e1szorulnak. Az <strong>\u00fcgyv\u00e9di iroda<\/strong> egy nemzetk\u00f6zi szellemi tulajdonjogi pro bono program r\u00e9sztvev\u0151je is volt.<\/p>\n\n\n<div class=\"gb-button-wrapper gb-button-wrapper-acb202df\">\n\n<a class=\"gb-button gb-button-6faae6b3\" href=\"https:\/\/sulelaw.com\/hu\/kapcsolat\/\"><span class=\"gb-button-text\"><strong>B\u0150VEBBEN<\/strong><\/span><span class=\"gb-icon\"><svg aria-hidden=\"true\" height=\"1em\" width=\"1em\" viewBox=\"0 0 256 512\" xmlns=\"http:\/\/www.w3.org\/2000\/svg\"><path fill=\"currentColor\" d=\"M224.3 273l-136 136c-9.4 9.4-24.6 9.4-33.9 0l-22.6-22.6c-9.4-9.4-9.4-24.6 0-33.9l96.4-96.4-96.4-96.4c-9.4-9.4-9.4-24.6 0-33.9L54.3 103c9.4-9.4 24.6-9.4 33.9 0l136 136c9.5 9.4 9.5 24.6.1 34z\"><\/path><\/svg><\/span><\/a>\n\n<\/div>\n<\/div><\/div><\/div>\n<\/div>\n\n\n<p><\/p>\n\n<\/div><\/div>\n\n<div class=\"gb-container gb-container-a736f73e\"><div class=\"gb-inside-container\">\n<div class=\"gb-grid-wrapper gb-grid-wrapper-ae2d7b09\">\n<div class=\"gb-grid-column gb-grid-column-592f0d35\"><div class=\"gb-container gb-container-592f0d35\"><div class=\"gb-inside-container\">\n\n<h3 class=\"gb-headline gb-headline-d01b9af6 gb-headline-text\">Konzult\u00e1ci\u00f3ra van sz\u00fcks\u00e9ge, vagy \u00e1raj\u00e1nlatot szeretne kapni?<\/h3>\n\n<\/div><\/div><\/div>\n\n<div class=\"gb-grid-column gb-grid-column-04ace014\"><div class=\"gb-container gb-container-04ace014\"><div class=\"gb-inside-container\">\n<div class=\"gb-button-wrapper gb-button-wrapper-f9bb0ed4\">\n\n<a class=\"gb-button gb-button-3852d762\" href=\"mailto:info@sulelaw.com\" target=\"_blank\" rel=\"noopener noreferrer\"><span class=\"gb-button-text\">EMAIL<\/span><span class=\"gb-icon\"><svg xmlns=\"http:\/\/www.w3.org\/2000\/svg\" viewBox=\"0 0 512 512\" width=\"1em\" height=\"1em\" aria-hidden=\"true\"><path d=\"M440 6.5L24 246.4c-34.4 19.9-31.1 70.8 5.7 85.9L144 379.6V464c0 46.4 59.2 65.5 86.6 28.6l43.8-59.1 111.9 46.2c5.9 2.4 12.1 3.6 18.3 3.6 8.2 0 16.3-2.1 23.6-6.2 12.8-7.2 21.6-20 23.9-34.5l59.4-387.2c6.1-40.1-36.9-68.8-71.5-48.9zM192 464v-64.6l36.6 15.1L192 464zm212.6-28.7l-153.8-63.5L391 169.5c10.7-15.5-9.5-33.5-23.7-21.2L155.8 332.6 48 288 464 48l-59.4 387.3z\" fill=\"currentColor\"><\/path><\/svg><\/span><\/a>\n\n<\/div>\n<\/div><\/div><\/div>\n<\/div>\n<\/div><\/div>\n\n<div class=\"gb-container gb-container-f9eb2278\"><div class=\"gb-inside-container\"><\/div><\/div>","protected":false},"excerpt":{"rendered":"<p>A S\u00fcle \u00dcgyv\u00e9di Iroda nemzetk\u00f6zileg elismert, d\u00edjnyertes szellemi tulajdoni \u00fcgyv\u00e9di iroda (l\u00e1sd a d\u00edjainkr\u00f3l sz\u00f3l\u00f3 oldalt). Jogi tan\u00e1csunkat \u00fcgyfeleink proakt\u00edvnak \u00e9s nagyon gyorsan tartj\u00e1k. A S\u00fcle \u00dcgyv\u00e9di Iroda alapvet\u0151 \u00e9rt\u00e9kei a nemzetk\u00f6zi megk\u00f6zel\u00edt\u00e9s \u00e9s a v\u00e1llalkoz\u00f3i szellem. Nagy hangs\u00falyt fektet\u00fcnk arra, hogy meg\u00e9rts\u00fck \u00fcgyfeleink sz\u00e1nd\u00e9kait, hogy hathat\u00f3s jogi sz\u00f3sz\u00f3l\u00f3jukk\u00e1 v\u00e1lhassunk. C\u00e9lunk, hogy k\u00f6lts\u00e9ghat\u00e9kony m\u00f3don \u00e1tfog\u00f3 &#8230; <a title=\"Kezd\u0151lap\" class=\"read-more\" href=\"https:\/\/sulelaw.com\/hu\/\" aria-label=\"Read more about Kezd\u0151lap\">Olvass tov\u00e1bb<\/a><\/p>\n","protected":false},"author":1,"featured_media":0,"parent":0,"menu_order":0,"comment_status":"closed","ping_status":"closed","template":"","meta":{"footnotes":""},"class_list":["post-19975","page","type-page","status-publish"],"aioseo_notices":[],"_links":{"self":[{"href":"https:\/\/sulelaw.com\/hu\/wp-json\/wp\/v2\/pages\/19975","targetHints":{"allow":["GET"]}}],"collection":[{"href":"https:\/\/sulelaw.com\/hu\/wp-json\/wp\/v2\/pages"}],"about":[{"href":"https:\/\/sulelaw.com\/hu\/wp-json\/wp\/v2\/types\/page"}],"author":[{"embeddable":true,"href":"https:\/\/sulelaw.com\/hu\/wp-json\/wp\/v2\/users\/1"}],"replies":[{"embeddable":true,"href":"https:\/\/sulelaw.com\/hu\/wp-json\/wp\/v2\/comments?post=19975"}],"version-history":[{"count":32,"href":"https:\/\/sulelaw.com\/hu\/wp-json\/wp\/v2\/pages\/19975\/revisions"}],"predecessor-version":[{"id":23942,"href":"https:\/\/sulelaw.com\/hu\/wp-json\/wp\/v2\/pages\/19975\/revisions\/23942"}],"wp:attachment":[{"href":"https:\/\/sulelaw.com\/hu\/wp-json\/wp\/v2\/media?parent=19975"}],"curies":[{"name":"wp","href":"https:\/\/api.w.org\/{rel}","templated":true}]}}