{"id":19881,"date":"2020-10-20T14:06:41","date_gmt":"2020-10-20T14:06:41","guid":{"rendered":"https:\/\/va87zabukmi.preview.infomaniak.website\/?page_id=19881"},"modified":"2020-11-17T14:55:43","modified_gmt":"2020-11-17T14:55:43","slug":"ugyved-nemetorszag-berlin","status":"publish","type":"page","link":"https:\/\/sulelaw.com\/hu\/az-ugyvedi-iroda\/ugyved-nemetorszag-berlin\/","title":{"rendered":"\u00dcgyv\u00e9d \/ N\u00e9metorsz\u00e1g \/ Berlin"},"content":{"rendered":"\n<div class=\"gb-container gb-container-0239402a\"><div class=\"gb-inside-container\">\n<div class=\"gb-grid-wrapper gb-grid-wrapper-b7160b41\">\n<div class=\"gb-grid-column gb-grid-column-55f59cf0\"><div class=\"gb-container gb-container-55f59cf0\"><div class=\"gb-inside-container\">\n<h2 class=\"gb-headline gb-headline-c60a4638\">A BERLINI \u00dcGYV\u00c9DI IRODA<\/h2>\n\n\n\n<p>A berlini \u00fcgyv\u00e9di iroda k\u00e9t f\u0151 ter\u00fcleten ny\u00fajt seg\u00edts\u00e9get \u00d6nnek: a n\u00e9met piacra bel\u00e9pni k\u00edv\u00e1n\u00f3 c\u00e9geket seg\u00edtj\u00fck &#8211; ak\u00e1r n\u00e9met fogyaszt\u00f3knak vagy \u00fczleti partnereknek ny\u00fajtott szolg\u00e1ltat\u00e1sokkal foglalkozik, ak\u00e1r egy n\u00e9met GmbH (Kft.) alap\u00edt\u00e1s\u00e1t \u00e9s \u00fczleti tev\u00e9kenys\u00e9gt tervez N\u00e9metorsz\u00e1gban. A S\u00fcle \u00dcgyv\u00e9di Iroda jogi \u00e9s strat\u00e9giai t\u00e1mogat\u00e1st ny\u00fajt n\u00e9metorsz\u00e1gi \u00fcgyv\u00e9dekkel egy\u00fctt els\u0151sorban k\u00fclf\u00f6ldi v\u00e1llalatoknak \u00e9s a n\u00e9metorsz\u00e1gi kezd\u0151 v\u00e1llalkoz\u00e1soknak. Ez mag\u00e1ban foglalja a weboldalak, a szerz\u0151d\u00e9sek \u00e9s a jogi nyilatkozatok ellen\u0151rz\u00e9s\u00e9t, miel\u0151tt N\u00e9metorsz\u00e1gba kezdene \u00fczleti tev\u00e9kenys\u00e9gbe.<\/p>\n\n\n\n<p>M\u00e1sr\u00e9szt berlini fi\u00f3ktelep\u00fcnk megnyit\u00e1sa (2019.) \u00f3ta a szellemi tulajdonjogi szolg\u00e1ltat\u00e1sokat is kiterjesztett\u00fck N\u00e9metorsz\u00e1gban, els\u0151sorban a n\u00e9met v\u00e9djegy- \u00e9s formatervez\u00e9si jog ter\u00fclet\u00e9n. <\/p>\n\n\n\n<h2 class=\"gb-headline gb-headline-3d55e700\"><strong><strong>Eur\u00f3pai kapcsolatok<\/strong><\/strong> &#8211; kiindul\u00e1si pont N\u00e9metorsz\u00e1gban<\/h2>\n\n\n\n<p>V\u00e1logatott eur\u00f3pai \u00fcgyv\u00e9di irod\u00e1kkal kooper\u00e1lva \u00fcgyfeleinknek megold\u00e1st ny\u00fajtunk hat\u00e1ron \u00e1tny\u00fal\u00f3, eur\u00f3pai \u00fcgyeik vitel\u00e9ben is. Ebben seg\u00edts\u00e9get ny\u00fajt \u00fcgyv\u00e9di irod\u00e1nk N\u00e9metorsz\u00e1gban.<\/p>\n\n\n\n<p>Egyszer\u0171 \u00e9s \u00fcgyf\u00e9lbar\u00e1t, egyablakos szolg\u00e1ltat\u00e1st ny\u00fajtunk nemzetk\u00f6zi szinten is. Az \u00e1ltalunk lefedett \u00f6sszes jog\u00e1gban k\u00e9szek vagyunk erre a szolg\u00e1ltat\u00e1sra.<\/p>\n\n\n\n<h2 class=\"gb-headline gb-headline-b3700cf8\">Ki is <a rel=\"noreferrer noopener\" href=\"https:\/\/www.linkedin.com\/in\/akossule\/\" target=\"_blank\">S\u00fcle \u00c1kos, LL.M.<\/a>?<\/h2>\n\n\n\n<p>\u00c1kos budapesti sz\u00fclet\u00e9s\u0171, \u00e9s ott is v\u00e9hezte e\u00e9 a jogi egyetemet. K\u00e9s\u0151bb szellemi tulajdonjog, m\u00e9diajog \u00e9s adatv\u00e9delem t\u00e1rgyban mester diplom\u00e1t szerzett a berlini Humboldt Egyetemen. Tagja a budapesti \u00e9s a berlini \u00fcgyv\u00e9di kamar\u00e1knak.  Az\u00e9rt alap\u00edtotta az irod\u00e1t, hogy speci\u00e1lis \u00fcgyeket v\u00e1llalhasson \u00e9s vihessen a maga m\u00f3dj\u00e1n. \u00dcgyfelei \u00fczleti st\u00edlus\u00e1t messzemen\u0151kig figyelembe veszi. A vezet\u00e9se alatt a S\u00fcle \u00dcgyv\u00e9di Iroda sokf\u00e9le \u00fcgyet v\u00e1llal, legyen az n\u00e9met, magyarorsz\u00e1gi, eur\u00f3pai uni\u00f3s vagy nemzetk\u00f6zi \u00fcgy.  S\u00fcle \u00c1kos \u00fcgyv\u00e9det, az iroda alap\u00edt\u00f3j\u00e1t magasan k\u00e9pzett, sokoldal\u00fa \u00fcgyv\u00e9dnek tartj\u00e1k, aki&nbsp; \u00e9vtizednyi tapasztalattal rendelkezik mint <strong>IP \/ IT jog\u00e1sz<\/strong>. Jelent\u0151s magyar \u00e9s nemzetk\u00f6zi c\u00e9geket \u00e9s kreat\u00edv mag\u00e1nszem\u00e9lyeket k\u00e9pvisel. Tov\u00e1bbi szakter\u00fcletei az adatv\u00e9delem \u00e9s az internet (m\u00e9dia) jog.<\/p>\n\n\n\n<p>A magyaron k\u00edv\u00fcl angolul, n\u00e9met\u00fcl \u00e9s franci\u00e1ul besz\u00e9l.<\/p>\n<\/div><\/div><\/div>\n\n\n\n<div class=\"gb-grid-column gb-grid-column-937fbd0d\"><div class=\"gb-container gb-container-937fbd0d\"><div class=\"gb-inside-container\">\n<figure class=\"wp-block-image size-full image-shadow img is-style-default\"><img loading=\"lazy\" decoding=\"async\" width=\"647\" height=\"600\" src=\"https:\/\/sulelaw.com\/wp-content\/uploads\/2020\/09\/647px-Berlin_Mitte_Rungestrasse_Zigarettenfabrik_Josetti_01.jpg\" alt=\" \u00fcgyv\u00e9d n\u00e9metorsz\u00e1g n\u00e9met v\u00e9djegy k\u00e9pvisel\u0151 \u00fcgyn\u00f6k \u00fcgyv\u00e9di iroda jogi\" class=\"wp-image-19072\" srcset=\"https:\/\/sulelaw.com\/wp-content\/uploads\/2020\/09\/647px-Berlin_Mitte_Rungestrasse_Zigarettenfabrik_Josetti_01.jpg 647w, https:\/\/sulelaw.com\/wp-content\/uploads\/2020\/09\/647px-Berlin_Mitte_Rungestrasse_Zigarettenfabrik_Josetti_01-300x278.jpg 300w\" sizes=\"auto, (max-width: 647px) 100vw, 647px\" \/><\/figure>\n\n\n\n<h2 class=\"gb-headline gb-headline-2a535034\">A n\u00e9met \u00fcgyv\u00e9di iroda helyis\u00e9gei<\/h2>\n\n\n\n<p>Irod\u00e1nk a 10179 Berlin, Rungestr. 25. c\u00edmen, &#8222;A volt cigarettagy\u00e1r, a Josetti, ma Josetti-Udvar, a berlini Mitte v\u00e1rosr\u00e9sz Rungestra\u00dfe 22-25. sz\u00e1ma alatt, 1906 \u00e9s 1907 k\u00f6z\u00f6tt \u00e9p\u00fclt. A hatalmas bels\u0151 udvarral rendelkez\u0151 komplexum a Spree foly\u00f3ig terjed. A n\u00e9gy emeletes, h\u00e1rom \u00f6temeletes rizalit\u00fa homlokzat k\u00f6veti az utca hajl\u00edtott \u00edv\u00e9t. A komplexumot a cigarettagy\u00e1r haszn\u00e1lta a m\u00e1sodik vil\u00e1gh\u00e1bor\u00faig, k\u00e9s\u0151bb pedig az NDK sz\u00e1m\u00edt\u00f3g\u00e9pes chip-gy\u00e1rt\u00f3ja, a Robotron, az \u00c1llami Rendezetlen Vagyon\u00fcgyi Hivata (2006-ig), \u00e9s t\u00f6bbek k\u00f6z\u00f6tt a &#8222;Dokument Cinema&#8221; haszn\u00e1lta. Itt lak\u00e1sok, irod\u00e1k \u00e9s kis szolg\u00e1ltat\u00f3 v\u00e1llalkoz\u00e1sok (m\u00e9dia, kult\u00fara, divat, design stb.) tal\u00e1lhat\u00f3k. Az \u00e9p\u00fcletegy\u00fcttest helyi v\u00e9detts\u00e9g\u0171 \u00e9p\u00edt\u00e9szeti \u00f6r\u00f6ks\u00e9gnek min\u0151s\u00edtett\u00e9k. Bal oldalon, a Jannowitz center sarka l\u00e1that\u00f3. &#8221; (J\u00f6rg Z\u00e4gel sz\u00f6veg\u00e9nek ford\u00edt\u00e1sa &#8211; <a href=\"https:\/\/creativecommons.org\/licenses\/by-sa\/3.0\/deed.hu\">CC BY-SA 3.0<\/a> a <a href=\"https:\/\/de.wikipedia.org\/wiki\/Datei:Berlin,_Mitte,_Rungestrasse,_Zigarettenfabrik_Josetti_01.jpg\" rel=\"nofollow\">Wikip\u00e9di\u00e1b\u00f3l<\/a>) Az elm\u00falt \u00e9vtizedben teljesen \u00e1talak\u00edtott\u00e1k, hogy megfeleljen a modern szabv\u00e1nyoknak. Az \u00e1t\u00e9p\u00edt\u00e9si munk\u00e1latok sor\u00e1n az \u00e9p\u00fclet teljes irodater\u00fclet\u00e9t 14 600 nm-re b\u0151v\u00edtett\u00e9k. A S\u00fcle \u00dcgyv\u00e9di Iroda n\u00e9met fi\u00f3kja mellett a Josetti Udvar jelenlegi b\u00e9rl\u0151i a m\u00e9dia \u00e9s a p\u00e9nz\u00fcgyi szektor ismert v\u00e1llalatai. Az \u00e9p\u00fclet m\u0171eml\u00e9k.<\/p>\n<\/div><\/div><\/div>\n<\/div>\n<\/div><\/div>\n\n\n\n<div class=\"gb-container gb-container-b6f5a70f\"><div class=\"gb-inside-container\"><\/div><\/div>\n\n\n\n<p><\/p>\n","protected":false},"excerpt":{"rendered":"","protected":false},"author":1,"featured_media":0,"parent":19470,"menu_order":0,"comment_status":"closed","ping_status":"closed","template":"","meta":{"footnotes":""},"class_list":["post-19881","page","type-page","status-publish"],"aioseo_notices":[],"_links":{"self":[{"href":"https:\/\/sulelaw.com\/hu\/wp-json\/wp\/v2\/pages\/19881","targetHints":{"allow":["GET"]}}],"collection":[{"href":"https:\/\/sulelaw.com\/hu\/wp-json\/wp\/v2\/pages"}],"about":[{"href":"https:\/\/sulelaw.com\/hu\/wp-json\/wp\/v2\/types\/page"}],"author":[{"embeddable":true,"href":"https:\/\/sulelaw.com\/hu\/wp-json\/wp\/v2\/users\/1"}],"replies":[{"embeddable":true,"href":"https:\/\/sulelaw.com\/hu\/wp-json\/wp\/v2\/comments?post=19881"}],"version-history":[{"count":9,"href":"https:\/\/sulelaw.com\/hu\/wp-json\/wp\/v2\/pages\/19881\/revisions"}],"predecessor-version":[{"id":21768,"href":"https:\/\/sulelaw.com\/hu\/wp-json\/wp\/v2\/pages\/19881\/revisions\/21768"}],"up":[{"embeddable":true,"href":"https:\/\/sulelaw.com\/hu\/wp-json\/wp\/v2\/pages\/19470"}],"wp:attachment":[{"href":"https:\/\/sulelaw.com\/hu\/wp-json\/wp\/v2\/media?parent=19881"}],"curies":[{"name":"wp","href":"https:\/\/api.w.org\/{rel}","templated":true}]}}