{"id":19866,"date":"2020-10-20T13:40:28","date_gmt":"2020-10-20T13:40:28","guid":{"rendered":"https:\/\/va87zabukmi.preview.infomaniak.website\/?page_id=19866"},"modified":"2020-11-22T12:06:38","modified_gmt":"2020-11-22T12:06:38","slug":"ugyved-magyarorszag-budapest","status":"publish","type":"page","link":"https:\/\/sulelaw.com\/hu\/az-ugyvedi-iroda\/ugyved-magyarorszag-budapest\/","title":{"rendered":"\u00dcgyv\u00e9d \/ Magyarorsz\u00e1g \/ Budapest"},"content":{"rendered":"\n<div class=\"gb-container gb-container-0239402a\"><div class=\"gb-inside-container\">\n<div class=\"gb-grid-wrapper gb-grid-wrapper-b7160b41\">\n<div class=\"gb-grid-column gb-grid-column-55f59cf0\"><div class=\"gb-container gb-container-55f59cf0\"><div class=\"gb-inside-container\">\n<h2 class=\"gb-headline gb-headline-c60a4638\">BUDAPESTI \u00dcGYV\u00c9DI IROD\u00c1NK<\/h2>\n\n\n\n<p>Magyarorsz\u00e1gi <strong>\u00fcgyv\u00e9di irod\u00e1nk<\/strong> jogi szolg\u00e1ltat\u00e1sok sz\u00e9les sk\u00e1l\u00e1j\u00e1t k\u00edn\u00e1lja Budapesten &#8211; szinte az \u00f6sszes jogi szolg\u00e1ltat\u00e1st megtal\u00e1lhatja ezen a weblapon. <\/p>\n\n\n\n<p>Budapesti irod\u00e1nkat S\u00fcle \u00c1kos magyar <strong>\u00fcgyv\u00e9d <\/strong>nyitotta meg 2011-ben. Az \u00e9vek sor\u00e1n megtartottuk a szellemi tulajdon (IP), az adatv\u00e9delem \u00e9s az informatika alapvet\u0151 szakter\u00fcleteit, \u00e9s kiemelked\u0151 jogi szolg\u00e1ltat\u00e1sokat k\u00edn\u00e1lunk a v\u00e9djegy-, m\u00e9dia-, internet- \u00e9s adatv\u00e9delmi jogok minden ter\u00fclet\u00e9n. Irod\u00e1nk egy bejegyzett magyarorsz\u00e1gi \u00fcgyv\u00e9di iroda, amely Magyarorsz\u00e1g \u00e9s az Eur\u00f3pai Uni\u00f3 (EU) joga alatt tev\u00e9kenykedik.<\/p>\n\n\n\n<p>Az<strong> \u00fcgyv\u00e9di iroda<\/strong> elismert \u00e9s sz\u00e9lesk\u00f6r\u0171 szakmai tapasztalattal rendelkez\u0151 egy\u00fcttm\u0171k\u00f6d\u0151 jog\u00e1szok seg\u00edtik, akik, miel\u0151tt csatlakoztak volna irod\u00e1nkhoz, vezet\u0151 magyar \u00e9s nemzetk\u00f6zi \u00fcgyv\u00e9di irod\u00e1kban szereztek \u00e9rt\u00e9kes tapasztalatokat. Irod\u00e1nk c\u00e9lja az \u00fcgyf\u00e9lk\u00f6zpont\u00fa, gyakorlatias megk\u00f6zel\u00edt\u00e9s a jogi tan\u00e1csad\u00e1s mind hazai, mind eur\u00f3pai uni\u00f3s szinten.<\/p>\n\n\n\n<h2 class=\"gb-headline gb-headline-1912e5bf\"><strong><strong>Paradigmav\u00e1lt\u00e1s a jogi szolg\u00e1ltat\u00e1sokban<\/strong><\/strong><\/h2>\n\n\n\n<p>Nagy hangs\u00falyt fektet\u00fcnk \u00fcgyfeleink gazdas\u00e1gi c\u00e9ljainak \u00e9s t\u00f6rekv\u00e9seinek megismer\u00e9s\u00e9re \u00e9s meg\u00e9rt\u00e9s\u00e9re annak \u00e9rdek\u00e9ben, hogy a lehet\u0151 legkedvez\u0151bb eredm\u00e9nyt \u00e9rj\u00fck el.<\/p>\n\n\n\n<p>A j<strong>ogi tan\u00e1csad\u00e1s \u00e9s k\u00e9pviselet<\/strong> sor\u00e1n partnerk\u00e9nt m\u0171k\u00f6d\u00fcnk egy\u00fctt \u00fcgyfeleinkkel gazdas\u00e1gi tev\u00e9kenys\u00e9geikben. Kiemelten fontosnak tartjuk \u00fcgyfeleink azon ig\u00e9ny\u00e9t, hogy tev\u00e9kenys\u00e9g\u00fcket a leghat\u00e9konyabb m\u00f3don v\u00e9gezhess\u00e9k, ez\u00e9rt a megfelel\u0151 jogszab\u00e1lyok alkalmaz\u00e1s\u00e1val \u00e9s az \u00fcgy szempontj\u00e1b\u00f3l a legc\u00e9lravezet\u0151bb strat\u00e9gia, illetve konstrukci\u00f3 kidolgoz\u00e1s\u00e1val v\u00e9dj\u00fck, \u00e9s mozd\u00edtjuk el\u0151 \u00fcgyfeleink \u00e9rdekeit.<\/p>\n\n\n\n<p>Mindig \u00fcgyfeleink v\u00e9gs\u0151 gazdas\u00e1gi c\u00e9ljait tartjuk szem el\u0151tt, \u00e9s a legkedvez\u0151bb eredm\u00e9ny el\u00e9r\u00e9s\u00e9re t\u00f6reksz\u00fcnk, hogy \u00fcgyfeleink sz\u00fcks\u00e9gtelen id\u0151vesztes\u00e9g n\u00e9lk\u00fcl t\u00e9rhessenek vissza gazdas\u00e1gi tev\u00e9kenys\u00e9g\u00fckh\u00f6z illetve mag\u00e1n\u00e9let\u00fckh\u00f6z.<\/p>\n\n\n\n<h2 class=\"gb-headline gb-headline-283584d8\"><strong><strong>Tags\u00e1gaink<\/strong><\/strong><\/h2>\n\n\n\n<p>R\u00e9szt vesz\u00fcnk a <strong>Magyar Iparjogv\u00e9delmi \u00e9s Szerz\u0151i Jogi Egyes\u00fclet<\/strong> (MIE) \u00e9s a <strong>Magyar V\u00e9djegy Egyes\u00fclet<\/strong> (MVE) munk\u00e1j\u00e1ban.<\/p>\n<\/div><\/div><\/div>\n\n\n\n<div class=\"gb-grid-column gb-grid-column-937fbd0d\"><div class=\"gb-container gb-container-937fbd0d\"><div class=\"gb-inside-container\">\n<figure class=\"wp-block-image size-large image-shadow img\"><img loading=\"lazy\" decoding=\"async\" width=\"967\" height=\"600\" src=\"https:\/\/sulelaw.com\/wp-content\/uploads\/2020\/09\/CBC-Office.jpg\" alt=\"awyers in hungary hungarian trademark representative trademark agent hungary attorney law firm legal\" class=\"wp-image-19095\" srcset=\"https:\/\/sulelaw.com\/wp-content\/uploads\/2020\/09\/CBC-Office.jpg 967w, https:\/\/sulelaw.com\/wp-content\/uploads\/2020\/09\/CBC-Office-300x186.jpg 300w, https:\/\/sulelaw.com\/wp-content\/uploads\/2020\/09\/CBC-Office-768x477.jpg 768w\" sizes=\"auto, (max-width: 967px) 100vw, 967px\" \/><\/figure>\n\n\n\n<h2 class=\"gb-headline gb-headline-fff89522\">A budapesti \u00fcgyv\u00e9d iroda<\/h2>\n\n\n\n<p>Irod\u00e1nk &#8211; a fenti k\u00e9pen &#8211; a 4. emeleten tal\u00e1lhat\u00f3, 1027 Budapest, Horv\u00e1t utca 14-24 c\u00edmen a Central Business Centerben. Ez Budapest budai r\u00e9sz\u00e9n tal\u00e1lhat\u00f3, k\u00f6zel a v\u00e1rosk\u00f6zponthoz, k\u00f6zvetlen k\u00f6zel\u00e9ben t\u00f6bb fontos b\u00edr\u00f3s\u00e1g, ide\u00e9rtve a F\u0151v\u00e1rosi \u00cdt\u00e9l\u0151t\u00e1bl\u00e1t, a F\u0151v\u00e1rosi K\u00f6zigazgat\u00e1si \u00e9s Munka\u00fcgyi B\u00edr\u00f3s\u00e1got, a F\u0151v\u00e1rosi K\u00f6zigazgat\u00e1si \u00e9s Munka\u00fcgyi B\u00edr\u00f3s\u00e1got \u00e9s a F\u0151v\u00e1rosi T\u00f6rv\u00e9nysz\u00e9k Gazdas\u00e1gi Koll\u00e9gium\u00e1t.<\/p>\n\n\n\n<h2 class=\"gb-headline gb-headline-bd9cdc04\"><strong><strong>A halr\u00f3l<\/strong><\/strong><\/h2>\n\n\n\n<p>A log\u00f3 egy \u00e9l\u0151 halat \u00e1br\u00e1zol, \u00e9s a hal szeretet\u00e9b\u0151l ered, ami sz\u00e1munkra a szabads\u00e1got, a szabad gondolkod\u00e1st, a letisztults\u00e1got, a tisztas\u00e1got \u00e9s a j\u00f3 \u00e9rtelemben vett egyszer\u0171s\u00e9get jelenti. Log\u00f3nk nem k\u00f6t\u0151dik semmilyen vall\u00e1shoz, \u00e9s szerz\u0151i jogi v\u00e9delem alatt \u00e1ll. A log\u00f3 \u00f6tlete az iroda alap\u00edt\u00f3j\u00e1t\u00f3l sz\u00e1rmazik, aki szereti a hal t\u00e9m\u00e1j\u00fa m\u0171v\u00e9szeti alkot\u00e1sokat, \u00e9s m\u00e1r nagyapja is elhivatott horg\u00e1sz volt a  Balatonn\u00e1l. K\u00f6vetkez\u00e9sk\u00e9pp a hal besziv\u00e1rgott az \u00fcgyv\u00e9di irod\u00e1ba is. A log\u00f3 miatt \u00fajra \u00e9s \u00fajra k\u00e9rd\u00e9seket kapunk \u00fcgyfeleinkt\u0151l, egy r\u00e9sz\u00fck kifejezetten kedveli, m\u00e1s r\u00e9sz\u00fck szkeptikusabb. Mindenesetre sz\u00e1munkra most m\u00e1r egy kis vid\u00e1ms\u00e1got is visz a h\u00e9tk\u00f6znapokba. \u00c9s ne feledj\u00fck, hogy n\u00e9ha \u00e9rdemes az \u00e1rral szemben \u00faszni. Ezt hivat\u00e1sunk sor\u00e1n mindig m\u00e9rlegelj\u00fck.<\/p>\n\n\n\n<h2 class=\"gb-headline gb-headline-f4592552\">Ki is <a rel=\"noreferrer noopener nofollow\" href=\"https:\/\/www.linkedin.com\/in\/akossule\/\" target=\"_blank\">dr. S\u00fcle \u00c1kos, LL.M.<\/a>?<\/h2>\n\n\n\n<p>\u00c1kos budapesti sz\u00fclet\u00e9s\u0171, \u00e9s ott is v\u00e9gezte el a jogi egyetemet. K\u00e9s\u0151bb szellemi tulajdonjog, m\u00e9diajog \u00e9s adatv\u00e9delem t\u00e1rgyban mester diplom\u00e1t szerzett a berlini Humboldt Egyetemen. Tagja a budapesti \u00e9s a berlini \u00fcgyv\u00e9di kamar\u00e1knak.  Az\u00e9rt alap\u00edtotta az irod\u00e1t, hogy speci\u00e1lis \u00fcgyeket v\u00e1llalhasson \u00e9s vihessen a maga m\u00f3dj\u00e1n. \u00dcgyfelei \u00fczleti st\u00edlus\u00e1t messzemen\u0151kig figyelembe veszi. A vezet\u00e9se alatt a S\u00fcle \u00dcgyv\u00e9di Iroda sokf\u00e9le \u00fcgyet v\u00e1llal, legyen az magyarorsz\u00e1gi, eur\u00f3pai uni\u00f3s vagy nemzetk\u00f6zi \u00fcgy.  S\u00fcle \u00c1kos \u00fcgyv\u00e9det, az iroda alap\u00edt\u00f3j\u00e1t magasan k\u00e9pzett, sokoldal\u00fa \u00fcgyv\u00e9dnek tartj\u00e1k, aki&nbsp; \u00e9vtizednyi tapasztalattal rendelkezik mint <strong>IP \/ IT jog\u00e1sz<\/strong>. Jelent\u0151s magyar \u00e9s nemzetk\u00f6zi c\u00e9geket \u00e9s kreat\u00edv mag\u00e1nszem\u00e9lyeket k\u00e9pvisel. Tov\u00e1bbi szakter\u00fcletei az adatv\u00e9delem \u00e9s az internet (m\u00e9dia) jog.<\/p>\n\n\n\n<p>A magyaron k\u00edv\u00fcl angolul, n\u00e9met\u00fcl \u00e9s franci\u00e1ul besz\u00e9l.<\/p>\n<\/div><\/div><\/div>\n<\/div>\n<\/div><\/div>\n\n\n\n<div class=\"gb-container gb-container-b6f5a70f\"><div class=\"gb-inside-container\">\n<div class=\"gb-grid-wrapper gb-grid-wrapper-43b20241\"><\/div>\n<\/div><\/div>\n","protected":false},"excerpt":{"rendered":"","protected":false},"author":1,"featured_media":0,"parent":19470,"menu_order":0,"comment_status":"closed","ping_status":"closed","template":"","meta":{"footnotes":""},"class_list":["post-19866","page","type-page","status-publish"],"aioseo_notices":[],"_links":{"self":[{"href":"https:\/\/sulelaw.com\/hu\/wp-json\/wp\/v2\/pages\/19866","targetHints":{"allow":["GET"]}}],"collection":[{"href":"https:\/\/sulelaw.com\/hu\/wp-json\/wp\/v2\/pages"}],"about":[{"href":"https:\/\/sulelaw.com\/hu\/wp-json\/wp\/v2\/types\/page"}],"author":[{"embeddable":true,"href":"https:\/\/sulelaw.com\/hu\/wp-json\/wp\/v2\/users\/1"}],"replies":[{"embeddable":true,"href":"https:\/\/sulelaw.com\/hu\/wp-json\/wp\/v2\/comments?post=19866"}],"version-history":[{"count":11,"href":"https:\/\/sulelaw.com\/hu\/wp-json\/wp\/v2\/pages\/19866\/revisions"}],"predecessor-version":[{"id":21952,"href":"https:\/\/sulelaw.com\/hu\/wp-json\/wp\/v2\/pages\/19866\/revisions\/21952"}],"up":[{"embeddable":true,"href":"https:\/\/sulelaw.com\/hu\/wp-json\/wp\/v2\/pages\/19470"}],"wp:attachment":[{"href":"https:\/\/sulelaw.com\/hu\/wp-json\/wp\/v2\/media?parent=19866"}],"curies":[{"name":"wp","href":"https:\/\/api.w.org\/{rel}","templated":true}]}}