{"id":19537,"date":"2020-10-01T15:51:59","date_gmt":"2020-10-01T15:51:59","guid":{"rendered":"https:\/\/va87zabukmi.preview.infomaniak.website\/?page_id=19537"},"modified":"2020-10-01T17:17:47","modified_gmt":"2020-10-01T17:17:47","slug":"felhasznalasi-feltetelek","status":"publish","type":"page","link":"https:\/\/sulelaw.com\/hu\/az-ugyvedi-iroda\/felhasznalasi-feltetelek\/","title":{"rendered":"Felhaszn\u00e1l\u00e1si felt\u00e9telek"},"content":{"rendered":"\n<div class=\"gb-container gb-container-1a210b3c\"><div class=\"gb-inside-container\">\n<div class=\"gb-headline-wrapper gb-headline-wrapper-3f01195c\"><span class=\"gb-icon\"><svg xmlns=\"http:\/\/www.w3.org\/2000\/svg\" viewBox=\"0 0 256 512\" width=\"1em\" height=\"1em\" aria-hidden=\"true\"><path d=\"M224.3 273l-136 136c-9.4 9.4-24.6 9.4-33.9 0l-22.6-22.6c-9.4-9.4-9.4-24.6 0-33.9l96.4-96.4-96.4-96.4c-9.4-9.4-9.4-24.6 0-33.9L54.3 103c9.4-9.4 24.6-9.4 33.9 0l136 136c9.5 9.4 9.5 24.6.1 34z\" fill=\"currentColor\"><\/path><\/svg><\/span><p class=\"gb-headline gb-headline-3f01195c\">Hat\u00e1lyos: 2021. janu\u00e1r 1-t\u0151l<\/p><\/div>\n\n\n\n<p>Jelen felhaszn\u00e1l\u00e1si felt\u00e9telek a S\u00fcle \u00dcgyv\u00e9di Iroda, Budapest, Magyarorsz\u00e1g (&#8222;mi&#8221; vagy &#8222;mi&#8221;) webhely\u00e9nek haszn\u00e1lat\u00e1ra vonatkoznak:<\/p>\n\n\n\n<p><strong>A weboldal haszn\u00e1lata a jelen felt\u00e9telek mellett<\/strong><\/p>\n\n\n\n<p>A webhely minden felhaszn\u00e1l\u00e1sa, valamint a webhelyr\u0151l sz\u00e1rmaz\u00f3 inform\u00e1ci\u00f3k let\u00f6lt\u00e9se, m\u00e1sol\u00e1sa vagy egy\u00e9b felhaszn\u00e1l\u00e1sa az al\u00e1bbiakban meghat\u00e1rozott felt\u00e9telekkel t\u00f6rt\u00e9nik.<br>A Webhely haszn\u00e1lat\u00e1val  \u00fagy kell tekinteni, hogy \u00d6n teljes m\u00e9rt\u00e9kben elfogadja a jelen felhaszn\u00e1l\u00e1si felt\u00e9teleket. Ha nem \u00e9rt egyet a jelen felt\u00e9telekkel, azonnal fel kell hagynia a webhely haszn\u00e1lat\u00e1val.<br>A jelen felhaszn\u00e1l\u00e1si felt\u00e9telek \u00e1ttekint\u00e9se \u00e9s elfogad\u00e1sa c\u00e9lj\u00e1b\u00f3l kinyomtathatja \u00e9s meg\u0151rizheti ennek egy m\u00e1solat\u00e1t. A jelen felhaszn\u00e1l\u00e1si felt\u00e9telek egy jogi meg\u00e1llapod\u00e1s \u00d6n \u00e9s k\u00f6zt\u00fcnk, \u00e9s csak beleegyez\u00e9s\u00fcnkkel m\u00f3dos\u00edthat\u00f3. Fenntartjuk a jogot, hogy a jelen felhaszn\u00e1l\u00e1si felt\u00e9teleket saj\u00e1t bel\u00e1t\u00e1sunk szerint megv\u00e1ltoztassuk, a m\u00f3dos\u00edt\u00e1st a Weboldalon k\u00f6zz\u00e9tessz\u00fck.<\/p>\n\n\n\n<p><strong>Tiltott felhaszn\u00e1l\u00e1sok<\/strong><\/p>\n\n\n\n<p>A webhelyet csak t\u00f6rv\u00e9nyes c\u00e9lokra haszn\u00e1lhatja. Nem haszn\u00e1lhatja a webhelyet:<\/p>\n\n\n\n<ol class=\"wp-block-list\"><li>B\u00e1rmely k\u00e9retlen vagy jogosulatlan rekl\u00e1m- vagy prom\u00f3ci\u00f3s anyag vagy b\u00e1rmilyen hasonl\u00f3 k\u00e9r\u00e9s (spam) b\u00e1rmilyen form\u00e1j\u00e1nak tov\u00e1bb\u00edt\u00e1sa vagy elk\u00fcld\u00e9s\u00e9nek el\u0151k\u00e9sz\u00edt\u00e9se.<\/li><li>B\u00e1rmely adat tov\u00e1bb\u00edt\u00e1s\u00e1hoz, amely v\u00edrusokat, tr\u00f3jai falovakat, f\u00e9rgeket, k\u00e9mprogramokat, rekl\u00e1mprogramokat vagy b\u00e1rmilyen m\u00e1s k\u00e1ros programot vagy hasonl\u00f3 sz\u00e1m\u00edt\u00f3g\u00e9pes k\u00f3dot tartalmaz, \u00e9s amelynek c\u00e9lja b\u00e1rmely sz\u00e1m\u00edt\u00f3g\u00e9pes szoftver vagy hardver m\u0171k\u00f6d\u00e9s\u00e9nek h\u00e1tr\u00e1nyos befoly\u00e1sol\u00e1sa.<\/li><\/ol>\n\n\n\n<p><strong>Az inform\u00e1ci\u00f3k pontoss\u00e1ga \u00e9s a felel\u0151ss\u00e9g kiz\u00e1r\u00e1sa<\/strong><\/p>\n\n\n\n<p>Mindent megtesz\u00fcnk annak \u00e9rdek\u00e9ben, hogy a webhelyen minden inform\u00e1ci\u00f3 pontos legyen. Ha pontatlan inform\u00e1ci\u00f3t tal\u00e1l a weboldalon, k\u00e9rj\u00fck, l\u00e9pjen kapcsolatba vel\u00fcnk.<br>Nem v\u00e1llaljuk, hogy az inform\u00e1ci\u00f3k pontosak \u00e9s naprak\u00e9szek, illetve teljesek lenn\u00e9nek, \u00e9s nem v\u00e1llalunk felel\u0151ss\u00e9get a pontatlan inform\u00e1ci\u00f3k \u00e1ltal okozott k\u00e1rok\u00e9rt. . A jelen felt\u00e9telekben le\u00edrtakon k\u00edv\u00fcl nem v\u00e1llalunk felel\u0151ss\u00e9get \u00e9s nem v\u00e1llalunk garanci\u00e1t a webhellyel \u00e9s annak tartalm\u00e1val kapcsolatban, a t\u00f6rv\u00e9ny erej\u00e9ig a felel\u0151ss\u00e9get a legteljesebb m\u00e9rt\u00e9kben kiz\u00e1rhatjuk.<\/p>\n\n\n\n<p><strong>Szerz\u0151i jog<\/strong><\/p>\n\n\n\n<p>Ez a webhely szerz\u0151i jogi anyagokat tartalmaz, bele\u00e9rtve, de nem kiz\u00e1r\u00f3lag, sz\u00f6veget, szoftvert, f\u00e9nyk\u00e9peket, grafik\u00e1kat, \u00e9s a j\u00f6v\u0151ben tartalmazhat vide\u00f3t, zen\u00e9t \u00e9s hangot. A webhely teljes tartalm\u00e1t szerz\u0151i \u00e9s \/ vagy adatb\u00e1zis-jogok v\u00e9dik. Az ilyen tartalom, valamint a hozz\u00e1 eredeti tartalom kiv\u00e1laszt\u00e1sa, koordin\u00e1ci\u00f3ja \u00e9s tov\u00e1bbfejleszt\u00e9se sor\u00e1n mi, vagy licencad\u00f3ink rendelkez\u00fcnk szerz\u0151i \u00e9s \/ vagy adatb\u00e1zis-jogokkal. Tilos a tartalmat r\u00e9szben vagy eg\u00e9szben m\u00f3dos\u00edtani, k\u00f6zz\u00e9tenni, tov\u00e1bb\u00edtani, \u00e1tad\u00e1sban vagy \u00e9rt\u00e9kes\u00edt\u00e9sben r\u00e9szt venni, sz\u00e1rmaztatott m\u0171veket l\u00e9trehozni, vagy b\u00e1rmilyen m\u00f3don hasznos\u00edtani, kiv\u00e9ve a jelen felt\u00e9telek betart\u00e1s\u00e1val vagy a megfelel\u0151 Creative Commons licenc haszn\u00e1lat\u00e1val<br>A weboldal tartalma a Creative Commons Unported 3.0 Unported licenc (CC BY-NC-ND 3.0) alatt \u00e9rhet\u0151 el: https:\/\/creativecommons.org\/licenses\/by-nc-nd\/3.0\/deed.hu <\/p>\n\n\n\n<p>A m\u0171veket szabadon megoszthatod \u2014 m\u00e1solhatod \u00e9s terjesztheted a m\u0171vet b\u00e1rmilyen m\u00f3don vagy form\u00e1ban<\/p>\n\n\n\n<p>Az al\u00e1bbi felt\u00e9telekkel:<\/p>\n\n\n\n<p>Nevezd meg! \u2014 A szerz\u0151t megfelel\u0151en fel kell t\u00fcntetned, hivatkoz\u00e1st kell l\u00e9trehoznod a licencre \u00e9s jelezned ha a m\u0171v\u00f6n v\u00e1ltoztat\u00e1st hajtott\u00e1l v\u00e9gre. Ezt b\u00e1rmilyen \u00e9sszer\u0171 m\u00f3don megteheted, kiv\u00e9ve oly m\u00f3don ami azt sugalln\u00e1 hogy a jogosult t\u00e1mogat t\u00e9ged vagy a felhaszn\u00e1l\u00e1sod k\u00f6r\u00fclm\u00e9nyeit.<\/p>\n\n\n\n<p>Ne add el! \u2014 Nem haszn\u00e1lhatod a m\u0171vet \u00fczleti c\u00e9lokra.<\/p>\n\n\n\n<p>Ne v\u00e1ltoztasd! \u2014 Ha \u00e1tdolgozod, \u00e1talak\u00edtod vagy tov\u00e1bb fejleszted az anyagot, akkor nem terjesztheted a m\u00f3dos\u00edtott anyagot.<\/p>\n\n\n\n<p>Nincsenek tov\u00e1bbi megk\u00f6t\u00e9sek \u2014 Nem szabhatsz meg m\u00e1s jogi vagy technol\u00f3giai korl\u00e1toz\u00e1sokat melyek megakad\u00e1lyozn\u00e1nak b\u00e1rkit abban hogy ezen licenc \u00e1ltal enged\u00e9lyezett b\u00e1rmely tev\u00e9kenys\u00e9geket folytass\u00e1k.<\/p>\n\n\n\n<p>&#8222;The Law Offices of \u00c1kos S\u00fcle&#8221; \u00e9s a &#8222;S\u00fcle Law Firm&#8221; a mi kereskedelmi neveink. \u00cdr\u00e1sbeli beleegyez\u00e9s\u00fcnk n\u00e9lk\u00fcl nem haszn\u00e1lhatja ezeket a kereskedelmi neveket.<br>Linkeket tal\u00e1l wedoldalunkon m\u00e1sok \u00e1ltal \u00fczemeltetett webhelyekre. Az ilyen link haszn\u00e1lata azt jelentheti, hogy elhagyja webhely\u00fcnket, \u00e9s nem v\u00e1llalunk felel\u0151ss\u00e9get a linkelt webhelyek\u00e9rt \u00e9s azok tartalm\u00e1\u00e9rt.<br>A weboldal kezd\u0151lapj\u00e1ra a k\u00f6vetkez\u0151 felt\u00e9telekkel hivatkozhat: ha nem t\u00e1vol\u00edtja el, nem m\u00f3dos\u00edtja vagy torz\u00edtja a log\u00f3nkat; nem hoz l\u00e9tre keretet, szeg\u00e9lyt vagy m\u00e1s b\u00f6ng\u00e9sz\u0151 k\u00f6rnyezetet a webhely k\u00f6r\u00fcl; nem sugallja azt, hogy a saj\u00e1tjainkon k\u00edv\u00fcl b\u00e1rmilyen term\u00e9ket vagy szolg\u00e1ltat\u00e1st t\u00e1mogatn\u00e1nk; nem hamis\u00edtja meg a vel\u00fcnk fenn\u00e1ll\u00f3 kapcsolat\u00e1t, \u00e9s nem mutat be hamis inform\u00e1ci\u00f3kat r\u00f3lunk; nem hivatkozik a weboldalra olyan oldalr\u00f3l, amely jogellenes tartalm\u00fa.<br>Fenntartjuk a jogot, hogy saj\u00e1t bel\u00e1t\u00e1sunk szerint visszavonjuk a webhelyre t\u00f6rt\u00e9n\u0151 hivatkoz\u00e1s enged\u00e9ly\u00e9t.<\/p>\n\n\n\n<p><strong>Az \u00d6n ir\u00e1nti felel\u0151ss\u00e9g\u00fcnk<\/strong><\/p>\n\n\n\n<p>A webhelyen tal\u00e1lhat\u00f3 inform\u00e1ci\u00f3kat minden hozz\u00e1f\u00e9r\u00e9si d\u00edj n\u00e9lk\u00fcl, ingyen bocs\u00e1tjuk rendelkez\u00e9s\u00e9re. A webhelyet csak saj\u00e1t felel\u0151ss\u00e9g\u00e9re haszn\u00e1lja.<br>A webhelyhez val\u00f3 hozz\u00e1f\u00e9r\u00e9s ideiglenesen \u00e9s el\u0151zetes \u00e9rtes\u00edt\u00e9s n\u00e9lk\u00fcl felf\u00fcggeszthet\u0151 a rendszer meghib\u00e1sod\u00e1sa, karbantart\u00e1sa vagy jav\u00edt\u00e1sa eset\u00e9n, vagy m\u00e1s okb\u00f3l, saj\u00e1t bel\u00e1t\u00e1sunk szerint.<br>Semmilyen felel\u0151ss\u00e9ggel nem tartozunk k\u00f6zvetlen, k\u00f6zvetett vagy k\u00f6vetkezm\u00e9nyes k\u00e1rok\u00e9rt, nyeres\u00e9g, bev\u00e9tel vagy goodwill elveszt\u00e9s\u00e9\u00e9rt, amely a webhely haszn\u00e1lat\u00e1b\u00f3l, a webhelyen tal\u00e1lhat\u00f3 inform\u00e1ci\u00f3kb\u00f3l vagy a webhely b\u00e1rmilyen okb\u00f3l t\u00f6rt\u00e9n\u0151 ideiglenes felf\u00fcggeszt\u00e9s\u00e9b\u0151l sz\u00e1rmazik. Az al\u00e1bbiak kiv\u00e9tel\u00e9vel minden felel\u0151ss\u00e9g\u00fcnk kiz\u00e1rt.<br>Felel\u0151ss\u00e9get v\u00e1llalunk olyan s\u00falyos gondatlans\u00e1gb\u00f3l ered\u0151 hal\u00e1l\u00e9rt vagy szem\u00e9lyi s\u00e9r\u00fcl\u00e9s\u00e9rt, amelyet a magyar t\u00f6rv\u00e9nyek szerint nem z\u00e1rhat\u00f3 ki.<br>A webhelyen tal\u00e1lhat\u00f3 inform\u00e1ci\u00f3k nem az \u00d6n egyedi ig\u00e9nyeinek kiel\u00e9g\u00edt\u00e9s\u00e9re szolg\u00e1lnak. Az ilyen inform\u00e1ci\u00f3k nem jelentenek semmif\u00e9le jogi vagy \u00fczleti vagy egy\u00e9b tan\u00e1csot vagy aj\u00e1nl\u00e1st, \u00e9s ne t\u00e1maszkodjon ezekre d\u00f6nt\u00e9sei meghozatalakor (vagy a d\u00f6nt\u00e9s meghozatal\u00e1t\u00f3l val\u00f3 tart\u00f3zkod\u00e1stkor). L\u00e9pjen vel\u00fcnk k\u00f6zvetlen kapcsolatba, ha jogi tan\u00e1csot keres. <\/p>\n\n\n\n<p><strong>Korl\u00e1toz\u00e1s a webhelyr\u0151l<\/strong><\/p>\n\n\n\n<p>Fenntartjuk a jogot, hogy a felhaszn\u00e1l\u00f3kat saj\u00e1t bel\u00e1t\u00e1sunk szerint v\u00e9glegesen vagy ideiglenesen kiz\u00e1rjuk a webhelyr\u0151l. Minden ilyen felhaszn\u00e1l\u00f3t \u00e9rtes\u00edteni kell, \u00e9s akkor nem pr\u00f3b\u00e1lkozhat a weboldal haszn\u00e1lat\u00e1val m\u00e1s n\u00e9ven vagy b\u00e1rmely m\u00e1s felhaszn\u00e1l\u00f3 \u00fatj\u00e1n.<\/p>\n\n\n\n<p><strong>Joghat\u00f3s\u00e1g \u00e9s vitarendez\u00e9s<\/strong><\/p>\n\n\n\n<p>A jelen felt\u00e9telekre a magyar jogot kell alkalmazni, f\u00fcggetlen\u00fcl att\u00f3l, hogy \u00d6n milyen joghat\u00f3s\u00e1ggal rendelkezik. \u00d6n visszavonhatatlanul egyet\u00e9rt azzal, hogy a felhaszn\u00e1l\u00e1si felt\u00e9telekb\u0151l, azok alapj\u00e1n vagy azokkal kapcsolatban felmer\u00fcl\u0151 vit\u00e1k rendez\u00e9s\u00e9re kiz\u00e1r\u00f3lag a magyar b\u00edr\u00f3s\u00e1gok rendelkeznek joghat\u00f3s\u00e1ggal, \u00e9s e c\u00e9lb\u00f3l az \u00f6sszes vit\u00e1t visszavonhatatlanul a magyar b\u00edr\u00f3s\u00e1gok joghat\u00f3s\u00e1ga el\u00e9 terjeszti. A teljes\u00edt\u00e9s helye Magyarorsz\u00e1g.<br>Nem v\u00e1llalunk szavatoss\u00e1got \u00e9s garanci\u00e1t arra, hogy a webhely vagy a rajta el\u00e9rhet\u0151 inform\u00e1ci\u00f3k megfelelnek a magyar jogszab\u00e1lyokt\u00f3l elt\u00e9r\u0151 t\u00f6rv\u00e9nyeknek.<\/p>\n\n\n\n<p><strong>\u00c1ltal\u00e1nos<\/strong><\/p>\n\n\n\n<p>A jelen felhaszn\u00e1l\u00e1si felt\u00e9teleket b\u00e1rmikor m\u00f3dos\u00edthatjuk \u00fagy, hogy k\u00f6zz\u00e9tesz\u00fcnk egy \u00faj v\u00e1ltozatot az weboldalon. Id\u0151nk\u00e9nt ellen\u0151riznie kell a webhelyet, hogy megismerkedjen az \u00e9ppen hat\u00e1lyos felt\u00e9telekkel.<\/p>\n<\/div><\/div>\n","protected":false},"excerpt":{"rendered":"<p>Hat\u00e1lyos: 2021. janu\u00e1r 1-t\u0151l Jelen felhaszn\u00e1l\u00e1si felt\u00e9telek a S\u00fcle \u00dcgyv\u00e9di Iroda, Budapest, Magyarorsz\u00e1g (&#8222;mi&#8221; vagy &#8222;mi&#8221;) webhely\u00e9nek haszn\u00e1lat\u00e1ra vonatkoznak: A weboldal haszn\u00e1lata a jelen felt\u00e9telek mellett A webhely minden felhaszn\u00e1l\u00e1sa, valamint a webhelyr\u0151l sz\u00e1rmaz\u00f3 inform\u00e1ci\u00f3k let\u00f6lt\u00e9se, m\u00e1sol\u00e1sa vagy egy\u00e9b felhaszn\u00e1l\u00e1sa az al\u00e1bbiakban meghat\u00e1rozott felt\u00e9telekkel t\u00f6rt\u00e9nik.A Webhely haszn\u00e1lat\u00e1val \u00fagy kell tekinteni, hogy \u00d6n teljes m\u00e9rt\u00e9kben elfogadja &#8230; <a title=\"Felhaszn\u00e1l\u00e1si felt\u00e9telek\" class=\"read-more\" href=\"https:\/\/sulelaw.com\/hu\/az-ugyvedi-iroda\/felhasznalasi-feltetelek\/\" aria-label=\"Read more about Felhaszn\u00e1l\u00e1si felt\u00e9telek\">Olvass tov\u00e1bb<\/a><\/p>\n","protected":false},"author":1,"featured_media":0,"parent":19470,"menu_order":0,"comment_status":"closed","ping_status":"closed","template":"","meta":{"footnotes":""},"class_list":["post-19537","page","type-page","status-publish"],"aioseo_notices":[],"_links":{"self":[{"href":"https:\/\/sulelaw.com\/hu\/wp-json\/wp\/v2\/pages\/19537","targetHints":{"allow":["GET"]}}],"collection":[{"href":"https:\/\/sulelaw.com\/hu\/wp-json\/wp\/v2\/pages"}],"about":[{"href":"https:\/\/sulelaw.com\/hu\/wp-json\/wp\/v2\/types\/page"}],"author":[{"embeddable":true,"href":"https:\/\/sulelaw.com\/hu\/wp-json\/wp\/v2\/users\/1"}],"replies":[{"embeddable":true,"href":"https:\/\/sulelaw.com\/hu\/wp-json\/wp\/v2\/comments?post=19537"}],"version-history":[{"count":7,"href":"https:\/\/sulelaw.com\/hu\/wp-json\/wp\/v2\/pages\/19537\/revisions"}],"predecessor-version":[{"id":19552,"href":"https:\/\/sulelaw.com\/hu\/wp-json\/wp\/v2\/pages\/19537\/revisions\/19552"}],"up":[{"embeddable":true,"href":"https:\/\/sulelaw.com\/hu\/wp-json\/wp\/v2\/pages\/19470"}],"wp:attachment":[{"href":"https:\/\/sulelaw.com\/hu\/wp-json\/wp\/v2\/media?parent=19537"}],"curies":[{"name":"wp","href":"https:\/\/api.w.org\/{rel}","templated":true}]}}