{"id":19525,"date":"2020-10-01T10:53:17","date_gmt":"2020-10-01T10:53:17","guid":{"rendered":"https:\/\/va87zabukmi.preview.infomaniak.website\/?page_id=19525"},"modified":"2023-03-23T12:28:29","modified_gmt":"2023-03-23T12:28:29","slug":"adatvedelmi-tajekoztato","status":"publish","type":"page","link":"https:\/\/sulelaw.com\/hu\/az-ugyvedi-iroda\/adatvedelmi-tajekoztato\/","title":{"rendered":"Adatv\u00e9delmi t\u00e1j\u00e9koztat\u00f3"},"content":{"rendered":"<div class=\"gb-container gb-container-1a210b3c\"><div class=\"gb-inside-container\">\n\n<p class=\"gb-headline gb-headline-ee7ddef8\"><span class=\"gb-icon\"><svg aria-hidden=\"true\" height=\"1em\" width=\"1em\" viewBox=\"0 0 256 512\" xmlns=\"http:\/\/www.w3.org\/2000\/svg\"><path fill=\"currentColor\" d=\"M224.3 273l-136 136c-9.4 9.4-24.6 9.4-33.9 0l-22.6-22.6c-9.4-9.4-9.4-24.6 0-33.9l96.4-96.4-96.4-96.4c-9.4-9.4-9.4-24.6 0-33.9L54.3 103c9.4-9.4 24.6-9.4 33.9 0l136 136c9.5 9.4 9.5 24.6.1 34z\"><\/path><\/svg><\/span><span class=\"gb-headline-text\">Hat\u00e1lyos: 2021. janu\u00e1r 1-t\u0151l<\/span><\/p>\n\n\n\n<p>Jelen adatv\u00e9delmi t\u00e1j\u00e9koztat\u00f3 seg\u00edt meg\u00e9rteni, hogy milyen szem\u00e9lyes adatokat gy\u0171jt\u00fcnk \u00d6nr\u0151l, hogyan haszn\u00e1ljuk fel ezeket a szem\u00e9lyes adatokat, \u00e9s \u00d6nnek milyen jogai vannak a szem\u00e9lyes adataival kapcsolatban.<br>A szem\u00e9lyes adat minden olyan inform\u00e1ci\u00f3, amely egy szem\u00e9ly beazonos\u00edt\u00e1shoz felhaszn\u00e1lhat\u00f3, ak\u00e1r \u00f6nmag\u00e1ban, ak\u00e1r m\u00e1s adatokkal kombin\u00e1lva. A szem\u00e9lyes adat p\u00e9ld\u00e1ul az \u00d6n neve \u00e9s lakc\u00edme.<br>Jelen t\u00e1j\u00e9koztat\u00f3 term\u00e9szetes szem\u00e9lyekre vonatkozik.<\/p>\n\n\n\n<p>Adatv\u00e9delmi t\u00e1j\u00e9koztat\u00f3nk a k\u00f6vetkez\u0151k\u00e9ppen \u00e9p\u00fcl fel:<\/p>\n\n\n\n<p><strong>I. Az adatkezel\u0151<br>II. Az \u00d6n jogai<br>III. Az adatkezel\u00e9s r\u00e9szletei<\/strong><br><br><strong>I. Az adatkezel\u0151<\/strong><br>Mi (mint &#8222;adatkezel\u0151&#8221;) vagyunk felel\u0151sek ez\u00e9rt a weboldal\u00e9rt:<\/p>\n\n\n\n<p>S\u00dcLE \u00dcGYV\u00c9DI IRODA<\/p>\n\n\n\n<p>Bejegyzett sz\u00e9khely: 1023 Budapest, Frankel Le\u00f3 \u00fat 84.<\/p>\n\n\n\n<p>Bejegyezve a Budapesti \u00dcgyv\u00e9di Kamar\u00e1n\u00e1l # 2800 alatt<\/p>\n\n\n\n<p>E-mail: info@sulelaw.com<\/p>\n\n\n\n<p><strong>II. Az \u00d6n jogai<\/strong><\/p>\n\n\n\n<p>Szem\u00e9lyes adataival kapcsolatban a k\u00f6vetkez\u0151 jogai vannak:<\/p>\n\n\n\n<p>\u2022 joga van hozz\u00e1f\u00e9r\u00e9st k\u00e9rni az adataihoz<br>\u2022 joga van helyesb\u00edteni az adatait, ha azok helytelenek<br>\u2022 joga van tiltakozni az adatai kezel\u00e9se ellen<\/p>\n\n\n\n<p><strong>III. <strong>Az adatkezel\u00e9s r\u00e9szletei<\/strong><\/strong><\/p>\n\n\n\n<p>Az \u00d6n szem\u00e9lyes adatait nem haszn\u00e1lj\u00e1k sem automatiz\u00e1lt d\u00f6nt\u00e9shozatalban (kiz\u00e1r\u00f3lag automatiz\u00e1lt eszk\u00f6z\u00f6kkel hozott d\u00f6nt\u00e9s emberi r\u00e9szv\u00e9tel n\u00e9lk\u00fcl), sem profilalkot\u00e1s sor\u00e1n (szem\u00e9lyes adatok automatiz\u00e1lt feldolgoz\u00e1sa az egy\u00e9n bizonyos k\u00f6r\u00fclm\u00e9nyeinek \u00e9rt\u00e9kel\u00e9s\u00e9re).<br>Szem\u00e9lyes adatait arra a c\u00e9lra haszn\u00e1ljuk, amelyre \u00f6sszegy\u0171jt\u00f6tt\u00fck. Ha az \u00d6n szem\u00e9lyes adatait olyan c\u00e9lb\u00f3l kezelj\u00fck, amely \u00fagy v\u00e9lj\u00fck, hogy \u00f6sszeegyeztethet\u0151 az eredeti c\u00e9llal, \u00e9rtes\u00edtj\u00fck \u00d6nt \u00e9s elmagyar\u00e1zzuk a jogalapot, amely lehet\u0151v\u00e9 teszi sz\u00e1munkra ezt.<br>Felh\u00edvjuk figyelm\u00e9t, hogy szem\u00e9lyes adatait az \u00d6n beleegyez\u00e9se n\u00e9lk\u00fcl is kezelhetj\u00fck a fenti szab\u00e1lyok betart\u00e1s\u00e1val, amennyiben ezt a t\u00f6rv\u00e9ny el\u0151\u00edrja vagy enged\u00e9lyezi.<\/p>\n\n\n\n<p><strong>Szerveradatok<\/strong><\/p>\n\n\n\n<p>A kiszolg\u00e1l\u00f3i napl\u00f3f\u00e1jlok r\u00f6gz\u00edtik a b\u00f6ng\u00e9sz\u0151 t\u00edpus\u00e1t \u00e9s verzi\u00f3j\u00e1t, az oper\u00e1ci\u00f3s rendszert, a webhelyet, ahonnan \u00e9rkezt\u00e9l (hivatkoz\u00f3 URL), a weboldalunkon megl\u00e1togatott weboldalakat, a l\u00e1togat\u00e1s d\u00e1tum\u00e1t \u00e9s idej\u00e9t, valamint az IP c\u00edmet. c\u00edm, amelyr\u0151l megl\u00e1togatta webhely\u00fcnket.<br>Az \u00edgy \u00f6sszegy\u0171jt\u00f6tt adatokat ideiglenesen t\u00e1roljuk. Ennek a t\u00e1rol\u00e1snak az alapja az Art. GDPR 6. cikk (1) bekezd\u00e9s f) pont. Jogos \u00e9rdek\u00fcnk a weboldalunk fejleszt\u00e9se, stabilit\u00e1sa, funkcionalit\u00e1sa \u00e9s biztons\u00e1ga.<br>A szem\u00e9lyes adatokat rendszeresen t\u00f6r\u00f6lj\u00fck, kiv\u00e9ve, ha bizony\u00edt\u00e1si c\u00e9lokb\u00f3l tov\u00e1bbi t\u00e1rol\u00e1sra van sz\u00fcks\u00e9g, amikor azokat az adott esem\u00e9ny kivizsg\u00e1l\u00e1s\u00e1ig meg\u0151rzik. megold\u00f3dott. Kapcsolatfelv\u00e9tel<\/p>\n\n\n\n<p>Ha e-mailben vagy a kapcsolatfelv\u00e9teli \u0171rlapon veszi fel vel\u00fcnk a kapcsolatot, az \u00d6n \u00e1ltal megadott adatokat felhaszn\u00e1ljuk a k\u00e9relem feldolgoz\u00e1s\u00e1ra. Ezeknek az adatoknak rendelkezn\u00fcnk kell a megkeres\u00e9s feldolgoz\u00e1s\u00e1hoz \u00e9s megv\u00e1laszol\u00e1s\u00e1hoz; k\u00fcl\u00f6nben nem lesz\u00fcnk k\u00e9pesek teljes eg\u00e9sz\u00e9ben vagy egy\u00e1ltal\u00e1n v\u00e1laszolni r\u00e1. Az adatkezel\u00e9s jogalapja az Art. GDPR 6. cikk (1) bekezd\u00e9s b) pont.<\/p>\n\n\n\n<p>Adatait hat h\u00f3nap eltelt\u00e9vel t\u00f6r\u00f6lj\u00fck, miut\u00e1n teljes k\u00f6r\u0171en megv\u00e1laszoltuk k\u00e9rd\u00e9s\u00e9t, kiv\u00e9ve, ha t\u00f6rv\u00e9nyi k\u00f6telezetts\u00e9g \u00e1ll fenn az adatok t\u00e1rol\u00e1s\u00e1ra.<br><\/p>\n\n\n\n<p><strong>YouTube<\/strong> Webhely\u00fcnk nem haszn\u00e1l b\u0151v\u00edtm\u00e9nyeket a YouTube-t\u00f3l<\/p>\n\n\n\n<p><strong>Facebook<\/strong> Webhely\u00fcnk nem haszn\u00e1l a Facebook b\u0151v\u00edtm\u00e9nyeit<\/p>\n\n\n\n<p><strong>K\u00f6z\u00f6ss\u00e9gi m\u00e9dia be\u00e1gyaz\u00e1sa<\/strong> Webhely\u00fcnk nem haszn\u00e1l be\u00e1gyaz\u00e1st a k\u00f6z\u00f6ss\u00e9gi m\u00e9di\u00e1ba.<\/p>\n\n\n\n<p><strong>K\u00f6z\u00f6ss\u00e9gi m\u00e9dia be\u00e9p\u00fcl\u0151 modulok<\/strong> Webhely\u00fcnk nem haszn\u00e1l k\u00f6z\u00f6ss\u00e9gi m\u00e9dia b\u0151v\u00edtm\u00e9nyeket.<\/p>\n\n\n\n<p><strong>Shariff k\u00f6z\u00f6ss\u00e9gi m\u00e9dia gombok<\/strong> Webhely\u00fcnk nem haszn\u00e1l Shariff k\u00f6z\u00f6ss\u00e9gi m\u00e9dia gombokat.<\/p>\n\n\n\n<p><strong>Google Analytics<\/strong> Weboldalunkon nem haszn\u00e1ljuk a Google Analytics szolg\u00e1ltat\u00e1st.<\/p>\n\n\n\n<p><strong>Webhelystatisztika<\/strong><\/p>\n\n\n\n<p>Webhelyszolg\u00e1ltat\u00f3nk szolg\u00e1ltat\u00e1s\u00e1t haszn\u00e1ljuk a weboldalunk haszn\u00e1lat\u00e1nak elemz\u00e9s\u00e9re. A jogalap a GDPR 6. cikk (1) bekezd\u00e9s f) pont. Jogos \u00e9rdek\u00fcnk a weboldalunk elemz\u00e9se, optimaliz\u00e1l\u00e1sa \u00e9s m\u0171k\u00f6dtet\u00e9se.<br>A felhaszn\u00e1l\u00e1ssal \u00e9s a felhaszn\u00e1l\u00f3kkal kapcsolatos inform\u00e1ci\u00f3kat, p\u00e9ld\u00e1ul az IP-c\u00edmet, a webhely\u00fcnk\u00f6n tett l\u00e1togat\u00e1sok hely\u00e9t, idej\u00e9t vagy gyakoris\u00e1g\u00e1t a szerver t\u00e1rolja. Ezt a szolg\u00e1ltat\u00e1st azonban az \u00fagynevezett anonimiz\u00e1l\u00e1si funkci\u00f3val haszn\u00e1ljuk.<br>Az \u00edgy \u00f6sszegy\u0171jt\u00f6tt adatokat felhaszn\u00e1ljuk arra, hogy \u00e9rt\u00e9kel\u00e9st k\u00e9sz\u00edts\u00fcnk a weboldalunk l\u00e1togat\u00e1sair\u00f3l \u00e9s arr\u00f3l, hogy a l\u00e1togat\u00f3k hogyan navig\u00e1lnak ott. Ezeket az adatokat a weboldalunk \u00e9s \u00e1ltal\u00e1ban az internet haszn\u00e1lat\u00e1hoz kapcsol\u00f3d\u00f3 egy\u00e9b szolg\u00e1ltat\u00e1sok ny\u00fajt\u00e1s\u00e1ra is fel lehet haszn\u00e1lni.<br>Weboldalunk t\u00e1rhelyszolg\u00e1ltat\u00f3ja a SiteGround Spain SL, a Spanyol Kir\u00e1lys\u00e1g t\u00f6rv\u00e9nyei szerint bejegyzett \u00e9s l\u00e9tez\u0151 c\u00e9g (regisztr\u00e1ci\u00f3) CIF-sz\u00e1m: B87194171), bejegyzett c\u00edme: Calle de Prim 19, 28004 Madrid, Spanyolorsz\u00e1g, amely \u00d6n szem\u00e9lyes adatainak adatfeldolgoz\u00f3ja is.<\/p>\n\n\n\n<p><strong>Google-Maps<\/strong> Webhely\u00fcnk nem haszn\u00e1lja a Google Maps szolg\u00e1ltat\u00e1st.<br><br><strong>Google bet\u0171t\u00edpusok<\/strong><\/p>\n\n\n\n<p>Webhely\u00fcnk nem k\u00edv\u00e1nja haszn\u00e1lni a Google Bet\u0171t\u00edpusokat k\u00fcls\u0151 bet\u0171t\u00edpusok megjelen\u00edt\u00e9s\u00e9re, de ha technikai probl\u00e9ma mer\u00fcl fel a webhely k\u00f3dol\u00e1s\u00e1val, ez el\u0151fordulhat. A Google Fonts egy olyan szolg\u00e1ltat\u00e1s, amelyet a Google Ireland Limited, Gordon House, Barrow Street, Dublin 4, \u00cdrorsz\u00e1g (a tov\u00e1bbiakban: Google) ny\u00fajt. Bizonyos bet\u0171t\u00edpusok megjelen\u00edt\u00e9s\u00e9nek enged\u00e9lyez\u00e9se a weboldalunkon, kapcsolat az USA Google szerver\u00e9vel akkor j\u00f6n l\u00e9tre, amikor a weboldalunkat el\u00e9rik. Technikai int\u00e9zked\u00e9seket tett\u00fcnk a hozz\u00e1f\u00e9r\u00e9s elker\u00fcl\u00e9se \u00e9rdek\u00e9ben.<br>A jogalap az Art. GDPR 6. cikk (1) bekezd\u00e9s f) pont. Jogos \u00e9rdek\u00fcnk a webhely optimaliz\u00e1l\u00e1sa \u00e9s gazdas\u00e1gi m\u0171k\u00f6d\u00e9se. Amikor bel\u00e9p a webhely\u00fcnkre, kapcsolat l\u00e9tes\u00fcl a Google-lal, ahonnan a Google azonos\u00edthatja azt a webhelyet, ahonnan a k\u00e9r\u00e9s\u00e9t elk\u00fcldt\u00fck, \u00e9s melyik IP-c\u00edmre \u00edrt\u00e1k be a bet\u0171t\u00edpusokat. megjelen\u00edt\u00e9s c\u00e9lj\u00e1b\u00f3l tov\u00e1bb\u00edtjuk.<br>A Google r\u00e9szletes inform\u00e1ci\u00f3kat k\u00edn\u00e1l a k\u00f6vetkez\u0151 c\u00edmen:<br>https:\/\/adssettings.google.com\/authenticated<br>https:\/\/policies.google.com\/privacy<\/p>\n\n\n\n<p><strong>Google egy\u00e9ni keres\u0151motor (&#8222;egy\u00e9ni keres\u0151motor&#8221;)<\/strong> A webhelyen v\u00e9gzett b\u00e1rmilyen keres\u00e9shez nem haszn\u00e1ljuk a Google egy\u00e9ni keres\u0151motort (CSE).<br><br><strong>YouTube<\/strong><\/p>\n\n\n\n<p>Haszn\u00e1lhatjuk a YouTube-ot a weboldalunkon. Ez egy videoport\u00e1l, amelyet a YouTube LLC \u00fczemeltet, 901 Cherry Ave, 94066 San Bruno, Kalifornia, USA, a tov\u00e1bbiakban &#8222;YouTube&#8221;.<br>Az Eur\u00f3pai Gazdas\u00e1gi T\u00e9rs\u00e9gben vagy Sv\u00e1jcban sz\u00e9khellyel rendelkez\u0151 felhaszn\u00e1l\u00f3k sz\u00e1m\u00e1ra az \u00d6n adatkezel\u0151je az inform\u00e1ci\u00f3 a Google Ireland Limited, Gordon House, Barrow Street, Dublin 4, \u00cdrorsz\u00e1g (a tov\u00e1bbiakban: Google).<br>A YouTube-ot speci\u00e1lis adatv\u00e9delmi m\u00f3dban haszn\u00e1ljuk vide\u00f3k megjelen\u00edt\u00e9s\u00e9re. A jogalap a GDPR 6. cikk (1) bekezd\u00e9s f) pont. Jogos \u00e9rdek\u00fcnk a weboldalunk min\u0151s\u00e9g\u00e9nek jav\u00edt\u00e1sa. A YouTube szerint a fejlett adatv\u00e9delmi m\u00f3d azt jelenti, hogy az al\u00e1bb megadott adatok csak akkor ker\u00fclnek tov\u00e1bb\u00edt\u00e1sra a YouTube szerverre, ha val\u00f3ban elind\u00edtja a vide\u00f3 lej\u00e1tsz\u00e1s\u00e1t.<br>E m\u00f3d n\u00e9lk\u00fcl a kapcsolat l\u00e9trej\u00f6n az Egyes\u00fclt \u00c1llamok YouTube szerver\u00e9vel amikor bel\u00e9p b\u00e1rmely olyan weboldalunkra, amelyre YouTube-vide\u00f3 van be\u00e1gyazva.<br>Erre a kapcsolatra az\u00e9rt van sz\u00fcks\u00e9g, hogy a vide\u00f3t a b\u00f6ng\u00e9sz\u0151j\u00e9ben megjelen\u00edthesse . A YouTube r\u00f6gz\u00edti \u00e9s feldolgozza az IP-c\u00edm\u00e9t, a vide\u00f3 megjelen\u00edt\u00e9s\u00e9nek d\u00e1tum\u00e1t \u00e9s id\u0151pontj\u00e1t, valamint a megl\u00e1togatott webhelyet. Ezenk\u00edv\u00fcl l\u00e9trej\u00f6n a kapcsolat a Google DoubleClick hirdet\u00e9si h\u00e1l\u00f3zat\u00e1val.<br>Ha be van jelentkezve a YouTube-ba, amikor bel\u00e9p a webhely\u00fcnkre, a YouTube hozz\u00e1rendeli a csatlakoz\u00e1si inform\u00e1ci\u00f3kat az \u00d6n YouTube-fi\u00f3kj\u00e1hoz. Ennek megakad\u00e1lyoz\u00e1sa \u00e9rdek\u00e9ben vagy ki kell jelentkeznie a YouTube-r\u00f3l, miel\u0151tt ell\u00e1togatna webhely\u00fcnkre, vagy meg kell tennie a megfelel\u0151 be\u00e1ll\u00edt\u00e1sokat YouTube-fi\u00f3kj\u00e1ban.<br>A funkcionalit\u00e1s \u00e9s a haszn\u00e1lati viselked\u00e9s elemz\u00e9se c\u00e9lj\u00e1b\u00f3l a YouTube a b\u00f6ng\u00e9sz\u0151j\u00e9n kereszt\u00fcl v\u00e9glegesen t\u00e1rolja a s\u00fctiket az \u00d6n eszk\u00f6z\u00e9n. Ha nem \u00e9rt egyet ezzel a feldolgoz\u00e1ssal, akkor lehet\u0151s\u00e9ge van megakad\u00e1lyozni a s\u00fctik telep\u00edt\u00e9s\u00e9t az\u00e1ltal, hogy a b\u00f6ng\u00e9sz\u0151j\u00e9ben elv\u00e9gzi a megfelel\u0151 be\u00e1ll\u00edt\u00e1sokat. Tov\u00e1bbi r\u00e9szletek a s\u00fctikr\u0151l sz\u00f3l\u00f3 t\u00e1j\u00e9koztat\u00f3ban tal\u00e1lhat\u00f3k.<br>Tov\u00e1bbi inform\u00e1ci\u00f3k az adatok gy\u0171jt\u00e9s\u00e9r\u0151l \u00e9s felhaszn\u00e1l\u00e1s\u00e1r\u00f3l, valamint az \u00d6n jogair\u00f3l \u00e9s v\u00e9delmi lehet\u0151s\u00e9geir\u0151l a Google adatv\u00e9delmi ir\u00e1nyelveiben tal\u00e1lhat\u00f3k: https:\/\/policies.google.com\/privacy <\/p>\n\n\n\n<p><strong>Google AdWords<\/strong> Nem haszn\u00e1ljuk a Google AdWords online hirdet\u00e9si eszk\u00f6zt.<\/p>\n\n\n\n<p><strong>Google AdSense<\/strong> Weboldalunkon nem haszn\u00e1ljuk a Google AdSense szolg\u00e1ltat\u00e1st.<\/p>\n\n\n\n<p><strong>Google Remarketing<\/strong> A weboldalunkon nem haszn\u00e1ljuk a remarketing funkci\u00f3t.<\/p>\n\n\n\n<p><strong>Microsoft Bing Ads<\/strong> Webhely\u00fcnk\u00f6n nem haszn\u00e1ljuk a Bing Ads konverzi\u00f3s \u00e9s nyomk\u00f6vet\u0151 eszk\u00f6zt.<\/p>\n\n\n\n<p><strong>Cookie-k<\/strong> l\u00e1sd a k\u00fcl\u00f6n Cookie-kr\u00f3l sz\u00f3l\u00f3 t\u00e1j\u00e9koztat\u00e1sunkat<\/p>\n\n<\/div><\/div>","protected":false},"excerpt":{"rendered":"<p>Hat\u00e1lyos: 2021. janu\u00e1r 1-t\u0151l Jelen adatv\u00e9delmi t\u00e1j\u00e9koztat\u00f3 seg\u00edt meg\u00e9rteni, hogy milyen szem\u00e9lyes adatokat gy\u0171jt\u00fcnk \u00d6nr\u0151l, hogyan haszn\u00e1ljuk fel ezeket a szem\u00e9lyes adatokat, \u00e9s \u00d6nnek milyen jogai vannak a szem\u00e9lyes adataival kapcsolatban.A szem\u00e9lyes adat minden olyan inform\u00e1ci\u00f3, amely egy szem\u00e9ly beazonos\u00edt\u00e1shoz felhaszn\u00e1lhat\u00f3, ak\u00e1r \u00f6nmag\u00e1ban, ak\u00e1r m\u00e1s adatokkal kombin\u00e1lva. A szem\u00e9lyes adat p\u00e9ld\u00e1ul az \u00d6n neve \u00e9s &#8230; <a title=\"Adatv\u00e9delmi t\u00e1j\u00e9koztat\u00f3\" class=\"read-more\" href=\"https:\/\/sulelaw.com\/hu\/az-ugyvedi-iroda\/adatvedelmi-tajekoztato\/\" aria-label=\"Read more about Adatv\u00e9delmi t\u00e1j\u00e9koztat\u00f3\">Olvass tov\u00e1bb<\/a><\/p>\n","protected":false},"author":1,"featured_media":0,"parent":19470,"menu_order":0,"comment_status":"closed","ping_status":"closed","template":"","meta":{"footnotes":""},"class_list":["post-19525","page","type-page","status-publish"],"aioseo_notices":[],"_links":{"self":[{"href":"https:\/\/sulelaw.com\/hu\/wp-json\/wp\/v2\/pages\/19525","targetHints":{"allow":["GET"]}}],"collection":[{"href":"https:\/\/sulelaw.com\/hu\/wp-json\/wp\/v2\/pages"}],"about":[{"href":"https:\/\/sulelaw.com\/hu\/wp-json\/wp\/v2\/types\/page"}],"author":[{"embeddable":true,"href":"https:\/\/sulelaw.com\/hu\/wp-json\/wp\/v2\/users\/1"}],"replies":[{"embeddable":true,"href":"https:\/\/sulelaw.com\/hu\/wp-json\/wp\/v2\/comments?post=19525"}],"version-history":[{"count":5,"href":"https:\/\/sulelaw.com\/hu\/wp-json\/wp\/v2\/pages\/19525\/revisions"}],"predecessor-version":[{"id":24015,"href":"https:\/\/sulelaw.com\/hu\/wp-json\/wp\/v2\/pages\/19525\/revisions\/24015"}],"up":[{"embeddable":true,"href":"https:\/\/sulelaw.com\/hu\/wp-json\/wp\/v2\/pages\/19470"}],"wp:attachment":[{"href":"https:\/\/sulelaw.com\/hu\/wp-json\/wp\/v2\/media?parent=19525"}],"curies":[{"name":"wp","href":"https:\/\/api.w.org\/{rel}","templated":true}]}}