{"id":19521,"date":"2020-10-01T07:50:57","date_gmt":"2020-10-01T07:50:57","guid":{"rendered":"https:\/\/va87zabukmi.preview.infomaniak.website\/?page_id=19521"},"modified":"2024-03-26T08:48:07","modified_gmt":"2024-03-26T08:48:07","slug":"jogi-nyilatkozatok","status":"publish","type":"page","link":"https:\/\/sulelaw.com\/hu\/az-ugyvedi-iroda\/jogi-nyilatkozatok\/","title":{"rendered":"Jogi nyilatkozatok"},"content":{"rendered":"<div class=\"gb-container gb-container-1a210b3c\"><div class=\"gb-inside-container\">\n\n<p class=\"gb-headline gb-headline-3f01195c\"><span class=\"gb-icon\"><svg xmlns=\"http:\/\/www.w3.org\/2000\/svg\" viewBox=\"0 0 256 512\" width=\"1em\" height=\"1em\" aria-hidden=\"true\"><path d=\"M224.3 273l-136 136c-9.4 9.4-24.6 9.4-33.9 0l-22.6-22.6c-9.4-9.4-9.4-24.6 0-33.9l96.4-96.4-96.4-96.4c-9.4-9.4-9.4-24.6 0-33.9L54.3 103c9.4-9.4 24.6-9.4 33.9 0l136 136c9.5 9.4 9.5 24.6.1 34z\" fill=\"currentColor\"><\/path><\/svg><\/span><span class=\"gb-headline-text\">JOgi nyilatkozat &#8211; BUdapesti \u00fcgyv\u00e9di Iroda<\/span><\/p>\n\n\n\n<p>A S\u00fcle \u00dcgyv\u00e9di Iroda bejegyzett jogi szem\u00e9ly Magyarorsz\u00e1gon<\/p>\n\n\n\n<p>Jogi szem\u00e9ly t\u00edpusa &#8222;\u00fcgyv\u00e9di iroda&#8221;, angol neve: S\u00fcle Law Firm<\/p>\n\n\n\n<p>A S\u00fcle \u00dcgyv\u00e9di Iroda a Budapesti \u00dcgyv\u00e9di Kamara nyilv\u00e1ntart\u00e1s\u00e1ban a 2800-as sz\u00e1m alatt szerepel<\/p>\n\n\n\n<p>A sulelaw.com honlap tartalm\u00e1t a S\u00fcle \u00dcgyv\u00e9di Iroda magyarorsz\u00e1gi irod\u00e1ja ny\u00fajtja <\/p>\n\n\n\n<p>K\u00e9pvisel\u0151: Dr. S\u00fcle \u00c1kos, LL.M.<\/p>\n\n\n\n<p>Bejegyezve mint:  \u00fcgyv\u00e9d Magyarorsz\u00e1gon<\/p>\n\n\n\n<p>Bejegyzett sz\u00e9khely: 1023 Budapest, Frankel Le\u00f3 \u00fat 84.<\/p>\n\n\n\n<p>Telefon: +36 1 700 2255<\/p>\n\n\n\n<p>Fax: +36 1 700 1877<\/p>\n\n\n\n<p>E-mail: hu@sulelaw.com<\/p>\n\n\n\n<p>K\u00f6z\u00f6ss\u00e9gi ad\u00f3sz\u00e1m: HU18132331<\/p>\n\n\n\n<p><strong>Felel\u0151s kamara:<\/strong> Budapesti \u00dcgyv\u00e9di Kamara, 1055 Budapest, Szalay u. 7.<\/p>\n\n\n\n<p>Telefon: +36 (1) 353-0155, 353-0810<\/p>\n\n\n\n<p>Fax: +36 (1) 332-1385<\/p>\n\n\n\n<p>E-mail: szolgaltatas@bpbar.hu<\/p>\n\n\n\n<p>www.bpugyvedikamara.hu<\/p>\n\n\n\n<p><strong>Alkalmazand\u00f3 szab\u00e1lyok:<\/strong><\/p>\n\n\n\n<p>2017. \u00e9vi LXXVIII. t\u00f6rv\u00e9ny. az \u00fcgyv\u00e9di tev\u00e9kenys\u00e9gr\u0151l<\/p>\n\n\n\n<p>A Budapesti \u00dcgyv\u00e9di Kamara \u00e9s a Magyar \u00dcgyv\u00e9di Kamara szab\u00e1lyzatai <\/p>\n\n\n\n<p>Texts available at www.bpugyvedikamara.hu\/jogszabalyok<\/p>\n\n\n\n<p><strong>Biztos\u00edt\u00e1s<\/strong><br>A S\u00fcle \u00dcgyv\u00e9di Iroda szakmai felel\u0151ss\u00e9gbiztos\u00edt\u00e1ssal rendelkezik az Allianz Hung\u00e1ria Zrt.-n\u00e9l. A biztos\u00edt\u00e1s f\u00f6ldrajzi kiterjed\u00e9se mag\u00e1ban foglalja az Eur\u00f3pai Uni\u00f3 tag\u00e1llamaiban ny\u00fajtott szolg\u00e1ltat\u00e1sokat, \u00e9s megfelel a Magyar \u00dcgyv\u00e9di Kamara 9\/2017. sz\u00e1m\u00fa M\u00dcK rendelet\u00e9nek.<\/p>\n\n\n\n<p class=\"gb-headline gb-headline-68b6ec85\"><span class=\"gb-icon\"><svg xmlns=\"http:\/\/www.w3.org\/2000\/svg\" viewBox=\"0 0 256 512\" width=\"1em\" height=\"1em\" aria-hidden=\"true\"><path d=\"M224.3 273l-136 136c-9.4 9.4-24.6 9.4-33.9 0l-22.6-22.6c-9.4-9.4-9.4-24.6 0-33.9l96.4-96.4-96.4-96.4c-9.4-9.4-9.4-24.6 0-33.9L54.3 103c9.4-9.4 24.6-9.4 33.9 0l136 136c9.5 9.4 9.5 24.6.1 34z\" fill=\"currentColor\"><\/path><\/svg><\/span><span class=\"gb-headline-text\"><strong><strong>JOGI NYILATKOZAT &#8211; BerlinI \u00dcGYV\u00c9DI IRODA<\/strong><\/strong><\/span><\/p>\n\n\n\n<p>A S\u00fcle Law Firm \u00e9s a S\u00fcle \u00dcgyv\u00e9di Iroda dr. S\u00fcle \u00c1kos, LL.M. (Berlin) kereskedelmi nevei N\u00e9metorsz\u00e1gban<\/p>\n\n\n\n<p>Dr. S\u00fcle \u00c1kos, LL.M. a Berlini \u00dcgyv\u00e9di Kamara tagja<\/p>\n\n\n\n<p>Bejegyezve mint: n\u00e9met \u00fcgyv\u00e9d (&#8222;Rechtsanwalt&#8221;) <\/p>\n\n\n\n<p>Scharnweberstr. 9, 15537 Erkner, N\u00e9metorsz\u00e1g<\/p>\n\n\n\n<p>Telefon: +4933625097737<\/p>\n\n\n\n<p>Fax: +4933625097737<\/p>\n\n\n\n<p>E-mail: de@sulelaw.com<\/p>\n\n\n\n<p>K\u00f6z\u00f6ss\u00e9gi ad\u00f3sz\u00e1m: DE323492898<\/p>\n\n\n\n<p><strong>Felel\u0151s kamara:<\/strong> Brandenburgi \u00dcgyv\u00e9di Kamara, Grillendamm 2, 14776 Brandenburg an der Havel, N\u00e9metorsz\u00e1g <\/p>\n\n\n\n<p>Telefon: +49 (0)3381 &#8211; 25 33 0<\/p>\n\n\n\n<p>Fax: +49 (0)3381 &#8211; 25 33 23<\/p>\n\n\n\n<p>E-mail: <a href=\"mailto:info@rak-brb.de\">info@rak-brb.de<\/a><\/p>\n\n\n\n<p>www.rak-brb.de<\/p>\n\n\n\n<p><\/p>\n\n\n\n<p><strong><strong>Alkalmazand\u00f3 szab\u00e1lyok:<\/strong><\/strong><\/p>\n\n\n\n<p>Sz\u00f6vets\u00e9gi \u00fcgyv\u00e9di t\u00f6rv\u00e9ny (BRAO)<\/p>\n\n\n\n<p>\u00dcgyv\u00e9dek szakmai k\u00f3dexe (BORA)<\/p>\n\n\n\n<p>Az \u00fcgyv\u00e9dek javadalmaz\u00e1si t\u00f6rv\u00e9nye (RVG)<\/p>\n\n\n\n<p>Az szakosodott \u00fcgyv\u00e9dekre vonatoz\u00f3 rendelet<\/p>\n\n\n\n<p>A CCBE eur\u00f3pai \u00fcgy\u00e9dekre vonatkoz\u00f3 magatart\u00e1si k\u00f3dexe<\/p>\n\n\n\n<p><\/p>\n\n\n\n<p><strong><strong>Biztos\u00edt\u00e1s<\/strong><\/strong><br>Dr. S\u00fcle \u00c1kos, LL.M. (Berlin) szakmai felel\u0151ss\u00e9gbiztos\u00edt\u00e1ssal rendelkezik az R + V Versicherung AG-n\u00e1l (Raiffeisenplatz 1, 65189 Wiesbaden, N\u00e9metorsz\u00e1g). A biztos\u00edt\u00e1si fedezet f\u00f6ldrajzi hat\u00e1lya mag\u00e1ban foglalja az Eur\u00f3pai Uni\u00f3 tag\u00e1llamaiban ny\u00fajtott szolg\u00e1ltat\u00e1sokat, \u00e9s megfelel a sz\u00f6vets\u00e9gi \u00fcgyv\u00e9dekr\u0151l sz\u00f3l\u00f3 t\u00f6rv\u00e9ny (BRAO) 51. szakasza k\u00f6vetelm\u00e9nyeinek.<\/p>\n\n\n\n<p class=\"gb-headline gb-headline-7dc4f56e\"><span class=\"gb-icon\"><svg xmlns=\"http:\/\/www.w3.org\/2000\/svg\" viewBox=\"0 0 256 512\" width=\"1em\" height=\"1em\" aria-hidden=\"true\"><path d=\"M224.3 273l-136 136c-9.4 9.4-24.6 9.4-33.9 0l-22.6-22.6c-9.4-9.4-9.4-24.6 0-33.9l96.4-96.4-96.4-96.4c-9.4-9.4-9.4-24.6 0-33.9L54.3 103c9.4-9.4 24.6-9.4 33.9 0l136 136c9.5 9.4 9.5 24.6.1 34z\" fill=\"currentColor\"><\/path><\/svg><\/span><span class=\"gb-headline-text\">Online vitarendez\u00e9s \u00e9s fogyaszt\u00f3i vitarendez\u00e9s<\/span><\/p>\n\n\n\n<p>Az Eur\u00f3pai Bizotts\u00e1g platformot biztos\u00edt az online vitarendez\u00e9shez, amely a http:\/\/ec.europa.eu\/consumers\/odr\/ c\u00edmen tal\u00e1lhat\u00f3. A S\u00fcle \u00dcgyv\u00e9di Iroda nem vesz r\u00e9szt ezen t\u00edpus\u00fa  vitarendez\u00e9sben a fogyaszt\u00f3i vitarendez\u00e9si test\u00fcletek el\u0151tt.<\/p>\n\n<\/div><\/div>","protected":false},"excerpt":{"rendered":"<p>JOgi nyilatkozat &#8211; BUdapesti \u00fcgyv\u00e9di Iroda A S\u00fcle \u00dcgyv\u00e9di Iroda bejegyzett jogi szem\u00e9ly Magyarorsz\u00e1gon Jogi szem\u00e9ly t\u00edpusa &#8222;\u00fcgyv\u00e9di iroda&#8221;, angol neve: S\u00fcle Law Firm A S\u00fcle \u00dcgyv\u00e9di Iroda a Budapesti \u00dcgyv\u00e9di Kamara nyilv\u00e1ntart\u00e1s\u00e1ban a 2800-as sz\u00e1m alatt szerepel A sulelaw.com honlap tartalm\u00e1t a S\u00fcle \u00dcgyv\u00e9di Iroda magyarorsz\u00e1gi irod\u00e1ja ny\u00fajtja K\u00e9pvisel\u0151: Dr. S\u00fcle \u00c1kos, LL.M. Bejegyezve &#8230; <a title=\"Jogi nyilatkozatok\" class=\"read-more\" href=\"https:\/\/sulelaw.com\/hu\/az-ugyvedi-iroda\/jogi-nyilatkozatok\/\" aria-label=\"Read more about Jogi nyilatkozatok\">Olvass tov\u00e1bb<\/a><\/p>\n","protected":false},"author":1,"featured_media":0,"parent":19470,"menu_order":0,"comment_status":"closed","ping_status":"closed","template":"","meta":{"footnotes":""},"class_list":["post-19521","page","type-page","status-publish"],"aioseo_notices":[],"_links":{"self":[{"href":"https:\/\/sulelaw.com\/hu\/wp-json\/wp\/v2\/pages\/19521","targetHints":{"allow":["GET"]}}],"collection":[{"href":"https:\/\/sulelaw.com\/hu\/wp-json\/wp\/v2\/pages"}],"about":[{"href":"https:\/\/sulelaw.com\/hu\/wp-json\/wp\/v2\/types\/page"}],"author":[{"embeddable":true,"href":"https:\/\/sulelaw.com\/hu\/wp-json\/wp\/v2\/users\/1"}],"replies":[{"embeddable":true,"href":"https:\/\/sulelaw.com\/hu\/wp-json\/wp\/v2\/comments?post=19521"}],"version-history":[{"count":6,"href":"https:\/\/sulelaw.com\/hu\/wp-json\/wp\/v2\/pages\/19521\/revisions"}],"predecessor-version":[{"id":24229,"href":"https:\/\/sulelaw.com\/hu\/wp-json\/wp\/v2\/pages\/19521\/revisions\/24229"}],"up":[{"embeddable":true,"href":"https:\/\/sulelaw.com\/hu\/wp-json\/wp\/v2\/pages\/19470"}],"wp:attachment":[{"href":"https:\/\/sulelaw.com\/hu\/wp-json\/wp\/v2\/media?parent=19521"}],"curies":[{"name":"wp","href":"https:\/\/api.w.org\/{rel}","templated":true}]}}