{"id":19490,"date":"2020-09-29T08:21:02","date_gmt":"2020-09-29T08:21:02","guid":{"rendered":"https:\/\/va87zabukmi.preview.infomaniak.website\/?page_id=19490"},"modified":"2020-09-29T08:32:49","modified_gmt":"2020-09-29T08:32:49","slug":"cookie-policy","status":"publish","type":"page","link":"https:\/\/sulelaw.com\/hu\/az-ugyvedi-iroda\/cookie-policy\/","title":{"rendered":"Cookie Policy"},"content":{"rendered":"\n<div class=\"gb-container gb-container-1a210b3c\"><div class=\"gb-inside-container\">\n<div class=\"gb-headline-wrapper gb-headline-wrapper-3f01195c\"><span class=\"gb-icon\"><svg aria-hidden=\"true\" height=\"1em\" width=\"1em\" viewBox=\"0 0 256 512\" xmlns=\"http:\/\/www.w3.org\/2000\/svg\"><path fill=\"currentColor\" d=\"M224.3 273l-136 136c-9.4 9.4-24.6 9.4-33.9 0l-22.6-22.6c-9.4-9.4-9.4-24.6 0-33.9l96.4-96.4-96.4-96.4c-9.4-9.4-9.4-24.6 0-33.9L54.3 103c9.4-9.4 24.6-9.4 33.9 0l136 136c9.5 9.4 9.5 24.6.1 34z\"><\/path><\/svg><\/span><p class=\"gb-headline gb-headline-3f01195c\">Cookie-K<\/p><\/div>\n\n\n\n<p>A cookie-k vagy s\u00fctik akkor j\u00f6nnek l\u00e9tre, amikor megl\u00e1togat egy weboldalt, vagy appot haszn\u00e1l. Alapvet\u0151en kicsi sz\u00f6veges f\u00e1jlok, amelyeket az eszk\u00f6z\u00f6n t\u00e1rolnak, \u00e9s amelyek a felhaszn\u00e1l\u00f3i \u00e9lm\u00e9nyt szabj\u00e1k testre. Ez a f\u00e1jl inform\u00e1ci\u00f3kat t\u00e1rolhat a preferenci\u00e1ir\u00f3l annak alapj\u00e1n, hogy mit \u00e1ll\u00edtott be legut\u00f3bb a weboldalon. A s\u00fctiket m\u00e1s okokb\u00f3l is haszn\u00e1ljuk, p\u00e9ld\u00e1ul rekl\u00e1moz\u00e1s \u00e9s marketing, a webhely k\u00fcl\u00f6nb\u00f6z\u0151 elrendez\u00e9s\u00e9vel val\u00f3 k\u00eds\u00e9rletez\u00e9s, a webhelyen tett l\u00e1togat\u00e1sok m\u00e9r\u00e9se \u00e9s a preferenci\u00e1k meg\u00e9rt\u00e9se \u00e9rdek\u00e9ben. Ez azt jelenti, hogy szem\u00e9lyre szabott hirdet\u00e9seket, aj\u00e1nlatokat \u00e9s tartalmat tudunk megmutatni \u00d6nnek. A webhelyeink b\u00f6ng\u00e9sz\u00e9s\u00e9nek folytat\u00e1s\u00e1val \u00d6n elfogadja a s\u00fctik haszn\u00e1lat\u00e1t az ebben a k\u00f6zlem\u00e9nyben le\u00edrtak szerint. A s\u00fctik az internet fontos r\u00e9sz\u00e9t k\u00e9pezik. Sokkal g\u00f6rd\u00fcl\u00e9kenyebb\u00e9 teszik az eszk\u00f6z\u00f6k haszn\u00e1lat\u00e1t \u00e9s az online inform\u00e1ci\u00f3khoz val\u00f3 hozz\u00e1f\u00e9r\u00e9st, \u00e9s befoly\u00e1solj\u00e1k a webhelyek sz\u00e1mos hasznos funkci\u00f3j\u00e1t. A s\u00fctiknek sokf\u00e9le felhaszn\u00e1l\u00e1sa van, de n\u00e9gy f\u0151 csoportba sorolhat\u00f3k.<\/p>\n\n\n\n<p><br><strong>\u2022 A k\u00e9rt tartalom, term\u00e9k vagy szolg\u00e1ltat\u00e1s ny\u00fajt\u00e1s\u00e1hoz sz\u00fcks\u00e9ges s\u00fctik<\/strong><\/p>\n\n\n\n<p>Egyes s\u00fctik elengedhetetlenek ahhoz, hogy eszk\u00f6zei let\u00f6lthess\u00e9k vagy tov\u00e1bb\u00edts\u00e1k az inform\u00e1ci\u00f3kat, vagy hogy navig\u00e1lhassanak a webhelyeken \u00e9s haszn\u00e1lhass\u00e1k azok funkci\u00f3it. E cookie-k n\u00e9lk\u00fcl nem biztos\u00edthat\u00f3 a k\u00e9rt tartalom, term\u00e9kek vagy szolg\u00e1ltat\u00e1sok. \u00cdme n\u00e9h\u00e1ny p\u00e9lda az alapvet\u0151 s\u00fctikre:<br>Inform\u00e1ci\u00f3k elhelyez\u00e9se egy okostelefon k\u00e9perny\u0151j\u00e9n, t\u00e1blag\u00e9p\u00e9n vagy m\u00e1s k\u00e9perny\u0151n, hogy l\u00e1thassa a weboldalt \u00e9s haszn\u00e1lhassa annak funkcionalit\u00e1s\u00e1t. S\u00fctik n\u00e9lk\u00fcl el\u0151fordulhat, hogy minden megl\u00e1togatott webhelyen ism\u00e9telten m\u00f3dos\u00edtania kell a hanger\u0151 \u00e9s a megtekint\u00e9si be\u00e1ll\u00edt\u00e1sokat. N\u00e9h\u00e1ny munkamenet-s\u00fcti lehet\u0151v\u00e9 teszi a z\u00f6kken\u0151mentes navig\u00e1ci\u00f3t a webhelyen.<\/p>\n\n\n\n<p><br><strong>\u2022 A b\u00f6ng\u00e9sz\u00e9si \u00e9lm\u00e9ny jav\u00edt\u00e1sa<\/strong><\/p>\n\n\n\n<p>A s\u00fctik lehet\u0151v\u00e9 teszik az alkalmaz\u00e1s vagy a webhely sz\u00e1m\u00e1ra, hogy eml\u00e9kezzen az \u00d6n \u00e1ltal elv\u00e9gzett d\u00f6nt\u00e9sekre, p\u00e9ld\u00e1ul az \u00d6n nyelv\u00e9re vagy r\u00e9gi\u00f3j\u00e1ra, \u00e9s tov\u00e1bbfejlesztett funkci\u00f3kat k\u00edn\u00e1lnak. Az al\u00e1bbiakban bemutatunk n\u00e9h\u00e1ny p\u00e9ld\u00e1t a s\u00fctik haszn\u00e1lat\u00e1nak n\u00e9h\u00e1ny m\u00f3dj\u00e1ra, hogy jav\u00edtsuk az alkalmaz\u00e1sunk \u00e9s webhelyeink b\u00f6ng\u00e9sz\u00e9si \u00e9lm\u00e9ny\u00e9t:<br>Eml\u00e9kezzen a preferenci\u00e1ira \u00e9s be\u00e1ll\u00edt\u00e1saira, bele\u00e9rtve a marketingpreferenci\u00e1kat is, p\u00e9ld\u00e1ul annak eld\u00f6nt\u00e9s\u00e9t, hogy marketing inform\u00e1ci\u00f3kat szeretne-e kapni.<br>Eml\u00e9kezzen arra, hogy kit\u00f6lt\u00f6tte-e a k\u00e9rd\u0151\u00edvet, \u00edgy nem k\u00e9ri \u00fajra annak kit\u00f6lt\u00e9s\u00e9t.<br>Eml\u00e9kezzenarra, hogy j\u00e1rt-e m\u00e1r kor\u00e1bban az alkalmaz\u00e1sban vagy a webhelyen.<br>Annak korl\u00e1toz\u00e1sa, hogy h\u00e1nyszor jelen\u00edtsen meg egy adott online hirdet\u00e9st. Ezt n\u00e9ha \u201egyakoris\u00e1gkorl\u00e1toz\u00e1snak\u201d nevezik.<br>A kapott tartalom, term\u00e9kek vagy szolg\u00e1ltat\u00e1sok szempontj\u00e1b\u00f3l relev\u00e1ns inform\u00e1ci\u00f3k megjelen\u00edt\u00e9se.<br>Hozz\u00e1f\u00e9r\u00e9st biztos\u00edt a k\u00f6z\u00f6ss\u00e9gi oldalak \u00e1ltal biztos\u00edtott tartalmakhoz, p\u00e9ld\u00e1ul a Facebookhoz vagy a Twitterhez.<br>A kapcsol\u00f3d\u00f3 cikkekre mutat\u00f3 linkek megjelen\u00edt\u00e9se, amelyek relev\u00e1nsak az \u00d6n \u00e1ltal megtekintett inform\u00e1ci\u00f3k szempontj\u00e1b\u00f3l.<br>Eml\u00e9kezzen egy megadott alkalmaz\u00e1sra vagy webhelyre, p\u00e9ld\u00e1ul id\u0151j\u00e1r\u00e1s-el\u0151rejelz\u00e9sre.<\/p>\n\n\n\n<p><br><strong>\u2022 Analitika<\/strong><\/p>\n\n\n\n<p>Szeretn\u00e9nk nyomon k\u00f6vetni, hogy mely webhelyek, inform\u00e1ci\u00f3k \u00e9s linkek n\u00e9pszer\u0171ek, \u00e9s melyek nem annyira, hogy inform\u00e1ci\u00f3inkat aktu\u00e1lisan \u00e9s naprak\u00e9szen tarthassuk. Az is hasznos, hogy k\u00e9pesek legy\u00fcnk felismerni azokat a trendeket, amelyek szerint az emberek eligazodnak, navig\u00e1lnak az inform\u00e1ci\u00f3inkban, valamint hogy mikor \u00e9s honnan sz\u00e1rmazhatnak hiba\u00fczenetek. A s\u00fctik ezen csoportj\u00e1t, amelyet gyakran \u201eanalitikai s\u00fctinek\u201d h\u00edvnak, ezen inform\u00e1ci\u00f3k \u00f6sszegy\u0171jt\u00e9s\u00e9re haszn\u00e1lj\u00e1k. Az \u00f6sszegy\u0171jt\u00f6tt inform\u00e1ci\u00f3kat a mindenki m\u00e1s cookie-jaib\u00f3l sz\u00e1rmaz\u00f3 inform\u00e1ci\u00f3kkal csoportos\u00edtjuk. Ezut\u00e1n a felhaszn\u00e1l\u00e1s \u00e1ltal\u00e1nos mint\u00e1it l\u00e1thatjuk, nem pedig egy szem\u00e9ly tev\u00e9kenys\u00e9g\u00e9t. Az analitikai cookie-kat arra haszn\u00e1lj\u00e1k, hogy jav\u00edts\u00e1k egy alkalmaz\u00e1s, egy webhely \u00e9s annak oldalai m\u0171k\u00f6d\u00e9s\u00e9t. Alkalmaz\u00e1saink, webhelyeink \u00e9s a t\u0151l\u00fcnk kapott kommunik\u00e1ci\u00f3 kicsi, l\u00e1thatatlan k\u00e9peket tartalmaz, amelyeket \u201ewebjelz\u0151knek\u201d vagy \u201epixeleknek\u201d neveznek. Ezeket az \u00d6n \u00e9s az online inform\u00e1ci\u00f3 vagy e-mail k\u00f6z\u00f6tti interakci\u00f3 kezel\u00e9s\u00e9re haszn\u00e1lj\u00e1k, \u00e9s lehet\u0151v\u00e9 teszik sz\u00e1munkra a kommunik\u00e1ci\u00f3 hat\u00e9konys\u00e1g\u00e1nak felm\u00e9r\u00e9s\u00e9t.<\/p>\n\n\n\n<p><br><strong>\u2022 T\u00e1rsult s\u00fctik<\/strong><\/p>\n\n\n\n<p>Nem haszn\u00e1lunk t\u00e1rsult (&#8222;affiliate&#8221;) s\u00fctiket.<\/p>\n<\/div><\/div>\n","protected":false},"excerpt":{"rendered":"<p>Cookie-K A cookie-k vagy s\u00fctik akkor j\u00f6nnek l\u00e9tre, amikor megl\u00e1togat egy weboldalt, vagy appot haszn\u00e1l. Alapvet\u0151en kicsi sz\u00f6veges f\u00e1jlok, amelyeket az eszk\u00f6z\u00f6n t\u00e1rolnak, \u00e9s amelyek a felhaszn\u00e1l\u00f3i \u00e9lm\u00e9nyt szabj\u00e1k testre. Ez a f\u00e1jl inform\u00e1ci\u00f3kat t\u00e1rolhat a preferenci\u00e1ir\u00f3l annak alapj\u00e1n, hogy mit \u00e1ll\u00edtott be legut\u00f3bb a weboldalon. A s\u00fctiket m\u00e1s okokb\u00f3l is haszn\u00e1ljuk, p\u00e9ld\u00e1ul rekl\u00e1moz\u00e1s \u00e9s &#8230; <a title=\"Cookie Policy\" class=\"read-more\" href=\"https:\/\/sulelaw.com\/hu\/az-ugyvedi-iroda\/cookie-policy\/\" aria-label=\"Read more about Cookie Policy\">Olvass tov\u00e1bb<\/a><\/p>\n","protected":false},"author":1,"featured_media":0,"parent":19470,"menu_order":0,"comment_status":"closed","ping_status":"closed","template":"","meta":{"footnotes":""},"class_list":["post-19490","page","type-page","status-publish"],"aioseo_notices":[],"_links":{"self":[{"href":"https:\/\/sulelaw.com\/hu\/wp-json\/wp\/v2\/pages\/19490","targetHints":{"allow":["GET"]}}],"collection":[{"href":"https:\/\/sulelaw.com\/hu\/wp-json\/wp\/v2\/pages"}],"about":[{"href":"https:\/\/sulelaw.com\/hu\/wp-json\/wp\/v2\/types\/page"}],"author":[{"embeddable":true,"href":"https:\/\/sulelaw.com\/hu\/wp-json\/wp\/v2\/users\/1"}],"replies":[{"embeddable":true,"href":"https:\/\/sulelaw.com\/hu\/wp-json\/wp\/v2\/comments?post=19490"}],"version-history":[{"count":2,"href":"https:\/\/sulelaw.com\/hu\/wp-json\/wp\/v2\/pages\/19490\/revisions"}],"predecessor-version":[{"id":19495,"href":"https:\/\/sulelaw.com\/hu\/wp-json\/wp\/v2\/pages\/19490\/revisions\/19495"}],"up":[{"embeddable":true,"href":"https:\/\/sulelaw.com\/hu\/wp-json\/wp\/v2\/pages\/19470"}],"wp:attachment":[{"href":"https:\/\/sulelaw.com\/hu\/wp-json\/wp\/v2\/media?parent=19490"}],"curies":[{"name":"wp","href":"https:\/\/api.w.org\/{rel}","templated":true}]}}