{"id":20534,"date":"2020-11-04T09:15:08","date_gmt":"2020-11-04T09:15:08","guid":{"rendered":"https:\/\/va87zabukmi.preview.infomaniak.website\/legal-services\/it-law-it-lawyer-it-law-firm\/"},"modified":"2020-12-31T11:16:39","modified_gmt":"2020-12-31T11:16:39","slug":"it-law-it-lawyer-it-law-firm","status":"publish","type":"page","link":"https:\/\/sulelaw.com\/fr\/legal-services\/it-law-it-lawyer-it-law-firm\/","title":{"rendered":"Droit informatique \/ Cabinet d\u2019avocats sp\u00e9cialis\u00e9 en technologie \/ Avocat sp\u00e9cialis\u00e9 en technologie"},"content":{"rendered":"<div class=\"gb-container gb-container-e3321647\"><div class=\"gb-inside-container\">\n<div class=\"gb-grid-wrapper gb-grid-wrapper-9df41ee5\">\n<div class=\"gb-grid-column gb-grid-column-71587cc8\"><div class=\"gb-container gb-container-71587cc8\"><div class=\"gb-inside-container\">\n\n<h2 class=\"gb-headline gb-headline-5d5268ff gb-headline-text\">Focus d\u2019un cabinet d\u2019avocats en DROIT  <\/h2>\n\n<\/div><\/div><\/div>\n\n<div class=\"gb-grid-column gb-grid-column-633a8305\"><div class=\"gb-container gb-container-633a8305\"><div class=\"gb-inside-container\">\n\n<p>Notre cabinet d\u2019avocats en DROIT assiste des entreprises nationales et internationales de premier plan. Qu\u2019il s\u2019agisse de fournisseurs ou d\u2019utilisateurs, toutes les entreprises d\u2019aujourd\u2019hui doivent faire face \u00e0 l\u2019IT. Nous vous soutenons dans la n\u00e9gociation de vos contrats avec vos partenaires commerciaux, fournisseurs et clients. Nos sp\u00e9cialistes offrent des solutions cr\u00e9atives et pratiques pour ces questions aux entreprises internet, aux institutions financi\u00e8res, aux fournisseurs et acheteurs informatiques, aux entreprises de t\u00e9l\u00e9communications et aux entreprises technologiques innovantes.  <\/p>\n\n\n\n<p>Notre \u00e9quipe juridique en mati\u00e8re d\u2019information \u00e9value si les clients sont conformes aux lois et r\u00e8glements pertinents. Cela comprend la r\u00e9daction et des conseils juridiques dans tous les types de contrats de SERVICES PUBLICS dans une gamme compl\u00e8te de domaines, tels que l\u2019octroi de licences, la distribution, le d\u00e9veloppement, la maintenance, l\u2019impartition et le commerce \u00e9lectronique. Nos avocats en DROIT se concentrent sur la pr\u00e9vention des litiges.<\/p>\n\n<\/div><\/div><\/div>\n<\/div>\n<\/div><\/div><div class=\"gb-container gb-container-05724921\"><div class=\"gb-inside-container\">\n<div class=\"gb-grid-wrapper gb-grid-wrapper-f1eea5cd\">\n<div class=\"gb-grid-column gb-grid-column-f8fac88a\"><div class=\"gb-container gb-container-f8fac88a\"><div class=\"gb-inside-container\">\n\n<h2 class=\"gb-headline gb-headline-2e40bf50 gb-headline-text\">Nos principaux services de droit des services informatiques<\/h2>\n\n<\/div><\/div><\/div>\n\n<div class=\"gb-grid-column gb-grid-column-7a0f3012\"><div class=\"gb-container gb-container-7a0f3012\"><div class=\"gb-inside-container\">\n\n<div class=\"wp-block-pb-accordion-item c-accordion__item js-accordion-item no-js\" data-initially-open=\"false\" data-click-to-close=\"true\" data-auto-close=\"false\" data-scroll=\"false\" data-scroll-offset=\"0\"><h3 id=\"at-67813\" class=\"c-accordion__title js-accordion-controller\" role=\"button\">Reviewing and drafting IT agreements, licensing and transactions <\/h3><div id=\"ac-67813\" class=\"c-accordion__content\">\n<p>Nous pouvons vous guider \u00e0 travers des accords technologiques allant des start-ups aux bureaux de transfert de technologie, en passant par les multinationales.<\/p>\n<\/div><\/div>\n\n\n\n<div class=\"wp-block-pb-accordion-item c-accordion__item js-accordion-item no-js\" data-initially-open=\"false\" data-click-to-close=\"true\" data-auto-close=\"false\" data-scroll=\"false\" data-scroll-offset=\"0\"><h3 id=\"at-12388\" class=\"c-accordion__title js-accordion-controller\" role=\"button\">Start-ups<\/h3><div id=\"ac-12388\" class=\"c-accordion__content\">\n<p>Nous guidos les clients en d\u00e9marrage \u00e0 travers les bases de la formation d\u2019entreprise, du financement, de la r\u00e9glementation du contenu et de la gestion de sites Web.<\/p>\n\n\n\n<p>Notre cabinet <strong>d\u2019avocats en droit<\/strong> fournit des solutions juridiques impliquant des offres de produits multi juridictions et des litiges relatifs aux noms de domaine.<\/p>\n<\/div><\/div>\n\n\n\n<div class=\"wp-block-pb-accordion-item c-accordion__item js-accordion-item no-js\" data-initially-open=\"false\" data-click-to-close=\"true\" data-auto-close=\"false\" data-scroll=\"false\" data-scroll-offset=\"0\"><h3 id=\"at-59928\" class=\"c-accordion__title js-accordion-controller\" role=\"button\">Dispute resolution in the IT sector<\/h3><div id=\"ac-59928\" class=\"c-accordion__content\">\n<p>Nos avocats plaidants ont une r\u00e9putation bien m\u00e9rit\u00e9e pour les approches centr\u00e9es sur les affaires et centr\u00e9es sur le client en mati\u00e8re de litige. Les objectifs de nos clients d\u00e9terminent notre strat\u00e9gie, qu\u2019il s\u2019agisse d\u2019une injonction imm\u00e9diate, d\u2019un r\u00e8glement rapide d\u2019un diff\u00e9rend commercial, d\u2019un RED, d\u2019un arbitrage priv\u00e9 ou d\u2019un litige ou d\u2019un appel devant un tribunal civil.<\/p>\n<\/div><\/div>\n\n\n\n<div class=\"wp-block-pb-accordion-item c-accordion__item js-accordion-item no-js\" data-initially-open=\"false\" data-click-to-close=\"true\" data-auto-close=\"false\" data-scroll=\"false\" data-scroll-offset=\"0\"><h3 id=\"at-97572\" class=\"c-accordion__title js-accordion-controller\" role=\"button\">Regulatory steps for IT service providers<\/h3><div id=\"ac-97572\" class=\"c-accordion__content\">\n<p>Selon votre entreprise, une notification ou l\u2019enregistrement de vos services est exig\u00e9 par les autorit\u00e9s de surveillance. Dans certains cas, il est \u00e9galement tenu de d\u00e9poser des conditions g\u00e9n\u00e9rales qui remplissent les lois r\u00e9glementaires.<\/p>\n<\/div><\/div>\n\n<\/div><\/div><\/div>\n<\/div>\n<\/div><\/div><div class=\"gb-container gb-container-f4aa788b\"><div class=\"gb-inside-container\">\n<div class=\"gb-grid-wrapper gb-grid-wrapper-6491d706\">\n<div class=\"gb-grid-column gb-grid-column-3f1495bc\"><div class=\"gb-container gb-container-3f1495bc\"><div class=\"gb-inside-container\">\n\n<h2 class=\"gb-headline gb-headline-8ed7bb69 gb-headline-text\">Le droit informatique est la loi des technologies de l\u2019information, y compris l\u2019informatique et l\u2019Internet<\/h2>\n\n<\/div><\/div><\/div>\n\n<div class=\"gb-grid-column gb-grid-column-033bdb6f\"><div class=\"gb-container gb-container-033bdb6f\"><div class=\"gb-inside-container\">\n\n<figure class=\"wp-block-image size-large\"><img loading=\"lazy\" decoding=\"async\" width=\"1024\" height=\"827\" src=\"https:\/\/sulelaw.com\/wp-content\/uploads\/2020\/11\/cdc-I-SoYkFjVI0-unsplash-1024x827.jpg\" alt=\"IT lawyer hungary germany EU\" class=\"wp-image-20273\" srcset=\"https:\/\/sulelaw.com\/wp-content\/uploads\/2020\/11\/cdc-I-SoYkFjVI0-unsplash-1024x827.jpg 1024w, https:\/\/sulelaw.com\/wp-content\/uploads\/2020\/11\/cdc-I-SoYkFjVI0-unsplash-300x242.jpg 300w, https:\/\/sulelaw.com\/wp-content\/uploads\/2020\/11\/cdc-I-SoYkFjVI0-unsplash-768x620.jpg 768w, https:\/\/sulelaw.com\/wp-content\/uploads\/2020\/11\/cdc-I-SoYkFjVI0-unsplash-1536x1241.jpg 1536w, https:\/\/sulelaw.com\/wp-content\/uploads\/2020\/11\/cdc-I-SoYkFjVI0-unsplash.jpg 1920w\" sizes=\"auto, (max-width: 1024px) 100vw, 1024px\" \/><figcaption>Photo de la Biblioth\u00e8que d\u2019images de sant\u00e9 publique des Centers for Disease Control and Prevention &#8211; <a href=\"https:\/\/unsplash.com\/@cdc?utm_source=unsplash&amp;utm_medium=referral&amp;utm_content=creditCopyText\">CDC<\/a> <br\/>\u00ab Cette photographie historique des ann\u00e9es 1980, prise dans ce qui \u00e9tait un Centre national des maladies transmissibles (NCDC), laboratoire d\u2019essais de grippe, repr\u00e9sentait Penny Gentry, une laboratorienne, entrant des donn\u00e9es dans une base de donn\u00e9es sp\u00e9cifique \u00e0 la grippe, alors qu\u2019elle \u00e9tait assise \u00e0 un poste de travail informatique. Le NCDC (1967-1970) a \u00e9t\u00e9 l\u2019un des pr\u00e9curseurs des Centers for Disease Control and Prevention (CDC), plus contemporains, qui a \u00e9t\u00e9 officiellement nomm\u00e9 en 1992\u00bb<\/figcaption><\/figure>\n<\/div><\/div><\/div>\n<\/div>\n<\/div><\/div><div class=\"gb-container gb-container-2a545a7e\"><div class=\"gb-inside-container\">\n\n<h2 class=\"has-text-align-center wp-block-heading\">Droit de l\u2019IT &#8211; Questions fr\u00e9quemment pos\u00e9es &#8211; FAQ<\/h2>\n\n\n\n<p><\/p>\n\n\n\n<div class=\"schema-faq wp-block-yoast-faq-block\"><div class=\"schema-faq-section\" id=\"faq-question-1604420909555\"><strong class=\"schema-faq-question\">Qu\u2019est-ce<strong> que la loi sur les technologies de l\u2019information?<\/strong><\/strong> <p class=\"schema-faq-answer\">Le droit informatique (droit des technologies de l\u2019information) fournit le cadre juridique pour la collecte, l\u2019utilisation, le stockage et la distribution d\u2019informations \u00e9lectroniques dans le monde entier. Les avocats en DROIT dans ce domaine repr\u00e9sentent des individus et des entreprises pratiquement de tous les secteurs. Ils aident \u00e0 structurer les transactions li\u00e9es aux technologies de l\u2019information afin de maximiser le profit des clients tout en assurant la conformit\u00e9 \u00e0 la r\u00e9glementation. L\u2019accent est \u00e9galement mis sur l\u2019anticipation des sources potentielles de litige entre les parties \u00e0 une transaction et la conclusion d\u2019ententes qui r\u00e9pondent \u00e0 ces pr\u00e9occupations et r\u00e9duisent ainsi le risque de litige.<br>Lorsque surviennent des diff\u00e9rends en mati\u00e8re de technologie de l\u2019information qui ne peuvent \u00eatre r\u00e9solus en dehors du syst\u00e8me judiciaire, un avocat sp\u00e9cialis\u00e9 en droit informatique peut s\u2019av\u00e9rer un ardent d\u00e9fenseur par rapport \u00e0 un avocat g\u00e9n\u00e9ral. Les cabinets<strong> d\u2019avocats en technologie de l\u2019information<\/strong> et en informatique embauchent g\u00e9n\u00e9ralement des avocats ayant une exp\u00e9rience pratique dans l\u2019industrie avant d\u2019entrer dans la profession juridique. Dans cet esprit, un avocat sera en mesure d\u2019expliquer les concepts techniques \u00e0 un juge plus efficacement.<\/p> <\/div> <div class=\"schema-faq-section\" id=\"faq-question-1605212230502\"><strong class=\"schema-faq-question\">Des conseils juridiques en ligne sont-ils possibles?<\/strong> <p class=\"schema-faq-answer\">Oui, les conseils juridiques en ligne conviennent \u00e0 la formation d\u2019un avis juridique valide \u00e0 tous \u00e9gards. Profitant des possibilit\u00e9s offertes par la technologie, l\u2019identification des clients et la v\u00e9rification des documents peuvent \u00e9galement \u00eatre effectu\u00e9es en ligne. Un avocat en ligne est une option disponible dans la plupart des cas.<\/p> <\/div> <\/div>\n\n<\/div><\/div>","protected":false},"excerpt":{"rendered":"<p>Droit de l\u2019IT &#8211; Questions fr\u00e9quemment pos\u00e9es &#8211; FAQ<\/p>\n","protected":false},"author":2,"featured_media":0,"parent":20480,"menu_order":0,"comment_status":"closed","ping_status":"closed","template":"","meta":{"footnotes":""},"class_list":["post-20534","page","type-page","status-publish"],"aioseo_notices":[],"_links":{"self":[{"href":"https:\/\/sulelaw.com\/fr\/wp-json\/wp\/v2\/pages\/20534","targetHints":{"allow":["GET"]}}],"collection":[{"href":"https:\/\/sulelaw.com\/fr\/wp-json\/wp\/v2\/pages"}],"about":[{"href":"https:\/\/sulelaw.com\/fr\/wp-json\/wp\/v2\/types\/page"}],"author":[{"embeddable":true,"href":"https:\/\/sulelaw.com\/fr\/wp-json\/wp\/v2\/users\/2"}],"replies":[{"embeddable":true,"href":"https:\/\/sulelaw.com\/fr\/wp-json\/wp\/v2\/comments?post=20534"}],"version-history":[{"count":26,"href":"https:\/\/sulelaw.com\/fr\/wp-json\/wp\/v2\/pages\/20534\/revisions"}],"predecessor-version":[{"id":22929,"href":"https:\/\/sulelaw.com\/fr\/wp-json\/wp\/v2\/pages\/20534\/revisions\/22929"}],"up":[{"embeddable":true,"href":"https:\/\/sulelaw.com\/fr\/wp-json\/wp\/v2\/pages\/20480"}],"wp:attachment":[{"href":"https:\/\/sulelaw.com\/fr\/wp-json\/wp\/v2\/media?parent=20534"}],"curies":[{"name":"wp","href":"https:\/\/api.w.org\/{rel}","templated":true}]}}