{"id":20522,"date":"2020-10-26T08:00:18","date_gmt":"2020-10-26T08:00:18","guid":{"rendered":"https:\/\/va87zabukmi.preview.infomaniak.website\/legal-services\/data-protection-gdpr-law-firm-data-privacy-eu-representative-dpo-data-protection-office-article-27-representative\/"},"modified":"2020-12-31T11:10:27","modified_gmt":"2020-12-31T11:10:27","slug":"data-protection-gdpr-law-firm-data-privacy-eu-representative-dpo-data-protection-office-article-27-representative","status":"publish","type":"page","link":"https:\/\/sulelaw.com\/fr\/legal-services\/data-protection-gdpr-law-firm-data-privacy-eu-representative-dpo-data-protection-office-article-27-representative\/","title":{"rendered":"Protection des donn\u00e9es \/ Loi GDPR \/ Confidentialit\u00e9 des donn\u00e9es \/ Agent de protection des donn\u00e9es"},"content":{"rendered":"\n<div class=\"gb-container gb-container-e3321647\"><div class=\"gb-inside-container\">\n<div class=\"gb-grid-wrapper gb-grid-wrapper-9df41ee5\">\n<div class=\"gb-grid-column gb-grid-column-71587cc8\"><div class=\"gb-container gb-container-71587cc8\"><div class=\"gb-inside-container\">\n<h2 class=\"gb-headline gb-headline-5d5268ff\">la protection des donn\u00e9es du GDPR, de l\u2019Allemagne et de la Hongrie; DPO (DPO)<\/h2>\n<\/div><\/div><\/div>\n\n\n\n<div class=\"gb-grid-column gb-grid-column-633a8305\"><div class=\"gb-container gb-container-633a8305\"><div class=\"gb-inside-container\">\n<p>Notre cabinet <strong>d\u2019avocats expert en protection des<\/strong> donn\u00e9es est disponible pour consultation et conseils juridiques dans les questions de protection des donn\u00e9es et de conformit\u00e9 \u00e0 la libert\u00e9 de <strong>l\u2019information,<\/strong> en particulier pour la mise en \u0153uvre continue et le respect du R\u00e8glement g\u00e9n\u00e9ral sur la protection des <strong>donn\u00e9es (GDPR) en Hongrie et en Allemagne.<\/strong> La pratique est dirig\u00e9e par \u00c1kos S\u00fcle qui est <strong>un agent certifi\u00e9 de protection des donn\u00e9es (DPO) et<\/strong> un repr\u00e9sentant <strong>gdpr de l\u2019UE<\/strong>. Depuis la date d\u2019application du GDPR &#8211; 25 mai 2018 &#8211; c\u2019est la l\u00e9gislation commune la plus importante de l\u2019UE, avec des diff\u00e9rences mineures en Hongrie et en Allemagne.<\/p>\n\n\n\n<p>Nous pr\u00e9parons et \u00e9valuons r\u00e9guli\u00e8rement <strong>les politiques des entreprises de protection des<\/strong> donn\u00e9es et de s\u00e9curit\u00e9 des donn\u00e9es et analysons les sites Web \u00e0 partir de ces aspects afin de parvenir au plein respect des lois applicables. Nos avocats <strong>sp\u00e9cialis\u00e9s dans la protection des<\/strong> donn\u00e9es peuvent g\u00e9rer le contact avec l\u2019Autorit\u00e9 nationale hongroise pour la protection des donn\u00e9es et la libert\u00e9 de l\u2019information. Nous effectuons \u00e9galement des v\u00e9rifications de conformit\u00e9 \u00e0 la protection de la vie priv\u00e9e des donn\u00e9es et pr\u00e9parons les rapports de diligence raisonnable connexes. Une grande partie de notre travail nous est r\u00e9f\u00e9r\u00e9e par d\u2019autres cabinets d\u2019avocats. Nous nous en f\u00e9licitons, et nous rendons la pareille dans d\u2019autres domaines, par renvois ou par affectations.<\/p>\n<\/div><\/div><\/div>\n<\/div>\n<\/div><\/div>\n\n<div class=\"gb-container gb-container-25f97922\"><div class=\"gb-inside-container\"><\/div><\/div>\n\n<div class=\"gb-container gb-container-05724921\"><div class=\"gb-inside-container\">\n<div class=\"gb-grid-wrapper gb-grid-wrapper-f1eea5cd\">\n<div class=\"gb-grid-column gb-grid-column-f8fac88a\"><div class=\"gb-container gb-container-f8fac88a\"><div class=\"gb-inside-container\">\n<h2 class=\"gb-headline gb-headline-2e40bf50\">Certains de nos services juridiques li\u00e9s \u00e0 la protection des donn\u00e9es<\/h2>\n\n\n\n<p><\/p>\n\n\n\n<div class=\"gb-container gb-container-04ec6bb0\"><div class=\"gb-inside-container\"><\/div><\/div>\n\n\n\n<figure class=\"wp-block-image size-large is-style-rounded\"><img loading=\"lazy\" decoding=\"async\" width=\"640\" height=\"425\" src=\"https:\/\/sulelaw.com\/wp-content\/uploads\/2020\/11\/data-protection-eu-surveillance-camera.jpg\" alt=\"droit de protection des donn&#xE9;es UE GDPR CCTV surveillance\" class=\"wp-image-21218\" srcset=\"https:\/\/sulelaw.com\/wp-content\/uploads\/2020\/11\/data-protection-eu-surveillance-camera.jpg 640w, https:\/\/sulelaw.com\/wp-content\/uploads\/2020\/11\/data-protection-eu-surveillance-camera-300x199.jpg 300w\" sizes=\"auto, (max-width: 640px) 100vw, 640px\" \/><figcaption>Photo par: <a href=\"https:\/\/unsplash.com\/@tobiastu?utm_source=unsplash&amp;utm_medium=referral&amp;utm_content=creditCopyText\">Tobias Tullius<\/a><\/figcaption><\/figure><\/div><\/div><\/div>\n\n\n\n<div class=\"gb-grid-column gb-grid-column-7a0f3012\"><div class=\"gb-container gb-container-7a0f3012\"><div class=\"gb-inside-container\">\n<div class=\"wp-block-pb-accordion-item c-accordion__item js-accordion-item no-js\" data-initially-open=\"false\" data-click-to-close=\"true\" data-auto-close=\"false\" data-scroll=\"false\" data-scroll-offset=\"0\"><h3 id=\"at-67813\" class=\"c-accordion__title js-accordion-controller\" role=\"button\">Creating a data protection concept for your company<\/h3><div id=\"ac-67813\" class=\"c-accordion__content\">\n<p>Conformit\u00e9 aux lois et aux exigences r\u00e9glementaires<\/p>\n\n\n\n<p>V\u00e9rification des contrats de travail et de travail conform\u00e9ment aux lois sur la protection des donn\u00e9es<\/p>\n\n\n\n<p>R\u00e9daction d\u2019accords de confidentialit\u00e9 et d\u2019ADN pour assurer la non-divulgation des donn\u00e9es prot\u00e9g\u00e9es<\/p>\n\n\n\n<p>Vous aider dans vos accords de traitement de donn\u00e9es<\/p>\n<\/div><\/div>\n\n\n\n<div class=\"wp-block-pb-accordion-item c-accordion__item js-accordion-item no-js\" data-initially-open=\"false\" data-click-to-close=\"true\" data-auto-close=\"false\" data-scroll=\"false\" data-scroll-offset=\"0\"><h3 id=\"at-50922\" class=\"c-accordion__title js-accordion-controller\" role=\"button\">Art 27 GDPR EU data protection representative (appointment)<\/h3><div id=\"ac-50922\" class=\"c-accordion__content\">\n<p>Couvrant l\u2019ensemble de l\u2019Union europ\u00e9enne<\/p>\n\n\n\n<p>Support en tant <strong>qu\u2019expert en protection des donn\u00e9es<\/strong><\/p>\n\n\n\n<p>N\u00e9cessaire pour les entreprises qui traitent des donn\u00e9es personnelles de l\u2019UE mais qui sont assises en dehors de l\u2019UE<\/p>\n<\/div><\/div>\n\n\n\n<div class=\"wp-block-pb-accordion-item c-accordion__item js-accordion-item no-js\" data-initially-open=\"false\" data-click-to-close=\"true\" data-auto-close=\"false\" data-scroll=\"false\" data-scroll-offset=\"0\"><h3 id=\"at-97385\" class=\"c-accordion__title js-accordion-controller\" role=\"button\">Special data protection for particularly sensitive data<\/h3><div id=\"ac-97385\" class=\"c-accordion__content\">\n<p>Les informations sensibles concernant les opinions politiques, l\u2019ethnicit\u00e9, les croyances religieuses ou philosophiques, l\u2019appartenance syndicale, la sant\u00e9 ou la vie sexuelle sont particuli\u00e8rement prot\u00e9g\u00e9es par les lois sur la protection des donn\u00e9es.<\/p>\n\n\n\n<p>Le lien entre les exigences en mati\u00e8re de donn\u00e9es personnelles et les r\u00e8gles relatives aux donn\u00e9es de sant\u00e9 est complexe et n\u00e9cessite une certaine exp\u00e9rience pour comprendre. Nous pouvons aider \u00e0 l\u2019interpr\u00e9tation et \u00e0 la proc\u00e9dure de respect de ces r\u00e8gles<\/p>\n\n\n\n<p>Le traitement des donn\u00e9es personnelles des employ\u00e9s est crucial pour toutes les entreprises. Nous conseillons sur l\u2019importance du GDPR et des r\u00e8gles de protection des donn\u00e9es dans le travail rh<\/p>\n<\/div><\/div>\n\n\n\n<div class=\"wp-block-pb-accordion-item c-accordion__item js-accordion-item no-js\" data-initially-open=\"false\" data-click-to-close=\"true\" data-auto-close=\"false\" data-scroll=\"false\" data-scroll-offset=\"0\"><h3 id=\"at-51200\" class=\"c-accordion__title js-accordion-controller\" role=\"button\">Your website, the German Telemedia Act and data protection laws<\/h3><div id=\"ac-51200\" class=\"c-accordion__content\">\n<p>Les entreprises ciblant l\u2019Allemagne ont besoin d\u2019une politique de confidentialit\u00e9 des sites Web qui r\u00e9ponde aux exigences de la Loi allemande sur les m\u00e9dias t\u00e9l\u00e9m\u00e9dias et de la Loi f\u00e9d\u00e9rale allemande sur la protection des donn\u00e9es<\/p>\n<\/div><\/div>\n\n\n\n<div class=\"wp-block-pb-accordion-item c-accordion__item js-accordion-item no-js\" data-initially-open=\"false\" data-click-to-close=\"true\" data-auto-close=\"false\" data-scroll=\"false\" data-scroll-offset=\"0\"><h3 id=\"at-63512\" class=\"c-accordion__title js-accordion-controller\" role=\"button\">Data security issues<\/h3><div id=\"ac-63512\" class=\"c-accordion__content\">\n<p>Consultation dans le domaine de la s\u00e9curit\u00e9 des donn\u00e9es  <\/p>\n\n\n\n<p>Conduite des audits de s\u00e9curit\u00e9 des donn\u00e9es<\/p>\n\n\n\n<p>Consultation en mati\u00e8re de s\u00e9curit\u00e9 des donn\u00e9es avec frais horaires ou frais juridiques mensuels<\/p>\n<\/div><\/div>\n\n\n\n<div class=\"wp-block-pb-accordion-item c-accordion__item js-accordion-item no-js\" data-initially-open=\"false\" data-click-to-close=\"true\" data-auto-close=\"false\" data-scroll=\"false\" data-scroll-offset=\"0\"><h3 id=\"at-45196\" class=\"c-accordion__title js-accordion-controller\" role=\"button\">Being appointed as German data protection officer or coordinator<\/h3><div id=\"ac-45196\" class=\"c-accordion__content\">\n<p>Nous pouvons \u00e9galement prendre en charge les t\u00e2ches et \u00eatre une personne-ressource pour l\u2019agent de s\u00e9curit\u00e9 des donn\u00e9es \/ coordinateur localement<\/p>\n\n\n\n<p>Dans des circonstances, les entreprises d\u2019au moins dix salari\u00e9s doivent nommer un agent <strong>de protection des donn\u00e9es en Allemagne<\/strong><\/p>\n<\/div><\/div>\n\n\n\n<div class=\"wp-block-pb-accordion-item c-accordion__item js-accordion-item no-js\" data-initially-open=\"false\" data-click-to-close=\"true\" data-auto-close=\"false\" data-scroll=\"false\" data-scroll-offset=\"0\"><h3 id=\"at-21027\" class=\"c-accordion__title js-accordion-controller\" role=\"button\">Hungarian data protection officer or coordinator<\/h3><div id=\"ac-21027\" class=\"c-accordion__content\">\n<p>Nous pouvons \u00e9galement prendre en charge les t\u00e2ches et \u00eatre une personne-ressource pour l\u2019agent de s\u00e9curit\u00e9 des donn\u00e9es \/ coordinateur localement<\/p>\n\n\n\n<p>Formation \u00e0 la s\u00e9curit\u00e9 des donn\u00e9es pour les employ\u00e9s en Hongrie<\/p>\n\n\n\n<p>Certaines entreprises doivent nommer un agent <strong>de protection des donn\u00e9es en Hongrie<\/strong><\/p>\n\n\n\n<p>R\u00e9daction de <strong>programmes et de politiques hongrois<\/strong> en mati\u00e8re de protection des <strong>donn\u00e9es<\/strong> et de confidentialit\u00e9 des donn\u00e9es pour votre entreprise, y compris du mat\u00e9riel de formation<\/p>\n\n\n\n<p>Formation interne sur <strong>le droit de la protection des donn\u00e9es en Hongrie<\/strong><\/p>\n<\/div><\/div>\n\n\n\n<div class=\"wp-block-pb-accordion-item c-accordion__item js-accordion-item no-js\" data-initially-open=\"false\" data-click-to-close=\"true\" data-auto-close=\"false\" data-scroll=\"false\" data-scroll-offset=\"0\"><h3 id=\"at-67562\" class=\"c-accordion__title js-accordion-controller\" role=\"button\">Art 15 GDPR requests<\/h3><div id=\"ac-67562\" class=\"c-accordion__content\">\n<p>Prise en charge dans les cas provenant <strong>du droit d\u2019acc\u00e8s par le sujet des donn\u00e9es<\/strong><\/p>\n\n\n\n<p>Le sujet des donn\u00e9es a le droit d\u2019obtenir du contr\u00f4leur la confirmation si des donn\u00e9es personnelles le concernant sont trait\u00e9es ou non, et l\u2019acc\u00e8s aux donn\u00e9es personnelles<\/p>\n\n\n\n<p>Sur demande, le contr\u00f4leur doit fournir une <strong>copie<\/strong> des donn\u00e9es personnelles en cours de traitement<\/p>\n\n\n\n<p>Support en tant <strong>qu\u2019expert hongrois en protection des donn\u00e9es<\/strong><\/p>\n\n\n\n<p>Support en tant <strong>qu\u2019expert allemand en protection des donn\u00e9es<\/strong><\/p>\n\n\n\n<p>Soutien en tant <strong>qu\u2019expert de l\u2019UE en mati\u00e8re de protection des donn\u00e9es<\/strong><\/p>\n<\/div><\/div>\n\n\n\n<div class=\"wp-block-pb-accordion-item c-accordion__item js-accordion-item no-js\" data-initially-open=\"false\" data-click-to-close=\"true\" data-auto-close=\"false\" data-scroll=\"false\" data-scroll-offset=\"0\"><h3 id=\"at-85366\" class=\"c-accordion__title js-accordion-controller\" role=\"button\">Privacy impact assessment<\/h3><div id=\"ac-85366\" class=\"c-accordion__content\">\n<p>Utilisation du logiciel d\u2019\u00e9valuation de l\u2019impact sur la vie priv\u00e9e (PIA) par la CNIL.<\/p>\n\n\n\n<p>Proc\u00e9dures au DPA hongrois et allemand<\/p>\n\n\n\n<p>Support en tant <strong>qu\u2019expert europ\u00e9en en protection des donn\u00e9es<\/strong><\/p>\n<\/div><\/div>\n\n\n\n<div class=\"wp-block-pb-accordion-item c-accordion__item js-accordion-item no-js\" data-initially-open=\"false\" data-click-to-close=\"true\" data-auto-close=\"false\" data-scroll=\"false\" data-scroll-offset=\"0\"><h3 id=\"at-95078\" class=\"c-accordion__title js-accordion-controller\" role=\"button\">Cross-border data transfer cases<\/h3><div id=\"ac-95078\" class=\"c-accordion__content\">\n<p>V\u00e9rifier la l\u00e9galit\u00e9 du traitement<\/p>\n\n\n\n<p>R\u00e9daction d\u2019un formulaire de d\u00e9claration de consentement pour les relations avec les clients, les fournisseurs et les partenaires commerciaux<\/p>\n<\/div><\/div>\n\n\n\n<div class=\"wp-block-pb-accordion-item c-accordion__item js-accordion-item no-js\" data-initially-open=\"false\" data-click-to-close=\"true\" data-auto-close=\"false\" data-scroll=\"false\" data-scroll-offset=\"0\"><h3 id=\"at-97608\" class=\"c-accordion__title js-accordion-controller\" role=\"button\">Data privacy policies<\/h3><div id=\"ac-97608\" class=\"c-accordion__content\">\n<p>Support en tant <strong>qu\u2019expert hongrois en protection des donn\u00e9es<\/strong><\/p>\n\n\n\n<p>Support en tant <strong>qu\u2019expert allemand en protection des donn\u00e9es<\/strong><\/p>\n\n\n\n<p>Soutien en tant <strong>qu\u2019expert de l\u2019UE en mati\u00e8re de protection des donn\u00e9es<\/strong><\/p>\n<\/div><\/div>\n<\/div><\/div><\/div>\n<\/div>\n<\/div><\/div>\n\n<div class=\"gb-container gb-container-2a545a7e\"><div class=\"gb-inside-container\">\n<h2 class=\"has-text-align-center wp-block-heading\">Protection des donn\u00e9es &#8211; GDPR fr\u00e9quemment pos\u00e9 des questions &#8211; FAQ<\/h2>\n\n\n\n<p><\/p>\n\n\n\n<div class=\"schema-faq wp-block-yoast-faq-block\"><div class=\"schema-faq-section\" id=\"faq-question-1603732441245\"><strong class=\"schema-faq-question\">Les donn\u00e9es personnelles d\u2019un partenaire d\u2019affaires ont \u00e9t\u00e9 divulgu\u00e9es accidentellement. Puis-je retarder la d\u00e9claration jusqu\u2019\u00e0 ce que j\u2019ae puisse avoir tous les faits?<\/strong> <p class=\"schema-faq-answer\">Les contr\u00f4leurs de donn\u00e9es doivent aviser l\u2019autorit\u00e9 de surveillance d\u2019une violation de donn\u00e9es personnelles sans d\u00e9lai indu et, dans la mesure du possible, au plus tard 72 heures apr\u00e8s avoir pris connaissance, \u00e0 moins que la violation ne soit peu susceptible d\u2019entra\u00eener un risque pour les droits et libert\u00e9s de la personne naturelle. Si un d\u00e9lai au-del\u00e0 de 72 heures se produit, le contr\u00f4leur doit aviser l\u2019Autorit\u00e9 de protection des donn\u00e9es de la raison du retard.<\/p> <\/div> <div class=\"schema-faq-section\" id=\"faq-question-1603735225198\"><strong class=\"schema-faq-question\">Qu\u2019est-ce qui doit \u00eatre signal\u00e9 dans un rapport d\u2019atteinte \u00e0 la protection des donn\u00e9es?<\/strong> <p class=\"schema-faq-answer\">(1) la nature de la violation et les cat\u00e9gories et le nombre approximatif de sujets de donn\u00e9es et de dossiers de donn\u00e9es personnelles concern\u00e9s (2) le nom et les coordonn\u00e9es de l\u2019agent de protection des donn\u00e9es ou tout autre contact dans votre entreprise o\u00f9 davantage d\u2019informations peuvent \u00eatre obtenues (3) les cons\u00e9quences pr\u00e9visibles de la violation (4) les mesures que vous avez prises ou proposez de prendre pour rem\u00e9dier \u00e0 la violation ou des mesures visant \u00e0 en att\u00e9nuer les effets<\/p> <\/div> <div class=\"schema-faq-section\" id=\"faq-question-1603735827637\"><strong class=\"schema-faq-question\">Qu\u2019est-ce qu\u2019un arrangement de contr\u00f4leur conjoint?<\/strong> <p class=\"schema-faq-answer\">Les contr\u00f4leurs conjoints qui d\u00e9terminent conjointement l\u2019objet et les moyens de traitement sont tenus d\u2019organiser entre eux leurs responsabilit\u00e9s respectives en mati\u00e8re de conformit\u00e9 au GDPR \u2013 et l\u2019exercice des droits des sujets de donn\u00e9es et la fourniture d\u2019informations sur la transparence aux individus. L\u2019arrangement doit d\u00e9finir leurs r\u00f4les et responsabilit\u00e9s et l\u2019essence de l\u2019arrangement doit \u00eatre mise \u00e0 la disposition des sujets de donn\u00e9es.<\/p> <\/div> <div class=\"schema-faq-section\" id=\"faq-question-1603736151937\"><strong class=\"schema-faq-question\">Qu\u2019est-ce que la protection des donn\u00e9es par conception et par d\u00e9faut et la confidentialit\u00e9 par conception ?<\/strong> <p class=\"schema-faq-answer\">Ils sont synonymes dans le cadre du GDPR et signifient tous deux que les contr\u00f4leurs de donn\u00e9es sont tenus de mettre en place des mesures techniques et organisationnelles appropri\u00e9es qui visent \u00e0 mettre en \u0153uvre des principes de protection des donn\u00e9es et \u00e0 int\u00e9grer des garanties pour la protection des droits des sujets de donn\u00e9es; et veiller \u00e0 ce que, par d\u00e9faut, seules les donn\u00e9es personnelles n\u00e9cessaires aux fins sp\u00e9cifiques du traitement soient utilis\u00e9es<\/p> <\/div> <div class=\"schema-faq-section\" id=\"faq-question-1603736431190\"><strong class=\"schema-faq-question\">Qu\u2019est-ce qu\u2019une \u00e9tude d\u2019impact sur la protection des donn\u00e9es?<\/strong> <p class=\"schema-faq-answer\">Une \u00e9tude d\u2019impact sur la protection des donn\u00e9es, \u00e9galement connue sous le nom d\u2019\u00e9valuation de l\u2019impact sur la vie priv\u00e9e, est un processus de construction et de d\u00e9monstration de la conformit\u00e9 au GDPR. Il doit \u00eatre ex\u00e9cut\u00e9 sur toute activit\u00e9 de traitement qui a un risque \u00e9lev\u00e9 de violer les droits et libert\u00e9s d\u2019une personne physique. Parmi les exemples de traitement \u00e0 risque \u00e9lev\u00e9 \u00e9nonc\u00e9s dans le GDPR figurent (1) les activit\u00e9s de traitement syst\u00e9matiques et \u00e9tendues, y compris le profilage et lorsque les d\u00e9cisions ont des effets juridiques &#8211; ou des effets tout aussi importants &#8211; sur les individus; (2) traitement \u00e0 grande \u00e9chelle de cat\u00e9gories sp\u00e9ciales de condamnations ou de d\u00e9tails d\u2019infraction s\u2019il s\u2019y a lieu; ou (3) surveillance syst\u00e9matique \u00e0 grande \u00e9chelle des espaces publics (p. ex. vid\u00e9osurveillance)<\/p> <\/div> <\/div>\n<\/div><\/div>\n","protected":false},"excerpt":{"rendered":"<p>Protection des donn\u00e9es &#8211; GDPR fr\u00e9quemment pos\u00e9 des questions &#8211; FAQ<\/p>\n","protected":false},"author":2,"featured_media":0,"parent":20480,"menu_order":0,"comment_status":"closed","ping_status":"closed","template":"","meta":{"footnotes":""},"class_list":["post-20522","page","type-page","status-publish"],"aioseo_notices":[],"_links":{"self":[{"href":"https:\/\/sulelaw.com\/fr\/wp-json\/wp\/v2\/pages\/20522","targetHints":{"allow":["GET"]}}],"collection":[{"href":"https:\/\/sulelaw.com\/fr\/wp-json\/wp\/v2\/pages"}],"about":[{"href":"https:\/\/sulelaw.com\/fr\/wp-json\/wp\/v2\/types\/page"}],"author":[{"embeddable":true,"href":"https:\/\/sulelaw.com\/fr\/wp-json\/wp\/v2\/users\/2"}],"replies":[{"embeddable":true,"href":"https:\/\/sulelaw.com\/fr\/wp-json\/wp\/v2\/comments?post=20522"}],"version-history":[{"count":32,"href":"https:\/\/sulelaw.com\/fr\/wp-json\/wp\/v2\/pages\/20522\/revisions"}],"predecessor-version":[{"id":22897,"href":"https:\/\/sulelaw.com\/fr\/wp-json\/wp\/v2\/pages\/20522\/revisions\/22897"}],"up":[{"embeddable":true,"href":"https:\/\/sulelaw.com\/fr\/wp-json\/wp\/v2\/pages\/20480"}],"wp:attachment":[{"href":"https:\/\/sulelaw.com\/fr\/wp-json\/wp\/v2\/media?parent=20522"}],"curies":[{"name":"wp","href":"https:\/\/api.w.org\/{rel}","templated":true}]}}