{"id":20506,"date":"2020-11-06T17:19:39","date_gmt":"2020-11-06T17:19:39","guid":{"rendered":"https:\/\/va87zabukmi.preview.infomaniak.website\/legal-services\/commercial-law-m-and-a\/"},"modified":"2020-12-31T11:08:57","modified_gmt":"2020-12-31T11:08:57","slug":"commercial-law-m-and-a","status":"publish","type":"page","link":"https:\/\/sulelaw.com\/fr\/legal-services\/commercial-law-m-and-a\/","title":{"rendered":"Droit commercial et fusions et acquisitions"},"content":{"rendered":"\n<div class=\"gb-container gb-container-e3321647\"><div class=\"gb-inside-container\">\n<div class=\"gb-grid-wrapper gb-grid-wrapper-9df41ee5\">\n<div class=\"gb-grid-column gb-grid-column-71587cc8\"><div class=\"gb-container gb-container-71587cc8\"><div class=\"gb-inside-container\">\n<h2 class=\"gb-headline gb-headline-5d5268ff\">Nous nous concentrons sur le droit des affaires<\/h2>\n<\/div><\/div><\/div>\n\n\n\n<div class=\"gb-grid-column gb-grid-column-633a8305\"><div class=\"gb-container gb-container-633a8305\"><div class=\"gb-inside-container\">\n<p>Dans le domaine du droit commercial, nos avocats sont incomparables dans la s\u00e9curisation de vos objectifs avec des solutions juridiques. Nous avons \u00e9t\u00e9 \u00e0 l\u2019avant-garde dans l\u2019assistance aux clients dans le cadre d\u2019une vari\u00e9t\u00e9 de questions juridiques, depuis les premiers entretiens d\u2019affaires jusqu\u2019\u00e0 la r\u00e9daction des chefs de mandat jusqu\u2019\u00e0 l\u2019ex\u00e9cution des accords d\u00e9finitifs. Le cabinet d\u2019avocats S\u00fcle a d\u00e9velopp\u00e9 une pratique novatrice en droit commercial et commercial ax\u00e9e sur les besoins des clients lors de la cr\u00e9ation et de l\u2019examen des conditions contractuelles ou lors de l\u2019administration de conseils en droit des contrats.  <\/p>\n\n\n\n<p>Nous soutenons nos clients sur les probl\u00e8mes au jour le jour auxquels les entreprises sont g\u00e9n\u00e9ralement confront\u00e9es \u2013 dont beaucoup exigent une approche pragmatique. Notre exp\u00e9rience comprend le conseil de franchiseurs internationaux sur les exigences du droit de franchise.<\/p>\n<\/div><\/div><\/div>\n<\/div>\n<\/div><\/div>\n\n<div class=\"gb-container gb-container-05724921\"><div class=\"gb-inside-container\">\n<div class=\"gb-grid-wrapper gb-grid-wrapper-f1eea5cd\">\n<div class=\"gb-grid-column gb-grid-column-f8fac88a\"><div class=\"gb-container gb-container-f8fac88a\"><div class=\"gb-inside-container\">\n<h2 class=\"gb-headline gb-headline-2e40bf50\">Nos principaux services de droit commercial et de fusions et acquisitions<\/h2>\n<\/div><\/div><\/div>\n\n\n\n<div class=\"gb-grid-column gb-grid-column-7a0f3012\"><div class=\"gb-container gb-container-7a0f3012\"><div class=\"gb-inside-container\">\n<div class=\"wp-block-pb-accordion-item c-accordion__item js-accordion-item no-js\" data-initially-open=\"false\" data-click-to-close=\"true\" data-auto-close=\"false\" data-scroll=\"false\" data-scroll-offset=\"0\"><h3 id=\"at-12388\" class=\"c-accordion__title js-accordion-controller\" role=\"button\">Commercial law<\/h3><div id=\"ac-12388\" class=\"c-accordion__content\">\n<p>Nous guidos les clients \u00e9tablis et en d\u00e9marrage \u00e0 travers la formation d\u2019entreprise, les contrats, la r\u00e9glementation du contenu et la gestion de site Web. Notre cabinet d\u2019avocats fournit des solutions juridiques rapides pour plusieurs industries.<\/p>\n<\/div><\/div>\n\n\n\n<div class=\"wp-block-pb-accordion-item c-accordion__item js-accordion-item no-js\" data-initially-open=\"false\" data-click-to-close=\"true\" data-auto-close=\"false\" data-scroll=\"false\" data-scroll-offset=\"0\"><h3 id=\"at-59928\" class=\"c-accordion__title js-accordion-controller\" role=\"button\">Dispute resolution, litigation<\/h3><div id=\"ac-59928\" class=\"c-accordion__content\">\n<p>L\u2019objectif principal du cabinet est d\u2019aider les clients \u00e0 \u00e9viter les litiges dans la mesure du possible. Lorsque des litiges sont in\u00e9vitables, le cabinet d\u2019avocats S\u00fcle se concentre sur les objectifs commerciaux des clients, tout en \u00e9valuant les risques juridiques, financiers et de r\u00e9putation.<\/p>\n\n\n\n<p>Notre cabinet a acquis une exp\u00e9rience approfondie et des connaissances en litige hongrois et transfrontalier. Nous offrons une vaste gamme de services de litige s\u2019adressent aux entreprises nationales et internationales dans divers secteurs de l\u2019industrie. Notre cabinet agit \u00e0 titre de conseiller juridique dans le cadre d\u2019affaires civiles portant sur des ruptures de contrat, l\u2019indemnisation des dommages-int\u00e9r\u00eats, les r\u00e9clamations p\u00e9cuniaires, le droit d\u2019auteur, le brevet, les questions de contrefa\u00e7on de marque dans le cadre de proc\u00e9dures judiciaires et la reconnaissance et l\u2019ex\u00e9cution de la d\u00e9cision judiciaire europ\u00e9enne. Notre approche est une approche consciente du client et lorsque nous intentons des poursuites, nous nous engageons \u00e0 d\u00e9velopper une compr\u00e9hension approfondie des objectifs commerciaux et commerciaux de nos clients ainsi que des probl\u00e8mes d\u2019affaires dans le but de r\u00e9gler le diff\u00e9rend de la mani\u00e8re la plus efficace et la plus pratique. Notre cabinet conna\u00eet bien les cas complexes o\u00f9 les r\u00e9clamations et les parties sont multiples, ainsi que les questions d\u2019application de la loi et de recouvrement des cr\u00e9ances.<\/p>\n<\/div><\/div>\n\n\n\n<div class=\"wp-block-pb-accordion-item c-accordion__item js-accordion-item no-js\" data-initially-open=\"false\" data-click-to-close=\"true\" data-auto-close=\"false\" data-scroll=\"false\" data-scroll-offset=\"0\"><h3 id=\"at-97572\" class=\"c-accordion__title js-accordion-controller\" role=\"button\">Mergers &amp; Acqisitions<\/h3><div id=\"ac-97572\" class=\"c-accordion__content\">\n<p>C\u2019est probablement le plus grand domaine juridique o\u00f9 tout s\u2019inscrit dans ce qui a \u00e0 voir avec une entreprise. Nous faisons du droit des affaires et fournissons des services juridiques aux entreprises, y compris l\u2019enregistrement des entreprises et les modifications apport\u00e9es \u00e0 l\u2019entreprise, en r\u00e9digeant les actes n\u00e9cessaires pour des transactions commerciales simples et complexes.  <\/p>\n<\/div><\/div>\n<\/div><\/div><\/div>\n<\/div>\n<\/div><\/div>\n\n<div class=\"gb-container gb-container-f4aa788b\"><div class=\"gb-inside-container\">\n<div class=\"gb-grid-wrapper gb-grid-wrapper-6491d706\">\n<div class=\"gb-grid-column gb-grid-column-3f1495bc\"><div class=\"gb-container gb-container-3f1495bc\"><div class=\"gb-inside-container\">\n<h2 class=\"gb-headline gb-headline-8ed7bb69\">Le droit commercial comprend le droit des soci\u00e9t\u00e9s,  <br>droit de la concurrence (antitrust), protection des consommateurs, droit des contrats, droit du commerce international<\/h2>\n<\/div><\/div><\/div>\n\n\n\n<div class=\"gb-grid-column gb-grid-column-033bdb6f\"><div class=\"gb-container gb-container-033bdb6f\"><div class=\"gb-inside-container\">\n<div class=\"wp-block-image\"><figure class=\"aligncenter size-large is-resized\"><img loading=\"lazy\" decoding=\"async\" src=\"https:\/\/sulelaw.com\/wp-content\/uploads\/2020\/11\/commercial-law-firm.jpg\" alt=\"M&amp;amp;a avocat commercial d&#x2019;entreprise hongrois\" class=\"wp-image-20507\" width=\"628\" height=\"416\" srcset=\"https:\/\/sulelaw.com\/wp-content\/uploads\/2020\/11\/commercial-law-firm.jpg 640w, https:\/\/sulelaw.com\/wp-content\/uploads\/2020\/11\/commercial-law-firm-300x199.jpg 300w\" sizes=\"auto, (max-width: 628px) 100vw, 628px\" \/><figcaption>Droit <a href=\"https:\/\/unsplash.com\/@tvdhdvt\">d\u2019auteur: Tom Vanderheyden @tvdhdvt<\/a><\/figcaption><\/figure><\/div>\n<\/div><\/div><\/div>\n<\/div>\n<\/div><\/div>\n\n<div class=\"gb-container gb-container-2a545a7e\"><div class=\"gb-inside-container\">\n<h2 class=\"has-text-align-center wp-block-heading\">Droit commercial &#8211; Fusions et acquisitions &#8211; Questions fr\u00e9quemment pos\u00e9es &#8211; FAQ<\/h2>\n\n\n\n<p><\/p>\n\n\n\n<div class=\"schema-faq wp-block-yoast-faq-block\"><div class=\"schema-faq-section\" id=\"faq-question-1604420909555\"><strong class=\"schema-faq-question\"><strong>Qu\u2019est-ce que les fusions et acquisitions?<\/strong><\/strong> <p class=\"schema-faq-answer\">M&amp;A repr\u00e9sente des fusions et acquisitions. Les fusions se produisent lorsque deux entreprises se r\u00e9unissent. Les acquisitions se produisent lorsqu\u2019une entreprise ach\u00e8te une autre soci\u00e9t\u00e9. Parfois, l\u2019achat est amical et parfois il est hostile &#8211; parfois il ach\u00e8te la concurrence, parfois juste l\u2019ouverture d\u2019une nouvelle succursale d\u2019affaires.  <\/p> <\/div> <\/div>\n<\/div><\/div>\n","protected":false},"excerpt":{"rendered":"<p>Droit commercial &#8211; Fusions et acquisitions &#8211; Questions fr\u00e9quemment pos\u00e9es &#8211; FAQ<\/p>\n","protected":false},"author":2,"featured_media":0,"parent":20480,"menu_order":0,"comment_status":"closed","ping_status":"closed","template":"","meta":{"footnotes":""},"class_list":["post-20506","page","type-page","status-publish"],"aioseo_notices":[],"_links":{"self":[{"href":"https:\/\/sulelaw.com\/fr\/wp-json\/wp\/v2\/pages\/20506","targetHints":{"allow":["GET"]}}],"collection":[{"href":"https:\/\/sulelaw.com\/fr\/wp-json\/wp\/v2\/pages"}],"about":[{"href":"https:\/\/sulelaw.com\/fr\/wp-json\/wp\/v2\/types\/page"}],"author":[{"embeddable":true,"href":"https:\/\/sulelaw.com\/fr\/wp-json\/wp\/v2\/users\/2"}],"replies":[{"embeddable":true,"href":"https:\/\/sulelaw.com\/fr\/wp-json\/wp\/v2\/comments?post=20506"}],"version-history":[{"count":16,"href":"https:\/\/sulelaw.com\/fr\/wp-json\/wp\/v2\/pages\/20506\/revisions"}],"predecessor-version":[{"id":22877,"href":"https:\/\/sulelaw.com\/fr\/wp-json\/wp\/v2\/pages\/20506\/revisions\/22877"}],"up":[{"embeddable":true,"href":"https:\/\/sulelaw.com\/fr\/wp-json\/wp\/v2\/pages\/20480"}],"wp:attachment":[{"href":"https:\/\/sulelaw.com\/fr\/wp-json\/wp\/v2\/media?parent=20506"}],"curies":[{"name":"wp","href":"https:\/\/api.w.org\/{rel}","templated":true}]}}