{"id":20492,"date":"2020-10-25T16:34:48","date_gmt":"2020-10-25T16:34:48","guid":{"rendered":"https:\/\/va87zabukmi.preview.infomaniak.website\/legal-services\/advertising-marketing-law-firm\/"},"modified":"2020-12-31T10:56:47","modified_gmt":"2020-12-31T10:56:47","slug":"advertising-marketing-law-firm","status":"publish","type":"page","link":"https:\/\/sulelaw.com\/fr\/legal-services\/advertising-marketing-law-firm\/","title":{"rendered":"Droit de la publicit\u00e9 et marketing"},"content":{"rendered":"\n<div class=\"gb-container gb-container-e3321647\"><div class=\"gb-inside-container\">\n<div class=\"gb-grid-wrapper gb-grid-wrapper-9df41ee5\">\n<div class=\"gb-grid-column gb-grid-column-71587cc8\"><div class=\"gb-container gb-container-71587cc8\"><div class=\"gb-inside-container\">\n<h2 class=\"gb-headline gb-headline-5d5268ff\">Publicit\u00e9, marketing, campagnes de promotion<\/h2>\n<\/div><\/div><\/div>\n\n\n\n<div class=\"gb-grid-column gb-grid-column-633a8305\"><div class=\"gb-container gb-container-633a8305\"><div class=\"gb-inside-container\">\n<p>En ce qui concerne le droit de la publicit\u00e9 et le droit du <strong>marketing,<\/strong>nos avocats fournissent des conseils pour tous les types de questions juridiques imaginables. Notre travail comprend l\u2019aide \u00e0 la justification des all\u00e9gations publicitaires, la r\u00e9daction et la n\u00e9gociation d\u2019ententes, l\u2019aide au commerce \u00e9lectronique de marque claire et de lancement, le traitement des questions relatives au marketing, \u00e0 la publicit\u00e9, aux ventes et aux centres d\u2019appels, au t\u00e9l\u00e9marketing, \u00e0 la distribution par publipostage, au marketing \u00e9lectronique par la poste fond\u00e9 sur la permission et aux services de marketing promotionnel.<\/p>\n\n\n\n<p>En outre, nous sommes disponibles pour les industries r\u00e9glement\u00e9es avec des services juridiques haut de gamme. Nos avocats connaissent bien une vari\u00e9t\u00e9 de questions juridiques complexes qui se posent dans ces domaines, y compris les lois et r\u00e8glements r\u00e9glementaires, le GDPR, le droit d\u2019auteur, les marques de commerce et les secrets d\u2019affaires.<\/p>\n<\/div><\/div><\/div>\n<\/div>\n<\/div><\/div>\n\n<div class=\"gb-container gb-container-25f97922\"><div class=\"gb-inside-container\"><\/div><\/div>\n\n<div class=\"gb-container gb-container-6f5e113a\"><div class=\"gb-inside-container\">\n<div class=\"gb-grid-wrapper gb-grid-wrapper-d33b2b2e\">\n<div class=\"gb-grid-column gb-grid-column-a94d8ae4\"><div class=\"gb-container gb-container-a94d8ae4\"><div class=\"gb-inside-container\">\n<h2 class=\"gb-headline gb-headline-8480e524\">Publicit\u00e9 en ligne<\/h2>\n\n\n\n<figure class=\"wp-block-image size-large is-style-rounded\"><img loading=\"lazy\" decoding=\"async\" width=\"640\" height=\"427\" src=\"https:\/\/sulelaw.com\/wp-content\/uploads\/2020\/11\/thought-catalog-tRL_Rkh6D8o-unsplash.jpg\" alt=\"cabinet d&#x2019;avocats de publicit&#xE9;\" class=\"wp-image-21835\" srcset=\"https:\/\/sulelaw.com\/wp-content\/uploads\/2020\/11\/thought-catalog-tRL_Rkh6D8o-unsplash.jpg 640w, https:\/\/sulelaw.com\/wp-content\/uploads\/2020\/11\/thought-catalog-tRL_Rkh6D8o-unsplash-300x200.jpg 300w\" sizes=\"auto, (max-width: 640px) 100vw, 640px\" \/><\/figure><\/div><\/div><\/div>\n\n\n\n<div class=\"gb-grid-column gb-grid-column-3e52e881\"><div class=\"gb-container gb-container-3e52e881\"><div class=\"gb-inside-container\">\n<h3 class=\"gb-headline gb-headline-b41a9652\">Union europ\u00e9enne<\/h3>\n\n\n\n<p>Notre cabinet d\u2019avocats fournit un soutien juridique dans l\u2019UE pour toutes sortes de lancements de produits en ligne et de campagnes de marketing. Nous avons de l\u2019exp\u00e9rience avec les march\u00e9s internationaux et locaux, les m\u00e9dias sociaux.<\/p>\n<\/div><\/div><\/div>\n<\/div>\n<\/div><\/div>\n\n<div class=\"gb-container gb-container-05724921\"><div class=\"gb-inside-container\">\n<div class=\"gb-grid-wrapper gb-grid-wrapper-f1eea5cd\">\n<div class=\"gb-grid-column gb-grid-column-f8fac88a\"><div class=\"gb-container gb-container-f8fac88a\"><div class=\"gb-inside-container\">\n<h2 class=\"gb-headline gb-headline-2e40bf50\">Certains de nos services de droit de la publicit\u00e9 connexes<\/h2>\n\n\n\n<div style=\"height:100px\" aria-hidden=\"true\" class=\"wp-block-spacer\"><\/div>\n\n\n\n<hr class=\"wp-block-separator\"\/>\n\n\n\n<figure class=\"wp-block-image size-large is-style-rounded\"><img loading=\"lazy\" decoding=\"async\" width=\"640\" height=\"800\" src=\"https:\/\/sulelaw.com\/wp-content\/uploads\/2020\/11\/andrea-leopardi-u8NQockJPwg-unsplash-1.jpg\" alt=\"publicit&#xE9; marketing droit des m&#xE9;dias avocat allemagne et hongrie\" class=\"wp-image-22848\" srcset=\"https:\/\/sulelaw.com\/wp-content\/uploads\/2020\/11\/andrea-leopardi-u8NQockJPwg-unsplash-1.jpg 640w, https:\/\/sulelaw.com\/wp-content\/uploads\/2020\/11\/andrea-leopardi-u8NQockJPwg-unsplash-1-240x300.jpg 240w\" sizes=\"auto, (max-width: 640px) 100vw, 640px\" \/><figcaption>Photo par <a href=\"https:\/\/unsplash.com\/@whatyouhide?utm_source=unsplash&amp;utm_medium=referral&amp;utm_content=creditCopyText\">Andrea Leopardi<\/a> <\/figcaption><\/figure><\/div><\/div><\/div>\n\n\n\n<div class=\"gb-grid-column gb-grid-column-7a0f3012\"><div class=\"gb-container gb-container-7a0f3012\"><div class=\"gb-inside-container\">\n<div class=\"wp-block-pb-accordion-item c-accordion__item js-accordion-item no-js\" data-initially-open=\"false\" data-click-to-close=\"true\" data-auto-close=\"false\" data-scroll=\"false\" data-scroll-offset=\"0\"><h3 id=\"at-67813\" class=\"c-accordion__title js-accordion-controller\" role=\"button\">Promotions Review &amp; Regulatory Requirements<\/h3><div id=\"ac-67813\" class=\"c-accordion__content\">\n<p>Conformit\u00e9 aux lois et aux exigences r\u00e9glementaires<\/p>\n\n\n\n<p>Formation interne sur les strat\u00e9gies promotionnelles<\/p>\n<\/div><\/div>\n\n\n\n<div class=\"wp-block-pb-accordion-item c-accordion__item js-accordion-item no-js\" data-initially-open=\"false\" data-click-to-close=\"true\" data-auto-close=\"false\" data-scroll=\"false\" data-scroll-offset=\"0\"><h3 id=\"at-97385\" class=\"c-accordion__title js-accordion-controller\" role=\"button\">Advertising Review &amp; Claims Substantiation<\/h3><div id=\"ac-97385\" class=\"c-accordion__content\">\n<p>Conformit\u00e9 aux lois applicables, aux organisations autor\u00e9gulatrices et aux pratiques exemplaires<\/p>\n\n\n\n<p>Justification des all\u00e9gations de produits et de services<\/p>\n\n\n\n<p>Formation pour les \u00e9quipes juridiques, marketing et d\u00e9veloppement de produits en interne<\/p>\n<\/div><\/div>\n\n\n\n<div class=\"wp-block-pb-accordion-item c-accordion__item js-accordion-item no-js\" data-initially-open=\"false\" data-click-to-close=\"true\" data-auto-close=\"false\" data-scroll=\"false\" data-scroll-offset=\"0\"><h3 id=\"at-31769\" class=\"c-accordion__title js-accordion-controller\" role=\"button\">Gift Cards &amp; Loyalty Programs<\/h3><div id=\"ac-31769\" class=\"c-accordion__content\">\n<p>Conditions, expiration, r\u00e9siliation<\/p>\n\n\n\n<p>Questions fiscales connexes<\/p>\n<\/div><\/div>\n\n\n\n<div class=\"wp-block-pb-accordion-item c-accordion__item js-accordion-item no-js\" data-initially-open=\"false\" data-click-to-close=\"true\" data-auto-close=\"false\" data-scroll=\"false\" data-scroll-offset=\"0\"><h3 id=\"at-51200\" class=\"c-accordion__title js-accordion-controller\" role=\"button\">Agency &amp; Media Agreements<\/h3><div id=\"ac-51200\" class=\"c-accordion__content\">\n<p>Publicit\u00e9, promotions, relations publiques, accords d\u2019agences de marketing \u00e9v\u00e9nementiel pour projets<\/p>\n\n\n\n<p>Les accords d\u2019agence de m\u00e9dias et de technologie, y compris l\u2019achat, la planification et le placement des m\u00e9dias; services de publicit\u00e9; publicit\u00e9 cibl\u00e9e; et les plates-formes bas\u00e9es sur le cloud<\/p>\n\n\n\n<p>Accords en mati\u00e8re de marketing et de commerce \u00e9lectronique<\/p>\n<\/div><\/div>\n\n\n\n<div class=\"wp-block-pb-accordion-item c-accordion__item js-accordion-item no-js\" data-initially-open=\"false\" data-click-to-close=\"true\" data-auto-close=\"false\" data-scroll=\"false\" data-scroll-offset=\"0\"><h3 id=\"at-63512\" class=\"c-accordion__title js-accordion-controller\" role=\"button\">Sponsorship &amp; Celebrity<\/h3><div id=\"ac-63512\" class=\"c-accordion__content\">\n<p>Programmes de divertissement d\u00e9velopp\u00e9s par les annonceurs<\/p>\n\n\n\n<p>Commandites avec des opportunit\u00e9s sportives, musicales, t\u00e9l\u00e9visuelles et cin\u00e9matographiques<\/p>\n\n\n\n<p>Accords d\u2019approbation des c\u00e9l\u00e9brit\u00e9s<\/p>\n<\/div><\/div>\n\n\n\n<div class=\"wp-block-pb-accordion-item c-accordion__item js-accordion-item no-js\" data-initially-open=\"false\" data-click-to-close=\"true\" data-auto-close=\"false\" data-scroll=\"false\" data-scroll-offset=\"0\"><h3 id=\"at-45196\" class=\"c-accordion__title js-accordion-controller\" role=\"button\">Advertising Law Disputes<\/h3><div id=\"ac-45196\" class=\"c-accordion__content\">\n<p>Litiges en mati\u00e8re de concurrence d\u00e9loyale impliquant des all\u00e9gations de publicit\u00e9 trompeuse et trompeuse<\/p>\n\n\n\n<p>Plaintes amazoniennes<\/p>\n\n\n\n<p>Recours collectifs de consommateurs<\/p>\n\n\n\n<p>Repr\u00e9sentation devant les organismes d\u2019autor\u00e9 r\u00e9glementation<\/p>\n\n\n\n<p>Litiges relatifs au droit d\u2019auteur et aux questions relatives aux marques dans la publicit\u00e9<\/p>\n<\/div><\/div>\n<\/div><\/div><\/div>\n<\/div>\n<\/div><\/div>\n\n<div class=\"gb-container gb-container-2a545a7e\"><div class=\"gb-inside-container\">\n<h2 class=\"has-text-align-center wp-block-heading\">Loi sur la publicit\u00e9 &#8211; Questions fr\u00e9quemment pos\u00e9es &#8211; FAQ<\/h2>\n\n\n\n<p><\/p>\n\n\n\n<div class=\"schema-faq wp-block-yoast-faq-block\"><div class=\"schema-faq-section\" id=\"faq-question-1603644770244\"><strong class=\"schema-faq-question\">Le parrainage est-il autoris\u00e9 en Hongrie ?<\/strong> <p class=\"schema-faq-answer\">L\u2019affichage du nom, du logo, du produit ou du service du commanditaire d\u2019un \u00e9v\u00e9nement public n\u2019est pas consid\u00e9r\u00e9 comme de la publicit\u00e9 d\u00e9guis\u00e9e \u00e0 condition que le fournisseur de services aux m\u00e9dias n\u2019ait aucun int\u00e9r\u00eat commercial pour une telle apparence et que le mode d\u2019apparence ne donne pas une importance indue au commanditaire.<\/p> <\/div> <div class=\"schema-faq-section\" id=\"faq-question-1603698093672\"><strong class=\"schema-faq-question\">Les jeux de hasard doivent-ils \u00eatre autoris\u00e9s en Hongrie ?<\/strong> <p class=\"schema-faq-answer\">Sur la base de la Loi sur les jeux d\u2019argent, aucune autorisation n\u2019est n\u00e9cessaire pour annoncer les jeux de hasard. Toutefois, si un concours promotionnel est li\u00e9 \u00e0 l\u2019achat de biens ou de services, l\u2019administration fiscale de l\u2019\u00c9tat &#8211; en tant qu\u2019autorit\u00e9 de surveillance &#8211; doit \u00eatre avis\u00e9e au moins dix jours \u00e0 l\u2019avance.<\/p> <\/div> <div class=\"schema-faq-section\" id=\"faq-question-1603698167247\"><strong class=\"schema-faq-question\">Quand la notification n\u2019est-elle pas requise en Hongrie pour les promotions \/jeux ?<\/strong> <p class=\"schema-faq-answer\">La notification n\u2019est pas n\u00e9cessaire pour les promotions qui n\u2019impliquent aucun achat (p. ex. seulement le remplissage d\u2019un questionnaire). La participation doit \u00eatre gratuite, car si le client doit payer autre chose que la valeur des biens achet\u00e9s pour participer au concours de hasard, il sera admissible au jeu et, \u00e0 ce titre, doit \u00eatre autoris\u00e9 par l\u2019administration fiscale.<\/p> <\/div> <div class=\"schema-faq-section\" id=\"faq-question-1603698221801\"><strong class=\"schema-faq-question\">Le jeu a-t-il besoin d\u2019une autorisation en Hongrie ?<\/strong> <p class=\"schema-faq-answer\">Oui, il doit \u00eatre autoris\u00e9 par l\u2019administration fiscale.<\/p> <\/div> <\/div>\n<\/div><\/div>\n","protected":false},"excerpt":{"rendered":"<p>Loi sur la publicit\u00e9 &#8211; Questions fr\u00e9quemment pos\u00e9es &#8211; FAQ<\/p>\n","protected":false},"author":2,"featured_media":0,"parent":20480,"menu_order":0,"comment_status":"closed","ping_status":"closed","template":"","meta":{"footnotes":""},"class_list":["post-20492","page","type-page","status-publish"],"aioseo_notices":[],"_links":{"self":[{"href":"https:\/\/sulelaw.com\/fr\/wp-json\/wp\/v2\/pages\/20492","targetHints":{"allow":["GET"]}}],"collection":[{"href":"https:\/\/sulelaw.com\/fr\/wp-json\/wp\/v2\/pages"}],"about":[{"href":"https:\/\/sulelaw.com\/fr\/wp-json\/wp\/v2\/types\/page"}],"author":[{"embeddable":true,"href":"https:\/\/sulelaw.com\/fr\/wp-json\/wp\/v2\/users\/2"}],"replies":[{"embeddable":true,"href":"https:\/\/sulelaw.com\/fr\/wp-json\/wp\/v2\/comments?post=20492"}],"version-history":[{"count":13,"href":"https:\/\/sulelaw.com\/fr\/wp-json\/wp\/v2\/pages\/20492\/revisions"}],"predecessor-version":[{"id":22855,"href":"https:\/\/sulelaw.com\/fr\/wp-json\/wp\/v2\/pages\/20492\/revisions\/22855"}],"up":[{"embeddable":true,"href":"https:\/\/sulelaw.com\/fr\/wp-json\/wp\/v2\/pages\/20480"}],"wp:attachment":[{"href":"https:\/\/sulelaw.com\/fr\/wp-json\/wp\/v2\/media?parent=20492"}],"curies":[{"name":"wp","href":"https:\/\/api.w.org\/{rel}","templated":true}]}}