{"id":20467,"date":"2020-10-30T16:34:44","date_gmt":"2020-10-30T16:34:44","guid":{"rendered":"https:\/\/va87zabukmi.preview.infomaniak.website\/intellectual-property-ip-lawyer-law-firm\/patent-renewals-assignment\/"},"modified":"2020-12-31T10:42:05","modified_gmt":"2020-12-31T10:42:05","slug":"patent-renewals-assignment","status":"publish","type":"page","link":"https:\/\/sulelaw.com\/fr\/intellectual-property-ip-lawyer-law-firm\/patent-renewals-assignment\/","title":{"rendered":"Renouvellements de brevets \/ Cession de brevets \/ Frais de rente de brevet"},"content":{"rendered":"<div class=\"gb-container gb-container-e3321647\"><div class=\"gb-inside-container\">\n<div class=\"gb-grid-wrapper gb-grid-wrapper-9df41ee5\">\n<div class=\"gb-grid-column gb-grid-column-71587cc8\"><div class=\"gb-container gb-container-71587cc8\"><div class=\"gb-inside-container\">\n\n<h2 class=\"gb-headline gb-headline-5d5268ff gb-headline-text\">Renouvellements de brevets et cessions de brevets  <\/h2>\n\n<\/div><\/div><\/div>\n\n<div class=\"gb-grid-column gb-grid-column-633a8305\"><div class=\"gb-container gb-container-633a8305\"><div class=\"gb-inside-container\">\n\n<p>Les renouvellements de brevets et les cessions de brevets ne sont que deux de nos services de brevets, mais deux importants. En tant qu\u2019avocats sp\u00e9cialis\u00e9s en brevets, nous pouvons agir en tant que repr\u00e9sentants des brevets enregistr\u00e9s \u00e0 l\u2019Office europ\u00e9en des brevets (OEB), \u00e0 l\u2019Office allemand des brevets et des marques (DPMA) et devant l\u2019Office hongrois de la propri\u00e9t\u00e9 intellectuelle (HIPO). Nous repr\u00e9sentons \u00e9galement des mod\u00e8les utilitaires en Allemagne et en Hongrie.<\/p>\n\n\n\n<p>Nous offrons des services relatifs au suivi et au paiement des frais de maintenance pour les droits de propri\u00e9t\u00e9 industrielle tels que <strong>les portefeuilles combin\u00e9s de brevets,<\/strong> de mod\u00e8les d\u2019utilit\u00e9 publique, de brevets de conception et de marques. Des repr\u00e9sentants l\u00e9gaux et professionnels (ou des associations de repr\u00e9sentants professionnels) sont recrut\u00e9s par l\u2019OEB dans des bases de donn\u00e9es distinctes. Notre cabinet d\u2019avocats est enregistr\u00e9 en tant que repr\u00e9sentant l\u00e9gal \u00e0 l\u2019OEB et il n\u2019y a pas d\u2019enregistrement de ce genre \u00e0 la DPMA ou \u00e0 l\u2019HIPO pour les avocats en brevets ou les cabinets d\u2019avocats en brevets.<\/p>\n\n<\/div><\/div><\/div>\n<\/div>\n<\/div><\/div><div class=\"gb-container gb-container-05724921\"><div class=\"gb-inside-container\">\n<div class=\"gb-grid-wrapper gb-grid-wrapper-f1eea5cd\">\n<div class=\"gb-grid-column gb-grid-column-f8fac88a\"><div class=\"gb-container gb-container-f8fac88a\"><div class=\"gb-inside-container\">\n\n<h2 class=\"gb-headline gb-headline-2e40bf50 gb-headline-text\">Nos principaux services de brevets et de mod\u00e8les d\u2019utilit\u00e9<\/h2>\n\n<\/div><\/div><\/div>\n\n<div class=\"gb-grid-column gb-grid-column-7a0f3012\"><div class=\"gb-container gb-container-7a0f3012\"><div class=\"gb-inside-container\">\n\n<div class=\"wp-block-pb-accordion-item c-accordion__item js-accordion-item no-js\" data-initially-open=\"false\" data-click-to-close=\"true\" data-auto-close=\"false\" data-scroll=\"false\" data-scroll-offset=\"0\"><h3 id=\"at-67813\" class=\"c-accordion__title js-accordion-controller\" role=\"button\">Patent renewals at the European EPO, at the German DPMA, at the Hungarian HIPO<\/h3><div id=\"ac-67813\" class=\"c-accordion__content\">\n<p>Nous nous occuperons de tous les d\u00e9tails impliqu\u00e9s dans ce processus, depuis les rappels concernant les dates d\u2019\u00e9ch\u00e9ance du renouvellement des brevets \u00e0 venir jusqu\u2019\u00e0 l\u2019adage des confirmations et des re\u00e7us et certificats officiels.<\/p>\n\n\n\n<p>Compte tenu de notre expertise de longue date dans la gestion de portefeuille de propri\u00e9t\u00e9 intellectuelle, nous sommes en mesure d\u2019offrir des taux tr\u00e8s bas pour nos plus grands clients. Par cons\u00e9quent, cela r\u00e9duit effectivement les co\u00fbts <strong>globaux des renouvellements de brevets<\/strong>.<\/p>\n<\/div><\/div>\n\n\n\n<div class=\"wp-block-pb-accordion-item c-accordion__item js-accordion-item no-js\" data-initially-open=\"false\" data-click-to-close=\"true\" data-auto-close=\"false\" data-scroll=\"false\" data-scroll-offset=\"0\"><h3 id=\"at-59928\" class=\"c-accordion__title js-accordion-controller\" role=\"button\">Utility model renewals in Germany and in Hungary<\/h3><div id=\"ac-59928\" class=\"c-accordion__content\">\n<p><strong>En Hongrie et en Allemagne, la <\/strong>protection des mod\u00e8les d\u2019utilit\u00e9 est une protection juridique pour les nouvelles solutions techniques qui n\u2019atteignent pas le niveau d\u2019une invention brevetable. En vertu de la protection du mod\u00e8le d\u2019utilit\u00e9, le propri\u00e9taire de la dite protection a le droit exclusif d\u2019exploiter le mod\u00e8le d\u2019utilit\u00e9 ou d\u2019autoriser une autre personne \u00e0 l\u2019exploiter. La protection a une dur\u00e9e maximale de 10 ans, puis le mod\u00e8le d\u2019utilit\u00e9 fait partie du domaine public.<\/p>\n\n\n\n<p>Le droit de propri\u00e9t\u00e9 intellectuelle entre en vigueur lors de l\u2019enregistrement et vous donne les m\u00eames droits qu\u2019un brevet : le droit exclusif d\u2019utiliser, de produire et de commercialiser votre invention. Vous pouvez interdire \u00e0 toute personne de faire de m\u00eame. Les mod\u00e8les utilitaires <em>sont des droits de propri\u00e9t\u00e9 intellectuelle non examin\u00e9es.<\/em> Au cours de la proc\u00e9dure d\u2019enregistrement, il n\u2019y a pas d\u2019examen de la nouveaut\u00e9, de l\u2019\u00e9tape inventive et de l\u2019application industrielle. C&rsquo;est pourquoi la protection par mod\u00e8le d&rsquo;utilit\u00e9 peut \u00eatre obtenue plus facilement, plus rapidement et \u00e0 moindre co\u00fbt que la protection par brevet.<\/p>\n\n\n\n<p>Il y a des frais d\u2019entretien pour maintenir le mod\u00e8le de service public hongrois en vie, chaque ann\u00e9e. Pour les mod\u00e8les utilitaires allemands, les renouvellements sont les suivants : le premier renouvellement apr\u00e8s trois ans; les deuxi\u00e8mes frais d\u2019entretien apr\u00e8s six ans et les troisi\u00e8mes frais d\u2019entretien apr\u00e8s huit ans.  <\/p>\n<\/div><\/div>\n\n\n\n<div class=\"wp-block-pb-accordion-item c-accordion__item js-accordion-item no-js\" data-initially-open=\"false\" data-click-to-close=\"true\" data-auto-close=\"false\" data-scroll=\"false\" data-scroll-offset=\"0\"><h3 id=\"at-97572\" class=\"c-accordion__title js-accordion-controller\" role=\"button\">Patent assignments and utility model assignments<\/h3><div id=\"ac-97572\" class=\"c-accordion__content\">\n<p>Nous pouvons vous aider \u00e0 enregistrer une cession de votre portefeuille de brevets \u00e0 l\u2019OEB ou en Allemagne ou en Hongrie. Vous n\u2019avez pas \u00e0 rendre publiques les clauses confidentielles de la cession de brevet ou de l\u2019attribution du mod\u00e8le d\u2019utilit\u00e9. Les signatures des parties au contrat doivent figurer sur les documents pr\u00e9sent\u00e9s \u00e0 titre de preuve. Une d\u00e9claration sign\u00e9e par les parties au contrat de v\u00e9rification du transfert est \u00e9galement suffisante.<\/p>\n\n\n\n<p>Que le transfert se fait pendant la phase de demande ou apr\u00e8s l\u2019enregistrement, n\u2019est pas une limite \u00e0 la vente ou \u00e0 l\u2019octroi de licences \u00e0 vos droits de brevet. Une demande de brevet ou un brevet europ\u00e9en peut \u00eatre attribu\u00e9 dans son ensemble ou en partie \u00e0 un ou plusieurs des \u00c9tats contractants d\u00e9sign\u00e9s.  <\/p>\n<\/div><\/div>\n\n\n\n<div class=\"wp-block-pb-accordion-item c-accordion__item js-accordion-item no-js\" data-initially-open=\"false\" data-click-to-close=\"true\" data-auto-close=\"false\" data-scroll=\"false\" data-scroll-offset=\"0\"><h3 id=\"at-7949\" class=\"c-accordion__title js-accordion-controller\" role=\"button\">Change of name, change of patent owner, EPO representative<\/h3><div id=\"ac-7949\" class=\"c-accordion__content\">\n<p>Conform\u00e9ment au Guide europ\u00e9en des brevets, sur demande, un changement de nom du demandeur sera inscrit au Registre europ\u00e9en des brevets tant que la demande de brevet europ\u00e9en ou la proc\u00e9dure devant l\u2019OEB seront en instance et tant qu\u2019elle n\u2019impliquera aucun changement \u00e0 l\u2019identit\u00e9 juridique du demandeur. Des preuves documentaires pertinentes permettant \u00e0 l\u2019OEB de v\u00e9rifier le changement doivent \u00eatre produites. L\u2019enregistrement d\u2019un changement de nom est gratuit.<\/p>\n\n\n\n<p>Il est fortement conseill\u00e9 de tenir vos donn\u00e9es \u00e0 jour dans les registres des brevets. Tout changement dans le nom et\/ou l\u2019adresse du titulaire du brevet ou de son repr\u00e9sentant doit \u00eatre rapidement signal\u00e9 aux offices de brevets afin d\u2019\u00e9viter des probl\u00e8mes formels li\u00e9s \u00e0 des cessions ult\u00e9rieures, \u00e0 des licences, \u00e0 des violations de brevets.<\/p>\n<\/div><\/div>\n\n\n\n<div class=\"wp-block-pb-accordion-item c-accordion__item js-accordion-item no-js\" data-initially-open=\"false\" data-click-to-close=\"true\" data-auto-close=\"false\" data-scroll=\"false\" data-scroll-offset=\"0\"><h3 id=\"at-87616\" class=\"c-accordion__title js-accordion-controller\" role=\"button\">Patent litigation lawyer in Hungary<\/h3><div id=\"ac-87616\" class=\"c-accordion__content\">\n<p><strong>Les avocats hongrois sp\u00e9cialis\u00e9s dans les litiges<\/strong> en mati\u00e8re de brevets sont des sp\u00e9cialistes de la propri\u00e9t\u00e9 intellectuelle, des marques de commerce, des droits de conception, des lois sur le droit d\u2019auteur et des brevets. Nous repr\u00e9sentons des cr\u00e9ateurs ou des entreprises dans le processus d\u2019application des brevets, nous aidons aux cas d\u2019octroi de licences de brevets et de contrefa\u00e7on et nous agissons en tant que plaideurs pour prot\u00e9ger les droits de notre client \u00e0 une invention. Fournir des conseils juridiques sur les droits de propri\u00e9t\u00e9 intellectuelle pr\u00e9cieux tels que les brevets, les donn\u00e9es techniques, les secrets commerciaux, les licences, les droits d\u2019auteur et les marques. Nous interpr\u00e9tons les lois, les d\u00e9cisions et les r\u00e8glements pour la propri\u00e9t\u00e9 intellectuelle des clients; nous effectuons des recherches juridiques, recueillons et organisons des preuves. <strong>Les avocats hongrois sp\u00e9cialis\u00e9s dans les litiges<\/strong> en mati\u00e8re de brevets peuvent expliquer, clarifier des informations techniques complexes. Nous offrons une repr\u00e9sentation juridique aux clients dans le cadre de proc\u00e9dures judiciaires sur des questions de propri\u00e9t\u00e9 intellectuelle et offrons une protection de la propri\u00e9t\u00e9 intellectuelle du client en appliquant les obligations l\u00e9gales, r\u00e9glementaires et contractuelles.<\/p>\n<\/div><\/div>\n\n<\/div><\/div><\/div>\n<\/div>\n<\/div><\/div><div class=\"gb-container gb-container-f4aa788b\"><div class=\"gb-inside-container\">\n<div class=\"gb-grid-wrapper gb-grid-wrapper-6491d706\">\n<div class=\"gb-grid-column gb-grid-column-3f1495bc\"><div class=\"gb-container gb-container-3f1495bc\"><div class=\"gb-inside-container\">\n\n<h2 class=\"gb-headline gb-headline-8ed7bb69 gb-headline-text\">\u00c9tats membres de l\u2019Organisation europ\u00e9enne des brevets<\/h2>\n\n<\/div><\/div><\/div>\n\n<div class=\"gb-grid-column gb-grid-column-033bdb6f\"><div class=\"gb-container gb-container-033bdb6f\"><div class=\"gb-inside-container\">\n\n<figure class=\"wp-block-image size-large is-style-default\"><img loading=\"lazy\" decoding=\"async\" width=\"1024\" height=\"717\" src=\"https:\/\/sulelaw.com\/wp-content\/uploads\/2020\/11\/EPO-1024x717.png\" alt=\"Les droits de renouvellement des brevets de l&#x2019;OEB\" class=\"wp-image-20235\" srcset=\"https:\/\/sulelaw.com\/wp-content\/uploads\/2020\/11\/EPO-1024x717.png 1024w, https:\/\/sulelaw.com\/wp-content\/uploads\/2020\/11\/EPO-300x210.png 300w, https:\/\/sulelaw.com\/wp-content\/uploads\/2020\/11\/EPO-768x538.png 768w, https:\/\/sulelaw.com\/wp-content\/uploads\/2020\/11\/EPO-1536x1075.png 1536w, https:\/\/sulelaw.com\/wp-content\/uploads\/2020\/11\/EPO-2048x1434.png 2048w\" sizes=\"auto, (max-width: 1024px) 100vw, 1024px\" \/><figcaption>Port\u00e9e g\u00e9ographique de la protection europ\u00e9enne des brevets &#8211; La carte est la courtoisie de https:\/\/www.epo.org\/about-us\/at-a-glance.html<br\/><a href=\"https:\/\/www.epo.org\/footer\/terms.html#a6\" target=\"_blank\" rel=\"noreferrer noopener nofollow\">Droit d\u2019auteur <\/a>2020 EPO<\/figcaption><\/figure>\n<\/div><\/div><\/div>\n<\/div>\n<\/div><\/div><div class=\"gb-container gb-container-2a545a7e\"><div class=\"gb-inside-container\">\n\n<h2 class=\"has-text-align-center wp-block-heading\">Droit des brevets &#8211; Questions fr\u00e9quemment pos\u00e9es &#8211; FAQ<\/h2>\n\n\n\n<p><\/p>\n\n\n\n<div class=\"schema-faq wp-block-yoast-faq-block\"><div class=\"schema-faq-section\" id=\"faq-question-1604420909555\"><strong class=\"schema-faq-question\">Qu\u2019est-ce qu\u2019un brevet?<\/strong> <p class=\"schema-faq-answer\">Un brevet est un monopole pour utiliser une solution technique. Un brevet est un droit exclusif enregistr\u00e9 aupr\u00e8s d\u2019un office des brevets, pour une invention, qui est un produit ou un proc\u00e9d\u00e9 qui offre une nouvelle solution technique \u00e0 un probl\u00e8me. Pour obtenir un brevet, les informations techniques sur l\u2019invention doivent \u00eatre divulgu\u00e9es au public dans une demande de brevet.<\/p> <\/div> <div class=\"schema-faq-section\" id=\"faq-question-1604421391149\"><strong class=\"schema-faq-question\">Quand les renouvellements de brevets sont-ils dus \u00e0 l\u2019OEB?<\/strong> <p class=\"schema-faq-answer\">Les frais de renouvellement et de maintenance d\u2019une demande de brevet europ\u00e9en pour l\u2019ann\u00e9e \u00e0 venir sont dus le dernier jour du mois, date anniversaire du d\u00e9p\u00f4t de la demande europ\u00e9enne de brevet. Les frais de renouvellement pour la troisi\u00e8me ann\u00e9e peuvent \u00eatre pay\u00e9s jusqu\u2019\u00e0 six mois avant qu\u2019ils ne tombent exigibles. Tous les autres frais de renouvellement peuvent ne pas \u00eatre pay\u00e9s validement plus de trois mois avant leur \u00e9ch\u00e9ance. Les paiements de frais de renouvellement effectu\u00e9s avant les p\u00e9riodes de remboursement anticip\u00e9 admissibles ne sont pas valides.<\/p> <\/div> <\/div>\n\n<\/div><\/div>","protected":false},"excerpt":{"rendered":"<p>Droit des brevets &#8211; Questions fr\u00e9quemment pos\u00e9es &#8211; FAQ<\/p>\n","protected":false},"author":2,"featured_media":0,"parent":20443,"menu_order":0,"comment_status":"closed","ping_status":"closed","template":"","meta":{"footnotes":""},"class_list":["post-20467","page","type-page","status-publish"],"aioseo_notices":[],"_links":{"self":[{"href":"https:\/\/sulelaw.com\/fr\/wp-json\/wp\/v2\/pages\/20467","targetHints":{"allow":["GET"]}}],"collection":[{"href":"https:\/\/sulelaw.com\/fr\/wp-json\/wp\/v2\/pages"}],"about":[{"href":"https:\/\/sulelaw.com\/fr\/wp-json\/wp\/v2\/types\/page"}],"author":[{"embeddable":true,"href":"https:\/\/sulelaw.com\/fr\/wp-json\/wp\/v2\/users\/2"}],"replies":[{"embeddable":true,"href":"https:\/\/sulelaw.com\/fr\/wp-json\/wp\/v2\/comments?post=20467"}],"version-history":[{"count":17,"href":"https:\/\/sulelaw.com\/fr\/wp-json\/wp\/v2\/pages\/20467\/revisions"}],"predecessor-version":[{"id":22825,"href":"https:\/\/sulelaw.com\/fr\/wp-json\/wp\/v2\/pages\/20467\/revisions\/22825"}],"up":[{"embeddable":true,"href":"https:\/\/sulelaw.com\/fr\/wp-json\/wp\/v2\/pages\/20443"}],"wp:attachment":[{"href":"https:\/\/sulelaw.com\/fr\/wp-json\/wp\/v2\/media?parent=20467"}],"curies":[{"name":"wp","href":"https:\/\/api.w.org\/{rel}","templated":true}]}}