{"id":20455,"date":"2020-10-28T13:31:51","date_gmt":"2020-10-28T13:31:51","guid":{"rendered":"https:\/\/va87zabukmi.preview.infomaniak.website\/intellectual-property-ip-lawyer-law-firm\/hungarian-copyright\/"},"modified":"2020-12-31T10:41:01","modified_gmt":"2020-12-31T10:41:01","slug":"hungarian-copyright","status":"publish","type":"page","link":"https:\/\/sulelaw.com\/fr\/intellectual-property-ip-lawyer-law-firm\/hungarian-copyright\/","title":{"rendered":"Copyright"},"content":{"rendered":"<div class=\"gb-container gb-container-e3321647\"><div class=\"gb-inside-container\">\n<div class=\"gb-grid-wrapper gb-grid-wrapper-9df41ee5\">\n<div class=\"gb-grid-column gb-grid-column-71587cc8\"><div class=\"gb-container gb-container-71587cc8\"><div class=\"gb-inside-container\">\n\n<h2 class=\"gb-headline gb-headline-5d5268ff gb-headline-text\">Notre expertise dans le droit d\u2019auteur europ\u00e9en<\/h2>\n\n<\/div><\/div><\/div>\n\n<div class=\"gb-grid-column gb-grid-column-633a8305\"><div class=\"gb-container gb-container-633a8305\"><div class=\"gb-inside-container\">\n\n<p>Les droits d\u2019auteur hongrois et allemands sont r\u00e9gis par la Convention de Berne. Par cons\u00e9quent, le droit d\u2019auteur est un terme juridique qui d\u00e9crit les droits que les cr\u00e9ateurs ont \u00e0 leurs \u0153uvres litt\u00e9raires et artistiques. Les \u0153uvres couvertes par le droit d\u2019auteur vont des livres, de la musique, des peintures, des sculptures et des films aux programmes informatiques, bases de donn\u00e9es, publicit\u00e9, cartes et dessins techniques.  <\/p>\n\n\n\n<p>Notre cabinet d\u2019avocats offre un service complet litigieux et non litigieux service juridique du droit d\u2019auteur, traitant de tous les aspects de l\u2019exploitation et l\u2019application du droit d\u2019auteur. Nos experts en droit d\u2019auteur sont connus pour leur plaidoyer acharn\u00e9 en mati\u00e8re de droit d\u2019auteur, pour s\u2019\u00eatre associ\u00e9s \u00e9troitement \u00e0 nos clients pour atteindre leurs objectifs commerciaux.<\/p>\n\n<\/div><\/div><\/div>\n<\/div>\n<\/div><\/div><div class=\"gb-container gb-container-05724921\"><div class=\"gb-inside-container\">\n<div class=\"gb-grid-wrapper gb-grid-wrapper-f1eea5cd\">\n<div class=\"gb-grid-column gb-grid-column-f8fac88a\"><div class=\"gb-container gb-container-f8fac88a\"><div class=\"gb-inside-container\">\n\n<h2 class=\"gb-headline gb-headline-2e40bf50 gb-headline-text\">Certains de nos services juridiques europ\u00e9ens en mati\u00e8re de droit d\u2019auteur<\/h2>\n\n<\/div><\/div><\/div>\n\n<div class=\"gb-grid-column gb-grid-column-7a0f3012\"><div class=\"gb-container gb-container-7a0f3012\"><div class=\"gb-inside-container\">\n\n<div class=\"wp-block-pb-accordion-item c-accordion__item js-accordion-item no-js\" data-initially-open=\"false\" data-click-to-close=\"true\" data-auto-close=\"false\" data-scroll=\"false\" data-scroll-offset=\"0\"><h3 id=\"at-67813\" class=\"c-accordion__title js-accordion-controller\" role=\"button\">Amazon copyright infringement disputes<\/h3><div id=\"ac-67813\" class=\"c-accordion__content\">\n<p>Amazon supprimera les annonces s\u2019ils re\u00e7oivent un rapport du propri\u00e9taire d\u2019un droit selon laquelle ils peuvent violer le droit d\u2019auteur du titulaire du droit. Nous pouvons vous aider avec l\u2019ensemble du processus qui commence par une violation de rapport d\u2019Amazon.<\/p>\n\n\n\n<p>Pour r\u00e9activer votre annonce, vous devez fournir ce qui suit : une facture, une lettre d\u2019autorisation ou un accord de licence du fabricant ou du titulaire des droits d\u00e9montrant que les produits sont l\u00e9gaux.<\/p>\n<\/div><\/div>\n\n\n\n<div class=\"wp-block-pb-accordion-item c-accordion__item js-accordion-item no-js\" data-initially-open=\"false\" data-click-to-close=\"true\" data-auto-close=\"false\" data-scroll=\"false\" data-scroll-offset=\"0\"><h3 id=\"at-59928\" class=\"c-accordion__title js-accordion-controller\" role=\"button\">Hungarian copyright infringement disputes<\/h3><div id=\"ac-59928\" class=\"c-accordion__content\">\n<p><strong>Les litiges relatifs \u00e0<\/strong> la violation du droit d\u2019auteur en Hongrie sont g\u00e9n\u00e9ralement r\u00e9solus par la n\u00e9gociation directe, la m\u00e9diation, un avis et l\u2019\u00e9chec du processus, <strong>ou par un<\/strong> litige devant un tribunal civil.  <\/p>\n\n\n\n<p>Bon nombre de ces cas ont un caract\u00e8re transfrontalier, de sorte que la validit\u00e9 et l\u2019ex\u00e9cutoire du droit d\u2019auteur doivent d\u2019abord \u00eatre v\u00e9rifi\u00e9s. Il doit \u00e9galement \u00eatre v\u00e9rifi\u00e9 si la copie est une \u0153uvre d\u00e9riv\u00e9e et si cela a \u00e9t\u00e9 autoris\u00e9 ou non. Quoi qu\u2019il en soit, il est recommand\u00e9 de consulter un avocat hongrois <strong>sp\u00e9cialis\u00e9 dans le droit d\u2019auteur<\/strong> avant de faire des all\u00e9gations.<\/p>\n<\/div><\/div>\n\n\n\n<div class=\"wp-block-pb-accordion-item c-accordion__item js-accordion-item no-js\" data-initially-open=\"false\" data-click-to-close=\"true\" data-auto-close=\"false\" data-scroll=\"false\" data-scroll-offset=\"0\"><h3 id=\"at-97572\" class=\"c-accordion__title js-accordion-controller\" role=\"button\">Hungarian copyright ownership disputes<\/h3><div id=\"ac-97572\" class=\"c-accordion__content\">\n<p>Les litiges hongrois en mati\u00e8re de violation du droit d\u2019auteur conduisent souvent \u00e0 des conflits de propri\u00e9t\u00e9. Il est recommand\u00e9 de les effacer avant un conflit et d\u2019\u00e9tablir une base juridique solide pour toute r\u00e9clamation. Prouver la propri\u00e9t\u00e9 du droit d\u2019auteur est tr\u00e8s important et il est conseill\u00e9 de cr\u00e9er un processus pour cela avec l\u2019aide d\u2019un avocat du droit d\u2019auteur: pr\u00e9server une cha\u00eene compl\u00e8te de preuves, du processus de conception \u00e0 la publication, l\u2019enregistrement \u00e9ventuel et l\u2019utilisation r\u00e9elle de l\u2019\u0153uvre d\u2019art.<\/p>\n<\/div><\/div>\n\n\n\n<div class=\"wp-block-pb-accordion-item c-accordion__item js-accordion-item no-js\" data-initially-open=\"false\" data-click-to-close=\"true\" data-auto-close=\"false\" data-scroll=\"false\" data-scroll-offset=\"0\"><h3 id=\"at-7949\" class=\"c-accordion__title js-accordion-controller\" role=\"button\">Copyright licensing<\/h3><div id=\"ac-7949\" class=\"c-accordion__content\">\n<p>Que vous permettiez une utilisation gratuite pour le public ou que vous d\u00e9cidiez de mon\u00e9tiser votre droit d\u2019auteur, vous devrez le communiquer au monde \/ \u00e0 votre partenaire d\u2019affaires et pr\u00e9ciser les modalit\u00e9s. Nous pouvons r\u00e9diger <strong>un accord de licence de droit d\u2019auteur <\/strong>pour vous.<\/p>\n\n\n\n<p>Les accords de droit d\u2019auteur typiques sont conclus avec des maisons d\u2019\u00e9dition de livres, des d\u00e9veloppeurs de logiciels et des utilisateurs finaux; photographes; agences de publicit\u00e9, soci\u00e9t\u00e9s de production de m\u00e9dias, entreprises manufacturi\u00e8res, pour n\u2019en nommer que quelques-uns.<\/p>\n\n\n\n<p>Les licences peuvent \u00eatre limit\u00e9es dans le temps et le territoire, les licences non exclusives, non transf\u00e9rables, non assignables et r\u00e9vocables.<\/p>\n<\/div><\/div>\n\n<\/div><\/div><\/div>\n<\/div>\n<\/div><\/div><div class=\"gb-container gb-container-f4aa788b\"><div class=\"gb-inside-container\">\n<div class=\"gb-grid-wrapper gb-grid-wrapper-6491d706\">\n<div class=\"gb-grid-column gb-grid-column-3f1495bc\"><div class=\"gb-container gb-container-3f1495bc\"><div class=\"gb-inside-container\">\n\n<h2 class=\"gb-headline gb-headline-8ed7bb69 gb-headline-text\">Pays de la Convention de Berne<\/h2>\n\n<\/div><\/div><\/div>\n\n<div class=\"gb-grid-column gb-grid-column-033bdb6f\"><div class=\"gb-container gb-container-033bdb6f\"><div class=\"gb-inside-container\">\n\n<figure class=\"wp-block-image size-large is-style-default\"><img loading=\"lazy\" decoding=\"async\" width=\"1024\" height=\"474\" src=\"https:\/\/sulelaw.com\/wp-content\/uploads\/2020\/10\/Berne_Convention-1024x474.png\" alt=\"Copyright - Les signataires de la Convention de Berne pour la protection des &#x153;uvres litt&#xE9;raires et artistiques &#xE0; partir de 2008\" class=\"wp-image-20212\" srcset=\"https:\/\/sulelaw.com\/wp-content\/uploads\/2020\/10\/Berne_Convention-1024x474.png 1024w, https:\/\/sulelaw.com\/wp-content\/uploads\/2020\/10\/Berne_Convention-300x139.png 300w, https:\/\/sulelaw.com\/wp-content\/uploads\/2020\/10\/Berne_Convention-768x355.png 768w, https:\/\/sulelaw.com\/wp-content\/uploads\/2020\/10\/Berne_Convention.png 1357w\" sizes=\"auto, (max-width: 1024px) 100vw, 1024px\" \/><figcaption>Les signataires de la Convention de Berne pour la protection des \u0153uvres litt\u00e9raires et artistiques &#8211; La carte est la courtoisie de https:\/\/commons.wikimedia.org\/wiki\/File:Berne_Convention.png partag\u00e9es sous <a href=\"https:\/\/en.wikipedia.org\/wiki\/en:Creative_Commons\">la licence Creative Commons<\/a> <a href=\"https:\/\/creativecommons.org\/licenses\/by-sa\/3.0\/deed.en\" target=\"_blank\" rel=\"noreferrer noopener\">Attribution-Share Alike 3.0 Nonported<\/a><\/figcaption><\/figure>\n<\/div><\/div><\/div>\n<\/div>\n<\/div><\/div><div class=\"gb-container gb-container-2a545a7e\"><div class=\"gb-inside-container\">\n\n<h2 class=\"has-text-align-center wp-block-heading\">Droit d\u2019auteur europ\u00e9en &#8211; Questions fr\u00e9quemment pos\u00e9es &#8211; FAQ<\/h2>\n\n\n\n<p><\/p>\n\n\n\n<div class=\"schema-faq wp-block-yoast-faq-block\"><div class=\"schema-faq-section\" id=\"faq-question-1603987684731\"><strong class=\"schema-faq-question\">Qu\u2019est-ce que la Convention de Berne sur le droit d\u2019auteur?<\/strong> <p class=\"schema-faq-answer\">Avant la Convention de Berne, les lois nationales sur le droit d\u2019auteur s\u2019appliquaient aux \u0153uvres cr\u00e9\u00e9es dans chaque pays. Par exemple, une \u0153uvre publi\u00e9e en Hongrie par un ressortissant hongrois y serait couverte par le droit d\u2019auteur, mais pourrait \u00eatre copi\u00e9e et vendue par n\u2019importe qui en Allemagne. Pour r\u00e9soudre ce probl\u00e8me, la Convention de Berne a mis en place un syst\u00e8me juridique international en 1886. Elle compte plus de 170 parties \u00e0 ce jour, un accord v\u00e9ritablement mondial sur le droit d\u2019auteur. Il a cr\u00e9\u00e9 le syst\u00e8me d\u2019\u00e9galit\u00e9 de traitement pour les ressortissants de l\u2019Union de Berne.  <\/p> <\/div> <div class=\"schema-faq-section\" id=\"faq-question-1603989962424\"><strong class=\"schema-faq-question\">Dois-je enregistrer mon travail pour avoir le droit d\u2019auteur en Hongrie?<\/strong> <p class=\"schema-faq-answer\">Le droit d\u2019auteur en vertu de la Convention de Berne est automatique; il n\u2019exige pas d\u2019enregistrement officiel. La Hongrie est partie \u00e0 l\u2019Union de Berne et aucun enregistrement du droit d\u2019auteur n\u2019est obligatoire.<\/p> <\/div> <div class=\"schema-faq-section\" id=\"faq-question-1603990042169\"><strong class=\"schema-faq-question\">Puis-je enregistrer mes droits d\u2019auteur en Hongrie ?<\/strong> <p class=\"schema-faq-answer\">L\u2019Office hongrois de la propri\u00e9t\u00e9 intellectuelle dispose d\u2019un d\u00e9positaire officiel o\u00f9 les \u0153uvres peuvent \u00eatre d\u00e9pos\u00e9es et d\u00e9pos\u00e9es. Ce type <strong>d\u2019enregistrement du droit d\u2019auteur <\/strong>est uniquement une preuve qu\u2019une certaine \u0153uvre a \u00e9t\u00e9 d\u00e9pos\u00e9e par quelqu\u2019un un certain jour avec une revendication de droit d\u2019auteur et qu\u2019en cas de litige, elle peut \u00eatre utilis\u00e9e comme preuve.<\/p> <\/div> <div class=\"schema-faq-section\" id=\"faq-question-1603991272540\"><strong class=\"schema-faq-question\">Dois-je enregistrer mon travail pour avoir le droit d\u2019auteur en Allemagne?<\/strong> <p class=\"schema-faq-answer\">Non, l\u2019Allemagne fait partie de l\u2019Union de Berne et aucun enregistrement du droit d\u2019auteur n\u2019est obligatoire car la Convention de Berne pr\u00e9voit le droit d\u2019auteur automatique, sans enregistrement officiel.<\/p> <\/div> <div class=\"schema-faq-section\" id=\"faq-question-1603991863304\"><strong class=\"schema-faq-question\">Puis-je \u00e9tablir un lien vers des \u0153uvres prot\u00e9g\u00e9es par le droit d\u2019auteur ?<\/strong> <p class=\"schema-faq-answer\">Oui, un lien, m\u00eame vers des \u0153uvres prot\u00e9g\u00e9es par le droit d\u2019auteur, est normalement inoffensif.<\/p> <\/div> <div class=\"schema-faq-section\" id=\"faq-question-1603991932072\"><strong class=\"schema-faq-question\">Les textes plus courts, comme les essais, rel\u00e8vent-ils \u00e9galement de la loi sur le droit d\u2019auteur?<\/strong> <p class=\"schema-faq-answer\">Oui, la port\u00e9e de l\u2019\u0153uvre n\u2019a pas d\u2019importance. L\u2019utilisation d\u2019extraits d\u2019une \u0153uvre est \u00e9galement assujettie \u00e0 la loi sur le droit d\u2019auteur.<\/p> <\/div> <div class=\"schema-faq-section\" id=\"faq-question-1603992367187\"><strong class=\"schema-faq-question\">Qu\u2019est-ce qu\u2019un portrait non?<\/strong> <p class=\"schema-faq-answer\">Lorsque vous faites une vid\u00e9o ou une photographie de personnes, vous serez le propri\u00e9taire du droit d\u2019auteur, mais ne poss\u00e9dez pas le droit de portrait. Le droit de portrait autorise la personne repr\u00e9sent\u00e9e \u00e0 interdire la publication ou la copie de la photo ou de la vid\u00e9o. Dans de nombreux cas, vous devez demander la permission de publier un portrait. Le droit de portrait rel\u00e8ve des lois sur le droit d\u2019auteur.<\/p> <\/div> <div class=\"schema-faq-section\" id=\"faq-question-1603992511725\"><strong class=\"schema-faq-question\">Dois-je utiliser le signe C pour avoir le droit d\u2019auteur en Hongrie?<\/strong> <p class=\"schema-faq-answer\">L\u2019utilisation de la marque C (= droit d\u2019auteur) n\u2019a en soi aucun effet juridique en Hongrie. Sa fonction pratique est seulement de faire prendre conscience que les droits de l\u2019auteur sont r\u00e9serv\u00e9s, de sorte qu\u2019une licence doit \u00eatre recherch\u00e9e pour utiliser l\u2019\u0153uvre. De plus, les renseignements fournis peuvent fournir des conseils sur les personnes \u00e0 contacter pour obtenir la licence n\u00e9cessaire.<\/p> <\/div> <div class=\"schema-faq-section\" id=\"faq-question-1603992723651\"><strong class=\"schema-faq-question\">Comment le droit d\u2019auteur peut-il \u00eatre appliqu\u00e9 en Hongrie ?<\/strong> <p class=\"schema-faq-answer\">Le titulaire du droit dispose d\u2019une vari\u00e9t\u00e9 de moyens d\u2019ex\u00e9cution possibles. Dans les affaires de violation du droit d\u2019auteur, un avocat hongrois sp\u00e9cialis\u00e9 dans le droit d\u2019auteur peut choisir une proc\u00e9dure civile ou p\u00e9nale ou peut &#8211; en pr\u00e9paration &#8211; mettre en \u0153uvre des mesures douani\u00e8res.<\/p> <\/div> <div class=\"schema-faq-section\" id=\"faq-question-1603992725289\"><strong class=\"schema-faq-question\">La pornographie est-elle prot\u00e9g\u00e9e par le droit d\u2019auteur?<\/strong> <p class=\"schema-faq-answer\">La loi hongroise sur le droit d\u2019auteur dispose d\u2019une liste de protection qui comprend des cr\u00e9ations cin\u00e9matographiques, d\u2019autres \u0153uvres audiovisuelles et des \u0153uvres photographiques. Faute d\u2019exceptions concernant la moralit\u00e9 et en tenant compte du fait que le niveau artistique n\u2019est pas jug\u00e9 pour l\u2019admissibilit\u00e9 au droit d\u2019auteur, on peut dire que les \u0153uvres pornographiques jouissent du droit d\u2019auteur. La loi LXXVI de 1999 sur le droit d\u2019auteur dit \u00e0 l\u2019article 1 (3) que \u00bb<em>Une cr\u00e9ation b\u00e9n\u00e9ficie d\u2019une protection du droit d\u2019auteur en raison de sa nature individuelle et originale<br>d\u00e9coulant de l\u2019activit\u00e9 intellectuelle de l\u2019auteur.<\/em> <em>La protection ne d\u00e9pend d\u2019aucune caract\u00e9ristique quantitative, qualitative ou esth\u00e9tique ou d\u2019un jugement quant \u00e0 la norme de la cr\u00e9ation.<\/em><\/p> <\/div> <\/div>\n\n<\/div><\/div>","protected":false},"excerpt":{"rendered":"<p>Droit d\u2019auteur europ\u00e9en &#8211; Questions fr\u00e9quemment pos\u00e9es &#8211; FAQ<\/p>\n","protected":false},"author":2,"featured_media":0,"parent":20443,"menu_order":0,"comment_status":"closed","ping_status":"closed","template":"","meta":{"footnotes":""},"class_list":["post-20455","page","type-page","status-publish"],"aioseo_notices":[],"_links":{"self":[{"href":"https:\/\/sulelaw.com\/fr\/wp-json\/wp\/v2\/pages\/20455","targetHints":{"allow":["GET"]}}],"collection":[{"href":"https:\/\/sulelaw.com\/fr\/wp-json\/wp\/v2\/pages"}],"about":[{"href":"https:\/\/sulelaw.com\/fr\/wp-json\/wp\/v2\/types\/page"}],"author":[{"embeddable":true,"href":"https:\/\/sulelaw.com\/fr\/wp-json\/wp\/v2\/users\/2"}],"replies":[{"embeddable":true,"href":"https:\/\/sulelaw.com\/fr\/wp-json\/wp\/v2\/comments?post=20455"}],"version-history":[{"count":21,"href":"https:\/\/sulelaw.com\/fr\/wp-json\/wp\/v2\/pages\/20455\/revisions"}],"predecessor-version":[{"id":22809,"href":"https:\/\/sulelaw.com\/fr\/wp-json\/wp\/v2\/pages\/20455\/revisions\/22809"}],"up":[{"embeddable":true,"href":"https:\/\/sulelaw.com\/fr\/wp-json\/wp\/v2\/pages\/20443"}],"wp:attachment":[{"href":"https:\/\/sulelaw.com\/fr\/wp-json\/wp\/v2\/media?parent=20455"}],"curies":[{"name":"wp","href":"https:\/\/api.w.org\/{rel}","templated":true}]}}