{"id":20443,"date":"2020-10-28T10:26:05","date_gmt":"2020-10-28T10:26:05","guid":{"rendered":"https:\/\/va87zabukmi.preview.infomaniak.website\/intellectual-property-ip-lawyer-law-firm\/"},"modified":"2022-10-21T11:06:04","modified_gmt":"2022-10-21T11:06:04","slug":"intellectual-property-ip-lawyer-law-firm","status":"publish","type":"page","link":"https:\/\/sulelaw.com\/fr\/intellectual-property-ip-lawyer-law-firm\/","title":{"rendered":"Propri\u00e9t\u00e9 intellectuelle \/ IP"},"content":{"rendered":"<div class=\"gb-container gb-container-e3321647\"><div class=\"gb-inside-container\">\n<div class=\"gb-grid-wrapper gb-grid-wrapper-9df41ee5\">\n<div class=\"gb-grid-column gb-grid-column-71587cc8\"><div class=\"gb-container gb-container-71587cc8\"><div class=\"gb-inside-container\">\n\n<h2 class=\"gb-headline gb-headline-5d5268ff gb-headline-text\">Propri\u00e9t\u00e9 intellectuelle, propri\u00e9t\u00e9 industrielle<\/h2>\n\n<\/div><\/div><\/div>\n\n<div class=\"gb-grid-column gb-grid-column-633a8305\"><div class=\"gb-container gb-container-633a8305\"><div class=\"gb-inside-container\">\n\n<p>La force et l&rsquo;expertise du cabinet en mati\u00e8re de droit de la propri\u00e9t\u00e9 intellectuelle permettent de traiter tous les aspects des litiges. Avec une petite \u00e9quipe, le cabinet est capable de s&rsquo;attaquer \u00e0 des affaires complexes et innovantes. L&rsquo;\u00e9quipe a une approche &lsquo;<em>pratique<\/em>&lsquo; et &lsquo;<em>co\u00fbt-efficacit\u00e9<\/em>&lsquo; et est dirig\u00e9e par le chef de pratique \u00c1kos S\u00fcle, qui est un plaideur en propri\u00e9t\u00e9 intellectuelle largement reconnu dans les domaines des marques, des dessins et mod\u00e8les, des secrets commerciaux et du droit d&rsquo;auteur. La pratique de la propri\u00e9t\u00e9 intellectuelle traite \u00e0 la fois les travaux contentieux et non contentieux. L&rsquo;entreprise est tr\u00e8s pr\u00e9sente dans les secteurs de la technologie, des m\u00e9dias, de la mode et du luxe, et des sciences de la vie. Le cabinet de propri\u00e9t\u00e9 intellectuelle couvre toute la gamme des aspects \u00ab\u00a0souples\u00a0\u00bb et certains aspects \u00ab\u00a0concrets\u00a0\u00bb du droit de la propri\u00e9t\u00e9 intellectuelle et fournit des conseils sur les aspects de la propri\u00e9t\u00e9 intellectuelle dans les transactions de fusion et acquisition. Le cabinet d&rsquo;avocats s&rsquo;occupe des grands <strong>portefeuilles d&rsquo;IP<\/strong> et peut aider \u00e0 <strong>diligence d&rsquo;IP<\/strong>.<\/p>\n\n<\/div><\/div><\/div>\n<\/div>\n<\/div><\/div>\n\n<div class=\"gb-container gb-container-05724921\"><div class=\"gb-inside-container\">\n<div class=\"gb-grid-wrapper gb-grid-wrapper-f1eea5cd\">\n<div class=\"gb-grid-column gb-grid-column-f8fac88a\"><div class=\"gb-container gb-container-f8fac88a\"><div class=\"gb-inside-container\">\n\n<h2 class=\"gb-headline gb-headline-2e40bf50 gb-headline-text\">Certains de nos services li\u00e9s au droit de la propri\u00e9t\u00e9 intellectuelle<\/h2>\n\n\n\n<div style=\"height:100px\" aria-hidden=\"true\" class=\"wp-block-spacer\"><\/div>\n\n\n\n<hr class=\"wp-block-separator has-css-opacity\"\/>\n\n\n\n<figure class=\"wp-block-image size-large is-style-rounded\"><img loading=\"lazy\" decoding=\"async\" width=\"640\" height=\"427\" src=\"https:\/\/sulelaw.com\/wp-content\/uploads\/2020\/11\/roma-kaiuk-Dvv3DoDPVHo-unsplash.jpg\" alt=\"services juridiques en mati\u00e8re de propri\u00e9t\u00e9 intellectuelle\" class=\"wp-image-21801\" srcset=\"https:\/\/sulelaw.com\/wp-content\/uploads\/2020\/11\/roma-kaiuk-Dvv3DoDPVHo-unsplash.jpg 640w, https:\/\/sulelaw.com\/wp-content\/uploads\/2020\/11\/roma-kaiuk-Dvv3DoDPVHo-unsplash-300x200.jpg 300w\" sizes=\"auto, (max-width: 640px) 100vw, 640px\" \/><figcaption>Photo par <a href=\"https:\/\/unsplash.com\/@roma_kaiuk?utm_source=unsplash&amp;utm_medium=referral&amp;utm_content=creditCopyText\">Roma Kaiuk<\/a> <\/figcaption><\/figure>\n\n<\/div><\/div><\/div>\n\n<div class=\"gb-grid-column gb-grid-column-7a0f3012\"><div class=\"gb-container gb-container-7a0f3012\"><div class=\"gb-inside-container\">\n\n<div class=\"wp-block-pb-accordion-item c-accordion__item js-accordion-item no-js\" data-initially-open=\"false\" data-click-to-close=\"true\" data-auto-close=\"false\" data-scroll=\"false\" data-scroll-offset=\"0\"><h3 id=\"at-204430\" class=\"c-accordion__title js-accordion-controller\" role=\"button\">Marques d\u00e9pos\u00e9es<\/h3><div id=\"ac-204430\" class=\"c-accordion__content\">\n<p>Les enregistrements de marques et les litiges sont toujours <strong>notre premier service juridique en mati\u00e8re de propri\u00e9t\u00e9 intellectuelle<\/strong>. La valeur commerciale<strong> d&rsquo;une marque de commerce<\/strong> peut souvent \u00eatre encore plus grande que celle d&rsquo;un brevet.<\/p>\n\n\n\n<p>Nous pouvons vous aider dans le d\u00e9p\u00f4t de marques, par le biais de mesures \u00e0 la fronti\u00e8re, de l&rsquo;enregistrement de marques, de lettres de cessation et d&rsquo;abstention, de litiges, de licences, d&rsquo;oppositions, d&rsquo;annulations, etc. Nous agissons en tant que gestionnaire de portefeuille local ou europ\u00e9en <strong>IP<\/strong> pour plusieurs clients.<\/p>\n<\/div><\/div>\n\n\n\n<div class=\"wp-block-pb-accordion-item c-accordion__item js-accordion-item no-js\" data-initially-open=\"false\" data-click-to-close=\"true\" data-auto-close=\"false\" data-scroll=\"false\" data-scroll-offset=\"0\"><h3 id=\"at-204431\" class=\"c-accordion__title js-accordion-controller\" role=\"button\">Les dessins et mod\u00e8les en tant que propri\u00e9t\u00e9 intellectuelle<\/h3><div id=\"ac-204431\" class=\"c-accordion__content\">\n<p>Un dessin ou mod\u00e8le peut \u00eatre d\u00e9fini comme une \u00ab\u00a0apparence bidimensionnelle ou tridimensionnelle de l&rsquo;ensemble ou d&rsquo;une partie d&rsquo;un produit\u00a0\u00bb. Elle r\u00e9sulte par exemple de caract\u00e9ristiques telles que les lignes, les contours, les couleurs, la forme, la texture ou la mati\u00e8re du produit.<\/p>\n\n\n\n<p>As <strong>juristes en propri\u00e9t\u00e9 intellectuelle<\/strong> nous repr\u00e9sentons les brevets de dessins et mod\u00e8les en Hongrie, en Allemagne, dans l&rsquo;UE, en France et au Royaume-Uni.<\/p>\n\n\n\n<p>Il n&rsquo;y a pas de recherche de nouveaut\u00e9 pour le design l\u00e0 o\u00f9 nous les repr\u00e9sentons. Toutefois, le risque qu&rsquo;un dessin ou mod\u00e8le soit contest\u00e9 et annul\u00e9 est plus grand.<\/p>\n<\/div><\/div>\n\n\n\n<div class=\"wp-block-pb-accordion-item c-accordion__item js-accordion-item no-js\" data-initially-open=\"false\" data-click-to-close=\"true\" data-auto-close=\"false\" data-scroll=\"false\" data-scroll-offset=\"0\"><h3 id=\"at-204432\" class=\"c-accordion__title js-accordion-controller\" role=\"button\">Droits d&rsquo;auteur<\/h3><div id=\"ac-204432\" class=\"c-accordion__content\">\n<p>La protection des droits d&rsquo;auteur et des bases de donn\u00e9es permet au cr\u00e9ateur ou au d\u00e9tenteur de droits de tirer profit de ses efforts ou de son investissement. Nous aidons nos clients dans ce domaine. Si n\u00e9cessaire, nous irons devant les tribunaux pour prot\u00e9ger vos int\u00e9r\u00eats, mais nous nous efforcerons \u00e9galement d&rsquo;obtenir le meilleur r\u00e9sultat en n\u00e9gociant des accords d&rsquo;exploitation en votre nom.<\/p>\n<\/div><\/div>\n\n\n\n<div class=\"wp-block-pb-accordion-item c-accordion__item js-accordion-item no-js\" data-initially-open=\"false\" data-click-to-close=\"true\" data-auto-close=\"false\" data-scroll=\"false\" data-scroll-offset=\"0\"><h3 id=\"at-204433\" class=\"c-accordion__title js-accordion-controller\" role=\"button\">Brevets<\/h3><div id=\"ac-204433\" class=\"c-accordion__content\">\n<p>Les brevets jouent un r\u00f4le important dans le monde des affaires car les titulaires de brevets obtiennent un droit d&rsquo;utilisation monopolistique territorial pour une p\u00e9riode limit\u00e9e.<\/p>\n\n\n\n<p>Actuellement, nous offrons des services de repr\u00e9sentation en mati\u00e8re de brevets comme suit : renouvellement de brevets, cession de brevets, \u00e9valuation de la diligence raisonnable des droits de propri\u00e9t\u00e9 intellectuelle, services de changement de nom et de changement d&rsquo;adresse aupr\u00e8s des offices des brevets.<\/p>\n<\/div><\/div>\n\n\n\n<div class=\"wp-block-pb-accordion-item c-accordion__item js-accordion-item no-js\" data-initially-open=\"false\" data-click-to-close=\"true\" data-auto-close=\"false\" data-scroll=\"false\" data-scroll-offset=\"0\"><h3 id=\"at-204434\" class=\"c-accordion__title js-accordion-controller\" role=\"button\">Mod\u00e8les utilitaires<\/h3><div id=\"ac-204434\" class=\"c-accordion__content\">\n<p>Les mod\u00e8les d&rsquo;utilit\u00e9 ne sont pas disponibles dans chaque \u00c9tat membre de l&rsquo;UE, mais ils peuvent \u00eatre enregistr\u00e9s en Hongrie et en Allemagne.<\/p>\n\n\n\n<p>Au cours de la proc\u00e9dure d&rsquo;enregistrement des mod\u00e8les d&rsquo;utilit\u00e9, il n&rsquo;y a pas d&rsquo;examen quant \u00e0 la nouveaut\u00e9, l&rsquo;activit\u00e9 inventive et l&rsquo;application industrielle. C&rsquo;est pourquoi la protection par mod\u00e8le d&rsquo;utilit\u00e9 peut \u00eatre obtenue plus facilement, plus rapidement et \u00e0 moindre co\u00fbt que la protection par brevet.<\/p>\n\n\n\n<p>Ils constituent \u00e9galement une solution de repli si une demande de brevet pose probl\u00e8me.<\/p>\n<\/div><\/div>\n\n\n\n<div class=\"wp-block-pb-accordion-item c-accordion__item js-accordion-item no-js\" data-initially-open=\"false\" data-click-to-close=\"true\" data-auto-close=\"false\" data-scroll=\"false\" data-scroll-offset=\"0\"><h3 id=\"at-204435\" class=\"c-accordion__title js-accordion-controller\" role=\"button\">Protection des secrets commerciaux et licences de secrets commerciaux<\/h3><div id=\"ac-204435\" class=\"c-accordion__content\">\n<p>Ils sont importants <strong>droits de propri\u00e9t\u00e9 intellectuelle<\/strong> pour une activit\u00e9 quotidienne et aussi pour les <strong>accords de transfert de technologie<\/strong>.<\/p>\n\n\n\n<p>Selon l&rsquo;accord ADPIC : <em>Les personnes physiques et morales ont la possibilit\u00e9 d&#8217;emp\u00eacher que des informations l\u00e9galement sous leur contr\u00f4le soient divulgu\u00e9es \u00e0 des tiers, acquises par eux ou utilis\u00e9es par eux sans leur consentement d&rsquo;une mani\u00e8re contraire aux pratiques commerciales honn\u00eates, tant que ces informations<\/em> :<\/p>\n\n\n\n<p><em>a) est secr\u00e8te en ce sens qu&rsquo;elle n&rsquo;est pas, dans son ensemble ou dans la configuration et l&rsquo;assemblage pr\u00e9cis de ses \u00e9l\u00e9ments, g\u00e9n\u00e9ralement connue des personnes appartenant aux milieux qui traitent normalement du type d&rsquo;information en question ou facilement accessible \u00e0 ces personnes ;<\/em><\/p>\n\n\n\n<p><em>(b) a une valeur commerciale parce qu&rsquo;il est secret ; et<\/em><\/p>\n\n\n\n<p><em>c) a fait l&rsquo;objet de mesures raisonnables, compte tenu des circonstances, de la part de la personne qui a l\u00e9galement le contr\u00f4le des informations, pour les garder secr\u00e8tes<\/em><\/p>\n<\/div><\/div>\n\n\n\n<div class=\"wp-block-pb-accordion-item c-accordion__item js-accordion-item no-js\" data-initially-open=\"false\" data-click-to-close=\"true\" data-auto-close=\"false\" data-scroll=\"false\" data-scroll-offset=\"0\"><h3 id=\"at-204436\" class=\"c-accordion__title js-accordion-controller\" role=\"button\">Protection des vari\u00e9t\u00e9s v\u00e9g\u00e9tales et indications g\u00e9ographiques<\/h3><div id=\"ac-204436\" class=\"c-accordion__content\">\n<p>Ces droits sont les plus importants pour l&rsquo;industrie agricole<\/p>\n\n\n\n<p>Toute personne physique, morale ou entreprise peut obtenir la protection d&rsquo;une indication g\u00e9ographique en Hongrie si elle produit, transforme ou fabrique un produit identifi\u00e9 par une indication g\u00e9ographique dans la zone g\u00e9ographique. Toute personne qui produit le produit dans la r\u00e9gion donn\u00e9e obtiendra le droit d&rsquo;utiliser l&rsquo;indication g\u00e9ographique <strong>de <\/strong>.<\/p>\n\n\n\n<p>La protection des obtentions v\u00e9g\u00e9tales accorde une protection juridique aux vari\u00e9t\u00e9s v\u00e9g\u00e9tales am\u00e9lior\u00e9es &#8211; hybrides, lign\u00e9es, clones, etc. Le propri\u00e9taire d&rsquo;une <strong>protection hongroise des obtentions v\u00e9g\u00e9tales<\/strong> a le droit exclusif d&rsquo;utiliser la vari\u00e9t\u00e9 v\u00e9g\u00e9tale ou de <strong>licencier <\/strong>l&rsquo;utiliser.<\/p>\n<\/div><\/div>\n\n<\/div><\/div><\/div>\n<\/div>\n<\/div><\/div>\n\n<div class=\"gb-container gb-container-2a545a7e\"><div class=\"gb-inside-container\">\n\n<h2 class=\"has-text-align-center wp-block-heading\">Propri\u00e9t\u00e9 intellectuelle &#8211; PI &#8211; Foire aux questions &#8211; FAQ<\/h2>\n\n\n\n<p><\/p>\n\n\n\n<div class=\"schema-faq wp-block-yoast-faq-block\"><div class=\"schema-faq-section\" id=\"faq-question-1603882028301\"><strong class=\"schema-faq-question\">Qu&rsquo;est-ce qu&rsquo;une marque de certification ?<\/strong> <p class=\"schema-faq-answer\">Les marques de certification indiquent que les produits \/ services qui portent la marque ont certaines caract\u00e9ristiques qui ont \u00e9t\u00e9 certifi\u00e9es par un organisme ind\u00e9pendant. Par cons\u00e9quent, seule une personne physique ou morale qui n&rsquo;est pas un fabricant\/distributeur des produits ou un fournisseur des services peut \u00eatre propri\u00e9taire de la marque de certification. Les propri\u00e9t\u00e9s des produits certifi\u00e9s, les conditions d&rsquo;utilisation de la marque ainsi que les mesures de contr\u00f4le et de surveillance sont sp\u00e9cifi\u00e9es dans les r\u00e8glements d&rsquo;utilisation de la marque de certification.<\/p> <\/div> <div class=\"schema-faq-section\" id=\"faq-question-1603886699489\"><strong class=\"schema-faq-question\">Comment puis-je prot\u00e9ger un logo ? Puis-je \u00e9galement demander une marque ou un dessin ou mod\u00e8le pour prot\u00e9ger le logo ?<\/strong> <p class=\"schema-faq-answer\">Un logo peut \u00eatre prot\u00e9g\u00e9 simultan\u00e9ment comme marque et comme mod\u00e8le d\u00e9pos\u00e9. Si vous avez le moindre doute sur la strat\u00e9gie de d\u00e9p\u00f4t qui convient pour prot\u00e9ger votre logo, vous devriez consulter un <strong>juriste en PI<\/strong> ayant de l&rsquo;exp\u00e9rience en droit des marques et en droit des dessins et mod\u00e8les.<\/p> <\/div> <div class=\"schema-faq-section\" id=\"faq-question-1603886959813\"><strong class=\"schema-faq-question\">Qu&rsquo;est-ce que la propri\u00e9t\u00e9 intellectuelle ?<\/strong> <p class=\"schema-faq-answer\">La propri\u00e9t\u00e9 intellectuelle (PI) d\u00e9signe les cr\u00e9ations de l&rsquo;esprit, telles que les inventions, les \u0153uvres litt\u00e9raires et artistiques, les dessins et mod\u00e8les, ainsi que les symboles, noms et images utilis\u00e9s dans le commerce. La propri\u00e9t\u00e9 intellectuelle est prot\u00e9g\u00e9e comme par exemple les brevets, les droits d&rsquo;auteur et les marques, etc.<\/p> <\/div> <div class=\"schema-faq-section\" id=\"faq-question-1603887661831\"><strong class=\"schema-faq-question\">Serai-je propri\u00e9taire de la propri\u00e9t\u00e9 intellectuelle que je cr\u00e9e ?<\/strong> <p class=\"schema-faq-answer\">Pas n\u00e9cessairement. Le cr\u00e9ateur d&rsquo;une propri\u00e9t\u00e9 intellectuelle est g\u00e9n\u00e9ralement titulaire d&rsquo;un droit d&rsquo;auteur alors que d&rsquo;autres droits doivent \u00eatre enregistr\u00e9s au pr\u00e9alable. Il existe \u00e9galement certaines exceptions, par exemple si la propri\u00e9t\u00e9 intellectuelle est cr\u00e9\u00e9e au cours d&rsquo;un projet particulier command\u00e9, elle appartient g\u00e9n\u00e9ralement \u00e0 la soci\u00e9t\u00e9 qui l&rsquo;a command\u00e9e.<\/p> <\/div> <\/div>\n\n<\/div><\/div>","protected":false},"excerpt":{"rendered":"<p>Propri\u00e9t\u00e9 intellectuelle &#8211; PI &#8211; Foire aux questions &#8211; FAQ<\/p>\n","protected":false},"author":2,"featured_media":0,"parent":0,"menu_order":0,"comment_status":"closed","ping_status":"closed","template":"","meta":{"footnotes":""},"class_list":["post-20443","page","type-page","status-publish"],"aioseo_notices":[],"_links":{"self":[{"href":"https:\/\/sulelaw.com\/fr\/wp-json\/wp\/v2\/pages\/20443","targetHints":{"allow":["GET"]}}],"collection":[{"href":"https:\/\/sulelaw.com\/fr\/wp-json\/wp\/v2\/pages"}],"about":[{"href":"https:\/\/sulelaw.com\/fr\/wp-json\/wp\/v2\/types\/page"}],"author":[{"embeddable":true,"href":"https:\/\/sulelaw.com\/fr\/wp-json\/wp\/v2\/users\/2"}],"replies":[{"embeddable":true,"href":"https:\/\/sulelaw.com\/fr\/wp-json\/wp\/v2\/comments?post=20443"}],"version-history":[{"count":17,"href":"https:\/\/sulelaw.com\/fr\/wp-json\/wp\/v2\/pages\/20443\/revisions"}],"predecessor-version":[{"id":23953,"href":"https:\/\/sulelaw.com\/fr\/wp-json\/wp\/v2\/pages\/20443\/revisions\/23953"}],"wp:attachment":[{"href":"https:\/\/sulelaw.com\/fr\/wp-json\/wp\/v2\/media?parent=20443"}],"curies":[{"name":"wp","href":"https:\/\/api.w.org\/{rel}","templated":true}]}}