{"id":19461,"date":"2020-02-26T19:25:29","date_gmt":"2020-02-26T19:25:29","guid":{"rendered":"https:\/\/va87zabukmi.preview.infomaniak.website\/about-a-top-law-firm\/"},"modified":"2021-03-13T19:19:22","modified_gmt":"2021-03-13T19:19:22","slug":"about-a-top-law-firm","status":"publish","type":"page","link":"https:\/\/sulelaw.com\/fr\/about-a-top-law-firm\/","title":{"rendered":"\u00c0 propos d\u2019un cabinet d\u2019avocats de premier plan"},"content":{"rendered":"<div class=\"gb-container gb-container-c1e680b3\" id=\"facts-figures\"><div class=\"gb-inside-container\">\n<div class=\"gb-grid-wrapper gb-grid-wrapper-d1177ea0\">\n<div class=\"gb-grid-column gb-grid-column-d3680060\"><div class=\"gb-container gb-container-d3680060\"><div class=\"gb-inside-container\">\n\n<h2 class=\"gb-headline gb-headline-c275e1d5 gb-headline-text\">Faits et chiffres sur notre cabinet d\u2019avocats<\/h2>\n\n\n<div class=\"gb-grid-column gb-grid-column-12569846\"><div class=\"gb-container gb-container-12569846\"><div class=\"gb-inside-container\">\n<div class=\"gb-grid-column gb-grid-column-52d8dea3\"><div class=\"gb-container gb-container-52d8dea3\"><div class=\"gb-inside-container\">\n<div class=\"gb-grid-column gb-grid-column-b689fbc6\"><div class=\"gb-container gb-container-b689fbc6\"><div class=\"gb-inside-container\">\n\n<p><\/p>\n\n\n<div class=\"gb-grid-column gb-grid-column-d22dd97d\"><div class=\"gb-container gb-container-d22dd97d\"><div class=\"gb-inside-container\"><\/div><\/div><\/div>\n<\/div><\/div><\/div>\n<\/div><\/div><\/div>\n<\/div><\/div><\/div>\n<\/div><\/div><\/div>\n<\/div>\n\n<div class=\"gb-grid-wrapper gb-grid-wrapper-587cab6e\">\n<div class=\"gb-grid-column gb-grid-column-4a198d3d\"><div class=\"gb-container gb-container-4a198d3d\"><div class=\"gb-inside-container\">\n<div class=\"gb-container gb-container-9971a76f\"><div class=\"gb-inside-container\">\n\n<h3 class=\"gb-headline gb-headline-87f91b10 gb-headline-text\">Le formulaire de loi a \u00e9t\u00e9 \u00e9tabli<\/h3>\n\n\n\n<h4 class=\"gb-headline gb-headline-18dd8ff3 gb-headline-text\">2011<\/h4>\n\n<\/div><\/div>\n<\/div><\/div><\/div>\n\n<div class=\"gb-grid-column gb-grid-column-440b8e87\"><div class=\"gb-container gb-container-440b8e87\"><div class=\"gb-inside-container\">\n<div class=\"gb-container gb-container-2a5d53c5\"><div class=\"gb-inside-container\">\n\n<h3 class=\"gb-headline gb-headline-c404a804 gb-headline-text\">Les clients du cabinet d\u2019avocats sont<\/h3>\n\n\n\n<h4 class=\"gb-headline gb-headline-9a82741c gb-headline-text\">Plus de 40 pays<\/h4>\n\n<\/div><\/div>\n<\/div><\/div><\/div>\n\n<div class=\"gb-grid-column gb-grid-column-fd972e51\"><div class=\"gb-container gb-container-fd972e51\"><div class=\"gb-inside-container\">\n<div class=\"gb-container gb-container-dcef4a83\"><div class=\"gb-inside-container\">\n\n<h3 class=\"gb-headline gb-headline-dd220540 gb-headline-text\">Marques d\u00e9pos\u00e9es &#8211; 2019<\/h3>\n\n\n\n<h4 class=\"gb-headline gb-headline-14b69927 gb-headline-text\">465<\/h4>\n\n<\/div><\/div>\n<\/div><\/div><\/div>\n<\/div>\n\n<div class=\"gb-grid-wrapper gb-grid-wrapper-e2987275\">\n<div class=\"gb-grid-column gb-grid-column-ecde4896\"><div class=\"gb-container gb-container-ecde4896\"><div class=\"gb-inside-container\">\n<div class=\"gb-container gb-container-a1f03c70\"><div class=\"gb-inside-container\">\n\n<h3 class=\"gb-headline gb-headline-6f0f6807 gb-headline-text\">Marques d\u00e9pos\u00e9es &#8211; 2020<\/h3>\n\n\n\n<h4 class=\"gb-headline gb-headline-db3c0d4c gb-headline-text\">684<\/h4>\n\n<\/div><\/div>\n<\/div><\/div><\/div>\n\n<div class=\"gb-grid-column gb-grid-column-74c306cc\"><div class=\"gb-container gb-container-74c306cc\"><div class=\"gb-inside-container\">\n<div class=\"gb-container gb-container-baefa47e\"><div class=\"gb-inside-container\">\n\n<h3 class=\"gb-headline gb-headline-1687bb3e gb-headline-text\">Brevets de conception d\u00e9pos\u00e9s &#8211; 2019<\/h3>\n\n\n\n<h4 class=\"gb-headline gb-headline-c8546eb4 gb-headline-text\">316<\/h4>\n\n<\/div><\/div>\n<\/div><\/div><\/div>\n\n<div class=\"gb-grid-column gb-grid-column-6aa25140\"><div class=\"gb-container gb-container-6aa25140\"><div class=\"gb-inside-container\">\n<div class=\"gb-container gb-container-550d5d38\"><div class=\"gb-inside-container\">\n\n<h3 class=\"gb-headline gb-headline-f3cdf1d5 gb-headline-text\">Brevets de conception d\u00e9pos\u00e9s &#8211; 2020<\/h3>\n\n\n\n<h4 class=\"gb-headline gb-headline-79a51c20 gb-headline-text\">537<\/h4>\n\n<\/div><\/div>\n<\/div><\/div><\/div>\n<\/div>\n<\/div><\/div>\n\n<div class=\"gb-container gb-container-ba71e0fd\" id=\"awards-rankings\"><div class=\"gb-inside-container\">\n<div class=\"gb-grid-wrapper gb-grid-wrapper-4a4ca11c\">\n<div class=\"gb-grid-column gb-grid-column-12a63b80\"><div class=\"gb-container gb-container-12a63b80\" id=\"awards-rankings\"><div class=\"gb-inside-container\">\n\n<h2 class=\"gb-headline gb-headline-4a239225 gb-headline-text\">Prix et classements juridiques<\/h2>\n\n\n\n<p>La r\u00e9putation exceptionnelle de S\u00fcle dans tous ses domaines de pratique est d\u00e9montr\u00e9e par ses nombreux prix juridiques prestigieux et ses inscriptions au cabinet d\u2019avocats :<\/p>\n\n\n\n<h4 class=\"gb-headline gb-headline-83fd2306 gb-headline-text\">2021<\/h4>\n\n\n\n<p>Laur\u00e9at du prix \u00ab\u00a0Corporate IP Law Firm of the Year in Hungary 2021\u00a0\u00bb (cabinet d&rsquo;avocats sp\u00e9cialis\u00e9 en droit de la propri\u00e9t\u00e9 intellectuelle) d\u00e9cern\u00e9 par le Corporate Intl Global Awards.  <\/p>\n\n\n\n<p>Laur\u00e9at du \u00ab\u00a0Corporate IP Law Firm of the Year in Hungary 2021\u00a0\u00bb et du \u00ab\u00a0Intellectual Property Law Firm of the Year in Hungary &#8211; 2021\u00a0\u00bb aux Global Law Experts Annual Awards.<\/p>\n\n\n\n<h4 class=\"gb-headline gb-headline-e66ab0d7 gb-headline-text\">2020<\/h4>\n\n\n\n<p>Prix d\u2019experts en droit mondial (GLE) dans la cat\u00e9gorie : Cabinet d\u2019avocats en propri\u00e9t\u00e9 intellectuelle de l\u2019ann\u00e9e en Hongrie  <\/p>\n\n\n\n<p>Leaders in Law &#8211; 2020 Global Awards, gagnant pour: Trademark Law Lawyer of the Year in Hungary<\/p>\n\n\n\n<p>Corporate IP Law Firm of the Year in Hungary 2020 par Corporate Intl Global Awards<\/p>\n\n\n\n<p>N\u00b0 1 sur la<a rel=\"noreferrer noopener nofollow\" href=\"https:\/\/euipo.europa.eu\/ohimportal\/en\/the-office#top_25_eusers\" target=\"_blank\"> liste des 25 premiers pays de l\u2019EUIPO<\/a> pour cinq ann\u00e9es cons\u00e9cutives, pour la Hongrie<\/p>\n\n\n\n<p>The Lawyers Global Country Awards 2020 &#8211; Hongrie &#8211; Cabinet d\u2019avocats de l\u2019ann\u00e9e &#8211; EXCEPTIONNEL &#8211; classement 5<\/p>\n\n<\/div><\/div><\/div>\n\n<div class=\"gb-grid-column gb-grid-column-37e32cf4\"><div class=\"gb-container gb-container-37e32cf4\"><div class=\"gb-inside-container\">\n\n<hr class=\"wp-block-separator\"\/>\n\n\n\n<figure class=\"wp-block-gallery columns-3 wp-block-gallery-1 is-layout-flex wp-block-gallery-is-layout-flex\"><ul class=\"blocks-gallery-grid\"><li class=\"blocks-gallery-item\"><figure><img loading=\"lazy\" decoding=\"async\" width=\"150\" height=\"138\" src=\"https:\/\/sulelaw.com\/wp-content\/uploads\/2021\/03\/GLE-Handbook-Best-law-firm-Hungary.png\" alt=\"\" data-id=\"23528\" data-full-url=\"https:\/\/sulelaw.com\/wp-content\/uploads\/2021\/03\/GLE-Handbook-Best-law-firm-Hungary.png\" data-link=\"https:\/\/sulelaw.com\/gle-handbook-best-law-firm-hungary\/\" class=\"wp-image-23530\"\/><\/figure><\/li><li class=\"blocks-gallery-item\"><figure><img loading=\"lazy\" decoding=\"async\" width=\"150\" height=\"165\" src=\"https:\/\/sulelaw.com\/wp-content\/uploads\/2021\/03\/Corporate-INTL-Global-Awards-2021-Sule-Law-Firm-IP-Law-Firm-top.png\" alt=\"\" data-id=\"23522\" data-full-url=\"https:\/\/sulelaw.com\/wp-content\/uploads\/2021\/03\/Corporate-INTL-Global-Awards-2021-Sule-Law-Firm-IP-Law-Firm-top.png\" data-link=\"https:\/\/sulelaw.com\/corporate-intl-global-awards-2021-sule-law-firm-ip-law-firm-top\/\" class=\"wp-image-23524\"\/><\/figure><\/li><li class=\"blocks-gallery-item\"><figure><img loading=\"lazy\" decoding=\"async\" width=\"150\" height=\"129\" src=\"https:\/\/sulelaw.com\/wp-content\/uploads\/2021\/03\/award-winning-law-firm.png\" alt=\"cabinet d'avocats le mieux class\u00e9\" data-id=\"23516\" data-full-url=\"https:\/\/sulelaw.com\/wp-content\/uploads\/2021\/03\/award-winning-law-firm.png\" data-link=\"https:\/\/sulelaw.com\/award-winning-law-firm\/\" class=\"wp-image-23518\"\/><\/figure><\/li><\/ul><\/figure>\n\n\n\n<hr class=\"wp-block-separator\"\/>\n\n\n<div class=\"gb-container gb-container-75c98b24\"><div class=\"gb-inside-container\">\n\n<h2 class=\"gb-headline gb-headline-88128136\"><span class=\"gb-icon\"><svg aria-hidden=\"true\" height=\"1em\" width=\"1em\" viewBox=\"0 0 256 512\" xmlns=\"http:\/\/www.w3.org\/2000\/svg\"><path fill=\"currentColor\" d=\"M224.3 273l-136 136c-9.4 9.4-24.6 9.4-33.9 0l-22.6-22.6c-9.4-9.4-9.4-24.6 0-33.9l96.4-96.4-96.4-96.4c-9.4-9.4-9.4-24.6 0-33.9L54.3 103c9.4-9.4 24.6-9.4 33.9 0l136 136c9.5 9.4 9.5 24.6.1 34z\"><\/path><\/svg><\/span><span class=\"gb-headline-text\">Liens rapides:<\/span><\/h2>\n\n\n\n<h4 class=\"gb-headline gb-headline-a207fad9 gb-headline-text\"><a href=\"\/fr\/locations\/lawyer-in-germany-berlin-german-ip-law-firm\/\">Notre bureau de Berlin<\/a><br><a href=\"\/fr\/locations\/lawyer-in-hungary-budapest-law-firm-hungarian\/\">Notre bureau de Budapest<\/a><br><a href=\"https:\/\/sulelaw.com\/fr\/about-a-top-law-firm\/#facts-figures\">Faits et chiffres<\/a><br><a href=\"https:\/\/sulelaw.com\/fr\/about-a-top-law-firm\/#awards-rankings\">Prix &amp; Classements<\/a><br><a href=\"https:\/\/sulelaw.com\/fr\/about-a-top-law-firm\/#clients\">Clients<\/a><br><a href=\"https:\/\/sulelaw.com\/fr\/about-a-top-law-firm\/#industries\">Les industries<\/a><br><a href=\"https:\/\/sulelaw.com\/fr\/about-a-top-law-firm\/#career\">Carri\u00e8res<\/a><\/h4>\n\n<\/div><\/div>\n<\/div><\/div><\/div>\n\n<div class=\"gb-grid-column gb-grid-column-0b1d736b\"><div class=\"gb-container gb-container-0b1d736b\"><div class=\"gb-inside-container\">\n\n<h4 class=\"gb-headline gb-headline-8f2aae0e gb-headline-text\">2016-2019<\/h4>\n\n\n\n<p>S\u00fcle Law Firm atteint et maintient sa position sur le <a rel=\"noreferrer noopener\" href=\"https:\/\/euipo.europa.eu\/ohimportal\/en\/the-office#top_25_eusers\" target=\"_blank\">top 25 de l\u2019EUIPO,<\/a>pour la Hongrie, en tant que premier d\u00e9posant de brevets de marque et de design avec le rang n \u00b0 1<\/p>\n\n\n\n<p>The Lawyers Global Country Awards 2018-2019 &#8211; Hongrie &#8211; Cabinet d\u2019avocats de l\u2019ann\u00e9e &#8211; EXCEPTIONNEL &#8211; classement 5<\/p>\n\n\n\n<p><\/p>\n\n<\/div><\/div><\/div>\n<\/div>\n<\/div><\/div>\n\n<div class=\"gb-container gb-container-186a09cc\" id=\"clients\"><div class=\"gb-inside-container\">\n<div class=\"gb-grid-wrapper gb-grid-wrapper-65cc56a0\">\n<div class=\"gb-grid-column gb-grid-column-817dcde0\"><div class=\"gb-container gb-container-817dcde0\"><div class=\"gb-inside-container\">\n\n<h2 class=\"gb-headline gb-headline-2714dc77 gb-headline-text\">Les clients de notre cabinet d\u2019avocats<\/h2>\n\n\n<div class=\"gb-grid-column gb-grid-column-49600c56\"><div class=\"gb-container gb-container-49600c56\"><div class=\"gb-inside-container\">\n<div class=\"gb-grid-column gb-grid-column-c6aa27f6\"><div class=\"gb-container gb-container-c6aa27f6\"><div class=\"gb-inside-container\">\n<div class=\"gb-grid-column gb-grid-column-54ad81da\"><div class=\"gb-container gb-container-54ad81da\"><div class=\"gb-inside-container\">\n\n<p>S\u00fcle est connu pour attirer le travail juridique de haut niveau d\u2019un large \u00e9ventail de clients. Nos avocats sont reconnus comme parmi les meilleurs dans leur domaine.<\/p>\n\n\n\n<p>Notre client\u00e8le est internationale, de plus de 40 pays, des pays suivants Autriche, Australie, Belgique, Chine, France, Allemagne, Hongrie, Inde, Italie, Cor\u00e9e, Lettonie, Lituanie, Luxembourg, Pays-Bas, Pologne, Roumanie, Russie, Serbie, Slovaquie, Slov\u00e9nie, Royaume-Uni, Ukraine, Etats-Unis (Californie, Delaware, Floride, Kansas, Maryland, Missouri, New York, Pennsylvanie, Washington) et Vietnam. Cette liste n\u2019est pas exhaustive.<\/p>\n\n\n\n<p>Certains de nos clients notables ont \u00e9t\u00e9 jusqu\u2019\u00e0 pr\u00e9sent (seules les entreprises internationales sont cot\u00e9es):<\/p>\n\n\n<div class=\"gb-grid-column gb-grid-column-b36da873\"><div class=\"gb-container gb-container-b36da873\"><div class=\"gb-inside-container\">\n<div class=\"gb-grid-wrapper gb-grid-wrapper-4105308f\">\n<div class=\"gb-grid-column gb-grid-column-9917df20\"><div class=\"gb-container gb-container-9917df20\"><div class=\"gb-inside-container\">\n\n<p>\u2013 un fabricant d\u2019\u00e9lectronique grand public de premier plan<br>\u2013 une soci\u00e9t\u00e9 de services financiers<br>\u2013 une soci\u00e9t\u00e9 de services VPN internet<br>\u2013 fournisseurs de solutions Wi-Fi professionnelles<br>\u2013 une institution financi\u00e8re<br>\u2013 une compagnie de tabac<br>\u2013 une entreprise mondiale de t\u00e9l\u00e9communications<br>\u2013 une entreprise agricole<br>\u2013 une soci\u00e9t\u00e9 de produits et services de traitement de l\u2019eau<br>\u2013 l\u2019un des principaux groupes de distribution au monde<br>\u2013 une soci\u00e9t\u00e9 d\u2019\u00e9ducateurs en audit interne<br>\u2013 un fabricant de d\u00e9shumidificateurs, refroidisseurs d\u2019eau et pompes \u00e0 chaleur<br>\u2013 l\u2019une des plus grandes brasseries priv\u00e9es<br>\u2013 cr\u00e9atrice de mode et fondatrice d\u2019une marque de chaussures haut de gamme \u00e9ponyme<br>\u2013 Vendeurs Amazon<br>\u2013 un fabricant de chaussures et de v\u00eatements avec des tissus imperm\u00e9ables\/respirants<br><\/p>\n\n<\/div><\/div><\/div>\n\n<div class=\"gb-grid-column gb-grid-column-f591b456\"><div class=\"gb-container gb-container-f591b456\"><div class=\"gb-inside-container\">\n\n<p>\u2013 une association de pr\u00e9servation des animaux sauvages<br>\u2013 un producteur de boissons alcoolis\u00e9es<br>\u2013 un fabricant instantan\u00e9 de nouilles<br>\u2013 une entreprise de produits laitiers<br>\u2013 une soci\u00e9t\u00e9 mondiale de s\u00e9curit\u00e9 et de protection<br>\u2013 un sid\u00e9rurgiste<br>\u2013 une soci\u00e9t\u00e9 de licences de marque<br>\u2013 l\u2019un des plus grands d\u00e9taillants de chaussures et de v\u00eatements de sport en Europe<br>\u2013 une entreprise de concepteur et de production de v\u00e9los<br>\u2013 l\u2019une des 20 plus grandes soci\u00e9t\u00e9s pharmaceutiques au monde<br>\u2013 musiciens<br>\u2013 start-ups<br>\u2013 un a\u00e9roport international<br>\u2013 un franchiseur dans l\u2019industrie du sport<br>\u2013 un producteur et d\u00e9taillant de biens de loisirs<br>\u2013 l\u2019une des principales entreprises de l\u2019industrie du plastique et de la mousse<\/p>\n\n<\/div><\/div><\/div>\n<\/div>\n<\/div><\/div><\/div>\n<\/div><\/div><\/div>\n<\/div><\/div><\/div>\n<\/div><\/div><\/div>\n<\/div><\/div><\/div>\n\n<div class=\"gb-grid-column gb-grid-column-d7509a50\"><div class=\"gb-container gb-container-d7509a50\"><div class=\"gb-inside-container\"><\/div><\/div><\/div>\n<\/div>\n<\/div><\/div>\n\n<div class=\"gb-container gb-container-ddb31424\" id=\"industries\"><div class=\"gb-inside-container\">\n<div class=\"gb-grid-wrapper gb-grid-wrapper-192d609e\">\n<div class=\"gb-grid-column gb-grid-column-81297ff2\"><div class=\"gb-container gb-container-81297ff2\"><div class=\"gb-inside-container\">\n\n<h2 class=\"gb-headline gb-headline-8a48c069 gb-headline-text\" id=\"awards-rankings\">Industries cl\u00e9s des clients de notre cabinet d\u2019avocats<\/h2>\n\n\n<div class=\"gb-grid-column gb-grid-column-4cd43eeb\"><div class=\"gb-container gb-container-4cd43eeb\"><div class=\"gb-inside-container\">\n<div class=\"gb-grid-column gb-grid-column-8acd1017\"><div class=\"gb-container gb-container-8acd1017\"><div class=\"gb-inside-container\">\n<div class=\"gb-grid-column gb-grid-column-f45d8658\"><div class=\"gb-container gb-container-f45d8658\"><div class=\"gb-inside-container\">\n\n<p><\/p>\n\n\n<div class=\"gb-grid-wrapper gb-grid-wrapper-3d516f8a\">\n<div class=\"gb-grid-column gb-grid-column-519c1d77\"><div class=\"gb-container gb-container-519c1d77\"><div class=\"gb-inside-container\">\n\n<h4 class=\"gb-headline gb-headline-94509847 gb-headline-text\">T\u00c9L\u00c9COMMUNICATIONS, M\u00c9DIAS ET TECHNOLOGIE<\/h4>\n\n\n\n<p>Le secteur cl\u00e9 pour nous. Ce secteur est port\u00e9 par des changements constants et n\u00e9cessite des temps de r\u00e9action rapides et une bonne compr\u00e9hension des solutions techniques sous-jacentes. Le <strong>secteur de la TMT <\/strong>comprend g\u00e9n\u00e9ralement des <strong>contestations juridiques inter-pensionnaires<\/strong> li\u00e9es <strong>\u00e0 Internet, aux logiciels, aux start-ups, aux fintech, au commerce \u00e9lectronique, aux m\u00e9dias, \u00e0 la publicit\u00e9, au marketing,<\/strong>dans l\u2019Union europ\u00e9enne.<\/p>\n\n<\/div><\/div><\/div>\n\n<div class=\"gb-grid-column gb-grid-column-a527a73b\"><div class=\"gb-container gb-container-a527a73b\"><div class=\"gb-inside-container\">\n\n<h4 class=\"gb-headline gb-headline-4a84b2c1 gb-headline-text\">INDUSTRIE ET FABRICATION<\/h4>\n\n\n\n<p>Un secteur toujours en d\u00e9veloppement mais classique, compos\u00e9 de nos clients dans l\u2019industrie <strong>automobile, l\u2019industrie des machines, les biens d\u2019\u00e9quipement, l\u2019emballage, les industries plastique et m\u00e9tallurgique.<\/strong> Ce secteur utilise g\u00e9n\u00e9ralement la recherche et le d\u00e9veloppement constants et ils ont souvent des probl\u00e8mes transfrontaliers et des expansions.<\/p>\n\n<\/div><\/div><\/div>\n\n<div class=\"gb-grid-column gb-grid-column-b594e941\"><div class=\"gb-container gb-container-b594e941\"><div class=\"gb-inside-container\">\n\n<h4 class=\"gb-headline gb-headline-33f12b42 gb-headline-text\">SCIENCES DE LA VIE, PRODUITS PHARMACEUTIQUES ET CHIMIQUES<\/h4>\n\n\n\n<p>Nous agissons pour <strong>les secteurs pharmaceutique, m\u00e9dical, diagnostique et de<\/strong> la <strong>sant\u00e9 <\/strong>et offrons une compr\u00e9hension approfondie des exigences juridiques locales et<strong> europ\u00e9ennes connexes.<\/strong> <\/p>\n\n<\/div><\/div><\/div>\n<\/div>\n\n<div class=\"gb-grid-wrapper gb-grid-wrapper-ef354246\">\n<div class=\"gb-grid-column gb-grid-column-a1d1d4c4\"><div class=\"gb-container gb-container-a1d1d4c4\"><div class=\"gb-inside-container\">\n\n<h4 class=\"gb-headline gb-headline-3be3764c gb-headline-text\">BIENS DE CONSOMMATION, FMCG ET DISTRIBUTION<\/h4>\n\n\n\n<p>Nous avons une vaste exp\u00e9rience dans les <strong>produits de consommation distribu\u00e9s en ligne.<\/strong> Nous comprenons tr\u00e8s bien l\u2019\u00e9volution constante de l\u2019environnement des affaires et les enjeux commerciaux et concurrentiels auxquels ce secteur est confront\u00e9. Nous traitons avec les places de march\u00e9 en ligne comme Amazon.<\/p>\n\n<\/div><\/div><\/div>\n\n<div class=\"gb-grid-column gb-grid-column-5b9d7e9e\"><div class=\"gb-container gb-container-5b9d7e9e\"><div class=\"gb-inside-container\">\n\n<h4 class=\"gb-headline gb-headline-d1feb90e gb-headline-text\">MODE, DESIGN, COMMERCE DE D\u00c9TAIL  <\/h4>\n\n\n\n<p><strong>La mode, l\u2019habillement, le design, la conception de sites Web, le design industriel, la protection des \u0153uvres d\u2019art et de l\u2019architecture<\/strong> appartiennent tous \u00e0 ce secteur. Bien qu\u2019il s\u2019agit d\u2019une marque, la marque peut offrir la protection la plus forte contre les contrefacteurs, dans de <strong>nombreux cas, une protection juridique<\/strong> suppl\u00e9mentaire est n\u00e9cessaire.  <\/p>\n\n<\/div><\/div><\/div>\n\n<div class=\"gb-grid-column gb-grid-column-7e2098b9\"><div class=\"gb-container gb-container-7e2098b9\"><div class=\"gb-inside-container\">\n\n<h4 class=\"gb-headline gb-headline-bcc3e8e4 gb-headline-text\">ALIMENTATION ET AGRICULTURE<\/h4>\n\n\n\n<p>Des <strong>produits alimentaires traditionnels aux compl\u00e9ments <\/strong> <strong>alimentaires,<\/strong>tant pour la consommation<strong> humaine qu\u2019animale,<\/strong>ce secteur utilise une conception et une commercialisation innovantes de produits qui n\u00e9cessitent une navigation interdisciplinaire dans les domaines du droit alimentaire, du droit de <strong>l\u2019\u00e9tiquetage, du droit des marques et du droit de la commercialisation,<\/strong>pour n\u2019en nommer que quelques-uns.  <\/p>\n\n<\/div><\/div><\/div>\n<\/div>\n\n<div class=\"gb-grid-wrapper gb-grid-wrapper-a3afd265\">\n<div class=\"gb-grid-column gb-grid-column-0e86f60b\"><div class=\"gb-container gb-container-0e86f60b\"><div class=\"gb-inside-container\">\n\n<h4 class=\"gb-headline gb-headline-a39ddd73 gb-headline-text\">INSTITUTIONS FINANCI\u00c8RES<\/h4>\n\n\n\n<p>Nous comprenons les <strong>produits <\/strong>et services que les institutions financi\u00e8res <strong>et les soci\u00e9t\u00e9s fintech<\/strong> traitent, les d\u00e9lais qu\u2019elles connaissent et <strong>les exigences r\u00e9glementaires <\/strong>qu\u2019elles sont en vertu et utilisons cette compr\u00e9hension pour fournir aux clients des conseils juridiques sur mesure, commerciaux <strong>et rentables.<\/strong><\/p>\n\n<\/div><\/div><\/div>\n\n<div class=\"gb-grid-column gb-grid-column-ad210fe7\"><div class=\"gb-container gb-container-ad210fe7\"><div class=\"gb-inside-container\">\n\n<h4 class=\"gb-headline gb-headline-2ae9e31f gb-headline-text\">\u00c9NERGIE &amp; RESSOURCES<\/h4>\n\n\n\n<p>L\u2019\u00e9nergie est un secteur industriel en \u00e9volution lente en Europe avec une grande attente envers les avocats <strong>de l\u2019\u00e9nergie<\/strong>. Nous avons de l\u2019exp\u00e9rience <strong>dans les <\/strong>aspects r\u00e9glementaires et commerciaux.<\/p>\n\n<\/div><\/div><\/div>\n\n<div class=\"gb-grid-column gb-grid-column-ddf63c1a\"><div class=\"gb-container gb-container-ddf63c1a\"><div class=\"gb-inside-container\">\n\n<h4 class=\"gb-headline gb-headline-0b3c3368 gb-headline-text\">INTERNET, LOGICIELS, START-UPS<\/h4>\n\n\n\n<p>L\u2019IT est l\u2019un des secteurs les plus importants et les plus en \u00e9volution rapide au monde. <strong>L\u2019industrie du<\/strong> logiciel comprend des entreprises pour le d\u00e9veloppement, la maintenance et la publication <strong>de<\/strong> logiciels qui utilisent diff\u00e9rents mod\u00e8les d\u2019affaires. Ce secteur appartient essentiellement \u00e0 TMT.<\/p>\n\n<\/div><\/div><\/div>\n<\/div>\n<\/div><\/div><\/div>\n<\/div><\/div><\/div>\n<\/div><\/div><\/div>\n<\/div><\/div><\/div>\n\n<div class=\"gb-grid-column gb-grid-column-6c5ec380\"><div class=\"gb-container gb-container-6c5ec380\"><div class=\"gb-inside-container\"><\/div><\/div><\/div>\n<\/div>\n<\/div><\/div>\n\n<div class=\"gb-container gb-container-941aa36f\" id=\"career\"><div class=\"gb-inside-container\">\n<div class=\"gb-grid-wrapper gb-grid-wrapper-3f2242f6\">\n<div class=\"gb-grid-column gb-grid-column-1bd86a79\"><div class=\"gb-container gb-container-1bd86a79\"><div class=\"gb-inside-container\">\n\n<h2 class=\"gb-headline gb-headline-41770ea6 gb-headline-text\" id=\"awards-rankings\">Carri\u00e8re au cabinet d\u2019avocats<\/h2>\n\n\n<div class=\"gb-grid-column gb-grid-column-bd3f1192\"><div class=\"gb-container gb-container-bd3f1192\"><div class=\"gb-inside-container\">\n<div class=\"gb-grid-column gb-grid-column-71f68b83\"><div class=\"gb-container gb-container-71f68b83\"><div class=\"gb-inside-container\">\n<div class=\"gb-grid-column gb-grid-column-7a9e8dbb\"><div class=\"gb-container gb-container-7a9e8dbb\"><div class=\"gb-inside-container\">\n\n<p>Nous travaillons avec des personnes intelligentes, cr\u00e9atives, aimables et tr\u00e8s motiv\u00e9es qui partagent nos objectifs, nos valeurs, notre enthousiasme et notre recherche de l\u2019excellence dans la pratique du droit. Nous sommes certains que notre personnel administratif jouera toujours un r\u00f4le essentiel dans le succ\u00e8s de notre cabinet d\u2019avocats.<br>S\u00fcle s\u2019engage \u00e0 promouvoir et \u00e0 soutenir l\u2019embauche, le maintien en poste et le perfectionnement professionnel de personnes talentueuses et diversifi\u00e9es pour le cabinet.<\/p>\n\n\n<div class=\"gb-grid-wrapper gb-grid-wrapper-a643a116\">\n<div class=\"gb-grid-column gb-grid-column-49d66a1a\"><div class=\"gb-container gb-container-49d66a1a\"><div class=\"gb-inside-container\">\n\n<h2 class=\"gb-headline gb-headline-7c58b342 gb-headline-text\">Avocats, avocats de marques, agents de marques et avocats en brevets<\/h2>\n\n\n\n<p>Nous sommes toujours int\u00e9ress\u00e9s \u00e0 rencontrer des avocats, des avocats en marques et des avocats en brevets qui ont ou n\u2019ont pas une client\u00e8le \u00e9tablie et qui ont des comp\u00e9tences qui compl\u00e9teraient \u00e9ventuellement la n\u00f4tre.<\/p>\n\n<\/div><\/div><\/div>\n\n<div class=\"gb-grid-column gb-grid-column-c1e83e44\"><div class=\"gb-container gb-container-c1e83e44\"><div class=\"gb-inside-container\">\n\n<h2 class=\"gb-headline gb-headline-b5fd434f gb-headline-text\">Assistants juridiques, secr\u00e9taires juridiques, assistants relations publiques, soutien professionnel aux brevets  <\/h2>\n\n\n\n<p>\u00c0 l\u2019heure actuelle, il n\u2019y a pas de postes vacants pour ces emplois dans notre entreprise.<\/p>\n\n<\/div><\/div><\/div>\n\n<div class=\"gb-grid-column gb-grid-column-11c3f0ce\"><div class=\"gb-container gb-container-11c3f0ce\"><div class=\"gb-inside-container\">\n\n<h2 class=\"gb-headline gb-headline-72c3526e gb-headline-text\">Stagiaires \u00e0 notre cabinet d\u2019avocats<\/h2>\n\n\n\n<p>Actuellement, nous accueillons favorablement les candidatures pour des postes de relations publiques, de m\u00e9dias et de stagiaires juridiques dans notre bureau de Berlin avec travail \u00e0 distance. Nous vous encourageons \u00e0 envoyer votre demande si vous parlez au moins deux des langues ci-dessous au niveau de la conversation : anglais, allemand, chinois, Fran\u00e7ais.<\/p>\n\n<\/div><\/div><\/div>\n<\/div>\n<\/div><\/div><\/div>\n<\/div><\/div><\/div>\n<\/div><\/div><\/div>\n<\/div><\/div><\/div>\n<\/div>\n<\/div><\/div>\n\n<div class=\"gb-container gb-container-59540109\"><div class=\"gb-inside-container\">\n<div class=\"gb-container gb-container-51c5fa69\"><div class=\"gb-inside-container\"><\/div><\/div>\n<\/div><\/div>","protected":false},"excerpt":{"rendered":"","protected":false},"author":2,"featured_media":0,"parent":0,"menu_order":0,"comment_status":"closed","ping_status":"closed","template":"","meta":{"footnotes":""},"class_list":["post-19461","page","type-page","status-publish"],"aioseo_notices":[],"_links":{"self":[{"href":"https:\/\/sulelaw.com\/fr\/wp-json\/wp\/v2\/pages\/19461","targetHints":{"allow":["GET"]}}],"collection":[{"href":"https:\/\/sulelaw.com\/fr\/wp-json\/wp\/v2\/pages"}],"about":[{"href":"https:\/\/sulelaw.com\/fr\/wp-json\/wp\/v2\/types\/page"}],"author":[{"embeddable":true,"href":"https:\/\/sulelaw.com\/fr\/wp-json\/wp\/v2\/users\/2"}],"replies":[{"embeddable":true,"href":"https:\/\/sulelaw.com\/fr\/wp-json\/wp\/v2\/comments?post=19461"}],"version-history":[{"count":20,"href":"https:\/\/sulelaw.com\/fr\/wp-json\/wp\/v2\/pages\/19461\/revisions"}],"predecessor-version":[{"id":23693,"href":"https:\/\/sulelaw.com\/fr\/wp-json\/wp\/v2\/pages\/19461\/revisions\/23693"}],"wp:attachment":[{"href":"https:\/\/sulelaw.com\/fr\/wp-json\/wp\/v2\/media?parent=19461"}],"curies":[{"name":"wp","href":"https:\/\/api.w.org\/{rel}","templated":true}]}}