{"id":19448,"date":"2020-09-28T18:33:45","date_gmt":"2020-09-28T18:33:45","guid":{"rendered":"https:\/\/va87zabukmi.preview.infomaniak.website\/?page_id=19448"},"modified":"2024-03-26T08:24:13","modified_gmt":"2024-03-26T08:24:13","slug":"contact","status":"publish","type":"page","link":"https:\/\/sulelaw.com\/fr\/contact\/","title":{"rendered":"Contact"},"content":{"rendered":"<div class=\"gb-container gb-container-773ee761\"><div class=\"gb-inside-container\">\n<div class=\"gb-grid-wrapper gb-grid-wrapper-2133caaa\">\n<div class=\"gb-grid-column gb-grid-column-17be5e6c\"><div class=\"gb-container gb-container-17be5e6c\"><div class=\"gb-inside-container\">\n\n<h2 class=\"gb-headline gb-headline-1d13e19d gb-headline-text\">Contactez-nous<\/h2>\n\n<\/div><\/div><\/div>\n\n<div class=\"gb-grid-column gb-grid-column-bfae7363\"><div class=\"gb-container gb-container-bfae7363\"><div class=\"gb-inside-container\">\n<div class=\"gb-grid-wrapper gb-grid-wrapper-fccbc38b\">\n<div class=\"gb-grid-column gb-grid-column-49088109\"><div class=\"gb-container gb-container-49088109\"><div class=\"gb-inside-container\">\n\n<p class=\"gb-headline gb-headline-ced9cb38\"><span class=\"gb-icon\"><svg viewBox=\"0 0 384 512\" width=\"1em\" height=\"1em\" aria-hidden=\"true\" xmlns=\"http:\/\/www.w3.org\/2000\/svg\"><path d=\"M172.268 501.67C26.97 291.031 0 269.413 0 192 0 85.961 85.961 0 192 0s192 85.961 192 192c0 77.413-26.97 99.031-172.268 309.67-9.535 13.774-29.93 13.773-39.464 0zM192 272c44.183 0 80-35.817 80-80s-35.817-80-80-80-80 35.817-80 80 35.817 80 80 80z\" fill=\"currentColor\"><\/path><\/svg><\/span><span class=\"gb-headline-text\"><\/span><\/p>\n\n\n\n<div style=\"height:100px\" aria-hidden=\"true\" class=\"wp-block-spacer\"><\/div>\n\n<\/div><\/div><\/div>\n\n<div class=\"gb-grid-column gb-grid-column-9a55fb07\"><div class=\"gb-container gb-container-9a55fb07\"><div class=\"gb-inside-container\">\n\n<p>Hongrie<\/p>\n\n\n\n<p>84 Frankel Le\u00f3 \u00fat<br>S\u00fcle \u00dcgyv\u00e9di Iroda &#8211; Cabinet d&rsquo;avocat sp\u00e9cialis\u00e9 dans la propri\u00e9t\u00e9 intellectuelle<br>1023 Budapest<br>T\u00e9l\u00e9phone : +36 1-700-2255<br>Fax : +36 1-700-1877<br><a href=\"mailto:hu@sulelaw.com\" title=\"\">hu@sulelaw.com<\/a><\/p>\n\n<\/div><\/div><\/div>\n<\/div>\n\n\n<hr class=\"wp-block-separator has-css-opacity\"\/>\n\n\n\n<p><\/p>\n\n\n<div class=\"gb-grid-wrapper gb-grid-wrapper-61e0f111\">\n<div class=\"gb-grid-column gb-grid-column-2d9c95bb\"><div class=\"gb-container gb-container-2d9c95bb\"><div class=\"gb-inside-container\">\n\n<p class=\"gb-headline gb-headline-dddf014c\"><span class=\"gb-icon\"><svg viewBox=\"0 0 384 512\" width=\"1em\" height=\"1em\" aria-hidden=\"true\" xmlns=\"http:\/\/www.w3.org\/2000\/svg\"><path d=\"M172.268 501.67C26.97 291.031 0 269.413 0 192 0 85.961 85.961 0 192 0s192 85.961 192 192c0 77.413-26.97 99.031-172.268 309.67-9.535 13.774-29.93 13.773-39.464 0zM192 272c44.183 0 80-35.817 80-80s-35.817-80-80-80-80 35.817-80 80 35.817 80 80 80z\" fill=\"currentColor\"><\/path><\/svg><\/span><span class=\"gb-headline-text\"><\/span><\/p>\n\n<\/div><\/div><\/div>\n\n<div class=\"gb-grid-column gb-grid-column-21acad26\"><div class=\"gb-container gb-container-21acad26\"><div class=\"gb-inside-container\">\n\n<p>Allemagne<\/p>\n\n\n\n<p>Scharnweberstr. 9<br>Cabinet d&rsquo;avocat S\u00fcle<br>15537 Erkner<br>T\u00e9l\u00e9phone : +49 3362 509 7737<br><a href=\"mailto:de@sulelaw.com\" title=\"\">de@sulelaw.com<\/a><\/p>\n\n<\/div><\/div><\/div>\n<\/div>\n\n\n<hr class=\"wp-block-separator has-css-opacity\"\/>\n\n\n\n<p class=\"gb-headline gb-headline-6b986211\"><span class=\"gb-icon\"><svg viewBox=\"0 0 448 512\" width=\"1em\" height=\"1em\" aria-hidden=\"true\" xmlns=\"http:\/\/www.w3.org\/2000\/svg\"><path d=\"M416 208H272V64c0-17.67-14.33-32-32-32h-32c-17.67 0-32 14.33-32 32v144H32c-17.67 0-32 14.33-32 32v32c0 17.67 14.33 32 32 32h144v144c0 17.67 14.33 32 32 32h32c17.67 0 32-14.33 32-32V304h144c17.67 0 32-14.33 32-32v-32c0-17.67-14.33-32-32-32z\" fill=\"currentColor\"><\/path><\/svg><\/span><span class=\"gb-headline-text\">WeChat (en)<\/span><\/p>\n\n\n<div class=\"wp-block-image is-style-rounded\">\n<figure class=\"aligncenter size-large is-resized\"><img loading=\"lazy\" decoding=\"async\" width=\"512\" height=\"512\" src=\"https:\/\/sulelaw.com\/wp-content\/uploads\/2020\/09\/wechat-qr-code.jpg\" alt=\"\" class=\"wp-image-19304\" style=\"width:128px;height:128px\" srcset=\"https:\/\/sulelaw.com\/wp-content\/uploads\/2020\/09\/wechat-qr-code.jpg 512w, https:\/\/sulelaw.com\/wp-content\/uploads\/2020\/09\/wechat-qr-code-300x300.jpg 300w, https:\/\/sulelaw.com\/wp-content\/uploads\/2020\/09\/wechat-qr-code-150x150.jpg 150w\" sizes=\"auto, (max-width: 512px) 100vw, 512px\" \/><\/figure><\/div>\n\n\n<hr class=\"wp-block-separator has-css-opacity\"\/>\n\n\n<div class=\"gb-grid-wrapper gb-grid-wrapper-895f1620\">\n<div class=\"gb-grid-column gb-grid-column-cc76dffe\"><div class=\"gb-container gb-container-cc76dffe\"><div class=\"gb-inside-container\">\n\n<p class=\"gb-headline gb-headline-a1dc144d\"><span class=\"gb-icon\"><svg viewBox=\"0 0 384 512\" width=\"1em\" height=\"1em\" aria-hidden=\"true\" xmlns=\"http:\/\/www.w3.org\/2000\/svg\"><path d=\"M172.268 501.67C26.97 291.031 0 269.413 0 192 0 85.961 85.961 0 192 0s192 85.961 192 192c0 77.413-26.97 99.031-172.268 309.67-9.535 13.774-29.93 13.773-39.464 0zM192 272c44.183 0 80-35.817 80-80s-35.817-80-80-80-80 35.817-80 80 35.817 80 80 80z\" fill=\"currentColor\"><\/path><\/svg><\/span><span class=\"gb-headline-text\"><\/span><\/p>\n\n<\/div><\/div><\/div>\n\n<div class=\"gb-grid-column gb-grid-column-fa1073da\"><div class=\"gb-container gb-container-fa1073da\"><div class=\"gb-inside-container\">\n\n<p>Royaume-Uni<\/p>\n\n\n\n<p>Nous avons une adresse pour le service au Royaume-Uni pour la communication avec l\u2019introduction en bourse au Royaume-Uni.  <\/p>\n\n\n\n<p>49 Station Road<br>Polegate, East Sussex<br>BN26 6EA<\/p>\n\n\n\n<p>Si vous avez un probl\u00e8me concernant un droit de propri\u00e9t\u00e9 intellectuelle britannique, veuillez noter que nous acceptons de servir les personnes suivantes <strong><a href=\"mailto:uk@sulelaw.com\">uk@sulelaw.com<\/a> <\/strong>. Nous confirmons volontiers la r\u00e9ception s\u00fbre, svp indiquez cette demande dans votre communication.<\/p>\n\n\n\n<p>Nous vous encourageons vivement \u00e0 utiliser notre adresse e-mail, pour un traitement plus rapide de votre cas.<\/p>\n\n<\/div><\/div><\/div>\n<\/div>\n<\/div><\/div><\/div>\n<\/div>\n<\/div><\/div>","protected":false},"excerpt":{"rendered":"","protected":false},"author":2,"featured_media":0,"parent":0,"menu_order":0,"comment_status":"closed","ping_status":"closed","template":"","meta":{"footnotes":""},"class_list":["post-19448","page","type-page","status-publish"],"aioseo_notices":[],"_links":{"self":[{"href":"https:\/\/sulelaw.com\/fr\/wp-json\/wp\/v2\/pages\/19448","targetHints":{"allow":["GET"]}}],"collection":[{"href":"https:\/\/sulelaw.com\/fr\/wp-json\/wp\/v2\/pages"}],"about":[{"href":"https:\/\/sulelaw.com\/fr\/wp-json\/wp\/v2\/types\/page"}],"author":[{"embeddable":true,"href":"https:\/\/sulelaw.com\/fr\/wp-json\/wp\/v2\/users\/2"}],"replies":[{"embeddable":true,"href":"https:\/\/sulelaw.com\/fr\/wp-json\/wp\/v2\/comments?post=19448"}],"version-history":[{"count":13,"href":"https:\/\/sulelaw.com\/fr\/wp-json\/wp\/v2\/pages\/19448\/revisions"}],"predecessor-version":[{"id":24211,"href":"https:\/\/sulelaw.com\/fr\/wp-json\/wp\/v2\/pages\/19448\/revisions\/24211"}],"wp:attachment":[{"href":"https:\/\/sulelaw.com\/fr\/wp-json\/wp\/v2\/media?parent=19448"}],"curies":[{"name":"wp","href":"https:\/\/api.w.org\/{rel}","templated":true}]}}