{"id":19445,"date":"2020-09-28T18:16:39","date_gmt":"2020-09-28T18:16:39","guid":{"rendered":"https:\/\/va87zabukmi.preview.infomaniak.website\/?page_id=19445"},"modified":"2020-09-28T18:16:40","modified_gmt":"2020-09-28T18:16:40","slug":"conditions-d-utilisation","status":"publish","type":"page","link":"https:\/\/sulelaw.com\/fr\/about-a-top-law-firm\/conditions-d-utilisation\/","title":{"rendered":"Conditions d&rsquo;utilisation"},"content":{"rendered":"\n<div class=\"gb-container gb-container-1a210b3c\"><div class=\"gb-inside-container\">\n<div class=\"gb-headline-wrapper gb-headline-wrapper-3f01195c\"><span class=\"gb-icon\"><svg aria-hidden=\"true\" height=\"1em\" width=\"1em\" viewBox=\"0 0 256 512\" xmlns=\"http:\/\/www.w3.org\/2000\/svg\"><path fill=\"currentColor\" d=\"M224.3 273l-136 136c-9.4 9.4-24.6 9.4-33.9 0l-22.6-22.6c-9.4-9.4-9.4-24.6 0-33.9l96.4-96.4-96.4-96.4c-9.4-9.4-9.4-24.6 0-33.9L54.3 103c9.4-9.4 24.6-9.4 33.9 0l136 136c9.5 9.4 9.5 24.6.1 34z\"><\/path><\/svg><\/span><p class=\"gb-headline gb-headline-3f01195c\">EN VIGUEUR: 1 JANVIER 2021<\/p><\/div>\n\n\n\n<p>Voici les termes et conditions applicables \u00e0 l&rsquo;utilisation du site Web du cabinet d&rsquo;avocats S\u00fcle, Budapest, Hongrie (\u00abnous\u00bb ou \u00abnous\u00bb):<\/p>\n\n\n\n<p><strong>Utilisation du site Web sur ces conditions<\/strong><\/p>\n\n\n\n<p>Toute utilisation de ce site Web (le \u00abSite\u00bb) et le t\u00e9l\u00e9chargement, la copie ou toute autre utilisation de toute information du Site se fait selon les termes et conditions \u00e9nonc\u00e9s ci-dessous (les \u00abConditions\u00bb).<br>En acc\u00e9dant \u00e0 n&rsquo;importe quelle partie du site, vous serez r\u00e9put\u00e9 avoir accept\u00e9 ces conditions dans leur int\u00e9gralit\u00e9. Si vous n&rsquo;acceptez pas ces conditions, vous devez cesser imm\u00e9diatement d&rsquo;utiliser le site.<br>Vous pouvez imprimer et conserver une copie de ces Conditions aux fins de les examiner et de les accepter. Les Conditions constituent un accord juridique entre vous et nous et ne peuvent \u00eatre modifi\u00e9es qu&rsquo;avec notre consentement. Nous nous r\u00e9servons le droit de modifier les Conditions \u00e0 notre discr\u00e9tion en les modifiant sur le Site.<\/p>\n\n\n\n<p><strong>Utilisations interdites<\/strong><\/p>\n\n\n\n<p>Vous ne pouvez utiliser le site qu&rsquo;\u00e0 des fins licites. Vous ne pouvez pas utiliser le site:<\/p>\n\n\n\n<ol class=\"wp-block-list\"><li>Pour transmettre ou obtenir l&rsquo;envoi de toute publicit\u00e9 ou mat\u00e9riel promotionnel non sollicit\u00e9 ou non autoris\u00e9 ou de toute autre forme de sollicitation similaire (spam).<\/li><li>Pour transmettre sciemment des donn\u00e9es, envoyer ou t\u00e9l\u00e9charger tout mat\u00e9riel contenant des virus, des chevaux de Troie, des vers, des bombes \u00e0 retardement, des enregistreurs de frappe, des logiciels espions, des logiciels publicitaires ou tout autre programme nuisible ou un code informatique similaire con\u00e7u pour nuire au fonctionnement de tout logiciel informatique ou Mat\u00e9riel.<\/li><\/ol>\n\n\n\n<p><strong>Exactitude des informations et clause de non-responsabilit\u00e9<\/strong><\/p>\n\n\n\n<p>Nous faisons de notre mieux \u00e0 tout moment pour nous assurer que toutes les informations sur le site sont exactes. Si vous trouvez des informations inexactes sur le site, veuillez nous contacter.<br>Les informations que vous nous envoyez peuvent \u00eatre publi\u00e9es sur le Site et peuvent donc \u00eatre consult\u00e9es par n&rsquo;importe qui dans le monde. Vous acceptez qu&rsquo;en nous envoyant des informations, vous d\u00e9clarez et garantissez que les informations sont exactes et ne violent pas les droits de quiconque ni ne sont diffamatoires, obsc\u00e8nes, mena\u00e7antes, mena\u00e7antes, offensantes, abusives, frauduleuses, criminelles ou enfreignent les droits de tiers est en aucun cas ill\u00e9gal.<br>Vous devez v\u00e9rifier ind\u00e9pendamment toute information avant de vous y fier.<br>Nous ne faisons aucune repr\u00e9sentation que les informations sont exactes et \u00e0 jour ou compl\u00e8tes et d\u00e9clinons toute responsabilit\u00e9 pour toute perte ou dommage caus\u00e9 par des informations inexactes. \u00c0 l&rsquo;exception de ce qui est \u00e9nonc\u00e9 dans les pr\u00e9sentes Conditions, nous d\u00e9clinons toute responsabilit\u00e9 et n&rsquo;offrons aucune garantie concernant le Site et son contenu, dans toute la mesure o\u00f9 cette responsabilit\u00e9 peut \u00eatre exclue par la loi.<\/p>\n\n\n\n<p><strong>Droits d&rsquo;auteur<\/strong><\/p>\n\n\n\n<p>Ce site contient du mat\u00e9riel prot\u00e9g\u00e9 par le droit d&rsquo;auteur, des noms commerciaux et d&rsquo;autres informations exclusives, y compris, mais sans s&rsquo;y limiter, du texte, des logiciels, des photos, des graphiques et peut \u00e0 l&rsquo;avenir contenir de la vid\u00e9o, de la musique et du son. L&rsquo;ensemble du contenu du Site est prot\u00e9g\u00e9 par le droit d&rsquo;auteur et \/ ou les droits de base de donn\u00e9es. Nous, ou nos conc\u00e9dants de licence, d\u00e9tenons le droit d&rsquo;auteur et \/ ou les droits de base de donn\u00e9es dans la s\u00e9lection, la coordination et l&rsquo;am\u00e9lioration de ce contenu, ainsi que dans le contenu original. Vous ne pouvez pas modifier, publier, transmettre, participer au transfert ou \u00e0 la vente, cr\u00e9er des \u0153uvres d\u00e9riv\u00e9es ou exploiter de quelque mani\u00e8re que ce soit le contenu, en tout ou en partie, sauf dans les cas pr\u00e9vus dans les pr\u00e9sentes Conditions ou sauf comme indiqu\u00e9 avec la cr\u00e9ation appropri\u00e9e. Licence Commons apr\u00e8s le mat\u00e9riel sous copyright.<br>Le contenu du site Web est disponible sous la licence Creative Commons Unported 3.0 Unported (CC BY-NC-ND 3.0) disponible sous http:\/\/creativecommons.org\/licenses\/by-nc-nd\/3.0\/deed.fr<\/p>\n\n\n\n<p><strong>Vous \u00eates autoris\u00e9 \u00e0 :<\/strong><br>Partager &#8211; copier, distribuer et communiquer le mat\u00e9riel par tous moyens et sous tous formats<\/p>\n\n\n\n<p><strong>Selon les conditions suivantes:<\/strong><br>Attribution \u2014 Vous devez cr\u00e9diter l&rsquo;\u0152uvre, int\u00e9grer un lien vers la licence et indiquer si des modifications ont \u00e9t\u00e9 effectu\u00e9es \u00e0 l&rsquo;Oeuvre. Vous devez indiquer ces informations par tous les moyens raisonnables, sans toutefois sugg\u00e9rer que l&rsquo;Offrant vous soutient ou soutient la fa\u00e7on dont vous avez utilis\u00e9 son Oeuvre.<\/p>\n\n\n\n<p>Pas d\u2019Utilisation Commerciale \u2014 Vous n&rsquo;\u00eates pas autoris\u00e9 \u00e0 faire un usage commercial de cette Oeuvre, tout ou partie du mat\u00e9riel la composant.<\/p>\n\n\n\n<p>Pas de modifications \u2014 Dans le cas o\u00f9 vous effectuez un remix, que vous transformez, ou cr\u00e9ez \u00e0 partir du mat\u00e9riel composant l&rsquo;Oeuvre originale, vous n&rsquo;\u00eates pas autoris\u00e9 \u00e0 distribuer ou mettre \u00e0 disposition l&rsquo;Oeuvre modifi\u00e9e.<\/p>\n\n\n\n<p>Pas de restrictions compl\u00e9mentaires \u2014 Vous n&rsquo;\u00eates pas autoris\u00e9 \u00e0 appliquer des conditions l\u00e9gales ou des mesures techniques qui restreindraient l\u00e9galement autrui \u00e0 utiliser l&rsquo;Oeuvre dans les conditions d\u00e9crites par la licence.<\/p>\n\n\n\n<p>Les cabinets d&rsquo;avocats d&rsquo;\u00c1kos S\u00fcle et \u00ab\u00a0S\u00fcle Law Firm\u00a0\u00bb sont nos noms commerciaux. Vous ne pouvez pas utiliser ces noms commerciaux sans notre consentement \u00e9crit.<br>Nous pouvons fournir des liens hypertextes vers d&rsquo;autres sites exploit\u00e9s par d&rsquo;autres personnes ou organisations. L&rsquo;utilisation d&rsquo;un tel lien signifie que vous quittez notre site et nous n&rsquo;assumons aucune responsabilit\u00e9 et ne donnons aucune garantie, garantie ou repr\u00e9sentation \u00e0 l&rsquo;\u00e9gard des sites li\u00e9s.<br>Vous pouvez cr\u00e9er un lien vers la page d&rsquo;accueil du site sous r\u00e9serve des conditions suivantes: vous ne devez pas supprimer, alt\u00e9rer ou d\u00e9former notre logo; vous ne cr\u00e9ez pas de cadre, de bordure ou autre environnement de navigateur autour du site; vous n&rsquo;impliquez pas que nous approuvons des produits ou services autres que les n\u00f4tres; vous ne d\u00e9formez pas votre relation avec nous ni ne pr\u00e9sentez de fausses informations sur nous; vous ne cr\u00e9ez pas de lien depuis un site Web qui ne vous appartient pas; votre site Web ne contient pas de contenu offensant, controvers\u00e9, enfreignant les droits de tiers ou ne respectant pas la loi ou la r\u00e9glementation en vigueur.<br>Nous nous r\u00e9servons le droit de r\u00e9voquer l&rsquo;autorisation de cr\u00e9er un lien vers le site \u00e0 notre seule discr\u00e9tion.<\/p>\n\n\n\n<p><strong>Notre responsabilit\u00e9 envers vous<\/strong><\/p>\n\n\n\n<p>Nous fournissons les informations sur ce Site sans aucun frais d&rsquo;acc\u00e8s. Le site est fourni sur la base de la non-responsabilit\u00e9 des informations fournies.<br>L&rsquo;acc\u00e8s \u00e0 ce site peut \u00eatre suspendu temporairement et sans pr\u00e9avis en cas de panne du syst\u00e8me, de maintenance ou de r\u00e9paration ou autrement \u00e0 notre discr\u00e9tion.<br>En aucun cas, nous ne serons responsables envers vous pour toute perte directe, indirecte ou cons\u00e9cutive, perte de profit, de revenu ou de bonne volont\u00e9 d\u00e9coulant de votre utilisation du site, des informations sur le site ou de la suspension temporaire du site par nous pour quelque raison que ce soit. quoi que ce soit. Sous r\u00e9serve des dispositions ci-dessous, toutes les conditions implicites par la loi sont exclues.<br>Nous acceptons la responsabilit\u00e9 en cas de d\u00e9c\u00e8s ou de blessures caus\u00e9s par la n\u00e9gligence ou la responsabilit\u00e9 pour une fausse d\u00e9claration frauduleuse qui ne peut, en vertu de la loi hongroise, \u00eatre exclue.<br>Les informations sur le site ne visent pas \u00e0 r\u00e9pondre \u00e0 vos besoins particuliers. Ces informations ne constituent aucune forme de conseil ou de recommandation de notre part et ne sont pas destin\u00e9es \u00e0 \u00eatre invoqu\u00e9es par vous pour prendre (ou s&rsquo;abstenir de prendre) des d\u00e9cisions. Vous devriez suivre vos propres conseils.<br>Si vous concluez un accord avec une personne nomm\u00e9e ou li\u00e9e au site, c&rsquo;est \u00e0 vos risques et p\u00e9rils.<\/p>\n\n\n\n<p><strong>Exclusion du site<\/strong><\/p>\n\n\n\n<p>Nous nous r\u00e9servons le droit d&rsquo;exclure les utilisateurs du site, de mani\u00e8re permanente ou temporaire, \u00e0 notre discr\u00e9tion. Un tel utilisateur doit \u00eatre averti et ne doit alors pas tenter d&rsquo;utiliser le site sous un autre nom ou via tout autre utilisateur.<\/p>\n\n\n\n<p><strong>Juridiction l\u00e9gale et r\u00e9solution des litiges<\/strong><\/p>\n\n\n\n<p>Les lois hongroises s&rsquo;appliquent \u00e0 ces Conditions, nonobstant la juridiction dans laquelle vous \u00eates bas\u00e9. Vous acceptez irr\u00e9vocablement que les tribunaux hongrois auront la comp\u00e9tence exclusive pour r\u00e9gler tout litige pouvant d\u00e9couler de, en vertu ou en relation avec les Conditions et, \u00e0 ces fins, soumettre irr\u00e9vocablement tous les litiges \u00e0 la juridiction des tribunaux hongrois. Le lieu d&rsquo;ex\u00e9cution est la Hongrie.<br>Nous ne garantissons ni ne garantissons que le site ou les informations disponibles sur celui-ci sont conformes \u00e0 des lois autres que celles de la Hongrie.<\/p>\n\n\n\n<p><strong>G\u00e9n\u00e9ral<\/strong><\/p>\n\n\n\n<p>Le d\u00e9faut de notre part de faire appliquer un droit n&rsquo;entra\u00eene pas la renonciation \u00e0 ce droit.<br>Vous ne pouvez pas c\u00e9der ou transf\u00e9rer vos droits en vertu des pr\u00e9sentes Conditions.<br>Nous pouvons modifier ces conditions \u00e0 tout moment en affichant une variation sur le site. Vous devriez v\u00e9rifier le site de temps en temps pour vous familiariser avec les termes et conditions alors en vigueur.<\/p>\n<\/div><\/div>\n","protected":false},"excerpt":{"rendered":"<p>EN VIGUEUR: 1 JANVIER 2021 Voici les termes et conditions applicables \u00e0 l&rsquo;utilisation du site Web du cabinet d&rsquo;avocats S\u00fcle, Budapest, Hongrie (\u00abnous\u00bb ou \u00abnous\u00bb): Utilisation du site Web sur ces conditions Toute utilisation de ce site Web (le \u00abSite\u00bb) et le t\u00e9l\u00e9chargement, la copie ou toute autre utilisation de toute information du Site se &#8230; <a title=\"Conditions d&rsquo;utilisation\" class=\"read-more\" href=\"https:\/\/sulelaw.com\/fr\/about-a-top-law-firm\/conditions-d-utilisation\/\" aria-label=\"En savoir plus sur Conditions d&rsquo;utilisation\">Lire la suite<\/a><\/p>\n","protected":false},"author":1,"featured_media":0,"parent":19461,"menu_order":0,"comment_status":"closed","ping_status":"closed","template":"","meta":{"footnotes":""},"class_list":["post-19445","page","type-page","status-publish"],"aioseo_notices":[],"_links":{"self":[{"href":"https:\/\/sulelaw.com\/fr\/wp-json\/wp\/v2\/pages\/19445","targetHints":{"allow":["GET"]}}],"collection":[{"href":"https:\/\/sulelaw.com\/fr\/wp-json\/wp\/v2\/pages"}],"about":[{"href":"https:\/\/sulelaw.com\/fr\/wp-json\/wp\/v2\/types\/page"}],"author":[{"embeddable":true,"href":"https:\/\/sulelaw.com\/fr\/wp-json\/wp\/v2\/users\/1"}],"replies":[{"embeddable":true,"href":"https:\/\/sulelaw.com\/fr\/wp-json\/wp\/v2\/comments?post=19445"}],"version-history":[{"count":1,"href":"https:\/\/sulelaw.com\/fr\/wp-json\/wp\/v2\/pages\/19445\/revisions"}],"predecessor-version":[{"id":19446,"href":"https:\/\/sulelaw.com\/fr\/wp-json\/wp\/v2\/pages\/19445\/revisions\/19446"}],"up":[{"embeddable":true,"href":"https:\/\/sulelaw.com\/fr\/wp-json\/wp\/v2\/pages\/19461"}],"wp:attachment":[{"href":"https:\/\/sulelaw.com\/fr\/wp-json\/wp\/v2\/media?parent=19445"}],"curies":[{"name":"wp","href":"https:\/\/api.w.org\/{rel}","templated":true}]}}