{"id":19441,"date":"2020-09-28T17:48:37","date_gmt":"2020-09-28T17:48:37","guid":{"rendered":"https:\/\/va87zabukmi.preview.infomaniak.website\/?page_id=19441"},"modified":"2024-03-26T08:45:30","modified_gmt":"2024-03-26T08:45:30","slug":"mentions-legales","status":"publish","type":"page","link":"https:\/\/sulelaw.com\/fr\/about-a-top-law-firm\/mentions-legales\/","title":{"rendered":"Mentions l\u00e9gales"},"content":{"rendered":"<div class=\"gb-container gb-container-1a210b3c\"><div class=\"gb-inside-container\">\n\n<p class=\"gb-headline gb-headline-3f01195c\"><span class=\"gb-icon\"><svg aria-hidden=\"true\" height=\"1em\" width=\"1em\" viewBox=\"0 0 256 512\" xmlns=\"http:\/\/www.w3.org\/2000\/svg\"><path fill=\"currentColor\" d=\"M224.3 273l-136 136c-9.4 9.4-24.6 9.4-33.9 0l-22.6-22.6c-9.4-9.4-9.4-24.6 0-33.9l96.4-96.4-96.4-96.4c-9.4-9.4-9.4-24.6 0-33.9L54.3 103c9.4-9.4 24.6-9.4 33.9 0l136 136c9.5 9.4 9.5 24.6.1 34z\"><\/path><\/svg><\/span><span class=\"gb-headline-text\">Mentions l\u00e9gales &#8211; <strong>BUREAU DE<\/strong> BUDAPEST, HONGRIE<\/span><\/p>\n\n\n\n<p>Cabinet S\u00fcle est une personne morale enregistr\u00e9e en Hongrie<\/p>\n\n\n\n<p>Type d&rsquo;enregistrement: cabinet d&rsquo;avocat (\u00ab\u00a0\u00fcgyv\u00e9di iroda\u00a0\u00bb)<\/p>\n\n\n\n<p>Le cabinet S\u00fcle est membre du Barreau de Budapest sous le num\u00e9ro d&rsquo;enregistrement 2800<\/p>\n\n\n\n<p>Le contenu du site sulelaw.com est fourni par le bureau hongrois du cabinet d&rsquo;avocat S\u00fcle<\/p>\n\n\n\n<p>Repr\u00e9sentant: \u00c1kos S\u00fcle, LL.M.<\/p>\n\n\n\n<p>Licence: \u00ab\u00a0\u00fcgyv\u00e9d\u00a0\u00bb en Hongrie<\/p>\n\n\n\n<p>Si\u00e8ge: Frankel Le\u00f3 \u00fat 84, 1023 Budapest, Hongrie<\/p>\n\n\n\n<p>T\u00e9l\u00e9phone: +36 1700 2255<\/p>\n\n\n\n<p>T\u00e9l\u00e9copie: +36 1700 1877<\/p>\n\n\n\n<p>Courriel: hu@sulelaw.com<\/p>\n\n\n\n<p>N \u00b0 TVA UE HU18132331<\/p>\n\n\n\n<p><strong>Association du barreau responsable: <\/strong>Barreau de Budapest, Szalay u. 7, 1055 Budapest, Hongrie<\/p>\n\n\n\n<p>T\u00e9l\u00e9phone: +36 (1) 353-0155, 353-0810<\/p>\n\n\n\n<p>T\u00e9l\u00e9copie: +36 (1) 332-1385<\/p>\n\n\n\n<p>Courriel: szolgaltatas@bpbar.hu<\/p>\n\n\n\n<p>www.bpugyvedikamara.hu<\/p>\n\n\n\n<p><strong>Les r\u00e8gles professionnelles suivantes s&rsquo;appliquent:<\/strong><\/p>\n\n\n\n<p>Loi n \u00b0 LXXVIII \/ 2017 sur les avocats<\/p>\n\n\n\n<p>R\u00e8glements des Barreaux hongrois et de l&rsquo;Association de Barreaux de Budapest<\/p>\n\n\n\n<p>Code de conduite des avocats dans la Communaut\u00e9 europ\u00e9enne<\/p>\n\n\n\n<p>Textes disponibles sur www.bpugyvedikamara.hu\/jogszabalyok<\/p>\n\n\n\n<p><strong>Assurance<\/strong><br>Le cabinet d&rsquo;avocats S\u00fcle est couvert par une assurance responsabilit\u00e9 civile professionnelle avec Allianz Hung\u00e1ria Zrt. L&rsquo;\u00e9tendue g\u00e9ographique de la couverture d&rsquo;assurance comprend les services dans les \u00c9tats membres de l&rsquo;Union europ\u00e9enne et r\u00e9pond aux exigences du r\u00e8glement n \u00b0 9\/2017 M\u00dcK de Barreaux hongrois (Magyar \u00dcgyv\u00e9di Kamara).<\/p>\n\n\n\n<p class=\"gb-headline gb-headline-68b6ec85\"><span class=\"gb-icon\"><svg aria-hidden=\"true\" height=\"1em\" width=\"1em\" viewBox=\"0 0 256 512\" xmlns=\"http:\/\/www.w3.org\/2000\/svg\"><path fill=\"currentColor\" d=\"M224.3 273l-136 136c-9.4 9.4-24.6 9.4-33.9 0l-22.6-22.6c-9.4-9.4-9.4-24.6 0-33.9l96.4-96.4-96.4-96.4c-9.4-9.4-9.4-24.6 0-33.9L54.3 103c9.4-9.4 24.6-9.4 33.9 0l136 136c9.5 9.4 9.5 24.6.1 34z\"><\/path><\/svg><\/span><span class=\"gb-headline-text\"><strong>Mentions l\u00e9gales &#8211; BUREAU DE BERLIN, ALLEMAGNE<\/strong><\/span><\/p>\n\n\n\n<p>Cabinet S\u00fcle est un nom commercial d&rsquo;\u00c1kos S\u00fcle, LL.M. (Berlin) en Allemagne<\/p>\n\n\n\n<p>\u00c1kos S\u00fcle, LL.M. est membre du Barreau de Berlin<\/p>\n\n\n\n<p>Licence: Avocat allemande (\u00ab\u00a0Rechtsanwalt\u00a0\u00bb) <\/p>\n\n\n\n<p>Scharnweberstr. 9, 15537 Erkner, Allemagne<\/p>\n\n\n\n<p>T\u00e9l\u00e9phone: +4933625097737<\/p>\n\n\n\n<p>T\u00e9l\u00e9copie: +4933625097737<\/p>\n\n\n\n<p>Courriel: de@sulelaw.com<\/p>\n\n\n\n<p>N \u00b0 TVA UE DE323492898<\/p>\n\n\n\n<p><strong><strong>Association du barreau responsable: <\/strong><\/strong>Barreau de Brandenburg, Grillendamm 2, 14776 Brandenburg an der Havel, Allemagne<\/p>\n\n\n\n<p>T\u00e9l\u00e9phone: +49 (0)30 \u2013 30 69 31-0<\/p>\n\n\n\n<p>T\u00e9l\u00e9copie: +49 (0)3381 &#8211; 25 33 0<\/p>\n\n\n\n<p>Courriel: <a href=\"mailto:info@rak-brb.de\">info@rak-brb.de<\/a><\/p>\n\n\n\n<p>www.rak-brb.de<\/p>\n\n\n\n<p><\/p>\n\n\n\n<p><strong>Les r\u00e8gles professionnelles suivantes s&rsquo;appliquent:<\/strong><\/p>\n\n\n\n<p>Loi f\u00e9d\u00e9rale sur les avocats (BRAO)<\/p>\n\n\n\n<p>Code des professions des avocats (BORA)<\/p>\n\n\n\n<p>Loi sur la r\u00e9mun\u00e9ration des avocats (RVG)<\/p>\n\n\n\n<p>R\u00e8glement des avocats sp\u00e9cialis\u00e9s<\/p>\n\n\n\n<p>Code de conduite des avocats dans la Communaut\u00e9 europ\u00e9enne<\/p>\n\n\n\n<p><\/p>\n\n\n\n<p><strong>Assurance<\/strong><br>\u00c1kos S\u00fcle, LL.M. (Berlin) est couvert par une assurance responsabilit\u00e9 civile professionnelle aupr\u00e8s de R + V Versicherung AG (Raiffeisenplatz 1, 65189 Wiesbaden, Allemagne). La port\u00e9e g\u00e9ographique de la couverture d&rsquo;assurance comprend les services dans les \u00c9tats membres de l&rsquo;Union europ\u00e9enne et r\u00e9pond aux exigences de l&rsquo;article 51 de la loi f\u00e9d\u00e9rale sur les avocats (BRAO).<\/p>\n\n\n\n<p class=\"gb-headline gb-headline-7dc4f56e\"><span class=\"gb-icon\"><svg aria-hidden=\"true\" height=\"1em\" width=\"1em\" viewBox=\"0 0 256 512\" xmlns=\"http:\/\/www.w3.org\/2000\/svg\"><path fill=\"currentColor\" d=\"M224.3 273l-136 136c-9.4 9.4-24.6 9.4-33.9 0l-22.6-22.6c-9.4-9.4-9.4-24.6 0-33.9l96.4-96.4-96.4-96.4c-9.4-9.4-9.4-24.6 0-33.9L54.3 103c9.4-9.4 24.6-9.4 33.9 0l136 136c9.5 9.4 9.5 24.6.1 34z\"><\/path><\/svg><\/span><span class=\"gb-headline-text\">R\u00c9SOLUTION DES DIFF\u00c9RENDS EN LIGNE ET DE CONSOMMATEUR<\/span><\/p>\n\n\n\n<p>La Commission europ\u00e9enne fournit une plate-forme pour la r\u00e9solution des litiges en ligne qui peut \u00eatre trouv\u00e9e sous http:\/\/ec.europa.eu\/consumers\/odr\/. Le cabinet d&rsquo;avocats S\u00fcle ne participe pas \u00e0 la r\u00e9solution des litiges devant les instances de r\u00e9solution des litiges de consommation.<\/p>\n\n<\/div><\/div>","protected":false},"excerpt":{"rendered":"<p>Mentions l\u00e9gales &#8211; BUREAU DE BUDAPEST, HONGRIE Cabinet S\u00fcle est une personne morale enregistr\u00e9e en Hongrie Type d&rsquo;enregistrement: cabinet d&rsquo;avocat (\u00ab\u00a0\u00fcgyv\u00e9di iroda\u00a0\u00bb) Le cabinet S\u00fcle est membre du Barreau de Budapest sous le num\u00e9ro d&rsquo;enregistrement 2800 Le contenu du site sulelaw.com est fourni par le bureau hongrois du cabinet d&rsquo;avocat S\u00fcle Repr\u00e9sentant: \u00c1kos S\u00fcle, LL.M. &#8230; <a title=\"Mentions l\u00e9gales\" class=\"read-more\" href=\"https:\/\/sulelaw.com\/fr\/about-a-top-law-firm\/mentions-legales\/\" aria-label=\"En savoir plus sur Mentions l\u00e9gales\">Lire la suite<\/a><\/p>\n","protected":false},"author":1,"featured_media":0,"parent":19461,"menu_order":0,"comment_status":"closed","ping_status":"closed","template":"","meta":{"footnotes":""},"class_list":["post-19441","page","type-page","status-publish"],"aioseo_notices":[],"_links":{"self":[{"href":"https:\/\/sulelaw.com\/fr\/wp-json\/wp\/v2\/pages\/19441","targetHints":{"allow":["GET"]}}],"collection":[{"href":"https:\/\/sulelaw.com\/fr\/wp-json\/wp\/v2\/pages"}],"about":[{"href":"https:\/\/sulelaw.com\/fr\/wp-json\/wp\/v2\/types\/page"}],"author":[{"embeddable":true,"href":"https:\/\/sulelaw.com\/fr\/wp-json\/wp\/v2\/users\/1"}],"replies":[{"embeddable":true,"href":"https:\/\/sulelaw.com\/fr\/wp-json\/wp\/v2\/comments?post=19441"}],"version-history":[{"count":5,"href":"https:\/\/sulelaw.com\/fr\/wp-json\/wp\/v2\/pages\/19441\/revisions"}],"predecessor-version":[{"id":24226,"href":"https:\/\/sulelaw.com\/fr\/wp-json\/wp\/v2\/pages\/19441\/revisions\/24226"}],"up":[{"embeddable":true,"href":"https:\/\/sulelaw.com\/fr\/wp-json\/wp\/v2\/pages\/19461"}],"wp:attachment":[{"href":"https:\/\/sulelaw.com\/fr\/wp-json\/wp\/v2\/media?parent=19441"}],"curies":[{"name":"wp","href":"https:\/\/api.w.org\/{rel}","templated":true}]}}