{"id":19434,"date":"2020-09-28T17:15:04","date_gmt":"2020-09-28T17:15:04","guid":{"rendered":"https:\/\/va87zabukmi.preview.infomaniak.website\/?page_id=19434"},"modified":"2020-09-28T17:16:25","modified_gmt":"2020-09-28T17:16:25","slug":"politique-de-cookies","status":"publish","type":"page","link":"https:\/\/sulelaw.com\/fr\/about-a-top-law-firm\/politique-de-cookies\/","title":{"rendered":"Politique de cookies"},"content":{"rendered":"\n<div class=\"gb-container gb-container-1a210b3c\"><div class=\"gb-inside-container\">\n<div class=\"gb-headline-wrapper gb-headline-wrapper-3f01195c\"><span class=\"gb-icon\"><svg xmlns=\"http:\/\/www.w3.org\/2000\/svg\" viewBox=\"0 0 256 512\" width=\"1em\" height=\"1em\" aria-hidden=\"true\"><path d=\"M224.3 273l-136 136c-9.4 9.4-24.6 9.4-33.9 0l-22.6-22.6c-9.4-9.4-9.4-24.6 0-33.9l96.4-96.4-96.4-96.4c-9.4-9.4-9.4-24.6 0-33.9L54.3 103c9.4-9.4 24.6-9.4 33.9 0l136 136c9.5 9.4 9.5 24.6.1 34z\" fill=\"currentColor\"><\/path><\/svg><\/span><p class=\"gb-headline gb-headline-3f01195c\">Politique relative aux cookies<\/p><\/div>\n\n\n\n<p>Les cookies sont cr\u00e9\u00e9s lorsque vous visitez un site Web ou utilisez une application. Ce sont essentiellement de petits fichiers texte qui sont stock\u00e9s sur votre appareil et personnalisent votre exp\u00e9rience. Ce fichier peut stocker des informations sur vos pr\u00e9f\u00e9rences en fonction de tout ce que vous avez d\u00e9fini la derni\u00e8re fois que vous nous avez rendu visite. Nous utilisons \u00e9galement des cookies pour d&rsquo;autres raisons, comme la publicit\u00e9 et le marketing, l&rsquo;exp\u00e9rimentation de diff\u00e9rentes mises en page sur le site Web, la mesure de vos visites sur le site et la compr\u00e9hension de vos pr\u00e9f\u00e9rences. Cela signifie que nous pouvons vous montrer des publicit\u00e9s, des offres et du contenu personnalis\u00e9s qui sont juste pour vous. Lorsque vous cr\u00e9ez ou vous connectez \u00e0 un compte en ligne, vous acceptez une banni\u00e8re de cookies qui fournit un lien vers cet avis. Sinon, en continuant \u00e0 utiliser nos sites Web, contenus, produits ou services, vous acceptez l&rsquo;utilisation de cookies comme d\u00e9crit dans cet avis. Les cookies sont une partie importante d&rsquo;Internet. Ils facilitent l&rsquo;utilisation des appareils et l&rsquo;acc\u00e8s aux informations en ligne et affectent de nombreuses fonctionnalit\u00e9s utiles des sites Web. Il existe de nombreuses utilisations diff\u00e9rentes des cookies, mais ils se r\u00e9partissent en quatre groupes principaux.<\/p>\n\n\n\n<p><br><strong>\u2022 Cookies n\u00e9cessaires pour fournir le contenu, le produit ou le service que vous avez demand\u00e9<\/strong><\/p>\n\n\n\n<p>Certains cookies sont essentiels pour aider vos appareils \u00e0 t\u00e9l\u00e9charger ou diffuser les informations, ou pour vous permettre de vous d\u00e9placer sur les sites Web et d&rsquo;utiliser leurs fonctionnalit\u00e9s. Sans ces cookies, le contenu, les produits ou services que vous avez demand\u00e9s ne peuvent pas \u00eatre fournis. Voici quelques exemples de cookies essentiels:<br>Positionner les informations sur un \u00e9cran de smartphone, une tablette ou un autre \u00e9cran afin que vous puissiez voir le site Web et utiliser ses fonctionnalit\u00e9s. Vous garder connect\u00e9 pendant votre visite ou vous permettre de diffuser du contenu. Sans cookies, vous devrez peut-\u00eatre vous connecter \u00e0 chaque site Web que vous visitez ou r\u00e9gler \u00e0 plusieurs reprises votre volume et vos param\u00e8tres d&rsquo;affichage.<br>Lorsque vous ajoutez quelque chose au panier en ligne, les cookies s&rsquo;assurent qu&rsquo;il est toujours l\u00e0 lorsque vous arrivez \u00e0 la caisse.<br>Certains sont des cookies de session qui permettent de naviguer facilement sur le site Web.<\/p>\n\n\n\n<p><br><strong>\u2022 Am\u00e9lioration de votre exp\u00e9rience de navigation<\/strong><\/p>\n\n\n\n<p>Les cookies permettent \u00e0 l&rsquo;application ou au site Web de se souvenir des choix que vous faites, tels que votre langue ou votre r\u00e9gion, et ils fournissent des fonctionnalit\u00e9s am\u00e9lior\u00e9es. Voici quelques exemples de certaines des fa\u00e7ons dont les cookies sont utilis\u00e9s pour am\u00e9liorer votre exp\u00e9rience sur nos applications et sites Web:<br>Se souvenir de vos pr\u00e9f\u00e9rences et param\u00e8tres, y compris vos pr\u00e9f\u00e9rences marketing, par exemple en choisissant si vous souhaitez recevoir des informations marketing.<br>Se souvenir si vous avez r\u00e9pondu \u00e0 une enqu\u00eate pour ne pas \u00eatre invit\u00e9 \u00e0 le refaire.<br>Se souvenir si vous avez d\u00e9j\u00e0 consult\u00e9 l&rsquo;application ou le site Web.<br>Restreindre le nombre de fois o\u00f9 une publicit\u00e9 en ligne vous est pr\u00e9sent\u00e9e. Ceci est parfois appel\u00e9 \u00ablimitation du nombre d&rsquo;expositions\u00bb.<br>Vous montrer des informations pertinentes pour le contenu, les produits ou les services que vous recevez.<br>Vous donner acc\u00e8s au contenu fourni par les sites de m\u00e9dias sociaux comme Facebook ou Twitter.<br>Affichage des liens \u00abarticle connexe\u00bb qui correspondent aux informations que vous consultez.<br>Se souvenir d&rsquo;une application ou d&rsquo;un site Web que vous avez entr\u00e9, comme les pr\u00e9visions m\u00e9t\u00e9orologiques.<\/p>\n\n\n\n<p><br><strong>\u2022 Analytique<\/strong><\/p>\n\n\n\n<p>Nous aimons garder une trace des sites Web, informations et liens qui sont populaires et ceux qui ne sont pas tellement utilis\u00e9s, pour nous aider \u00e0 garder nos informations pertinentes et \u00e0 jour. Il est \u00e9galement tr\u00e8s utile de pouvoir identifier les tendances de la fa\u00e7on dont les gens naviguent (trouvent leur chemin) nos informations et quand et o\u00f9 les \u00abmessages d&rsquo;erreur\u00bb peuvent provenir. Ce groupe de cookies, souvent appel\u00e9 \u00abcookies analytiques\u00bb, est utilis\u00e9 pour collecter ces informations. Les informations collect\u00e9es sont regroup\u00e9es avec les informations des cookies de tous les autres. Nous pouvons alors voir les sch\u00e9mas g\u00e9n\u00e9raux d\u2019utilisation plut\u00f4t que l\u2019activit\u00e9 d\u2019une seule personne. Les cookies analytiques sont utilis\u00e9s pour am\u00e9liorer le fonctionnement d&rsquo;une application, d&rsquo;un site Web et de ses pages. Nos applications, sites Web, sites Web et communications que vous recevez de notre part contiennent de petites images invisibles appel\u00e9es \u00abbalises Web\u00bb ou \u00abpixels\u00bb. Ceux-ci sont utilis\u00e9s pour g\u00e9rer l&rsquo;interaction entre vous et les informations en ligne ou le courrier \u00e9lectronique et nous permettent d&rsquo;\u00e9valuer l&rsquo;efficacit\u00e9 de la communication.<\/p>\n\n\n\n<p><br><strong>\u2022 Cookies d&rsquo;affiliation<\/strong><\/p>\n\n\n\n<p>Nous utilisons des cookies \u00abaffili\u00e9s\u00bb. Certaines de nos informations Web contiendront des liens promotionnels vers les sites d\u2019autres soci\u00e9t\u00e9s. Si vous suivez l&rsquo;un de ces liens et que vous vous inscrivez ou achetez quelque chose sur cet autre site, un cookie est utilis\u00e9 pour indiquer \u00e0 l&rsquo;autre site que vous venez de l&rsquo;un de nos sites. Cet autre site peut alors nous payer une petite somme pour le parrainage r\u00e9ussi. Notez que lorsque vous visitez les sites de ces autres soci\u00e9t\u00e9s, elles disposent de leurs propres avis de confidentialit\u00e9 qui d\u00e9finissent les donn\u00e9es personnelles qu\u2019elles collectent et comment elles les utiliseront.<\/p>\n<\/div><\/div>\n","protected":false},"excerpt":{"rendered":"<p>Politique relative aux cookies Les cookies sont cr\u00e9\u00e9s lorsque vous visitez un site Web ou utilisez une application. Ce sont essentiellement de petits fichiers texte qui sont stock\u00e9s sur votre appareil et personnalisent votre exp\u00e9rience. Ce fichier peut stocker des informations sur vos pr\u00e9f\u00e9rences en fonction de tout ce que vous avez d\u00e9fini la derni\u00e8re &#8230; <a title=\"Politique de cookies\" class=\"read-more\" href=\"https:\/\/sulelaw.com\/fr\/about-a-top-law-firm\/politique-de-cookies\/\" aria-label=\"En savoir plus sur Politique de cookies\">Lire la suite<\/a><\/p>\n","protected":false},"author":1,"featured_media":0,"parent":19461,"menu_order":0,"comment_status":"closed","ping_status":"closed","template":"","meta":{"footnotes":""},"class_list":["post-19434","page","type-page","status-publish"],"aioseo_notices":[],"_links":{"self":[{"href":"https:\/\/sulelaw.com\/fr\/wp-json\/wp\/v2\/pages\/19434","targetHints":{"allow":["GET"]}}],"collection":[{"href":"https:\/\/sulelaw.com\/fr\/wp-json\/wp\/v2\/pages"}],"about":[{"href":"https:\/\/sulelaw.com\/fr\/wp-json\/wp\/v2\/types\/page"}],"author":[{"embeddable":true,"href":"https:\/\/sulelaw.com\/fr\/wp-json\/wp\/v2\/users\/1"}],"replies":[{"embeddable":true,"href":"https:\/\/sulelaw.com\/fr\/wp-json\/wp\/v2\/comments?post=19434"}],"version-history":[{"count":2,"href":"https:\/\/sulelaw.com\/fr\/wp-json\/wp\/v2\/pages\/19434\/revisions"}],"predecessor-version":[{"id":19436,"href":"https:\/\/sulelaw.com\/fr\/wp-json\/wp\/v2\/pages\/19434\/revisions\/19436"}],"up":[{"embeddable":true,"href":"https:\/\/sulelaw.com\/fr\/wp-json\/wp\/v2\/pages\/19461"}],"wp:attachment":[{"href":"https:\/\/sulelaw.com\/fr\/wp-json\/wp\/v2\/media?parent=19434"}],"curies":[{"name":"wp","href":"https:\/\/api.w.org\/{rel}","templated":true}]}}