{"id":20620,"date":"2020-07-09T17:24:50","date_gmt":"2020-07-09T17:24:50","guid":{"rendered":"https:\/\/va87zabukmi.preview.infomaniak.website\/trademark\/german-trademark\/"},"modified":"2022-10-27T08:20:23","modified_gmt":"2022-10-27T08:20:23","slug":"german-trademark","status":"publish","type":"page","link":"https:\/\/sulelaw.com\/de\/trademark\/german-trademark\/","title":{"rendered":"Deutsche Marke"},"content":{"rendered":"<div class=\"gb-container gb-container-e3321647\"><div class=\"gb-inside-container\">\n<div class=\"gb-grid-wrapper gb-grid-wrapper-9df41ee5\">\n<div class=\"gb-grid-column gb-grid-column-71587cc8\"><div class=\"gb-container gb-container-71587cc8\"><div class=\"gb-inside-container\">\n\n<h2 class=\"gb-headline gb-headline-5d5268ff gb-headline-text\">Deutsche Markeneintragung<\/h2>\n\n<\/div><\/div><\/div>\n\n<div class=\"gb-grid-column gb-grid-column-633a8305\"><div class=\"gb-container gb-container-633a8305\"><div class=\"gb-inside-container\">\n\n<p>Wir bieten <strong>Rechtsdienstleistungen f\u00fcr geistiges Eigentum (IP) in Deutschland <\/strong>an, einschlie\u00dflich <strong>deutscher Markenregistrierungen<\/strong> und damit verbundener <strong>Markenanwaltsdienstleistungen.<\/strong> Als <strong>Markenvertreter und Markenanw\u00e4lte <\/strong>bieten wir ein unkompliziertes, pers\u00f6nliches, nicht-technisches Registrierungsverfahren an. <\/p>\n\n\n\n<p>Unsere gr\u00f6\u00dften Vorteile sind die schnelle Wendezeit und eine hohe Erfolgsquote. Wir legen auch Wert auf Offenheit gegen\u00fcber Kunden, pers\u00f6nliche Kommunikation, klare Preise und niedrige Geb\u00fchren. Das zeichnet uns zumindest auf dem deutschen Markt aus. Wir haben ein klares Preismodell, wir versuchen immer, die Kosten genau vorherzusehen. Die Preise auf dieser Seite verstehen sich mit versteckten Geb\u00fchren (Auszahlungen usw.) Wir hoffen, dass unsere Kunden mit neueren und neueren Branding-Ideen zu uns zur\u00fcckkehren.<\/p>\n\n<\/div><\/div><\/div>\n<\/div>\n<\/div><\/div>\n\n<div class=\"gb-container gb-container-25f97922\"><div class=\"gb-inside-container\">\n<div class=\"gb-grid-wrapper gb-grid-wrapper-c9a9cfd7\">\n<div class=\"gb-grid-column gb-grid-column-2317dbc8\"><div class=\"gb-container gb-container-2317dbc8\"><div class=\"gb-inside-container\"><\/div><\/div><\/div>\n\n<div class=\"gb-grid-column gb-grid-column-6591d04a\"><div class=\"gb-container gb-container-6591d04a\"><div class=\"gb-inside-container\">\n\n<h3 class=\"gb-headline gb-headline-bdad2586 gb-headline-text\">Der Prozess der deutschen Markeneintragung in sieben Schritten<\/h3>\n\n\n\n<p class=\"gb-headline gb-headline-4955cad4\"><span class=\"gb-icon\"><svg aria-hidden=\"true\" height=\"1em\" width=\"1em\" viewBox=\"0 0 256 512\" xmlns=\"http:\/\/www.w3.org\/2000\/svg\"><path fill=\"currentColor\" d=\"M224.3 273l-136 136c-9.4 9.4-24.6 9.4-33.9 0l-22.6-22.6c-9.4-9.4-9.4-24.6 0-33.9l96.4-96.4-96.4-96.4c-9.4-9.4-9.4-24.6 0-33.9L54.3 103c9.4-9.4 24.6-9.4 33.9 0l136 136c9.5 9.4 9.5 24.6.1 34z\"><\/path><\/svg><\/span><span class=\"gb-headline-text\">Zuerst der Erhalt Ihrer Marke oder Ihres Logos, gefolgt von \u2026<\/span><\/p>\n\n\n\n<p class=\"gb-headline gb-headline-37b9aeda\"><span class=\"gb-icon\"><svg aria-hidden=\"true\" height=\"1em\" width=\"1em\" viewBox=\"0 0 256 512\" xmlns=\"http:\/\/www.w3.org\/2000\/svg\"><path fill=\"currentColor\" d=\"M224.3 273l-136 136c-9.4 9.4-24.6 9.4-33.9 0l-22.6-22.6c-9.4-9.4-9.4-24.6 0-33.9l96.4-96.4-96.4-96.4c-9.4-9.4-9.4-24.6 0-33.9L54.3 103c9.4-9.4 24.6-9.4 33.9 0l136 136c9.5 9.4 9.5 24.6.1 34z\"><\/path><\/svg><\/span><span class=\"gb-headline-text\">Fertigstellung des Verzeichnisses der Waren und Dienstleistungen der Marke<\/span><\/p>\n\n\n\n<p class=\"gb-headline gb-headline-e8fca669\"><span class=\"gb-icon\"><svg aria-hidden=\"true\" height=\"1em\" width=\"1em\" viewBox=\"0 0 256 512\" xmlns=\"http:\/\/www.w3.org\/2000\/svg\"><path fill=\"currentColor\" d=\"M224.3 273l-136 136c-9.4 9.4-24.6 9.4-33.9 0l-22.6-22.6c-9.4-9.4-9.4-24.6 0-33.9l96.4-96.4-96.4-96.4c-9.4-9.4-9.4-24.6 0-33.9L54.3 103c9.4-9.4 24.6-9.4 33.9 0l136 136c9.5 9.4 9.5 24.6.1 34z\"><\/path><\/svg><\/span><span class=\"gb-headline-text\">Anschlie\u00dfend ist die Geb\u00fchr f\u00fcr die Markenanmeldung zu entrichten<\/span><\/p>\n\n\n\n<p class=\"gb-headline gb-headline-b206c1d8\"><span class=\"gb-icon\"><svg aria-hidden=\"true\" height=\"1em\" width=\"1em\" viewBox=\"0 0 256 512\" xmlns=\"http:\/\/www.w3.org\/2000\/svg\"><path fill=\"currentColor\" d=\"M224.3 273l-136 136c-9.4 9.4-24.6 9.4-33.9 0l-22.6-22.6c-9.4-9.4-9.4-24.6 0-33.9l96.4-96.4-96.4-96.4c-9.4-9.4-9.4-24.6 0-33.9L54.3 103c9.4-9.4 24.6-9.4 33.9 0l136 136c9.5 9.4 9.5 24.6.1 34z\"><\/path><\/svg><\/span><span class=\"gb-headline-text\">Bald darauf eine Markenrecherche (optional)<\/span><\/p>\n\n\n\n<p class=\"gb-headline gb-headline-2cb5f0dc\"><span class=\"gb-icon\"><svg aria-hidden=\"true\" height=\"1em\" width=\"1em\" viewBox=\"0 0 256 512\" xmlns=\"http:\/\/www.w3.org\/2000\/svg\"><path fill=\"currentColor\" d=\"M224.3 273l-136 136c-9.4 9.4-24.6 9.4-33.9 0l-22.6-22.6c-9.4-9.4-9.4-24.6 0-33.9l96.4-96.4-96.4-96.4c-9.4-9.4-9.4-24.6 0-33.9L54.3 103c9.4-9.4 24.6-9.4 33.9 0l136 136c9.5 9.4 9.5 24.6.1 34z\"><\/path><\/svg><\/span><span class=\"gb-headline-text\">Markenanmeldung beim DPMA online<\/span><\/p>\n\n\n\n<p class=\"gb-headline gb-headline-d9943608\"><span class=\"gb-icon\"><svg aria-hidden=\"true\" height=\"1em\" width=\"1em\" viewBox=\"0 0 256 512\" xmlns=\"http:\/\/www.w3.org\/2000\/svg\"><path fill=\"currentColor\" d=\"M224.3 273l-136 136c-9.4 9.4-24.6 9.4-33.9 0l-22.6-22.6c-9.4-9.4-9.4-24.6 0-33.9l96.4-96.4-96.4-96.4c-9.4-9.4-9.4-24.6 0-33.9L54.3 103c9.4-9.4 24.6-9.4 33.9 0l136 136c9.5 9.4 9.5 24.6.1 34z\"><\/path><\/svg><\/span><span class=\"gb-headline-text\">Bei reibungsloser Anmeldung, Eintragung der Marke innerhalb von ein bis zwei Monaten, Erhalt der Eintragungsurkunde vom DPMA<\/span><\/p>\n\n\n\n<p class=\"gb-headline gb-headline-00346593\"><span class=\"gb-icon\"><svg aria-hidden=\"true\" height=\"1em\" width=\"1em\" viewBox=\"0 0 256 512\" xmlns=\"http:\/\/www.w3.org\/2000\/svg\"><path fill=\"currentColor\" d=\"M224.3 273l-136 136c-9.4 9.4-24.6 9.4-33.9 0l-22.6-22.6c-9.4-9.4-9.4-24.6 0-33.9l96.4-96.4-96.4-96.4c-9.4-9.4-9.4-24.6 0-33.9L54.3 103c9.4-9.4 24.6-9.4 33.9 0l136 136c9.5 9.4 9.5 24.6.1 34z\"><\/path><\/svg><\/span><span class=\"gb-headline-text\">Wenn schlie\u00dflich kein Widerspruch beim DPMA eingeht, wird die Eintragung best\u00e4tigt<\/span><\/p>\n\n<\/div><\/div><\/div>\n<\/div>\n<\/div><\/div>\n\n<div class=\"gb-container gb-container-6f5e113a\"><div class=\"gb-inside-container\">\n<div class=\"gb-grid-wrapper gb-grid-wrapper-d33b2b2e\">\n<div class=\"gb-grid-column gb-grid-column-a94d8ae4\"><div class=\"gb-container gb-container-a94d8ae4\"><div class=\"gb-inside-container\">\n\n<h2 class=\"gb-headline gb-headline-8480e524 gb-headline-text\">Das deutsche Markeneintragungsverfahren im Detail<\/h2>\n\n<\/div><\/div><\/div>\n\n<div class=\"gb-grid-column gb-grid-column-3e52e881\"><div class=\"gb-container gb-container-3e52e881\"><div class=\"gb-inside-container\">\n\n<h3 class=\"gb-headline gb-headline-b41a9652 gb-headline-text\">Geschwindigkeit der Registrierung<\/h3>\n\n\n\n<p>Warum ist dieses Registrierungsverfahren ungew\u00f6hnlich? Nun, zun\u00e4chst einmal, im Idealfall k\u00f6nnen Sie schon nach drei Wochen ein  erhalten. Und das ist einfach toll. Eigentlich k\u00f6nnen Sie das Zertifikat noch fr\u00fcher erhalten, wenn Sie ein beschleunigtes \/ beschleunigtes \/ <strong>dringendes Verfahren<\/strong> beantragen. Im letzteren Fall, wenn alles problemlos l\u00e4uft,<strong> im Idealfall, registriert das DPMA in dringenden Verfahren Ihre deutsche Marke innerhalb einer Woche! <\/strong>Das Eilverfahren ist jedoch mit einer zus\u00e4tzlichen amtlichen Geb\u00fchr von 200 EUR verbunden.<\/p>\n\n\n\n<h3 class=\"gb-headline gb-headline-77f0ebaf gb-headline-text\">Widerspr\u00fcche<\/h3>\n\n\n\n<p>Wie oben erw\u00e4hnt, wird die normale Anmeldung auch in ein paar Wochen \/ Monaten registriert werden, die von den gew\u00e4hlten Klassen abh\u00e4ngt. Was ist also der Kompromiss f\u00fcr diese Geschwindigkeit? Da die Einspruchsfrist auch in Deutschland drei Monate betr\u00e4gt, erhalten Sie ihr Markenzertifikat schon vor Ablauf der Einspruchsfrist. Wenn jedoch niemand Widerspruch gegen Ihre Marke einreicht, wird das DPMA Sie in einem einfachen Schreiben dar\u00fcber informieren, dass kein Widerspruch eingegangen ist. Die Alternative ist, dass Sie ein Einspruchsverfahren bek\u00e4mpfen m\u00fcssen. Das w\u00fcrde einige Zeit und Anwaltskosten in Anspruch nehmen, und wir w\u00fcrden Sie sicherlich beraten, wenn es sich lohnt, die Investition zu t\u00e4tigen. Als Ihr <strong>deutscher Markenvertreter <\/strong>oder<strong> deutscher Markenanwalt<\/strong> k\u00f6nnen wir Sie durch den Prozess f\u00fchren.<\/p>\n\n\n\n<h3 class=\"gb-headline gb-headline-fe554308 gb-headline-text\">Markenrecherche<\/h3>\n\n\n\n<p>  Sie sollten in der Lage sein, Risiken zu berechnen. Sie k\u00f6nnen sich auf Ihre Marktkenntnisse und Ihre Marktsuche verlassen. Das ist sehr wichtig. Eine Markensuche ist nat\u00fcrlich auch wichtig, aber Sie k\u00f6nnen grunds\u00e4tzlich Widerspr\u00fcche von Ihren Wettbewerbern erwarten. Wenn Sie mit dem deutschen Markt nicht vertraut sind, k\u00f6nnen wir Ihnen helfen, einige spezifische Internet-Suchen durchzuf\u00fchren, um mehr \u00fcber Ihre Wettbewerber zu erfahren. So wissen Sie am Tag der Anmeldung, wie riskant eine <strong>deutsche Markenanmeldung<\/strong> ist. Letztlich ist es Ihre Entscheidung, gesch\u00e4ftliche Risiken einzugehen. Es ist unsere Aufgabe, Sie \u00fcber sie aufzukl\u00e4ren. Wenn eine Marke riskant ist, k\u00f6nnen Sie nat\u00fcrlich bis zum Ende der Widerspruchsfrist warten, bevor Sie in sie investieren. In Deutschland ist die Wahrscheinlichkeit, dass ein Widerspruch eingelegt wird, viel h\u00f6her als die einer sp\u00e4teren Nichtigkeitsklage. <\/p>\n\n<\/div><\/div><\/div>\n<\/div>\n<\/div><\/div>\n\n<div class=\"gb-container gb-container-1b03a90b\"><div class=\"gb-inside-container\">\n\n<h2 class=\"gb-headline gb-headline-f9e75533 gb-headline-text\">Deutsche Markengeb\u00fchren &#8211; klar &amp; fix &#8211;<\/h2>\n\n\n<div class=\"gb-grid-wrapper gb-grid-wrapper-6e081b12\">\n<div class=\"gb-grid-column gb-grid-column-94962839\"><div class=\"gb-container gb-container-94962839\"><div class=\"gb-inside-container\">\n\n<h4 class=\"gb-headline gb-headline-29331726 gb-headline-text\">Deutsche Markenanmeldung bis zu drei Klassen<\/h4>\n\n\n\n<p class=\"gb-headline gb-headline-ee58453f gb-headline-text\">EUR 290<\/p>\n\n\n\n<p class=\"gb-headline gb-headline-f32a8b51\"><span class=\"gb-icon\"><svg aria-hidden=\"true\" height=\"1em\" width=\"1em\" viewBox=\"0 0 512 512\" xmlns=\"http:\/\/www.w3.org\/2000\/svg\"><path fill=\"currentColor\" d=\"M173.898 439.404l-166.4-166.4c-9.997-9.997-9.997-26.206 0-36.204l36.203-36.204c9.997-9.998 26.207-9.998 36.204 0L192 312.69 432.095 72.596c9.997-9.997 26.207-9.997 36.204 0l36.203 36.204c9.997 9.997 9.997 26.206 0 36.204l-294.4 294.401c-9.998 9.997-26.207 9.997-36.204-.001z\"><\/path><\/svg><\/span><span class=\"gb-headline-text\">Die Marke kann u.A. eine Wort- oder Bildmarke sein<\/span><\/p>\n\n\n\n<p class=\"gb-headline gb-headline-d7af1f29\"><span class=\"gb-icon\"><svg aria-hidden=\"true\" height=\"1em\" width=\"1em\" viewBox=\"0 0 512 512\" xmlns=\"http:\/\/www.w3.org\/2000\/svg\"><path fill=\"currentColor\" d=\"M173.898 439.404l-166.4-166.4c-9.997-9.997-9.997-26.206 0-36.204l36.203-36.204c9.997-9.998 26.207-9.998 36.204 0L192 312.69 432.095 72.596c9.997-9.997 26.207-9.997 36.204 0l36.203 36.204c9.997 9.997 9.997 26.206 0 36.204l-294.4 294.401c-9.998 9.997-26.207 9.997-36.204-.001z\"><\/path><\/svg><\/span><span class=\"gb-headline-text\">Wir verlangen keine Geb\u00fchren f\u00fcr die Eintragung der Marke<\/span><\/p>\n\n\n\n<p class=\"gb-headline gb-headline-a8e86c8d\"><span class=\"gb-icon\"><svg aria-hidden=\"true\" height=\"1em\" width=\"1em\" viewBox=\"0 0 512 512\" xmlns=\"http:\/\/www.w3.org\/2000\/svg\"><path fill=\"currentColor\" d=\"M173.898 439.404l-166.4-166.4c-9.997-9.997-9.997-26.206 0-36.204l36.203-36.204c9.997-9.998 26.207-9.998 36.204 0L192 312.69 432.095 72.596c9.997-9.997 26.207-9.997 36.204 0l36.203 36.204c9.997 9.997 9.997 26.206 0 36.204l-294.4 294.401c-9.998 9.997-26.207 9.997-36.204-.001z\"><\/path><\/svg><\/span><span class=\"gb-headline-text\">Dies ist die gesetzliche Geb\u00fchr, die wir an das DPMA zahlen. Bitte fragen Sie nach unseren Geb\u00fchren<\/span><\/p>\n\n<\/div><\/div><\/div>\n\n<div class=\"gb-grid-column gb-grid-column-e072e1c5\"><div class=\"gb-container gb-container-e072e1c5\"><div class=\"gb-inside-container\">\n\n<h4 class=\"gb-headline gb-headline-ecb82465 gb-headline-text\">Markenanmeldung in Deutschland in zus\u00e4tzlicher(n) Klasse(n)<\/h4>\n\n\n\n<p class=\"gb-headline gb-headline-f92524b7 gb-headline-text\"><strong>EUR 100 \/ Klasse \u00fcber 3 Klassen<\/strong><\/p>\n\n\n\n<p class=\"gb-headline gb-headline-ab47c4a3\"><span class=\"gb-icon\"><svg aria-hidden=\"true\" height=\"1em\" width=\"1em\" viewBox=\"0 0 512 512\" xmlns=\"http:\/\/www.w3.org\/2000\/svg\"><path fill=\"currentColor\" d=\"M173.898 439.404l-166.4-166.4c-9.997-9.997-9.997-26.206 0-36.204l36.203-36.204c9.997-9.998 26.207-9.998 36.204 0L192 312.69 432.095 72.596c9.997-9.997 26.207-9.997 36.204 0l36.203 36.204c9.997 9.997 9.997 26.206 0 36.204l-294.4 294.401c-9.998 9.997-26.207 9.997-36.204-.001z\"><\/path><\/svg><\/span><span class=\"gb-headline-text\">Wir helfen Ihnen bei der Erstellung des Warenverzeichnisses, senden Sie uns einfach Ihre Markenidee<\/span><\/p>\n\n\n\n<p class=\"gb-headline gb-headline-3308d66f\"><span class=\"gb-icon\"><svg aria-hidden=\"true\" height=\"1em\" width=\"1em\" viewBox=\"0 0 512 512\" xmlns=\"http:\/\/www.w3.org\/2000\/svg\"><path fill=\"currentColor\" d=\"M173.898 439.404l-166.4-166.4c-9.997-9.997-9.997-26.206 0-36.204l36.203-36.204c9.997-9.998 26.207-9.998 36.204 0L192 312.69 432.095 72.596c9.997-9.997 26.207-9.997 36.204 0l36.203 36.204c9.997 9.997 9.997 26.206 0 36.204l-294.4 294.401c-9.998 9.997-26.207 9.997-36.204-.001z\"><\/path><\/svg><\/span><span class=\"gb-headline-text\">Wir erheben keine versteckten Geb\u00fchren, z. B. f\u00fcr die Weiterleitung der eingescannten Markenurkunde<\/span><\/p>\n\n<\/div><\/div><\/div>\n\n<div class=\"gb-grid-column gb-grid-column-511e52db\"><div class=\"gb-container gb-container-511e52db\"><div class=\"gb-inside-container\">\n\n<h4 class=\"gb-headline gb-headline-c542f680 gb-headline-text\">Verl\u00e4ngerung einer deutschen Marke bis zu drei Klassen<\/h4>\n\n\n\n<p class=\"gb-headline gb-headline-42352c1e gb-headline-text\"><strong>EUR 750<\/strong><\/p>\n\n\n\n<p class=\"gb-headline gb-headline-93cab3bc\"><span class=\"gb-icon\"><svg aria-hidden=\"true\" height=\"1em\" width=\"1em\" viewBox=\"0 0 512 512\" xmlns=\"http:\/\/www.w3.org\/2000\/svg\"><path fill=\"currentColor\" d=\"M173.898 439.404l-166.4-166.4c-9.997-9.997-9.997-26.206 0-36.204l36.203-36.204c9.997-9.998 26.207-9.998 36.204 0L192 312.69 432.095 72.596c9.997-9.997 26.207-9.997 36.204 0l36.203 36.204c9.997 9.997 9.997 26.206 0 36.204l-294.4 294.401c-9.998 9.997-26.207 9.997-36.204-.001z\"><\/path><\/svg><\/span><span class=\"gb-headline-text\">Darin enthalten sind die amtlichen Geb\u00fchren, aber keine Servicegeb\u00fchr<\/span><\/p>\n\n\n\n<p class=\"gb-headline gb-headline-7ea70e66\"><span class=\"gb-icon\"><svg aria-hidden=\"true\" height=\"1em\" width=\"1em\" viewBox=\"0 0 512 512\" xmlns=\"http:\/\/www.w3.org\/2000\/svg\"><path fill=\"currentColor\" d=\"M173.898 439.404l-166.4-166.4c-9.997-9.997-9.997-26.206 0-36.204l36.203-36.204c9.997-9.998 26.207-9.998 36.204 0L192 312.69 432.095 72.596c9.997-9.997 26.207-9.997 36.204 0l36.203 36.204c9.997 9.997 9.997 26.206 0 36.204l-294.4 294.401c-9.998 9.997-26.207 9.997-36.204-.001z\"><\/path><\/svg><\/span><span class=\"gb-headline-text\">Dies sind nicht die Gesamtkosten f\u00fcr die Verl\u00e4ngerung<\/span><\/p>\n\n<\/div><\/div><\/div>\n\n<div class=\"gb-grid-column gb-grid-column-9d9010f8\"><div class=\"gb-container gb-container-9d9010f8\"><div class=\"gb-inside-container\">\n\n<h4 class=\"gb-headline gb-headline-c6ba77e5 gb-headline-text\"><strong><strong>Vertreter\u00fcbernahme<\/strong><\/strong><\/h4>\n\n\n\n<p class=\"gb-headline gb-headline-efeafb34 gb-headline-text\">&#8211; <strong>fragen Sie nach einem Angebot &#8211;<\/strong><\/p>\n\n\n\n<p class=\"gb-headline gb-headline-67158d75\"><span class=\"gb-icon\"><svg aria-hidden=\"true\" height=\"1em\" width=\"1em\" viewBox=\"0 0 512 512\" xmlns=\"http:\/\/www.w3.org\/2000\/svg\"><path fill=\"currentColor\" d=\"M173.898 439.404l-166.4-166.4c-9.997-9.997-9.997-26.206 0-36.204l36.203-36.204c9.997-9.998 26.207-9.998 36.204 0L192 312.69 432.095 72.596c9.997-9.997 26.207-9.997 36.204 0l36.203 36.204c9.997 9.997 9.997 26.206 0 36.204l-294.4 294.401c-9.998 9.997-26.207 9.997-36.204-.001z\"><\/path><\/svg><\/span><span class=\"gb-headline-text\">M\u00f6glich vor und nach der Anmeldung der Marke beim DPMA<\/span><\/p>\n\n\n\n<p class=\"gb-headline gb-headline-d8b445a8\"><span class=\"gb-icon\"><svg aria-hidden=\"true\" height=\"1em\" width=\"1em\" viewBox=\"0 0 512 512\" xmlns=\"http:\/\/www.w3.org\/2000\/svg\"><path fill=\"currentColor\" d=\"M173.898 439.404l-166.4-166.4c-9.997-9.997-9.997-26.206 0-36.204l36.203-36.204c9.997-9.998 26.207-9.998 36.204 0L192 312.69 432.095 72.596c9.997-9.997 26.207-9.997 36.204 0l36.203 36.204c9.997 9.997 9.997 26.206 0 36.204l-294.4 294.401c-9.998 9.997-26.207 9.997-36.204-.001z\"><\/path><\/svg><\/span><span class=\"gb-headline-text\">Ein guter Weg, um eventuelle Probleme bei der Registrierung festzustellen<\/span><\/p>\n\n<\/div><\/div><\/div>\n\n<div class=\"gb-grid-column gb-grid-column-bc81f2ac\"><div class=\"gb-container gb-container-bc81f2ac\"><div class=\"gb-inside-container\">\n\n<h4 class=\"gb-headline gb-headline-d57e36ab gb-headline-text\">Deutsche professionelle Markenrecherche<\/h4>\n\n\n\n<p class=\"gb-headline gb-headline-ab99cb92 gb-headline-text\"><strong>&#8211; <strong>fragen Sie nach einem Angebot &#8211;<\/strong><\/strong><\/p>\n\n\n\n<p class=\"gb-headline gb-headline-62efbdc3\"><span class=\"gb-icon\"><svg aria-hidden=\"true\" height=\"1em\" width=\"1em\" viewBox=\"0 0 512 512\" xmlns=\"http:\/\/www.w3.org\/2000\/svg\"><path fill=\"currentColor\" d=\"M173.898 439.404l-166.4-166.4c-9.997-9.997-9.997-26.206 0-36.204l36.203-36.204c9.997-9.998 26.207-9.998 36.204 0L192 312.69 432.095 72.596c9.997-9.997 26.207-9.997 36.204 0l36.203 36.204c9.997 9.997 9.997 26.206 0 36.204l-294.4 294.401c-9.998 9.997-26.207 9.997-36.204-.001z\"><\/path><\/svg><\/span><span class=\"gb-headline-text\">Diese erweiterte Suche schlie\u00dft Treffer ein, die in der EU, in DE und in internationalen Registern zum Verwechseln \u00e4hnlich sein k\u00f6nnen<\/span><\/p>\n\n\n\n<p class=\"gb-headline gb-headline-f5ae83d1\"><span class=\"gb-icon\"><svg aria-hidden=\"true\" height=\"1em\" width=\"1em\" viewBox=\"0 0 512 512\" xmlns=\"http:\/\/www.w3.org\/2000\/svg\"><path fill=\"currentColor\" d=\"M173.898 439.404l-166.4-166.4c-9.997-9.997-9.997-26.206 0-36.204l36.203-36.204c9.997-9.998 26.207-9.998 36.204 0L192 312.69 432.095 72.596c9.997-9.997 26.207-9.997 36.204 0l36.203 36.204c9.997 9.997 9.997 26.206 0 36.204l-294.4 294.401c-9.998 9.997-26.207 9.997-36.204-.001z\"><\/path><\/svg><\/span><span class=\"gb-headline-text\">Gerne pr\u00fcfen wir mit einer <strong>kostenlosen Markenrecherche<\/strong>, ob Ihre Marke in Deutschland eingetragen ist. Dies soll nur als Startpunkt dienen<\/span><\/p>\n\n<\/div><\/div><\/div>\n\n<div class=\"gb-grid-column gb-grid-column-120289eb\"><div class=\"gb-container gb-container-120289eb\"><div class=\"gb-inside-container\">\n\n<h4 class=\"gb-headline gb-headline-bf5b97a0 gb-headline-text\">Widerspr\u00fcche, L\u00f6schungsverfahren, Ablehnungen<\/h4>\n\n\n\n<p class=\"gb-headline gb-headline-8b032e61 gb-headline-text\"><strong>&#8211; <strong>fragen Sie nach einem Angebot &#8211;<\/strong><\/strong><\/p>\n\n\n\n<p class=\"gb-headline gb-headline-7e4b1ab6\"><span class=\"gb-icon\"><svg aria-hidden=\"true\" height=\"1em\" width=\"1em\" viewBox=\"0 0 512 512\" xmlns=\"http:\/\/www.w3.org\/2000\/svg\"><path fill=\"currentColor\" d=\"M173.898 439.404l-166.4-166.4c-9.997-9.997-9.997-26.206 0-36.204l36.203-36.204c9.997-9.998 26.207-9.998 36.204 0L192 312.69 432.095 72.596c9.997-9.997 26.207-9.997 36.204 0l36.203 36.204c9.997 9.997 9.997 26.206 0 36.204l-294.4 294.401c-9.998 9.997-26.207 9.997-36.204-.001z\"><\/path><\/svg><\/span><span class=\"gb-headline-text\">Verteidigung und Offensive<\/span><\/p>\n\n\n\n<p class=\"gb-headline gb-headline-a280f495\"><span class=\"gb-icon\"><svg aria-hidden=\"true\" height=\"1em\" width=\"1em\" viewBox=\"0 0 512 512\" xmlns=\"http:\/\/www.w3.org\/2000\/svg\"><path fill=\"currentColor\" d=\"M173.898 439.404l-166.4-166.4c-9.997-9.997-9.997-26.206 0-36.204l36.203-36.204c9.997-9.998 26.207-9.998 36.204 0L192 312.69 432.095 72.596c9.997-9.997 26.207-9.997 36.204 0l36.203 36.204c9.997 9.997 9.997 26.206 0 36.204l-294.4 294.401c-9.998 9.997-26.207 9.997-36.204-.001z\"><\/path><\/svg><\/span><span class=\"gb-headline-text\">Oder um eine Zur\u00fcckweisung von Amts wegen durch das Deutsche Patent- und Markenamt zu \u00fcberwinden<\/span><\/p>\n\n<\/div><\/div><\/div>\n<\/div>\n<\/div><\/div>\n\n<div class=\"gb-container gb-container-2a545a7e\"><div class=\"gb-inside-container\">\n\n<h2 class=\"has-text-align-center wp-block-heading\">Deutsche Marken &#8211; H\u00e4ufig gestellte Fragen &#8211; FAQ<\/h2>\n\n\n\n<p><\/p>\n\n\n\n<div class=\"schema-faq wp-block-yoast-faq-block\"><div class=\"schema-faq-section\" id=\"faq-question-1602332404395\"><strong class=\"schema-faq-question\">Welche Unterlagen ben\u00f6tige ich f\u00fcr eine deutsche Markenanmeldung?<\/strong> <p class=\"schema-faq-answer\">F\u00fcr die Anmeldung einer deutschen Marke ben\u00f6tigen wir keine Vollmacht. Wir ben\u00f6tigen jedoch den vollst\u00e4ndigen Namen, die Adresse und die Postleitzahl des Anmelders. Au\u00dferdem ben\u00f6tigen wir eine Liste Ihrer Produkte\/Dienstleistungen.<\/p> <\/div> <div class=\"schema-faq-section\" id=\"faq-question-1602332482537\"><strong class=\"schema-faq-question\">Wie viele Produkte brauche ich?<\/strong> <p class=\"schema-faq-answer\">Es geht wirklich nicht um die Anzahl der G\u00fcter, sondern um die Deckung. Vor allem m\u00fcssen die Waren\/Dienstleistungen abgedeckt werden, die Sie in den n\u00e4chsten Jahren mit Sicherheit nutzen werden. Es ist auch sinnvoll, einen Schritt zur\u00fcckzutreten und in Kategorien zu denken, nicht in konkreten Produkten.<\/p> <\/div> <div class=\"schema-faq-section\" id=\"faq-question-1602332478644\"><strong class=\"schema-faq-question\">Was sind die gr\u00f6\u00dften Probleme bei deutschen Markenanmeldungen?<\/strong> <p class=\"schema-faq-answer\">Der gr\u00f6\u00dfte Schwachpunkt ist das Fehlen der Eigenart. Wenn die Marke zum Beispiel beschreibend ist, funktioniert sie nicht richtig als <strong>Marke<\/strong> und wird vom DPMA abgelehnt. Mit anderen Worten: Wenn Sie eine <strong>deutsche Marke<\/strong> anmelden wollen, m\u00fcssen Sie sich etwas Neues einfallen lassen. Auf der anderen Seite ist der zweite gro\u00dfe Fallstrick eine kollidierende \u00e4ltere Marke. Diese k\u00f6nnte sp\u00e4ter zur L\u00f6schung der Marke f\u00fchren. Dieses Risiko kann jedoch durch eine <strong>Marken- und Marktrecherche<\/strong> minimiert werden.<\/p> <\/div> <div class=\"schema-faq-section\" id=\"faq-question-1602334119989\"><strong class=\"schema-faq-question\">Wie lange ist eine deutsche Marke gesch\u00fctzt?<\/strong> <p class=\"schema-faq-answer\">Der Schutz dauert zehn Jahre und kann immer wieder erneuert werden. Wir unterst\u00fctzen Sie gerne bei der <strong>Verl\u00e4ngerung<\/strong> Ihrer Marke. Wenn Sie eine <strong>deutsche Marke<\/strong> verl\u00e4ngern wollen, sollten Sie sich rechtzeitig mit uns in Verbindung setzen. Die <strong>Verl\u00e4ngerung einer Marke<\/strong> ist nur dann sinnvoll, wenn sie einen kommerziellen Zweck hat. Der Verl\u00e4ngerungsprozess ist relativ einfach, allerdings m\u00fcssen die Fristen und Formalit\u00e4ten genau beachtet werden.<\/p> <\/div> <div class=\"schema-faq-section\" id=\"faq-question-1602334142391\"><strong class=\"schema-faq-question\">Sind die oben genannten Geb\u00fchren f\u00fcr deutsche Marken steuerpflichtig?<\/strong> <p class=\"schema-faq-answer\">Amtliche Geb\u00fchren des DPMA sind umsatzsteuerfrei.<\/p> <\/div> <div class=\"schema-faq-section\" id=\"faq-question-1602334201470\"><strong class=\"schema-faq-question\">Sind diese Markengeb\u00fchren angemessen und niedrig?<\/strong> <p class=\"schema-faq-answer\">Soweit wir wissen, sind unsere Preise f\u00fcr deutsche Marken wirklich niedrig. Ihr Fall wird von einem Anwalt bearbeitet und wir bieten Ihnen einen erstklassigen Service. Au\u00dferdem sind die Kosten f\u00fcr eine deutsche Marke viel niedriger als die Kosten f\u00fcr eine europ\u00e4ische Marke. Wenn Sie also in Deutschland gesch\u00e4ftlich t\u00e4tig sind, z.B. wenn Sie einen amazon Brand registrieren lassen wollen, dann ist eine deutsche Markeneintragung ideal. Wenn Sie hingegen in mehreren EU-L\u00e4ndern t\u00e4tig sind, sollten Sie eine EU-Marke in Betracht ziehen.<\/p> <\/div> <\/div>\n\n<\/div><\/div>","protected":false},"excerpt":{"rendered":"<p>Deutsche Markengeb\u00fchren &#8211; klar &amp; fix &#8211; Deutsche Marken &#8211; H\u00e4ufig gestellte Fragen &#8211; FAQ<\/p>\n","protected":false},"author":2,"featured_media":0,"parent":20560,"menu_order":0,"comment_status":"closed","ping_status":"closed","template":"","meta":{"footnotes":""},"class_list":["post-20620","page","type-page","status-publish"],"aioseo_notices":[],"_links":{"self":[{"href":"https:\/\/sulelaw.com\/de\/wp-json\/wp\/v2\/pages\/20620","targetHints":{"allow":["GET"]}}],"collection":[{"href":"https:\/\/sulelaw.com\/de\/wp-json\/wp\/v2\/pages"}],"about":[{"href":"https:\/\/sulelaw.com\/de\/wp-json\/wp\/v2\/types\/page"}],"author":[{"embeddable":true,"href":"https:\/\/sulelaw.com\/de\/wp-json\/wp\/v2\/users\/2"}],"replies":[{"embeddable":true,"href":"https:\/\/sulelaw.com\/de\/wp-json\/wp\/v2\/comments?post=20620"}],"version-history":[{"count":12,"href":"https:\/\/sulelaw.com\/de\/wp-json\/wp\/v2\/pages\/20620\/revisions"}],"predecessor-version":[{"id":23971,"href":"https:\/\/sulelaw.com\/de\/wp-json\/wp\/v2\/pages\/20620\/revisions\/23971"}],"up":[{"embeddable":true,"href":"https:\/\/sulelaw.com\/de\/wp-json\/wp\/v2\/pages\/20560"}],"wp:attachment":[{"href":"https:\/\/sulelaw.com\/de\/wp-json\/wp\/v2\/media?parent=20620"}],"curies":[{"name":"wp","href":"https:\/\/api.w.org\/{rel}","templated":true}]}}