{"id":20536,"date":"2020-11-04T09:15:08","date_gmt":"2020-11-04T09:15:08","guid":{"rendered":"https:\/\/va87zabukmi.preview.infomaniak.website\/legal-services\/it-law-it-lawyer-it-law-firm\/"},"modified":"2020-12-06T16:32:02","modified_gmt":"2020-12-06T16:32:02","slug":"it-law-it-lawyer-it-law-firm","status":"publish","type":"page","link":"https:\/\/sulelaw.com\/de\/legal-services\/it-law-it-lawyer-it-law-firm\/","title":{"rendered":"IT-Recht \/ Tech-Kanzlei \/ Technologieanwalt"},"content":{"rendered":"<div class=\"gb-container gb-container-e3321647\"><div class=\"gb-inside-container\">\n<div class=\"gb-grid-wrapper gb-grid-wrapper-9df41ee5\">\n<div class=\"gb-grid-column gb-grid-column-71587cc8\"><div class=\"gb-container gb-container-71587cc8\"><div class=\"gb-inside-container\">\n\n<h2 class=\"gb-headline gb-headline-5d5268ff gb-headline-text\">Focus of an IT law firm <\/h2>\n\n<\/div><\/div><\/div>\n\n<div class=\"gb-grid-column gb-grid-column-633a8305\"><div class=\"gb-container gb-container-633a8305\"><div class=\"gb-inside-container\">\n\n<p>Unsere IT-Kanzlei unterst\u00fctzt f\u00fchrende nationale und internationale Unternehmen. Ob Lieferanten oder Anwender, alle Unternehmen haben es heute mit der IT zu tun. Wir unterst\u00fctzen Sie bei der Vertragsverhandlung mit Ihren Gesch\u00e4ftspartnern, Lieferanten und Kunden. Unsere Spezialisten bieten Internetunternehmen, Finanzinstituten, IT-Lieferanten und -K\u00e4ufer, Telekommunikationsunternehmen und innovativen Tech-Unternehmen kreative und praktische L\u00f6sungen f\u00fcr diese Themen. <\/p>\n\n\n\n<p>Unsere IT Juristen pr\u00fcfen, ob Kunden die einschl\u00e4gigen Gesetze und Vorschriften einhalten. Dazu geh\u00f6rt die Ausarbeitung und Rechtsberatung in allen Arten von IT-Vertr\u00e4gen in einer Vielzahl von Bereichen wie Lizenzierung, Vertrieb, Entwicklung, Wartung, Outsourcing und E-Commerce. Unsere IT-Anw\u00e4lte konzentrieren sich auf die Vermeidung von Rechtsstreitigkeiten.<\/p>\n\n<\/div><\/div><\/div>\n<\/div>\n<\/div><\/div><div class=\"gb-container gb-container-05724921\"><div class=\"gb-inside-container\">\n<div class=\"gb-grid-wrapper gb-grid-wrapper-f1eea5cd\">\n<div class=\"gb-grid-column gb-grid-column-f8fac88a\"><div class=\"gb-container gb-container-f8fac88a\"><div class=\"gb-inside-container\">\n\n<h2 class=\"gb-headline gb-headline-2e40bf50 gb-headline-text\">Our main IT law services<\/h2>\n\n<\/div><\/div><\/div>\n\n<div class=\"gb-grid-column gb-grid-column-7a0f3012\"><div class=\"gb-container gb-container-7a0f3012\"><div class=\"gb-inside-container\">\n\n<div class=\"wp-block-pb-accordion-item c-accordion__item js-accordion-item no-js\" data-initially-open=\"false\" data-click-to-close=\"true\" data-auto-close=\"false\" data-scroll=\"false\" data-scroll-offset=\"0\"><h3 id=\"at-67813\" class=\"c-accordion__title js-accordion-controller\" role=\"button\">Reviewing and drafting IT agreements, licensing and transactions <\/h3><div id=\"ac-67813\" class=\"c-accordion__content\">\n<p>Wir f\u00fchren Sie durch Technologievereinbarungen von Start-ups \u00fcber Technologietransferb\u00fcros bis hin zu multinationalen Konzernen.<\/p>\n<\/div><\/div>\n\n\n\n<div class=\"wp-block-pb-accordion-item c-accordion__item js-accordion-item no-js\" data-initially-open=\"false\" data-click-to-close=\"true\" data-auto-close=\"false\" data-scroll=\"false\" data-scroll-offset=\"0\"><h3 id=\"at-12388\" class=\"c-accordion__title js-accordion-controller\" role=\"button\">Start-ups<\/h3><div id=\"ac-12388\" class=\"c-accordion__content\">\n<p>Wir f\u00fchren Startup-Mandanten durch die Grundlagen von Gesch\u00e4ftsbildung, Finanzierung, Content-Regulierung und Website-Management.<\/p>\n\n\n\n<p>Unsere <strong>IT-Kanzlei<\/strong> bietet rechtliche L\u00f6sungen f\u00fcr Produktangebote mit mehreren Gerichtsbarkeiten und Domainnamenstreitigkeiten.<\/p>\n<\/div><\/div>\n\n\n\n<div class=\"wp-block-pb-accordion-item c-accordion__item js-accordion-item no-js\" data-initially-open=\"false\" data-click-to-close=\"true\" data-auto-close=\"false\" data-scroll=\"false\" data-scroll-offset=\"0\"><h3 id=\"at-59928\" class=\"c-accordion__title js-accordion-controller\" role=\"button\">Dispute resolution in the IT sector<\/h3><div id=\"ac-59928\" class=\"c-accordion__content\">\n<p>Unsere Prozessanw\u00e4lte haben einen wohlverdienten Ruf f\u00fcr gesch\u00e4ftsorientierte und kundenorientierte Ans\u00e4tze bei Rechtsstreitigkeiten. Die Ziele unserer Kunden bestimmen unsere Strategie, unabh\u00e4ngig davon, ob es sich um eine sofortige einstweilige Verf\u00fcgung, die rechtzeitige Beilegung eines Gesch\u00e4ftsstreits, eine ADR, ein Schiedsverfahren oder den Gewinn eines Zivilgerichtsverfahrens oder einer Berufung handelt.<\/p>\n<\/div><\/div>\n\n\n\n<div class=\"wp-block-pb-accordion-item c-accordion__item js-accordion-item no-js\" data-initially-open=\"false\" data-click-to-close=\"true\" data-auto-close=\"false\" data-scroll=\"false\" data-scroll-offset=\"0\"><h3 id=\"at-97572\" class=\"c-accordion__title js-accordion-controller\" role=\"button\">Regulatory steps for IT service providers<\/h3><div id=\"ac-97572\" class=\"c-accordion__content\">\n<p>Depending on your business, a notification or registration of your services is required by the supervisory authorities. In some cases it is also required to file Terms &amp; Conditions that fulfil regulatory laws.<\/p>\n<\/div><\/div>\n\n<\/div><\/div><\/div>\n<\/div>\n<\/div><\/div><div class=\"gb-container gb-container-f4aa788b\"><div class=\"gb-inside-container\">\n<div class=\"gb-grid-wrapper gb-grid-wrapper-6491d706\">\n<div class=\"gb-grid-column gb-grid-column-3f1495bc\"><div class=\"gb-container gb-container-3f1495bc\"><div class=\"gb-inside-container\">\n\n<h2 class=\"gb-headline gb-headline-8ed7bb69 gb-headline-text\">IT law is the law of information technology, including computing and the internet<\/h2>\n\n<\/div><\/div><\/div>\n\n<div class=\"gb-grid-column gb-grid-column-033bdb6f\"><div class=\"gb-container gb-container-033bdb6f\"><div class=\"gb-inside-container\">\n\n<figure class=\"wp-block-image size-large\"><img loading=\"lazy\" decoding=\"async\" width=\"1024\" height=\"827\" src=\"https:\/\/sulelaw.com\/wp-content\/uploads\/2020\/11\/cdc-I-SoYkFjVI0-unsplash-1024x827.jpg\" alt=\"IT-Anwalt Ungarn Deutschland EU\" class=\"wp-image-20274\" srcset=\"https:\/\/sulelaw.com\/wp-content\/uploads\/2020\/11\/cdc-I-SoYkFjVI0-unsplash-1024x827.jpg 1024w, https:\/\/sulelaw.com\/wp-content\/uploads\/2020\/11\/cdc-I-SoYkFjVI0-unsplash-300x242.jpg 300w, https:\/\/sulelaw.com\/wp-content\/uploads\/2020\/11\/cdc-I-SoYkFjVI0-unsplash-768x620.jpg 768w, https:\/\/sulelaw.com\/wp-content\/uploads\/2020\/11\/cdc-I-SoYkFjVI0-unsplash-1536x1241.jpg 1536w, https:\/\/sulelaw.com\/wp-content\/uploads\/2020\/11\/cdc-I-SoYkFjVI0-unsplash.jpg 1920w\" sizes=\"auto, (max-width: 1024px) 100vw, 1024px\" \/><figcaption>Foto der Public Health Image Library der Centers for Disease Control and Prevention &#8211; <a href=\"https:\/\/unsplash.com\/@cdc?utm_source=unsplash&amp;utm_medium=referral&amp;utm_content=creditCopyText\">CDC<\/a> <br\/>&#8222;Dieses historische Foto aus den 1980er Jahren, aufgenommen in einem National Communicable Disease Center (NCDC), Influenza Testing Laboratory, zeigte Penny Gentry, eine Arbeiterin, die Daten in eine grippespezifische Datenbank eingab, w\u00e4hrend sie an einem Computerarbeitsplatz sa\u00df. Das NCDC (1967-1970) war einer der Vorl\u00e4ufer der zeitgen\u00f6ssischeren Centers for Disease Control and Prevention (CDC), die 1992 offiziell benannt wurde.&#8220;<\/figcaption><\/figure>\n<\/div><\/div><\/div>\n<\/div>\n<\/div><\/div><div class=\"gb-container gb-container-2a545a7e\"><div class=\"gb-inside-container\">\n\n<h2 class=\"has-text-align-center wp-block-heading\">IT-Recht &#8211; H\u00e4ufig gestellte Fragen &#8211; FAQ<\/h2>\n\n\n\n<p><\/p>\n\n\n\n<div class=\"schema-faq wp-block-yoast-faq-block\"><div class=\"schema-faq-section\" id=\"faq-question-1604420909555\"><strong class=\"schema-faq-question\">Was ist<strong> IT Recht?<\/strong><\/strong> <p class=\"schema-faq-answer\">Das IT-Recht (Information Technology Law) bietet den rechtlichen Rahmen f\u00fcr die Sammlung, Nutzung, Speicherung und Verbreitung elektronischer Informationen weltweit. IT-Anw\u00e4lte in diesem Bereich vertreten Privatpersonen und Unternehmen praktisch aus allen Branchen. Sie helfen bei der Strukturierung von IT-Transaktionen, um den Kundengewinn zu maximieren und gleichzeitig die Einhaltung gesetzlicher Vorschriften sicherzustellen. Ein Schwerpunkt liegt auch auf der Antizipation potenzieller Streitquellen zwischen den Transaktionsparteien und der Erzielung von Vereinbarungen, die diese Bedenken ausr\u00e4umen und somit das Risiko von Rechtsstreitigkeiten verringern.<br>Wenn es zu IT Streitigkeiten kommt, die au\u00dferhalb des Gerichtssystems nicht gel\u00f6st werden k\u00f6nnen, kann sich ein auf IT-Recht spezialisierter Anwalt als guter Ratgeber erweisen. <strong>IT-Kanzleien<\/strong> stellen in der Regel Anw\u00e4lte mit praktischer Erfahrung in der Branche ein, bevor sie in den Anwaltsberuf eintreten. Vor diesem Hintergrund wird ein Anwalt in der Lage sein, einem Richter technische Konzepte besser zu erkl\u00e4ren.<\/p> <\/div> <div class=\"schema-faq-section\" id=\"faq-question-1605212230502\"><strong class=\"schema-faq-question\">Ist eine Online-Rechtsberatung m\u00f6glich?<\/strong> <p class=\"schema-faq-answer\">Ja, die Online-Rechtsberatung eignet sich in jeder Hinsicht zur Erstellung eines g\u00fcltigen Rechtsgutachtens. Die Nutzung der M\u00f6glichkeiten der Technologie, der Kundenidentifikation und der \u00dcberpr\u00fcfung von Dokumenten kann auch online durchgef\u00fchrt werden. Ein Online-Anwalt ist in den meisten F\u00e4llen eine Option.<\/p> <\/div> <\/div>\n\n<\/div><\/div>","protected":false},"excerpt":{"rendered":"<p>IT-Recht &#8211; H\u00e4ufig gestellte Fragen &#8211; FAQ<\/p>\n","protected":false},"author":2,"featured_media":0,"parent":20482,"menu_order":0,"comment_status":"closed","ping_status":"closed","template":"","meta":{"footnotes":""},"class_list":["post-20536","page","type-page","status-publish"],"aioseo_notices":[],"_links":{"self":[{"href":"https:\/\/sulelaw.com\/de\/wp-json\/wp\/v2\/pages\/20536","targetHints":{"allow":["GET"]}}],"collection":[{"href":"https:\/\/sulelaw.com\/de\/wp-json\/wp\/v2\/pages"}],"about":[{"href":"https:\/\/sulelaw.com\/de\/wp-json\/wp\/v2\/types\/page"}],"author":[{"embeddable":true,"href":"https:\/\/sulelaw.com\/de\/wp-json\/wp\/v2\/users\/2"}],"replies":[{"embeddable":true,"href":"https:\/\/sulelaw.com\/de\/wp-json\/wp\/v2\/comments?post=20536"}],"version-history":[{"count":21,"href":"https:\/\/sulelaw.com\/de\/wp-json\/wp\/v2\/pages\/20536\/revisions"}],"predecessor-version":[{"id":22535,"href":"https:\/\/sulelaw.com\/de\/wp-json\/wp\/v2\/pages\/20536\/revisions\/22535"}],"up":[{"embeddable":true,"href":"https:\/\/sulelaw.com\/de\/wp-json\/wp\/v2\/pages\/20482"}],"wp:attachment":[{"href":"https:\/\/sulelaw.com\/de\/wp-json\/wp\/v2\/media?parent=20536"}],"curies":[{"name":"wp","href":"https:\/\/api.w.org\/{rel}","templated":true}]}}