{"id":20524,"date":"2020-10-26T08:00:18","date_gmt":"2020-10-26T08:00:18","guid":{"rendered":"https:\/\/va87zabukmi.preview.infomaniak.website\/legal-services\/data-protection-gdpr-law-firm-data-privacy-eu-representative-dpo-data-protection-office-article-27-representative\/"},"modified":"2021-03-04T14:29:19","modified_gmt":"2021-03-04T14:29:19","slug":"data-protection-gdpr-law-firm-data-privacy-eu-representative-dpo-data-protection-office-article-27-representative","status":"publish","type":"page","link":"https:\/\/sulelaw.com\/de\/legal-services\/data-protection-gdpr-law-firm-data-privacy-eu-representative-dpo-data-protection-office-article-27-representative\/","title":{"rendered":"Datenschutz \/ DSGVO \/ DATENSCHUTZBEAUFTRAGTER"},"content":{"rendered":"<div class=\"gb-container gb-container-e3321647\"><div class=\"gb-inside-container\">\n<div class=\"gb-grid-wrapper gb-grid-wrapper-9df41ee5\">\n<div class=\"gb-grid-column gb-grid-column-71587cc8\"><div class=\"gb-container gb-container-71587cc8\"><div class=\"gb-inside-container\">\n\n<h2 class=\"gb-headline gb-headline-5d5268ff gb-headline-text\">DSGVO, Deutscher und ungarischer Datenschutz; DPO &#8211; Datenschutzbeauftragter<\/h2>\n\n<\/div><\/div><\/div>\n\n<div class=\"gb-grid-column gb-grid-column-633a8305\"><div class=\"gb-container gb-container-633a8305\"><div class=\"gb-inside-container\">\n\n<p>Unsere Kanzlei steht f\u00fcr Beratung und Rechtsberatung in Fragen des Datenschutzes und der Informationsfreiheit Compliance zur Verf\u00fcgung, insbesondere f\u00fcr die kontinuierliche Umsetzung und Einhaltung der Datenschutz-Grundverordnung (DSGVO) in Ungarn und in Deutschland. Die Kanzlei wird von \u00c1kos S\u00fcle geleitet, der zertifizierter <strong>Datenschutzbeauftragter <\/strong>(DPO) und DSGVO EU-Beauftragter ist. Seit dem Datum des Inkrafttretens der <strong>DSGVO <\/strong>&#8211; 25. Mai 2018 &#8211; ist sie die wichtigste gemeinsame Gesetzgebung in der EU, mit kleinen Unterschieden in <strong>Ungarn <\/strong>und in Deutschland.<\/p>\n\n\n\n<p>Wir erstellen und bewerten regelm\u00e4\u00dfig Unternehmensrichtlinien zum Datenschutz und zur Datensicherheit und analysieren Websites unter diesen Aspekten, um eine vollst\u00e4ndige \u00dcbereinstimmung mit den geltenden Gesetzen zu erreichen. Unsere Datenschutzanw\u00e4lte k\u00f6nnen den Kontakt mit der ungarischen nationalen Beh\u00f6rde f\u00fcr Datenschutz und Informationsfreiheit \u00fcbernehmen. Wir f\u00fchren auch Datenschutz-Compliance-Audits durch und erstellen die entsprechenden Due-Diligence-Berichte. Ein Gro\u00dfteil unserer Arbeit wird von anderen Kanzleien an uns verwiesen. Wir begr\u00fc\u00dfen dies und revanchieren uns auf anderen Gebieten, durch Verweise oder durch Auftr\u00e4ge.<\/p>\n\n<\/div><\/div><\/div>\n<\/div>\n<\/div><\/div>\n\n<div class=\"gb-container gb-container-25f97922\"><div class=\"gb-inside-container\"><\/div><\/div>\n\n<div class=\"gb-container gb-container-05724921\"><div class=\"gb-inside-container\">\n<div class=\"gb-grid-wrapper gb-grid-wrapper-f1eea5cd\">\n<div class=\"gb-grid-column gb-grid-column-f8fac88a\"><div class=\"gb-container gb-container-f8fac88a\"><div class=\"gb-inside-container\">\n\n<h2 class=\"gb-headline gb-headline-2e40bf50 gb-headline-text\">Some of our related data protection legal services<\/h2>\n\n\n\n<p><\/p>\n\n\n<div class=\"gb-container gb-container-04ec6bb0\"><div class=\"gb-inside-container\"><\/div><\/div>\n\n\n<figure class=\"wp-block-image size-large is-style-rounded\"><img loading=\"lazy\" decoding=\"async\" width=\"640\" height=\"425\" src=\"https:\/\/sulelaw.com\/wp-content\/uploads\/2020\/11\/data-protection-eu-surveillance-camera.jpg\" alt=\"data protection law EU GDPR CCTV surveillance\" class=\"wp-image-21220\" srcset=\"https:\/\/sulelaw.com\/wp-content\/uploads\/2020\/11\/data-protection-eu-surveillance-camera.jpg 640w, https:\/\/sulelaw.com\/wp-content\/uploads\/2020\/11\/data-protection-eu-surveillance-camera-300x199.jpg 300w\" sizes=\"auto, (max-width: 640px) 100vw, 640px\" \/><figcaption>Foto von: <a href=\"https:\/\/unsplash.com\/@tobiastu?utm_source=unsplash&amp;utm_medium=referral&amp;utm_content=creditCopyText\">Tobias Tullius<\/a><\/figcaption><\/figure>\n\n<\/div><\/div><\/div>\n\n<div class=\"gb-grid-column gb-grid-column-7a0f3012\"><div class=\"gb-container gb-container-7a0f3012\"><div class=\"gb-inside-container\">\n\n<div class=\"wp-block-pb-accordion-item c-accordion__item js-accordion-item no-js\" data-initially-open=\"false\" data-click-to-close=\"true\" data-auto-close=\"false\" data-scroll=\"false\" data-scroll-offset=\"0\"><h3 id=\"at-67813\" class=\"c-accordion__title js-accordion-controller\" role=\"button\">Erstellen eines Datenschutzkonzeptes f\u00fcr Ihr Unternehmen<\/h3><div id=\"ac-67813\" class=\"c-accordion__content\">\n<p>Einhaltung von Gesetzen und regulatorischen Anforderungen<\/p>\n\n\n\n<p>Pr\u00fcfung von Arbeits-\/Arbeitsvertr\u00e4gen unter Ber\u00fccksichtigung des Datenschutzes<\/p>\n\n\n\n<p>Entwurf von Vertraulichkeitsvereinbarungen und NDAs zur Sicherstellung der Nichtweitergabe gesch\u00fctzter Daten<\/p>\n\n\n\n<p>Unterst\u00fctzung bei Ihren Datenverarbeitungsvertr\u00e4gen<\/p>\n<\/div><\/div>\n\n\n\n<div class=\"wp-block-pb-accordion-item c-accordion__item js-accordion-item no-js\" data-initially-open=\"false\" data-click-to-close=\"true\" data-auto-close=\"false\" data-scroll=\"false\" data-scroll-offset=\"0\"><h3 id=\"at-50922\" class=\"c-accordion__title js-accordion-controller\" role=\"button\">Art 27 DSGVO EU-Datenschutzbeauftragter (Bestellung)<\/h3><div id=\"ac-50922\" class=\"c-accordion__content\">\n<p>Abdeckung der gesamten Europ\u00e4ischen Union<\/p>\n\n\n\n<p>Unterst\u00fctzung als <strong>Datenschutzexperte<\/strong><\/p>\n\n\n\n<p>Erforderlich f\u00fcr Unternehmen, die personenbezogene Daten aus der EU verarbeiten, aber ihren Sitz au\u00dferhalb der EU haben<\/p>\n<\/div><\/div>\n\n\n\n<div class=\"wp-block-pb-accordion-item c-accordion__item js-accordion-item no-js\" data-initially-open=\"false\" data-click-to-close=\"true\" data-auto-close=\"false\" data-scroll=\"false\" data-scroll-offset=\"0\"><h3 id=\"at-97385\" class=\"c-accordion__title js-accordion-controller\" role=\"button\">Besonderer Datenschutz f\u00fcr besonders sensible Daten<\/h3><div id=\"ac-97385\" class=\"c-accordion__content\">\n<p>Sensible Informationen \u00fcber politische Meinungen, ethnische Zugeh\u00f6rigkeit, religi\u00f6se oder philosophische \u00dcberzeugungen, Gewerkschaftszugeh\u00f6rigkeit, Gesundheit oder Sexualleben sind datenschutzrechtlich besonders gesch\u00fctzt<\/p>\n\n\n\n<p>Der Zusammenhang zwischen den Anforderungen an personenbezogene Daten und den Vorschriften zu Gesundheitsdaten ist komplex und erfordert einige Erfahrung, um ihn zu verstehen. Wir k\u00f6nnen bei der Auslegung und Vorgehensweise zur Erf\u00fcllung dieser Regeln helfen<\/p>\n\n\n\n<p>Die Verarbeitung von personenbezogenen Daten der Mitarbeiter ist f\u00fcr alle Unternehmen von entscheidender Bedeutung. Wir beraten \u00fcber die Bedeutung der DSGVO und der Datenschutzregeln in der Personalarbeit<\/p>\n<\/div><\/div>\n\n\n\n<div class=\"wp-block-pb-accordion-item c-accordion__item js-accordion-item no-js\" data-initially-open=\"false\" data-click-to-close=\"true\" data-auto-close=\"false\" data-scroll=\"false\" data-scroll-offset=\"0\"><h3 id=\"at-51200\" class=\"c-accordion__title js-accordion-controller\" role=\"button\">Ihre Website, das Telemediengesetz und die Datenschutzgesetze<\/h3><div id=\"ac-51200\" class=\"c-accordion__content\">\n<p>Unternehmen, die auf Deutschland abzielen, ben\u00f6tigen eine Website-Datenschutzerkl\u00e4rung, die den Anforderungen des Telemediengesetzes und des Bundesdatenschutzgesetzes entspricht<\/p>\n<\/div><\/div>\n\n\n\n<div class=\"wp-block-pb-accordion-item c-accordion__item js-accordion-item no-js\" data-initially-open=\"false\" data-click-to-close=\"true\" data-auto-close=\"false\" data-scroll=\"false\" data-scroll-offset=\"0\"><h3 id=\"at-63512\" class=\"c-accordion__title js-accordion-controller\" role=\"button\">Fragen der Datensicherheit<\/h3><div id=\"ac-63512\" class=\"c-accordion__content\">\n<p>Beratung auf dem Gebiet der Datensicherheit<\/p>\n\n\n\n<p>Durchf\u00fchrung von Datensicherheitsaudits<\/p>\n\n\n\n<p>Datensicherheitsberatung mit Stundenhonorar oder monatlichen Rechtsgeb\u00fchren<\/p>\n<\/div><\/div>\n\n\n\n<div class=\"wp-block-pb-accordion-item c-accordion__item js-accordion-item no-js\" data-initially-open=\"false\" data-click-to-close=\"true\" data-auto-close=\"false\" data-scroll=\"false\" data-scroll-offset=\"0\"><h3 id=\"at-45196\" class=\"c-accordion__title js-accordion-controller\" role=\"button\">Ernennung zum deutschen Datenschutzbeauftragten oder -koordinator<\/h3><div id=\"ac-45196\" class=\"c-accordion__content\">\n<p>Wir k\u00f6nnen auch die Aufgaben des Datenschutzbeauftragten \/ -koordinators vor Ort unterst\u00fctzen und dessen Ansprechpartner sein<\/p>\n\n\n\n<p>Unternehmen mit mindestens zehn Mitarbeitern m\u00fcssen unter Umst\u00e4nden einen Datenschutzbeauftragten in Deutschland bestellen<\/p>\n<\/div><\/div>\n\n\n\n<div class=\"wp-block-pb-accordion-item c-accordion__item js-accordion-item no-js\" data-initially-open=\"false\" data-click-to-close=\"true\" data-auto-close=\"false\" data-scroll=\"false\" data-scroll-offset=\"0\"><h3 id=\"at-21027\" class=\"c-accordion__title js-accordion-controller\" role=\"button\">Ungarischer Datenschutzbeauftragter oder -koordinator<\/h3><div id=\"ac-21027\" class=\"c-accordion__content\">\n<p>Wir k\u00f6nnen auch die Aufgaben des Datenschutzbeauftragten \/ -koordinators vor Ort unterst\u00fctzen und dessen Ansprechpartner sein<\/p>\n\n\n\n<p>Datensicherheitstraining f\u00fcr Mitarbeiter in <strong>Ungarn<\/strong><\/p>\n\n\n\n<p>Bestimmte Unternehmen m\u00fcssen <strong>in Ungarn einen Datenschutzbeauftragten<\/strong> bestellen<\/p>\n\n\n\n<p>Ausarbeitung von ungarischen Datenschutzprogrammen und -richtlinien f\u00fcr Ihr Unternehmen, einschlie\u00dflich Schulungsmaterial<\/p>\n\n\n\n<p>Inhouse-Schulung zum <strong>Datenschutzrecht in Ungarn<\/strong><\/p>\n<\/div><\/div>\n\n\n\n<div class=\"wp-block-pb-accordion-item c-accordion__item js-accordion-item no-js\" data-initially-open=\"false\" data-click-to-close=\"true\" data-auto-close=\"false\" data-scroll=\"false\" data-scroll-offset=\"0\"><h3 id=\"at-67562\" class=\"c-accordion__title js-accordion-controller\" role=\"button\">Art 15 GDPR-Anfragen<\/h3><div id=\"ac-67562\" class=\"c-accordion__content\">\n<p>Unterst\u00fctzung in F\u00e4llen, die sich aus dem Auskunftsrecht der betroffenen Person ergeben<\/p>\n\n\n\n<p>Die betroffene Person hat das Recht, von dem f\u00fcr die Verarbeitung Verantwortlichen eine Best\u00e4tigung dar\u00fcber zu erhalten, ob sie betreffende personenbezogene Daten verarbeitet werden oder nicht, sowie Auskunft \u00fcber die sie betreffenden personenbezogenen Daten<\/p>\n\n\n\n<p>Auf Anfrage stellt der f\u00fcr die Verarbeitung Verantwortliche eine Kopie der personenbezogenen Daten, die verarbeitet werden, zur Verf\u00fcgung<\/p>\n\n\n\n<p>Unterst\u00fctzung als <strong>ungarischer Datenschutzexperte<\/strong><\/p>\n\n\n\n<p>Unterst\u00fctzung als EU-Datenschutzexperte<\/p>\n<\/div><\/div>\n\n\n\n<div class=\"wp-block-pb-accordion-item c-accordion__item js-accordion-item no-js\" data-initially-open=\"false\" data-click-to-close=\"true\" data-auto-close=\"false\" data-scroll=\"false\" data-scroll-offset=\"0\"><h3 id=\"at-85366\" class=\"c-accordion__title js-accordion-controller\" role=\"button\">Datenschutz-Folgenabsch\u00e4tzung<\/h3><div id=\"ac-85366\" class=\"c-accordion__content\">\n<p>Verwendung der Software zur Datenschutz-Folgenabsch\u00e4tzung (PIA) der CNIL<\/p>\n\n\n\n<p>Verfahren bei der ungarischen und deutschen DPA<\/p>\n\n\n\n<p>Unterst\u00fctzung als europ\u00e4ischer Datenschutzexperte<\/p>\n<\/div><\/div>\n\n\n\n<div class=\"wp-block-pb-accordion-item c-accordion__item js-accordion-item no-js\" data-initially-open=\"false\" data-click-to-close=\"true\" data-auto-close=\"false\" data-scroll=\"false\" data-scroll-offset=\"0\"><h3 id=\"at-95078\" class=\"c-accordion__title js-accordion-controller\" role=\"button\">Grenz\u00fcberschreitende Daten\u00fcbertragungsf\u00e4lle<\/h3><div id=\"ac-95078\" class=\"c-accordion__content\">\n<p>\u00dcberpr\u00fcfung der Rechtm\u00e4\u00dfigkeit der Verarbeitung<\/p>\n\n\n\n<p>Entwerfen einer Einverst\u00e4ndniserkl\u00e4rung f\u00fcr den Umgang mit Kunden, Lieferanten und Gesch\u00e4ftspartnern<\/p>\n<\/div><\/div>\n\n\n\n<div class=\"wp-block-pb-accordion-item c-accordion__item js-accordion-item no-js\" data-initially-open=\"false\" data-click-to-close=\"true\" data-auto-close=\"false\" data-scroll=\"false\" data-scroll-offset=\"0\"><h3 id=\"at-97608\" class=\"c-accordion__title js-accordion-controller\" role=\"button\">Richtlinien zum Datenschutz<\/h3><div id=\"ac-97608\" class=\"c-accordion__content\">\n<p>Unterst\u00fctzung als <strong>ungarischer Datenschutzexperte<\/strong><\/p>\n\n\n\n<p>Unterst\u00fctzung als EU-Datenschutzexperte<\/p>\n<\/div><\/div>\n\n<\/div><\/div><\/div>\n<\/div>\n<\/div><\/div>\n\n<div class=\"gb-container gb-container-2a545a7e\"><div class=\"gb-inside-container\">\n\n<h2 class=\"has-text-align-center wp-block-heading\">Datenschutz &#8211; H\u00e4ufig gestellte Fragen zur DSGVO &#8211; FAQ<\/h2>\n\n\n\n<p><\/p>\n\n\n\n<div class=\"schema-faq wp-block-yoast-faq-block\"><div class=\"schema-faq-section\" id=\"faq-question-1603732441245\"><strong class=\"schema-faq-question\">Die pers\u00f6nlichen Daten eines Gesch\u00e4ftspartners wurden versehentlich offengelegt. Kann ich die Meldung verz\u00f6gern, bis ich die vollst\u00e4ndigen Fakten habe?<\/strong> <p class=\"schema-faq-answer\">Die f\u00fcr die Verarbeitung Verantwortlichen m\u00fcssen der Aufsichtsbeh\u00f6rde eine Verletzung des Schutzes personenbezogener Daten ohne unangemessene Verz\u00f6gerung und, soweit m\u00f6glich, sp\u00e4testens 72 Stunden nach Bekanntwerden melden, es sei denn, es ist unwahrscheinlich, dass die Verletzung zu einem Risiko f\u00fcr die Rechte und Freiheiten einer nat\u00fcrlichen Person f\u00fchrt. Kommt es zu einer Verz\u00f6gerung \u00fcber 72 Stunden hinaus, muss der f\u00fcr die Verarbeitung Verantwortliche die Datenschutzbeh\u00f6rde \u00fcber den Grund f\u00fcr die Verz\u00f6gerung informieren.<br\/>\u00dcbersetzt mit www.DeepL.com\/Translator (kostenlose Version)<\/p> <\/div> <div class=\"schema-faq-section\" id=\"faq-question-1603735225198\"><strong class=\"schema-faq-question\">Was muss in einem Bericht \u00fcber eine Datenverletzung gemeldet werden?<\/strong> <p class=\"schema-faq-answer\">(1) die Art der Verletzung sowie die Kategorien und die ungef\u00e4hre Anzahl der betroffenen Personen und personenbezogenen Datens\u00e4tze (2) den Namen und die Kontaktdaten des Datenschutzbeauftragten oder einer anderen Kontaktperson in Ihrem Unternehmen, bei der weitere Informationen eingeholt werden k\u00f6nnen (3) die vorhersehbaren Folgen der Verletzung (4) die Ma\u00dfnahmen, die Sie ergriffen haben oder zu ergreifen gedenken, um die Verletzung zu beheben oder ihre Auswirkungen zu mildern<\/p> <\/div> <div class=\"schema-faq-section\" id=\"faq-question-1603735827637\"><strong class=\"schema-faq-question\">Was ist ein joint controller arrangement?<\/strong> <p class=\"schema-faq-answer\">Gemeinsam f\u00fcr die Verarbeitung Verantwortliche, die gemeinsam den Zweck und die Mittel der Verarbeitung bestimmen, m\u00fcssen untereinander ihre jeweiligen Verantwortlichkeiten f\u00fcr die Einhaltung der DSGVO &#8211; und die Aus\u00fcbung der Rechte der betroffenen Personen und die Bereitstellung von Transparenzinformationen f\u00fcr Einzelpersonen &#8211; vereinbaren. Die Vereinbarung muss ihre Rollen und Verantwortlichkeiten darlegen und der Kern der Vereinbarung muss den betroffenen Personen zug\u00e4nglich gemacht werden<\/p> <\/div> <div class=\"schema-faq-section\" id=\"faq-question-1603736151937\"><strong class=\"schema-faq-question\">Was ist Datenschutz by Design &amp; Default und Privacy by Design?<\/strong> <p class=\"schema-faq-answer\">Sie sind Synonyme unter der DSGVO und bedeuten beide, dass die f\u00fcr die Datenverarbeitung Verantwortlichen verpflichtet sind, geeignete technische und organisatorische Ma\u00dfnahmen zu ergreifen, die dazu dienen, die Datenschutzgrunds\u00e4tze umzusetzen und Garantien f\u00fcr den Schutz der Rechte der betroffenen Personen zu integrieren; und sicherzustellen, dass standardm\u00e4\u00dfig nur personenbezogene Daten verwendet werden, die f\u00fcr den spezifischen Zweck der Verarbeitung erforderlich sind<\/p> <\/div> <div class=\"schema-faq-section\" id=\"faq-question-1603736431190\"><strong class=\"schema-faq-question\">Was ist eine Datenschutz-Folgenabsch\u00e4tzung?<\/strong> <p class=\"schema-faq-answer\">A data protection impact assessment, also known as a privacy impact assessment, is a process for building and demonstrating compliance with the GDPR. It has to be run on any processing activity that has a high risk of infringing a natural person\u2019s rights and freedoms. Examples of high risk processing set out in the GDPR include (1) systematic and extensive processing activities, including profiling and where decisions have legal effects &#8211; or similarly significant effects &#8211; on individuals; (2) large scale processing of special categories of or criminal convictions or offence details; or (3) large scale, systematic monitoring of public areas (e.g. CCTV)<\/p> <\/div> <\/div>\n\n<\/div><\/div>","protected":false},"excerpt":{"rendered":"<p>Datenschutz &#8211; H\u00e4ufig gestellte Fragen zur DSGVO &#8211; FAQ<\/p>\n","protected":false},"author":2,"featured_media":0,"parent":20482,"menu_order":0,"comment_status":"closed","ping_status":"closed","template":"","meta":{"footnotes":""},"class_list":["post-20524","page","type-page","status-publish"],"aioseo_notices":[],"_links":{"self":[{"href":"https:\/\/sulelaw.com\/de\/wp-json\/wp\/v2\/pages\/20524","targetHints":{"allow":["GET"]}}],"collection":[{"href":"https:\/\/sulelaw.com\/de\/wp-json\/wp\/v2\/pages"}],"about":[{"href":"https:\/\/sulelaw.com\/de\/wp-json\/wp\/v2\/types\/page"}],"author":[{"embeddable":true,"href":"https:\/\/sulelaw.com\/de\/wp-json\/wp\/v2\/users\/2"}],"replies":[{"embeddable":true,"href":"https:\/\/sulelaw.com\/de\/wp-json\/wp\/v2\/comments?post=20524"}],"version-history":[{"count":30,"href":"https:\/\/sulelaw.com\/de\/wp-json\/wp\/v2\/pages\/20524\/revisions"}],"predecessor-version":[{"id":23508,"href":"https:\/\/sulelaw.com\/de\/wp-json\/wp\/v2\/pages\/20524\/revisions\/23508"}],"up":[{"embeddable":true,"href":"https:\/\/sulelaw.com\/de\/wp-json\/wp\/v2\/pages\/20482"}],"wp:attachment":[{"href":"https:\/\/sulelaw.com\/de\/wp-json\/wp\/v2\/media?parent=20524"}],"curies":[{"name":"wp","href":"https:\/\/api.w.org\/{rel}","templated":true}]}}