{"id":20509,"date":"2020-11-06T17:19:39","date_gmt":"2020-11-06T17:19:39","guid":{"rendered":"https:\/\/va87zabukmi.preview.infomaniak.website\/legal-services\/commercial-law-m-and-a\/"},"modified":"2020-12-30T15:00:48","modified_gmt":"2020-12-30T15:00:48","slug":"commercial-law-m-and-a","status":"publish","type":"page","link":"https:\/\/sulelaw.com\/de\/legal-services\/commercial-law-m-and-a\/","title":{"rendered":"Handelsrecht und M&amp;A"},"content":{"rendered":"\n<div class=\"gb-container gb-container-e3321647\"><div class=\"gb-inside-container\">\n<div class=\"gb-grid-wrapper gb-grid-wrapper-9df41ee5\">\n<div class=\"gb-grid-column gb-grid-column-71587cc8\"><div class=\"gb-container gb-container-71587cc8\"><div class=\"gb-inside-container\">\n<h2 class=\"gb-headline gb-headline-5d5268ff\">Unser Fokus im Wirtschaftsrecht<\/h2>\n<\/div><\/div><\/div>\n\n\n\n<div class=\"gb-grid-column gb-grid-column-633a8305\"><div class=\"gb-container gb-container-633a8305\"><div class=\"gb-inside-container\">\n<p>Im kaufm\u00e4nnischen Bereich sind unsere Anw\u00e4lte un\u00fcbertroffen, wenn es darum geht, Ihre Ziele mit rechtlichen L\u00f6sungen zu sichern. Wir haben unsere Mandanten in einer Vielzahl von Rechtsfragen von den ersten Gesch\u00e4ftsgespr\u00e4chen \u00fcber die Ausarbeitung von Vertragsbedingungen bis zur Durchf\u00fchrung der endg\u00fcltigen Vereinbarungen unterst\u00fctzt. Die Anwaltskanzlei S\u00fcle hat eine innovative handels- und handelsrechtliche Praxis entwickelt, die sich bei der Erstellung und \u00dcberpr\u00fcfung von Vertragsbedingungen oder bei der Beratung durch Vertragsrecht auf Kundenbed\u00fcrfnisse konzentriert. <\/p>\n\n\n\n<p>Wir unterst\u00fctzen unsere Kunden bei den t\u00e4glichen Problemen, mit denen Unternehmen h\u00e4ufig konfrontiert sind \u2013 von denen viele einen pragmatischen Ansatz verlangen. Unsere Erfahrung umfasst die Beratung internationaler Franchisegeber zu den Anforderungen des Franchise -Rechts.<\/p>\n<\/div><\/div><\/div>\n<\/div>\n<\/div><\/div>\n\n<div class=\"gb-container gb-container-05724921\"><div class=\"gb-inside-container\">\n<div class=\"gb-grid-wrapper gb-grid-wrapper-f1eea5cd\">\n<div class=\"gb-grid-column gb-grid-column-f8fac88a\"><div class=\"gb-container gb-container-f8fac88a\"><div class=\"gb-inside-container\">\n<h2 class=\"gb-headline gb-headline-2e40bf50\">Unsere wichtigsten Handelsrecht und M&amp;A-Dienstleistungen<\/h2>\n<\/div><\/div><\/div>\n\n\n\n<div class=\"gb-grid-column gb-grid-column-7a0f3012\"><div class=\"gb-container gb-container-7a0f3012\"><div class=\"gb-inside-container\">\n<div class=\"wp-block-pb-accordion-item c-accordion__item js-accordion-item no-js\" data-initially-open=\"false\" data-click-to-close=\"true\" data-auto-close=\"false\" data-scroll=\"false\" data-scroll-offset=\"0\"><h3 id=\"at-12388\" class=\"c-accordion__title js-accordion-controller\" role=\"button\">Commercial law<\/h3><div id=\"ac-12388\" class=\"c-accordion__content\">\n<p>Wir f\u00fchren etablierte Firmen und Startup-Kunden durch die Gesch\u00e4ftsgestaltung, Vertr\u00e4ge, Content-Regulierung und Website-Management. Unsere Kanzlei bietet schnelle rechtliche L\u00f6sungen f\u00fcr verschiedene Branchen.<\/p>\n<\/div><\/div>\n\n\n\n<div class=\"wp-block-pb-accordion-item c-accordion__item js-accordion-item no-js\" data-initially-open=\"false\" data-click-to-close=\"true\" data-auto-close=\"false\" data-scroll=\"false\" data-scroll-offset=\"0\"><h3 id=\"at-59928\" class=\"c-accordion__title js-accordion-controller\" role=\"button\">Dispute resolution, litigation<\/h3><div id=\"ac-59928\" class=\"c-accordion__content\">\n<p>Das Hauptziel des Unternehmens ist es, Kunden zu helfen, Rechtsstreitigkeiten zu vermeiden, wo immer dies m\u00f6glich ist. Wenn Rechtsstreitigkeiten unvermeidbar sind, konzentriert sich die Anwaltskanzlei S\u00fcle auf die wirtschaftlichen Ziele der Mandanten und bewertet gleichzeitig Rechts-, Finanz- und Reputationsrisiken.<\/p>\n\n\n\n<p>Unsere Kanzlei hat umfassende Erfahrungen und Kenntnisse in ungarischen und grenz\u00fcberschreitenden Rechtsstreitigkeiten gesammelt. Wir bieten eine breite Palette von Prozessdienstleistungen f\u00fcr in- und ausl\u00e4ndische Unternehmen in verschiedenen Bereichen der Branche. Unsere Kanzlei ist als Rechtsberaterin in Zivilsachen t\u00e4tig, die Vertragsverletzungen, Schadensersatz, Geldsch\u00e4den, Urheberrechte, Patente, Markenverletzungsfragen in Rechtsstreitigkeiten sowie die Anerkennung und Vollstreckung europ\u00e4ischer Gerichtsentscheidungen betreffen. Unser Ansatz ist ein kundenbewusster Ansatz, und wenn wir prozessieren, verpflichten wir uns, ein tiefes Verst\u00e4ndnis der Gesch\u00e4fts- und Gesch\u00e4ftsziele unserer Kunden sowie Gesch\u00e4ftsprobleme zu entwickeln, um den Streit auf die effektivste und bequemste Weise beizulegen. Unsere Kanzlei kennt sich in komplexen F\u00e4llen mit mehreren Forderungen und Parteien sowie in Durchsetzungsfragen und Inkasso aus.<\/p>\n<\/div><\/div>\n\n\n\n<div class=\"wp-block-pb-accordion-item c-accordion__item js-accordion-item no-js\" data-initially-open=\"false\" data-click-to-close=\"true\" data-auto-close=\"false\" data-scroll=\"false\" data-scroll-offset=\"0\"><h3 id=\"at-97572\" class=\"c-accordion__title js-accordion-controller\" role=\"button\">Mergers &amp; Acqisitions<\/h3><div id=\"ac-97572\" class=\"c-accordion__content\">\n<p>Dies ist wahrscheinlich der gr\u00f6\u00dfte Rechtsbereich, in dem alles passt, was mit einem Unternehmen zu tun hat. Wir praktizieren Wirtschaftsrecht und bieten Rechtsdienstleistungen f\u00fcr Unternehmen, einschlie\u00dflich Firmenregistrierung und Unternehmens\u00e4nderungen, die Ausarbeitung der notwendigen Dokumente f\u00fcr einfache und komplexe Gesch\u00e4ftstransaktionen. <\/p>\n<\/div><\/div>\n<\/div><\/div><\/div>\n<\/div>\n<\/div><\/div>\n\n<div class=\"gb-container gb-container-f4aa788b\"><div class=\"gb-inside-container\">\n<div class=\"gb-grid-wrapper gb-grid-wrapper-6491d706\">\n<div class=\"gb-grid-column gb-grid-column-3f1495bc\"><div class=\"gb-container gb-container-3f1495bc\"><div class=\"gb-inside-container\">\n<h2 class=\"gb-headline gb-headline-8ed7bb69\">Das Handelsrecht umfasst das Gesellschaftsrecht, <br>Wettbewerbsrecht (Kartellrecht), Verbraucherschutz, Vertragsrecht, internationales Handelsrecht<\/h2>\n<\/div><\/div><\/div>\n\n\n\n<div class=\"gb-grid-column gb-grid-column-033bdb6f\"><div class=\"gb-container gb-container-033bdb6f\"><div class=\"gb-inside-container\">\n<div class=\"wp-block-image\"><figure class=\"aligncenter size-large is-resized\"><img loading=\"lazy\" decoding=\"async\" src=\"https:\/\/sulelaw.com\/wp-content\/uploads\/2020\/11\/commercial-law-firm.jpg\" alt=\"Ungarischer Wirtschaftsjurist\" class=\"wp-image-20510\" width=\"628\" height=\"416\" srcset=\"https:\/\/sulelaw.com\/wp-content\/uploads\/2020\/11\/commercial-law-firm.jpg 640w, https:\/\/sulelaw.com\/wp-content\/uploads\/2020\/11\/commercial-law-firm-300x199.jpg 300w\" sizes=\"auto, (max-width: 628px) 100vw, 628px\" \/><figcaption>Copyright: <a href=\"https:\/\/unsplash.com\/@tvdhdvt\">Tom Vanderheyden @tvdhdvt<\/a><\/figcaption><\/figure><\/div>\n<\/div><\/div><\/div>\n<\/div>\n<\/div><\/div>\n\n<div class=\"gb-container gb-container-2a545a7e\"><div class=\"gb-inside-container\">\n<h2 class=\"has-text-align-center wp-block-heading\">Handelsrecht &#8211; M&amp;A &#8211; H\u00e4ufig gestellte Fragen &#8211; FAQ<\/h2>\n\n\n\n<p><\/p>\n\n\n\n<div class=\"schema-faq wp-block-yoast-faq-block\"><div class=\"schema-faq-section\" id=\"faq-question-1604420909555\"><strong class=\"schema-faq-question\">Was ist<strong> M&amp;A?<\/strong><\/strong> <p class=\"schema-faq-answer\">M&amp;A steht f\u00fcr Fusionen und \u00dcbernahmen. Fusionen entstehen, wenn sich zwei Unternehmen zusammenschlie\u00dfen. Akquisitionen finden statt, wenn ein Unternehmen ein anderes Unternehmen kauft. Manchmal ist der Kauf freundlich und manchmal ist er feindselig &#8211; manchmal kauft er die Konkurrenz, manchmal er\u00f6ffnet er einfach eine neue Gesch\u00e4ftsfiliale. <\/p> <\/div> <\/div>\n<\/div><\/div>\n","protected":false},"excerpt":{"rendered":"<p>Handelsrecht &#8211; M&amp;A &#8211; H\u00e4ufig gestellte Fragen &#8211; FAQ<\/p>\n","protected":false},"author":2,"featured_media":0,"parent":20482,"menu_order":0,"comment_status":"closed","ping_status":"closed","template":"","meta":{"footnotes":""},"class_list":["post-20509","page","type-page","status-publish"],"aioseo_notices":[],"_links":{"self":[{"href":"https:\/\/sulelaw.com\/de\/wp-json\/wp\/v2\/pages\/20509","targetHints":{"allow":["GET"]}}],"collection":[{"href":"https:\/\/sulelaw.com\/de\/wp-json\/wp\/v2\/pages"}],"about":[{"href":"https:\/\/sulelaw.com\/de\/wp-json\/wp\/v2\/types\/page"}],"author":[{"embeddable":true,"href":"https:\/\/sulelaw.com\/de\/wp-json\/wp\/v2\/users\/2"}],"replies":[{"embeddable":true,"href":"https:\/\/sulelaw.com\/de\/wp-json\/wp\/v2\/comments?post=20509"}],"version-history":[{"count":10,"href":"https:\/\/sulelaw.com\/de\/wp-json\/wp\/v2\/pages\/20509\/revisions"}],"predecessor-version":[{"id":22604,"href":"https:\/\/sulelaw.com\/de\/wp-json\/wp\/v2\/pages\/20509\/revisions\/22604"}],"up":[{"embeddable":true,"href":"https:\/\/sulelaw.com\/de\/wp-json\/wp\/v2\/pages\/20482"}],"wp:attachment":[{"href":"https:\/\/sulelaw.com\/de\/wp-json\/wp\/v2\/media?parent=20509"}],"curies":[{"name":"wp","href":"https:\/\/api.w.org\/{rel}","templated":true}]}}