{"id":20494,"date":"2020-10-25T16:34:48","date_gmt":"2020-10-25T16:34:48","guid":{"rendered":"https:\/\/va87zabukmi.preview.infomaniak.website\/legal-services\/advertising-marketing-law-firm\/"},"modified":"2020-12-30T11:35:53","modified_gmt":"2020-12-30T11:35:53","slug":"advertising-marketing-law-firm","status":"publish","type":"page","link":"https:\/\/sulelaw.com\/de\/legal-services\/advertising-marketing-law-firm\/","title":{"rendered":"Werberecht und Marketing"},"content":{"rendered":"\n<div class=\"gb-container gb-container-e3321647\"><div class=\"gb-inside-container\">\n<div class=\"gb-grid-wrapper gb-grid-wrapper-9df41ee5\">\n<div class=\"gb-grid-column gb-grid-column-71587cc8\"><div class=\"gb-container gb-container-71587cc8\"><div class=\"gb-inside-container\">\n<h2 class=\"gb-headline gb-headline-5d5268ff\">Werbung, Marketing, Werbekampagnen<\/h2>\n<\/div><\/div><\/div>\n\n\n\n<div class=\"gb-grid-column gb-grid-column-633a8305\"><div class=\"gb-container gb-container-633a8305\"><div class=\"gb-inside-container\">\n<p>Im Zusammenhang mit <strong>dem Werbe- und Marketingrecht<\/strong>bieten unsere Anw\u00e4lte Beratung f\u00fcr jede erdenkliche Rechtsfrage. Unsere Arbeit umfasst die Unterst\u00fctzung bei der Begr\u00fcndung von Werbeanspr\u00fcchen, die Ausarbeitung und Verhandlung von Vereinbarungen, die Unterst\u00fctzung bei der rechtlichen Einf\u00fchrung von branded E-Commerce, die Behandlung von Fragen im Zusammenhang mit Marketing, Werbung, Vertriebs- und Callcentern, Telemarketing, Direktsendungsvertrieb, genehmigungsbasiertem E-Mail-Marketing und Werbemarketing-Dienstleistungen.<\/p>\n\n\n\n<p>Dar\u00fcber hinaus stehen wir f\u00fcr regulierte Branchen mit premium rechtlichen Dienstleistungen zur Verf\u00fcgung. Unsere Anw\u00e4lte kennen sich mit einer Vielzahl komplexer Rechtsfragen aus, die sich in diesen Bereichen stellen, einschlie\u00dflich regulatorischer Gesetze und Vorschriften, der DSGVO, Urheberrechten, Marken- und Gesch\u00e4ftsgeheimnissen.<\/p>\n<\/div><\/div><\/div>\n<\/div>\n<\/div><\/div>\n\n<div class=\"gb-container gb-container-25f97922\"><div class=\"gb-inside-container\"><\/div><\/div>\n\n<div class=\"gb-container gb-container-6f5e113a\"><div class=\"gb-inside-container\">\n<div class=\"gb-grid-wrapper gb-grid-wrapper-d33b2b2e\">\n<div class=\"gb-grid-column gb-grid-column-a94d8ae4\"><div class=\"gb-container gb-container-a94d8ae4\"><div class=\"gb-inside-container\">\n<h2 class=\"gb-headline gb-headline-8480e524\">Online-Werbung<\/h2>\n\n\n\n<figure class=\"wp-block-image size-large is-style-rounded\"><img loading=\"lazy\" decoding=\"async\" width=\"640\" height=\"427\" src=\"https:\/\/sulelaw.com\/wp-content\/uploads\/2020\/11\/thought-catalog-tRL_Rkh6D8o-unsplash.jpg\" alt=\"Kanzlei f&#xFC;r Werberecht\" class=\"wp-image-21837\" srcset=\"https:\/\/sulelaw.com\/wp-content\/uploads\/2020\/11\/thought-catalog-tRL_Rkh6D8o-unsplash.jpg 640w, https:\/\/sulelaw.com\/wp-content\/uploads\/2020\/11\/thought-catalog-tRL_Rkh6D8o-unsplash-300x200.jpg 300w\" sizes=\"auto, (max-width: 640px) 100vw, 640px\" \/><\/figure><\/div><\/div><\/div>\n\n\n\n<div class=\"gb-grid-column gb-grid-column-3e52e881\"><div class=\"gb-container gb-container-3e52e881\"><div class=\"gb-inside-container\">\n<h3 class=\"gb-headline gb-headline-b41a9652\">Europ\u00e4ische Union<\/h3>\n\n\n\n<p>Unsere Kanzlei bietet rechtliche Unterst\u00fctzung in der EU f\u00fcr alle Arten von Online-Produkteinf\u00fchrungen und Marketingkampagnen. Wir haben Erfahrung mit internationalen und lokalen Marktpl\u00e4tzen, Social Media.<\/p>\n<\/div><\/div><\/div>\n<\/div>\n<\/div><\/div>\n\n<div class=\"gb-container gb-container-05724921\"><div class=\"gb-inside-container\">\n<div class=\"gb-grid-wrapper gb-grid-wrapper-f1eea5cd\">\n<div class=\"gb-grid-column gb-grid-column-f8fac88a\"><div class=\"gb-container gb-container-f8fac88a\"><div class=\"gb-inside-container\">\n<h2 class=\"gb-headline gb-headline-2e40bf50\">Einige unsere verbundene werberechtliche Dienstleistungen<\/h2>\n\n\n\n<div style=\"height:100px\" aria-hidden=\"true\" class=\"wp-block-spacer\"><\/div>\n\n\n\n<hr class=\"wp-block-separator\"\/>\n\n\n\n<figure class=\"wp-block-image size-large is-style-rounded\"><img loading=\"lazy\" decoding=\"async\" width=\"640\" height=\"800\" src=\"https:\/\/sulelaw.com\/wp-content\/uploads\/2020\/11\/andrea-leopardi-u8NQockJPwg-unsplash-1.jpg\" alt=\"Werberecht, Marketing, Medien Rechtsanwalt in Deutschland und Ungarn\" class=\"wp-image-22593\" srcset=\"https:\/\/sulelaw.com\/wp-content\/uploads\/2020\/11\/andrea-leopardi-u8NQockJPwg-unsplash-1.jpg 640w, https:\/\/sulelaw.com\/wp-content\/uploads\/2020\/11\/andrea-leopardi-u8NQockJPwg-unsplash-1-240x300.jpg 240w\" sizes=\"auto, (max-width: 640px) 100vw, 640px\" \/><figcaption>Foto: <a href=\"https:\/\/unsplash.com\/@whatyouhide?utm_source=unsplash&amp;utm_medium=referral&amp;utm_content=creditCopyText\">Andrea Leopardi<\/a> <\/figcaption><\/figure><\/div><\/div><\/div>\n\n\n\n<div class=\"gb-grid-column gb-grid-column-7a0f3012\"><div class=\"gb-container gb-container-7a0f3012\"><div class=\"gb-inside-container\">\n<div class=\"wp-block-pb-accordion-item c-accordion__item js-accordion-item no-js\" data-initially-open=\"false\" data-click-to-close=\"true\" data-auto-close=\"false\" data-scroll=\"false\" data-scroll-offset=\"0\"><h3 id=\"at-67813\" class=\"c-accordion__title js-accordion-controller\" role=\"button\">Promotions Review &amp; Regulatory Requirements<\/h3><div id=\"ac-67813\" class=\"c-accordion__content\">\n<p>Einhaltung von Gesetzen und regulatorischen Anforderungen<\/p>\n\n\n\n<p>Inhouse-Schulungen zu Werbestrategien<\/p>\n<\/div><\/div>\n\n\n\n<div class=\"wp-block-pb-accordion-item c-accordion__item js-accordion-item no-js\" data-initially-open=\"false\" data-click-to-close=\"true\" data-auto-close=\"false\" data-scroll=\"false\" data-scroll-offset=\"0\"><h3 id=\"at-97385\" class=\"c-accordion__title js-accordion-controller\" role=\"button\">Advertising Review &amp; Claims Substantiation<\/h3><div id=\"ac-97385\" class=\"c-accordion__content\">\n<p>Einhaltung geltender Gesetze, Vorschriften selbstregulierender Organisationen und Best Practices<\/p>\n\n\n\n<p>Begr\u00fcndung von Produkt- und Serviceanspr\u00fcchen<\/p>\n\n\n\n<p>Schulung f\u00fcr interne Rechts-, Marketing- und Produktentwicklungsteams<\/p>\n<\/div><\/div>\n\n\n\n<div class=\"wp-block-pb-accordion-item c-accordion__item js-accordion-item no-js\" data-initially-open=\"false\" data-click-to-close=\"true\" data-auto-close=\"false\" data-scroll=\"false\" data-scroll-offset=\"0\"><h3 id=\"at-31769\" class=\"c-accordion__title js-accordion-controller\" role=\"button\">Gift Cards &amp; Loyalty Programs<\/h3><div id=\"ac-31769\" class=\"c-accordion__content\">\n<p>Bedingungen, Ablauf, K\u00fcndigung<\/p>\n\n\n\n<p>Verwandte Steuerfragen<\/p>\n<\/div><\/div>\n\n\n\n<div class=\"wp-block-pb-accordion-item c-accordion__item js-accordion-item no-js\" data-initially-open=\"false\" data-click-to-close=\"true\" data-auto-close=\"false\" data-scroll=\"false\" data-scroll-offset=\"0\"><h3 id=\"at-51200\" class=\"c-accordion__title js-accordion-controller\" role=\"button\">Agency &amp; Media Agreements<\/h3><div id=\"ac-51200\" class=\"c-accordion__content\">\n<p>Werbung, Promotionen, PR, Event-Marketing, Agenturvertr\u00e4ge f\u00fcr Projekte<\/p>\n\n\n\n<p>Medienagentur- und Technologievereinbarungen, einschlie\u00dflich Medienkauf, Planung und Vermittlung; Werbedienstleistungen; gezielte Werbung; und Cloud-basierte Plattformen<\/p>\n\n\n\n<p>Vereinbarungen im Zusammenhang mit Marketing und e-Commerce<\/p>\n<\/div><\/div>\n\n\n\n<div class=\"wp-block-pb-accordion-item c-accordion__item js-accordion-item no-js\" data-initially-open=\"false\" data-click-to-close=\"true\" data-auto-close=\"false\" data-scroll=\"false\" data-scroll-offset=\"0\"><h3 id=\"at-63512\" class=\"c-accordion__title js-accordion-controller\" role=\"button\">Sponsorship &amp; Celebrity<\/h3><div id=\"ac-63512\" class=\"c-accordion__content\">\n<p>Von Werbetreibenden entwickelte Unterhaltungsprogramme<\/p>\n\n\n\n<p>Sponsoring mit Sport-, Musik-, Fernseh- und Filmangeboten<\/p>\n\n\n\n<p>Promi-Bef\u00fcrwortungsvereinbarungen<\/p>\n<\/div><\/div>\n\n\n\n<div class=\"wp-block-pb-accordion-item c-accordion__item js-accordion-item no-js\" data-initially-open=\"false\" data-click-to-close=\"true\" data-auto-close=\"false\" data-scroll=\"false\" data-scroll-offset=\"0\"><h3 id=\"at-45196\" class=\"c-accordion__title js-accordion-controller\" role=\"button\">Advertising Law Disputes<\/h3><div id=\"ac-45196\" class=\"c-accordion__content\">\n<p>Unlauterer Wettbewerb mit Vorw\u00fcrfen irref\u00fchrender Werbung<\/p>\n\n\n\n<p>Amazon-Beschwerden<\/p>\n\n\n\n<p>Sammelklagen von Verbrauchern<\/p>\n\n\n\n<p>Vertretung vor Selbstregulierungsstellen<\/p>\n\n\n\n<p>Streitigkeiten im Zusammenhang mit Urheberrechts- und Markenfragen in der Werbung<\/p>\n<\/div><\/div>\n<\/div><\/div><\/div>\n<\/div>\n<\/div><\/div>\n\n<div class=\"gb-container gb-container-2a545a7e\"><div class=\"gb-inside-container\">\n<h2 class=\"has-text-align-center wp-block-heading\">Werberecht &#8211; H\u00e4ufig gestellte Fragen &#8211; FAQ<\/h2>\n\n\n\n<p><\/p>\n\n\n\n<div class=\"schema-faq wp-block-yoast-faq-block\"><div class=\"schema-faq-section\" id=\"faq-question-1603644770244\"><strong class=\"schema-faq-question\">Ist Sponsoring in Ungarn erlaubt?<\/strong> <p class=\"schema-faq-answer\">Die Anzeige des Namens, des Logos, des Produkts oder der Dienstleistung des Sponsors einer \u00f6ffentlichen Veranstaltung gilt nicht als getarnte Werbung, sofern der Mediendienstleister kein gesch\u00e4ftliches Interesse an einem solchen Erscheinungsbild hat und die Art und Weise des Auftretens dem Sponsor keine unangemessene Bedeutung aufweist.<\/p> <\/div> <div class=\"schema-faq-section\" id=\"faq-question-1603698093672\"><strong class=\"schema-faq-question\">M\u00fcssen Gl\u00fccksspiele in Ungarn genehmigt werden?<\/strong> <p class=\"schema-faq-answer\">Auf der Grundlage des Gl\u00fccksspielgesetzes ist keine Genehmigung erforderlich, um Gl\u00fccksspiele zu bewerben. Ist jedoch ein Werbewettbewerb mit dem Kauf von Waren oder Dienstleistungen verbunden, so muss die staatliche Steuerbeh\u00f6rde als Aufsichtsbeh\u00f6rde mindestens zehn Tage im Voraus benachrichtigt werden.<\/p> <\/div> <div class=\"schema-faq-section\" id=\"faq-question-1603698167247\"><strong class=\"schema-faq-question\">Wann ist eine Benachrichtigung in Ungarn f\u00fcr Promotionen \/ Spiele nicht erforderlich?<\/strong> <p class=\"schema-faq-answer\">Eine Benachrichtigung ist f\u00fcr Werbeaktionen, die keinen Kauf beinhalten (z. B. nur das Ausf\u00fcllen eines Fragebogens), nicht erforderlich. Die Teilnahme muss kostenlos sein, denn wenn der Kunde etwas anderes als den Wert der gekauften Waren zahlen muss, um am Wettbewerb des Zufalls teilzunehmen, wird es als Gl\u00fccksspiel gelten und als solches von der Steuerbeh\u00f6rde autorisiert werden.<\/p> <\/div> <div class=\"schema-faq-section\" id=\"faq-question-1603698221801\"><strong class=\"schema-faq-question\">Braucht Gl\u00fccksspiel in Ungarn eine Genehmigung?<\/strong> <p class=\"schema-faq-answer\">Ja, sie muss von der Steuerbeh\u00f6rde genehmigt werden.<\/p> <\/div> <\/div>\n<\/div><\/div>\n","protected":false},"excerpt":{"rendered":"<p>Werberecht &#8211; H\u00e4ufig gestellte Fragen &#8211; FAQ<\/p>\n","protected":false},"author":2,"featured_media":0,"parent":20482,"menu_order":0,"comment_status":"closed","ping_status":"closed","template":"","meta":{"footnotes":""},"class_list":["post-20494","page","type-page","status-publish"],"aioseo_notices":[],"_links":{"self":[{"href":"https:\/\/sulelaw.com\/de\/wp-json\/wp\/v2\/pages\/20494","targetHints":{"allow":["GET"]}}],"collection":[{"href":"https:\/\/sulelaw.com\/de\/wp-json\/wp\/v2\/pages"}],"about":[{"href":"https:\/\/sulelaw.com\/de\/wp-json\/wp\/v2\/types\/page"}],"author":[{"embeddable":true,"href":"https:\/\/sulelaw.com\/de\/wp-json\/wp\/v2\/users\/2"}],"replies":[{"embeddable":true,"href":"https:\/\/sulelaw.com\/de\/wp-json\/wp\/v2\/comments?post=20494"}],"version-history":[{"count":13,"href":"https:\/\/sulelaw.com\/de\/wp-json\/wp\/v2\/pages\/20494\/revisions"}],"predecessor-version":[{"id":22599,"href":"https:\/\/sulelaw.com\/de\/wp-json\/wp\/v2\/pages\/20494\/revisions\/22599"}],"up":[{"embeddable":true,"href":"https:\/\/sulelaw.com\/de\/wp-json\/wp\/v2\/pages\/20482"}],"wp:attachment":[{"href":"https:\/\/sulelaw.com\/de\/wp-json\/wp\/v2\/media?parent=20494"}],"curies":[{"name":"wp","href":"https:\/\/api.w.org\/{rel}","templated":true}]}}