{"id":20470,"date":"2020-10-30T16:34:44","date_gmt":"2020-10-30T16:34:44","guid":{"rendered":"https:\/\/va87zabukmi.preview.infomaniak.website\/intellectual-property-ip-lawyer-law-firm\/patent-renewals-assignment\/"},"modified":"2020-12-06T18:34:46","modified_gmt":"2020-12-06T18:34:46","slug":"patent-renewals-assignment","status":"publish","type":"page","link":"https:\/\/sulelaw.com\/de\/intellectual-property-ip-lawyer-law-firm\/patent-renewals-assignment\/","title":{"rendered":"Patentverl\u00e4ngerungen \/ \u00dcbertragung von Patent \/ Patent-Jahresgeb\u00fchren"},"content":{"rendered":"<div class=\"gb-container gb-container-e3321647\"><div class=\"gb-inside-container\">\n<div class=\"gb-grid-wrapper gb-grid-wrapper-9df41ee5\">\n<div class=\"gb-grid-column gb-grid-column-71587cc8\"><div class=\"gb-container gb-container-71587cc8\"><div class=\"gb-inside-container\">\n\n<h2 class=\"gb-headline gb-headline-5d5268ff gb-headline-text\">Patent-Jahresgeb\u00fchren und \u00dcbertragung von Patent <\/h2>\n\n<\/div><\/div><\/div>\n\n<div class=\"gb-grid-column gb-grid-column-633a8305\"><div class=\"gb-container gb-container-633a8305\"><div class=\"gb-inside-container\">\n\n<p>Patent-Jahresgeb\u00fchrenzahlungen und \u00dcbertragung von Patenten sind nur zwei unserer Patentdienstleistungen, aber zwei wichtige. Wir sind t\u00e4tig als Vertreter beim Europ\u00e4ischen Patentamt (EPA), beim Deutschen Patent- und Markenamt (DPMA) und beim Ungarischen Amt f\u00fcr geistiges Eigentum (HIPO). Wir vertreten auch Gebrauchsmuster in Deutschland und Ungarn.<\/p>\n\n\n\n<p>Wir bieten Dienstleistungen im Zusammenhang mit der \u00dcberwachung und Zahlung von Jahresgeb\u00fchren f\u00fcr gewerbliche Schutzrechte wie kombinierte <strong>IP-Portfolios<\/strong> von Patenten, Gebrauchsmustern, Geschmacksmustern und Marken an. Die Vertreter (oder Vereinigungen von zugelassenen Vertretern) werden vom EPA in getrennten Datenbanken eingetragen. Unsere Kanzlei ist als Vertreter beim EPA registriert und es gibt keine solche Registrierung beim DPMA oder beim HIPO.<\/p>\n\n<\/div><\/div><\/div>\n<\/div>\n<\/div><\/div><div class=\"gb-container gb-container-05724921\"><div class=\"gb-inside-container\">\n<div class=\"gb-grid-wrapper gb-grid-wrapper-f1eea5cd\">\n<div class=\"gb-grid-column gb-grid-column-f8fac88a\"><div class=\"gb-container gb-container-f8fac88a\"><div class=\"gb-inside-container\">\n\n<h2 class=\"gb-headline gb-headline-2e40bf50 gb-headline-text\">Unsere wichtigsten Patent- und Gebrauchsmusterdienste<\/h2>\n\n<\/div><\/div><\/div>\n\n<div class=\"gb-grid-column gb-grid-column-7a0f3012\"><div class=\"gb-container gb-container-7a0f3012\"><div class=\"gb-inside-container\">\n\n<div class=\"wp-block-pb-accordion-item c-accordion__item js-accordion-item no-js\" data-initially-open=\"false\" data-click-to-close=\"true\" data-auto-close=\"false\" data-scroll=\"false\" data-scroll-offset=\"0\"><h3 id=\"at-67813\" class=\"c-accordion__title js-accordion-controller\" role=\"button\">Patent renewals at the European EPO, at the German DPMA, at the Hungarian HIPO<\/h3><div id=\"ac-67813\" class=\"c-accordion__content\">\n<p>Wir k\u00fcmmern uns sorgf\u00e4ltig um jedes einzelne Detail, das an diesem Prozess beteiligt ist, von Erinnerungen \u00fcber die bevorstehende Patentverl\u00e4ngerung f\u00e4llige Termine bis hin zur Weiterleitung von Best\u00e4tigungen und offiziellen Quittungen und Zertifikaten.<\/p>\n\n\n\n<p>Aufgrund unserer langj\u00e4hrigen Expertise im IP-Portfoliomanagement sind wir in der Lage, unseren gr\u00f6\u00dften Mandanten sehr niedrige Preise anzubieten. Dadurch werden die Gesamtkosten der Bezahlung von <strong>Patent-Jahresgeb\u00fchren<\/strong> reduziert.<\/p>\n<\/div><\/div>\n\n\n\n<div class=\"wp-block-pb-accordion-item c-accordion__item js-accordion-item no-js\" data-initially-open=\"false\" data-click-to-close=\"true\" data-auto-close=\"false\" data-scroll=\"false\" data-scroll-offset=\"0\"><h3 id=\"at-59928\" class=\"c-accordion__title js-accordion-controller\" role=\"button\">Utility model renewals in Germany and in Hungary<\/h3><div id=\"ac-59928\" class=\"c-accordion__content\">\n<p>In Ungarn und in Deutschland ist <strong>der Gebrauchsmusterschutz <\/strong>ein Rechtsschutz f\u00fcr die neuen technischen L\u00f6sungen, die nicht das Niveau einer patentierbaren Erfindung erreichen. Aufgrund des Schutzes des Gebrauchsmusters hat der Eigent\u00fcmer des genannten Schutzes das ausschlie\u00dfliche Recht, das Gebrauchsmuster auszunutzen oder eine andere Person zu lizenzieren, es zu verwerten. Der Schutz hat eine Laufzeit von maximal 10 Jahren, dann wird das Gebrauchsmuster Teil der \u00f6ffentlichen Dom\u00e4ne.<\/p>\n\n\n\n<p>Das IP-Recht tritt mit der Registrierung in Kraft und gibt Ihnen fast die gleichen Rechte wie ein Patent: ausschlie\u00dfliches Recht, Ihre Erfindung zu verwenden, herzustellen und zu vermarkten. Sie k\u00f6nnen jeder Person verbieten, dasselbe zu tun. Gebrauchsmuster sind <em>nicht \u00fcberpr\u00fcfte IP-Rechte<\/em>. W\u00e4hrend des Eintragungsverfahrens findet keine Pr\u00fcfung der Neuheit, der erfinderischen T\u00e4tigkeit und der industriellen Anmeldung vor. Aus diesem Grund kann der Schutz von Gebrauchsmustern einfacher, schneller und kosteng\u00fcnstiger als der Patentschutz erhalten werden.<\/p>\n\n\n\n<p>Es gibt Jahresgeb\u00fchren, um das ungarische Gebrauchsmodell am Register zu erhalten, jedes Jahr. Bei deutschen Gebrauchsmustern sind die Erneuerungen wie folgt: die erste Erneuerung nach drei Jahren; die zweite Wartungsgeb\u00fchr nach sechs Jahren und die dritte Wartungsgeb\u00fchr nach acht Jahren. <\/p>\n<\/div><\/div>\n\n\n\n<div class=\"wp-block-pb-accordion-item c-accordion__item js-accordion-item no-js\" data-initially-open=\"false\" data-click-to-close=\"true\" data-auto-close=\"false\" data-scroll=\"false\" data-scroll-offset=\"0\"><h3 id=\"at-97572\" class=\"c-accordion__title js-accordion-controller\" role=\"button\">Patent assignments and utility model assignments<\/h3><div id=\"ac-97572\" class=\"c-accordion__content\">\n<p>Wir helfen Ihnen, eine \u00dcbertragung Ihres Patentportfolios beim EPA oder in Deutschland oder in Ungarn zu registrieren. Sie m\u00fcssen keine vertraulichen Klauseln des unterliegenden Vertrages ver\u00f6ffentlichen. Die Unterschriften der Vertragsparteien m\u00fcssen auf den eingereichten Unterlagen als Beweismittel erscheinen. Eine von den Vertragsparteien unterzeichnete Erkl\u00e4rung zur Best\u00e4tigung der \u00dcbertragung gen\u00fcgt ebenfalls.<\/p>\n\n\n\n<p>Ob die \u00dcbertragung w\u00e4hrend der Anmeldephase oder nach der Registrierung erfolgt, ist keine Beschr\u00e4nkung des Verkaufs oder der Lizenzierung Ihrer Patentrechte. Eine europ\u00e4ische Patentanmeldung oder ein europ\u00e4isches Patent kann f\u00fcr einen oder mehrere der benannten Vertragsstaaten ganz oder teilweise abgetreten werden. <\/p>\n<\/div><\/div>\n\n\n\n<div class=\"wp-block-pb-accordion-item c-accordion__item js-accordion-item no-js\" data-initially-open=\"false\" data-click-to-close=\"true\" data-auto-close=\"false\" data-scroll=\"false\" data-scroll-offset=\"0\"><h3 id=\"at-7949\" class=\"c-accordion__title js-accordion-controller\" role=\"button\">Change of name, change of patent owner, EPO representative<\/h3><div id=\"ac-7949\" class=\"c-accordion__content\">\n<p>Gem\u00e4\u00df dem Europ\u00e4ischen Patentleitfaden wird auf Antrag eine Namens\u00e4nderung des Anmelders in das Europ\u00e4ische Patentregister eingetragen, solange die europ\u00e4ische Patentanmeldung oder das Verfahren vor dem EPA anh\u00e4ngig ist und die Rechtsidentit\u00e4t des Anmelders nicht ge\u00e4ndert wird. Es m\u00fcssen relevante Unterlagen vorgelegt werden, die es dem EPA erm\u00f6glichen, die \u00c4nderung zu \u00fcberpr\u00fcfen. Die Registrierung einer Namens\u00e4nderung ist kostenlos.<\/p>\n\n\n\n<p>Es wird dringend empfohlen, Ihre Daten in den Patentregistern auf dem neuesten Stand zu halten. Jede \u00c4nderung des Namens und\/oder der Anschrift des Patentinhabers oder seines Vertreters sollte den Patent\u00e4mtern unverz\u00fcglich gemeldet werden, um formale Probleme mit sp\u00e4teren Auftr\u00e4gen, Lizenzen, Patentverletzungen zu vermeiden.<\/p>\n<\/div><\/div>\n\n\n\n<div class=\"wp-block-pb-accordion-item c-accordion__item js-accordion-item no-js\" data-initially-open=\"false\" data-click-to-close=\"true\" data-auto-close=\"false\" data-scroll=\"false\" data-scroll-offset=\"0\"><h3 id=\"at-87616\" class=\"c-accordion__title js-accordion-controller\" role=\"button\">Patent litigation lawyer in Hungary<\/h3><div id=\"ac-87616\" class=\"c-accordion__content\">\n<p><strong>Ungarische Patentanw\u00e4lte<\/strong> sind Spezialisten f\u00fcr geistiges Eigentum, Marken, Geschmacksmusterrechte, Urheberrechtsgesetze und Patente. Wir vertreten Urheber oder Unternehmen im Patentvollstreckungsverfahren, unterst\u00fctzen Patentgenehmigungen und Verletzungsverfahren und fungieren als Prozessbevollm\u00e4chtigte, um die Rechte unseres Mandanten an einer Erfindung zu sch\u00fctzen. Rechtsberatung zu wertvollen Rechten an geistigem Eigentum wie Patenten, technischen Daten, Gesch\u00e4ftsgeheimnissen, Lizenzen, Urheberrechten und Marken. Wir interpretieren Gesetze und Vorschriften f\u00fcr geistiges Eigentum von Mandanten; wir sammeln Beweismittel. <strong>Ungarische Patentanw\u00e4lte<\/strong> k\u00f6nnen dazu komplexe technische Informationen erkl\u00e4ren, und kl\u00e4ren. Wir bieten Mandanten eine rechtliche Vertretung in Gerichtsverfahren in Fragen des geistigen Eigentums und bieten den Schutz des geistigen Eigentums der Mandanten durch die Durchsetzung gesetzlicher, regulatorischer und vertraglicher Verpflichtungen.<\/p>\n<\/div><\/div>\n\n<\/div><\/div><\/div>\n<\/div>\n<\/div><\/div><div class=\"gb-container gb-container-f4aa788b\"><div class=\"gb-inside-container\">\n<div class=\"gb-grid-wrapper gb-grid-wrapper-6491d706\">\n<div class=\"gb-grid-column gb-grid-column-3f1495bc\"><div class=\"gb-container gb-container-3f1495bc\"><div class=\"gb-inside-container\">\n\n<h2 class=\"gb-headline gb-headline-8ed7bb69 gb-headline-text\">Mitgliedstaaten der Europ\u00e4ischen Patentorganisation<\/h2>\n\n<\/div><\/div><\/div>\n\n<div class=\"gb-grid-column gb-grid-column-033bdb6f\"><div class=\"gb-container gb-container-033bdb6f\"><div class=\"gb-inside-container\">\n\n<figure class=\"wp-block-image size-large is-style-default\"><img loading=\"lazy\" decoding=\"async\" width=\"1024\" height=\"717\" src=\"https:\/\/sulelaw.com\/wp-content\/uploads\/2020\/11\/EPO-1024x717.png\" alt=\"EPA Jahresgeb&#xFC;hren f&#xFC;r Patente\" class=\"wp-image-20236\" srcset=\"https:\/\/sulelaw.com\/wp-content\/uploads\/2020\/11\/EPO-1024x717.png 1024w, https:\/\/sulelaw.com\/wp-content\/uploads\/2020\/11\/EPO-300x210.png 300w, https:\/\/sulelaw.com\/wp-content\/uploads\/2020\/11\/EPO-768x538.png 768w, https:\/\/sulelaw.com\/wp-content\/uploads\/2020\/11\/EPO-1536x1075.png 1536w, https:\/\/sulelaw.com\/wp-content\/uploads\/2020\/11\/EPO-2048x1434.png 2048w\" sizes=\"auto, (max-width: 1024px) 100vw, 1024px\" \/><figcaption>Geografischer Geltungsbereich des europ\u00e4ischen Patentschutzes &#8211; Die Karte ist von https:\/\/www.epo.org\/about-us\/at-a-glance.html<br\/><a href=\"https:\/\/www.epo.org\/footer\/terms.html#a6\" target=\"_blank\" rel=\"noreferrer noopener nofollow\">Copyright <\/a>2020 EPO<\/figcaption><\/figure>\n<\/div><\/div><\/div>\n<\/div>\n<\/div><\/div><div class=\"gb-container gb-container-2a545a7e\"><div class=\"gb-inside-container\">\n\n<h2 class=\"has-text-align-center wp-block-heading\">Patentrecht &#8211; H\u00e4ufig gestellte Fragen &#8211; FAQ<\/h2>\n\n\n\n<p><\/p>\n\n\n\n<div class=\"schema-faq wp-block-yoast-faq-block\"><div class=\"schema-faq-section\" id=\"faq-question-1604420909555\"><strong class=\"schema-faq-question\">Was ist ein Patent?<\/strong> <p class=\"schema-faq-answer\">Ein Patent ist ein Monopol f\u00fcr die Verwendung einer technischen L\u00f6sung. Ein Patent ist ein bei einem Patentamt eingetragenes ausschlie\u00dfliches Recht f\u00fcr eine Erfindung, bei der es sich um ein Produkt oder ein Verfahren handelt, das eine neue technische L\u00f6sung f\u00fcr eine Aufgabe bietet. Um ein Patent zu erhalten, m\u00fcssen technische Informationen \u00fcber die Erfindung in einer Patentanmeldung der \u00d6ffentlichkeit zug\u00e4nglich gemacht werden.<\/p> <\/div> <div class=\"schema-faq-section\" id=\"faq-question-1604421391149\"><strong class=\"schema-faq-question\">Wann sind Jahresgeb\u00fchren f\u00fcr Patente beim EPA f\u00e4llig?<\/strong> <p class=\"schema-faq-answer\">Die Jahresgeb\u00fchren f\u00fcr eine europ\u00e4ische Patentanmeldung f\u00fcr das kommende Jahr werden am letzten Tag des Monats f\u00e4llig, der den Jahrestag der Einreichung der europ\u00e4ischen Patentanmeldung enth\u00e4lt. Die Jahresgeb\u00fchr f\u00fcr das dritte Jahr kann bis zu sechs Monate vor F\u00e4lligkeit entrichtet werden. Alle anderen Jahresgeb\u00fchren d\u00fcrfen nicht mehr als drei Monate vor F\u00e4lligkeit wirksam entrichtet werden. Jahresgeb\u00fchrenzahlungen, die vor den zul\u00e4ssigen Vorauszahlungsfristen geleistet werden, sind ung\u00fcltig.<\/p> <\/div> <\/div>\n\n<\/div><\/div>","protected":false},"excerpt":{"rendered":"<p>Patentrecht &#8211; H\u00e4ufig gestellte Fragen &#8211; FAQ<\/p>\n","protected":false},"author":2,"featured_media":0,"parent":20445,"menu_order":0,"comment_status":"closed","ping_status":"closed","template":"","meta":{"footnotes":""},"class_list":["post-20470","page","type-page","status-publish"],"aioseo_notices":[],"_links":{"self":[{"href":"https:\/\/sulelaw.com\/de\/wp-json\/wp\/v2\/pages\/20470","targetHints":{"allow":["GET"]}}],"collection":[{"href":"https:\/\/sulelaw.com\/de\/wp-json\/wp\/v2\/pages"}],"about":[{"href":"https:\/\/sulelaw.com\/de\/wp-json\/wp\/v2\/types\/page"}],"author":[{"embeddable":true,"href":"https:\/\/sulelaw.com\/de\/wp-json\/wp\/v2\/users\/2"}],"replies":[{"embeddable":true,"href":"https:\/\/sulelaw.com\/de\/wp-json\/wp\/v2\/comments?post=20470"}],"version-history":[{"count":18,"href":"https:\/\/sulelaw.com\/de\/wp-json\/wp\/v2\/pages\/20470\/revisions"}],"predecessor-version":[{"id":22581,"href":"https:\/\/sulelaw.com\/de\/wp-json\/wp\/v2\/pages\/20470\/revisions\/22581"}],"up":[{"embeddable":true,"href":"https:\/\/sulelaw.com\/de\/wp-json\/wp\/v2\/pages\/20445"}],"wp:attachment":[{"href":"https:\/\/sulelaw.com\/de\/wp-json\/wp\/v2\/media?parent=20470"}],"curies":[{"name":"wp","href":"https:\/\/api.w.org\/{rel}","templated":true}]}}