{"id":20457,"date":"2020-10-28T13:31:51","date_gmt":"2020-10-28T13:31:51","guid":{"rendered":"https:\/\/va87zabukmi.preview.infomaniak.website\/intellectual-property-ip-lawyer-law-firm\/hungarian-copyright\/"},"modified":"2020-12-06T18:13:00","modified_gmt":"2020-12-06T18:13:00","slug":"hungarian-copyright","status":"publish","type":"page","link":"https:\/\/sulelaw.com\/de\/intellectual-property-ip-lawyer-law-firm\/hungarian-copyright\/","title":{"rendered":"Copyright"},"content":{"rendered":"<div class=\"gb-container gb-container-e3321647\"><div class=\"gb-inside-container\">\n<div class=\"gb-grid-wrapper gb-grid-wrapper-9df41ee5\">\n<div class=\"gb-grid-column gb-grid-column-71587cc8\"><div class=\"gb-container gb-container-71587cc8\"><div class=\"gb-inside-container\">\n\n<h2 class=\"gb-headline gb-headline-5d5268ff gb-headline-text\">Unsere Expertise im europ\u00e4ischen Urheberrecht<\/h2>\n\n<\/div><\/div><\/div>\n\n<div class=\"gb-grid-column gb-grid-column-633a8305\"><div class=\"gb-container gb-container-633a8305\"><div class=\"gb-inside-container\">\n\n<p>Das ungarische und das deutsche Urheberrecht unterliegen der Berner Konvention. Dementsprechend ist das Urheberrecht ein juristischer Begriff, der die Rechte beschreibt, die Urheber an ihren literarischen und k\u00fcnstlerischen Werken haben. Die urheberrechtlich gesch\u00fctzten Werke reichen von B\u00fcchern, Musik, Gem\u00e4lden, Skulpturen und Filmen bis hin zu Computerprogrammen, Datenbanken, Werbung, Karten und technischen Zeichnungen. <\/p>\n\n\n\n<p>Unsere Anwaltskanzlei bietet einen umfassenden Service im Bereich der Urheberrechte, der sich mit allen Aspekten der Verwertung und Durchsetzung von Urheberrechten befasst. Unsere Urheberrechtsexperten sind bekannt f\u00fcr ihre klare Interessenvertretung in Urheberrechtsangelegenheiten, f\u00fcr die enge Zusammenarbeit mit unseren Mandanten um ihre kommerziellen Ziele zu erreichen.<\/p>\n\n<\/div><\/div><\/div>\n<\/div>\n<\/div><\/div><div class=\"gb-container gb-container-05724921\"><div class=\"gb-inside-container\">\n<div class=\"gb-grid-wrapper gb-grid-wrapper-f1eea5cd\">\n<div class=\"gb-grid-column gb-grid-column-f8fac88a\"><div class=\"gb-container gb-container-f8fac88a\"><div class=\"gb-inside-container\">\n\n<h2 class=\"gb-headline gb-headline-2e40bf50 gb-headline-text\">Einige unserer europ\u00e4ischen Rechtsdienstleistungen f\u00fcr Urheberrechte<\/h2>\n\n<\/div><\/div><\/div>\n\n<div class=\"gb-grid-column gb-grid-column-7a0f3012\"><div class=\"gb-container gb-container-7a0f3012\"><div class=\"gb-inside-container\">\n\n<div class=\"wp-block-pb-accordion-item c-accordion__item js-accordion-item no-js\" data-initially-open=\"false\" data-click-to-close=\"true\" data-auto-close=\"false\" data-scroll=\"false\" data-scroll-offset=\"0\"><h3 id=\"at-67813\" class=\"c-accordion__title js-accordion-controller\" role=\"button\">Amazon copyright infringement disputes<\/h3><div id=\"ac-67813\" class=\"c-accordion__content\">\n<p>Amazon wird Eintr\u00e4ge entfernen, wenn sie eine Meldung vom Inhaber eines Rechts erhalten, dass sie das Urheberrecht des Rechtsinhabers verletzen k\u00f6nnten. Wir k\u00f6nnen Ihnen bei dem gesamten Prozess helfen, der mit ein Amazon-Bericht der Verletzung beginnt.<\/p>\n\n\n\n<p>Um Ihr Angebot zu reaktivieren, m\u00fcssen Sie Folgendes vorlegen: eine Rechnung, ein Autorisierungsschreiben oder einen Lizenzvertrag des Herstellers oder Rechteinhabers, der die Rechtm\u00e4\u00dfigkeit der Produkte beweist.<\/p>\n<\/div><\/div>\n\n\n\n<div class=\"wp-block-pb-accordion-item c-accordion__item js-accordion-item no-js\" data-initially-open=\"false\" data-click-to-close=\"true\" data-auto-close=\"false\" data-scroll=\"false\" data-scroll-offset=\"0\"><h3 id=\"at-59928\" class=\"c-accordion__title js-accordion-controller\" role=\"button\">Hungarian copyright infringement disputes<\/h3><div id=\"ac-59928\" class=\"c-accordion__content\">\n<p><strong>Urheberrechtsverletzungen<\/strong> in Ungarn werden in der Regel durch direkte Verhandlung, Mediation, ein Entfernungsprozess oder <strong>Rechtsstreitigkeiten<\/strong> vor Zivilgericht gel\u00f6st. <\/p>\n\n\n\n<p>Viele dieser F\u00e4lle haben einen grenz\u00fcberschreitenden Charakter, so dass die G\u00fcltigkeit und Durchsetzbarkeit des Urheberrechts zuerst \u00fcberpr\u00fcft werden muss. Es sollte auch \u00fcberpr\u00fcft werden, ob es sich bei der Kopie um ein abgeleitetes Werk handelt und ob dies erlaubt war oder nicht. In jedem Fall wird empfohlen, einen <strong>ungarischen Urheberrechtsanwalt<\/strong> zu konsultieren, bevor irgendwelche Vorw\u00fcrfe erhoben werden.<\/p>\n<\/div><\/div>\n\n\n\n<div class=\"wp-block-pb-accordion-item c-accordion__item js-accordion-item no-js\" data-initially-open=\"false\" data-click-to-close=\"true\" data-auto-close=\"false\" data-scroll=\"false\" data-scroll-offset=\"0\"><h3 id=\"at-97572\" class=\"c-accordion__title js-accordion-controller\" role=\"button\">Hungarian copyright ownership disputes<\/h3><div id=\"ac-97572\" class=\"c-accordion__content\">\n<p>Ungarische Urheberrechtsverletzungen f\u00fchren oft zu Eigentumsstreitigkeiten. Es wird empfohlen, diese vor einem Konflikt zu kl\u00e4ren und eine solide Rechtsgrundlage f\u00fcr alle Anspr\u00fcche zu schaffen. Der Nachweis des Urheberrechts ist sehr wichtig, und es ist ratsam, ein Verfahren daf\u00fcr mit Hilfe eines Urheberrechtsanwalts zu schaffen: eine vollst\u00e4ndige Beweiskette zu bewahren, vom Designprozess bis zur Ver\u00f6ffentlichung, eventuelle Registrierung und tats\u00e4chliche Nutzung des Kunstwerks.<\/p>\n<\/div><\/div>\n\n\n\n<div class=\"wp-block-pb-accordion-item c-accordion__item js-accordion-item no-js\" data-initially-open=\"false\" data-click-to-close=\"true\" data-auto-close=\"false\" data-scroll=\"false\" data-scroll-offset=\"0\"><h3 id=\"at-7949\" class=\"c-accordion__title js-accordion-controller\" role=\"button\">Copyright licensing<\/h3><div id=\"ac-7949\" class=\"c-accordion__content\">\n<p>Ob Sie die kostenlose Nutzung f\u00fcr die \u00d6ffentlichkeit zulassen oder sich entscheiden, Ihr Urheberrecht zu monetarisieren, Sie m\u00fcssen dies der Welt \/ Ihrem Gesch\u00e4ftspartner mitteilen und die Gesch\u00e4ftsbedingungen klarstellen. Wir k\u00f6nnen f\u00fcr Sie <strong>einen Urheberrechtslizenzvertrag ausarbeiten. <\/strong><\/p>\n\n\n\n<p>Typische Urheberrechtsvereinbarungen gelten f\u00fcr Buchverlage, Softwareentwickler und Endbenutzer; Fotografen; Werbeagenturen, Medienproduktionsfirmen, Fertigungsunternehmen, um nur einige zu nennen.<\/p>\n\n\n\n<p>Lizenzen k\u00f6nnen z.B. zeitlich und gebietsbeschr\u00e4nkt, nicht ausschlie\u00dflich, nicht \u00fcbertragbar, nicht abtretbar und widerruflich lizenziert sein.<\/p>\n<\/div><\/div>\n\n<\/div><\/div><\/div>\n<\/div>\n<\/div><\/div><div class=\"gb-container gb-container-f4aa788b\"><div class=\"gb-inside-container\">\n<div class=\"gb-grid-wrapper gb-grid-wrapper-6491d706\">\n<div class=\"gb-grid-column gb-grid-column-3f1495bc\"><div class=\"gb-container gb-container-3f1495bc\"><div class=\"gb-inside-container\">\n\n<h2 class=\"gb-headline gb-headline-8ed7bb69 gb-headline-text\">L\u00e4nder der Berner Konvention<\/h2>\n\n<\/div><\/div><\/div>\n\n<div class=\"gb-grid-column gb-grid-column-033bdb6f\"><div class=\"gb-container gb-container-033bdb6f\"><div class=\"gb-inside-container\">\n\n<figure class=\"wp-block-image size-large is-style-default\"><img loading=\"lazy\" decoding=\"async\" width=\"1024\" height=\"474\" src=\"https:\/\/sulelaw.com\/wp-content\/uploads\/2020\/10\/Berne_Convention-1024x474.png\" alt=\"Copyright - Die Unterzeichner der Berner Konvention zum Schutz literarischer und k&#xFC;nstlerischer Werke ab 2008\" class=\"wp-image-20213\" srcset=\"https:\/\/sulelaw.com\/wp-content\/uploads\/2020\/10\/Berne_Convention-1024x474.png 1024w, https:\/\/sulelaw.com\/wp-content\/uploads\/2020\/10\/Berne_Convention-300x139.png 300w, https:\/\/sulelaw.com\/wp-content\/uploads\/2020\/10\/Berne_Convention-768x355.png 768w, https:\/\/sulelaw.com\/wp-content\/uploads\/2020\/10\/Berne_Convention.png 1357w\" sizes=\"auto, (max-width: 1024px) 100vw, 1024px\" \/><figcaption>Die Unterzeichner der Berner Konvention zum Schutz literarischer und k\u00fcnstlerischer Werke &#8211; Die Karte ist von https:\/\/commons.wikimedia.org\/wiki\/File:Berne_Convention.png, die unter der <a href=\"https:\/\/en.wikipedia.org\/wiki\/en:Creative_Commons\">Creative Commons<\/a> <a href=\"https:\/\/creativecommons.org\/licenses\/by-sa\/3.0\/deed.en\" target=\"_blank\" rel=\"noreferrer noopener\">Attribution-Share Alike 3.0 Unported-Lizenz<\/a> geteilt<\/figcaption><\/figure>\n<\/div><\/div><\/div>\n<\/div>\n<\/div><\/div><div class=\"gb-container gb-container-2a545a7e\"><div class=\"gb-inside-container\">\n\n<h2 class=\"has-text-align-center wp-block-heading\">Europ\u00e4isches Urheberrecht &#8211; H\u00e4ufig gestellte Fragen &#8211; FAQ<\/h2>\n\n\n\n<p><\/p>\n\n\n\n<div class=\"schema-faq wp-block-yoast-faq-block\"><div class=\"schema-faq-section\" id=\"faq-question-1603987684731\"><strong class=\"schema-faq-question\">Was ist die Berner Urheberrechtskonvention?<\/strong> <p class=\"schema-faq-answer\">Vor der Berner Konvention galten nationale Urheberrechtsgesetze f\u00fcr Werke, die in jedem Land geschaffen wurden. Zum Beispiel w\u00fcrde ein Werk, das in Ungarn von einem ungarischen Staatsangeh\u00f6rigen ver\u00f6ffentlicht wurde, dort urheberrechtlich gesch\u00fctzt, k\u00f6nnten aber von jedem in Deutschland kopiert und verkauft werden. Um dieses Problem zu l\u00f6sen, richtete die Berner Konvention 1886 ein internationales Rechtssystem ein. Es hat heute \u00fcber 170 Parteien, ein wahrhaft globales Urheberrechtsabkommen. Sie hat das System der Gleichbehandlung der B\u00fcrger der Berner Union geschaffen. <\/p> <\/div> <div class=\"schema-faq-section\" id=\"faq-question-1603989962424\"><strong class=\"schema-faq-question\">Muss ich meine Arbeit registrieren, um das Urheberrecht in Ungarn zu haben?<\/strong> <p class=\"schema-faq-answer\">Das Urheberrecht nach der Berner Konvention ist automatisch; eine formelle Registrierung ist nicht erforderlich. Ungarn ist Vertragspartei der Berner Union, und eine Registrierung des Urheberrechts ist nicht obligatorisch.<\/p> <\/div> <div class=\"schema-faq-section\" id=\"faq-question-1603990042169\"><strong class=\"schema-faq-question\">Kann ich mein Urheberrecht in Ungarn registrieren?<\/strong> <p class=\"schema-faq-answer\">Das ungarische Amt f\u00fcr geistiges Eigentum verf\u00fcgt \u00fcber ein offizieller Verwahrer, in dem Werke eingereicht und hinterlegt werden k\u00f6nnen. Diese Art der <strong>Urheberrechtsregistrierung <\/strong>ist nur ein Beweis daf\u00fcr, dass ein bestimmtes Werk von jemandem an einem bestimmten Tag mit einem Urheberrechtsanspruch eingereicht wurde und im Streitfall als Beweis verwendet werden kann.<\/p> <\/div> <div class=\"schema-faq-section\" id=\"faq-question-1603991272540\"><strong class=\"schema-faq-question\">Muss ich meine Arbeit registrieren, um in Deutschland urheberrechtlich gesch\u00fctzt zu sein?<\/strong> <p class=\"schema-faq-answer\">Nein, Deutschland ist Teil der Berner Union und keine Eintragung des Urheberrechts ist obligatorisch, da die Berner Konvention ein automatisches Urheberrecht ohne formelle Registrierung vorsieht.<\/p> <\/div> <div class=\"schema-faq-section\" id=\"faq-question-1603991863304\"><strong class=\"schema-faq-question\">Kann ich auf urheberrechtlich gesch\u00fctzte Werke verlinken?<\/strong> <p class=\"schema-faq-answer\">Ja, ein Link, auch zu urheberrechtlich gesch\u00fctzten Werken, ist in der Regel harmlos.<\/p> <\/div> <div class=\"schema-faq-section\" id=\"faq-question-1603991932072\"><strong class=\"schema-faq-question\">Fallen k\u00fcrzere Texte wie Essays auch unter das Urheberrecht?<\/strong> <p class=\"schema-faq-answer\">Ja, der Umfang der Arbeit spielt keine Rolle. Die Verwendung von Ausz\u00fcgen aus einem Werk unterliegt ebenfalls dem Urheberrecht.<\/p> <\/div> <div class=\"schema-faq-section\" id=\"faq-question-1603992367187\"><strong class=\"schema-faq-question\">Was ist ein Portr\u00e4t Recht?<\/strong> <p class=\"schema-faq-answer\">Wenn Sie ein Video oder Foto von Personen machen, werden Sie der Inhaber des Urheberrechts sein, aber nicht das Portr\u00e4trecht besitzen. Das Portr\u00e4trecht berechtigt die abgebildete Person, die Ver\u00f6ffentlichung oder das Kopieren des Fotos oder Videos zu untersagen. In vielen F\u00e4llen m\u00fcssen Sie um Erlaubnis bitten, ein Portr\u00e4t zu ver\u00f6ffentlichen. Das Portr\u00e4trecht f\u00e4llt unter das Urheberrecht.<\/p> <\/div> <div class=\"schema-faq-section\" id=\"faq-question-1603992511725\"><strong class=\"schema-faq-question\">Muss ich das C-Zeichen verwenden, um das Urheberrecht in Ungarn zu haben?<\/strong> <p class=\"schema-faq-answer\">Die Benutzung der Marke C (= Copyright) hat in Ungarn an sich keine Rechtswirkung. Seine praktische Funktion besteht nur darin, einem bewusst zu machen, dass die Rechte des Autors vorbehalten sind, daher muss eine Lizenz gesucht werden, um das Werk zu nutzen. Dar\u00fcber hinaus k\u00f6nnen die bereitgestellten Informationen Hinweise darauf geben, an wen sie sich f\u00fcr die erforderliche Lizenz wenden k\u00f6nnen.<\/p> <\/div> <div class=\"schema-faq-section\" id=\"faq-question-1603992723651\"><strong class=\"schema-faq-question\">Wie kann das Urheberrecht in Ungarn durchgesetzt werden?<\/strong> <p class=\"schema-faq-answer\">Der Rechtsinhaber verf\u00fcgt \u00fcber eine Vielzahl m\u00f6glicher Durchsetzungsm\u00f6glichkeiten. In Urheberrechtsverletzungen kann ein ungarischer Urheberrechtsanwalt ein Zivil- oder Strafverfahren w\u00e4hlen oder &#8211; als Vorbereitung &#8211; Zollma\u00dfnahmen umsetzen.<\/p> <\/div> <div class=\"schema-faq-section\" id=\"faq-question-1603992725289\"><strong class=\"schema-faq-question\">Ist Pornografie urheberrechtlich gesch\u00fctzt?<\/strong> <p class=\"schema-faq-answer\">Das ungarische Urheberrechtsgesetz enth\u00e4lt eine Schutzliste, die kinematografische Kreationen, andere audiovisuelle Werke und fotografische Werke umfasst. Da es keine Ausnahmen in Bezug auf die Moral gibt und unter Ber\u00fccksichtigung der Ber\u00fccksichtigung, dass die k\u00fcnstlerische Ebene nicht f\u00fcr die Berechtigung zum Urheberrecht beurteilt wird, kann gesagt werden, dass pornografische Werke urheberrechtlich gesch\u00fctzt sind. Das Gesetz LXXVI von 1999 \u00fcber das Urheberrecht besagt in Artikel 1 Absatz 3, dass &#8222;<em>Eine Sch\u00f6pfung genie\u00dft aufgrund ihrer individuellen und urspr\u00fcnglichen Natur einen Urheberrechtsschutz<br>aus der intellektuellen T\u00e4tigkeit des Autors.<\/em> <em>Der Schutz darf nicht von quantitativen, qualitativen oder \u00e4sthetischen Merkmalen oder einer Beurteilung des Ma\u00dfstabs der Sch\u00f6pfung abh\u00e4ngen<\/em>.&#8220;<\/p> <\/div> <\/div>\n\n<\/div><\/div>","protected":false},"excerpt":{"rendered":"<p>Europ\u00e4isches Urheberrecht &#8211; H\u00e4ufig gestellte Fragen &#8211; FAQ<\/p>\n","protected":false},"author":2,"featured_media":0,"parent":20445,"menu_order":0,"comment_status":"closed","ping_status":"closed","template":"","meta":{"footnotes":""},"class_list":["post-20457","page","type-page","status-publish"],"aioseo_notices":[],"_links":{"self":[{"href":"https:\/\/sulelaw.com\/de\/wp-json\/wp\/v2\/pages\/20457","targetHints":{"allow":["GET"]}}],"collection":[{"href":"https:\/\/sulelaw.com\/de\/wp-json\/wp\/v2\/pages"}],"about":[{"href":"https:\/\/sulelaw.com\/de\/wp-json\/wp\/v2\/types\/page"}],"author":[{"embeddable":true,"href":"https:\/\/sulelaw.com\/de\/wp-json\/wp\/v2\/users\/2"}],"replies":[{"embeddable":true,"href":"https:\/\/sulelaw.com\/de\/wp-json\/wp\/v2\/comments?post=20457"}],"version-history":[{"count":17,"href":"https:\/\/sulelaw.com\/de\/wp-json\/wp\/v2\/pages\/20457\/revisions"}],"predecessor-version":[{"id":22570,"href":"https:\/\/sulelaw.com\/de\/wp-json\/wp\/v2\/pages\/20457\/revisions\/22570"}],"up":[{"embeddable":true,"href":"https:\/\/sulelaw.com\/de\/wp-json\/wp\/v2\/pages\/20445"}],"wp:attachment":[{"href":"https:\/\/sulelaw.com\/de\/wp-json\/wp\/v2\/media?parent=20457"}],"curies":[{"name":"wp","href":"https:\/\/api.w.org\/{rel}","templated":true}]}}