{"id":20445,"date":"2020-10-28T10:26:05","date_gmt":"2020-10-28T10:26:05","guid":{"rendered":"https:\/\/va87zabukmi.preview.infomaniak.website\/intellectual-property-ip-lawyer-law-firm\/"},"modified":"2022-10-21T12:45:58","modified_gmt":"2022-10-21T12:45:58","slug":"intellectual-property-ip-lawyer-law-firm","status":"publish","type":"page","link":"https:\/\/sulelaw.com\/de\/intellectual-property-ip-lawyer-law-firm\/","title":{"rendered":"Geistiges Eigentum \/ IP"},"content":{"rendered":"<div class=\"gb-container gb-container-e3321647\"><div class=\"gb-inside-container\">\n<div class=\"gb-grid-wrapper gb-grid-wrapper-9df41ee5\">\n<div class=\"gb-grid-column gb-grid-column-71587cc8\"><div class=\"gb-container gb-container-71587cc8\"><div class=\"gb-inside-container\">\n\n<h2 class=\"gb-headline gb-headline-5d5268ff gb-headline-text\">Geistiges Eigentum, gewerbliches Recht, IP<\/h2>\n\n<\/div><\/div><\/div>\n\n<div class=\"gb-grid-column gb-grid-column-633a8305\"><div class=\"gb-container gb-container-633a8305\"><div class=\"gb-inside-container\">\n\n<p>Die Expertise der Kanzlei im IP-Recht erm\u00f6glicht es, sich mit fast allen Aspekten von Rechtsstreitigkeiten zu befassen. Mit einem kleinen Team ist die Kanzlei in der Lage, komplexe und bahnbrechende F\u00e4lle anzugehen. Das Team verfolgt einen<em>&#8222;hands-on&#8220;<\/em>und<em>&#8222;kosteneffizienten<\/em>&#8220; Ansatz und wird von Praxisleiter \u00c1kos S\u00fcle geleitet, der ein weithin anerkannter IP Jurist in den Bereichen Marken-, Design-, Gesch\u00e4ftsgeheimnisse und Urheberrecht ist. Die IP-Praxis bearbeitet sowohl streitige als auch nichtstreitige F\u00e4lle. Die Kanzlei ist stark in den Bereichen Technologie, Medien, Mode und Luxus, Life Sciences vertreten. Die IP Anwaltskanzlei deckt das gesamte Spektrum der &#8222;weichen&#8220; und einige Aspekte des &#8222;harten&#8220; IP-Rechts ab und ber\u00e4t zu den IP-Aspekten bei M&amp;A-Transaktionen. Die Kanzlei betreut gro\u00dfe <strong>IP-Portfolios<\/strong> und kann bei <strong>IP-Due Diligence<\/strong>helfen.<\/p>\n\n<\/div><\/div><\/div>\n<\/div>\n<\/div><\/div>\n\n<div class=\"gb-container gb-container-05724921\"><div class=\"gb-inside-container\">\n<div class=\"gb-grid-wrapper gb-grid-wrapper-f1eea5cd\">\n<div class=\"gb-grid-column gb-grid-column-f8fac88a\"><div class=\"gb-container gb-container-f8fac88a\"><div class=\"gb-inside-container\">\n\n<h2 class=\"gb-headline gb-headline-2e40bf50 gb-headline-text\">Einige unserer Dienstleistungen f\u00fcr geistiges Eigentum<\/h2>\n\n\n\n<div style=\"height:100px\" aria-hidden=\"true\" class=\"wp-block-spacer\"><\/div>\n\n\n\n<hr class=\"wp-block-separator has-css-opacity\"\/>\n\n\n\n<figure class=\"wp-block-image size-large is-style-rounded\"><img loading=\"lazy\" decoding=\"async\" width=\"640\" height=\"427\" src=\"https:\/\/sulelaw.com\/wp-content\/uploads\/2020\/11\/roma-kaiuk-Dvv3DoDPVHo-unsplash.jpg\" alt=\"Rechtsdienstleistungen f\u00fcr geistiges Eigentum\" class=\"wp-image-21803\" srcset=\"https:\/\/sulelaw.com\/wp-content\/uploads\/2020\/11\/roma-kaiuk-Dvv3DoDPVHo-unsplash.jpg 640w, https:\/\/sulelaw.com\/wp-content\/uploads\/2020\/11\/roma-kaiuk-Dvv3DoDPVHo-unsplash-300x200.jpg 300w\" sizes=\"auto, (max-width: 640px) 100vw, 640px\" \/><figcaption>Foto: <a href=\"https:\/\/unsplash.com\/@roma_kaiuk?utm_source=unsplash&amp;utm_medium=referral&amp;utm_content=creditCopyText\">Roma Kaiuk<\/a> <\/figcaption><\/figure>\n\n<\/div><\/div><\/div>\n\n<div class=\"gb-grid-column gb-grid-column-7a0f3012\"><div class=\"gb-container gb-container-7a0f3012\"><div class=\"gb-inside-container\">\n\n<div class=\"wp-block-pb-accordion-item c-accordion__item js-accordion-item no-js\" data-initially-open=\"false\" data-click-to-close=\"true\" data-auto-close=\"false\" data-scroll=\"false\" data-scroll-offset=\"0\"><h3 id=\"at-204450\" class=\"c-accordion__title js-accordion-controller\" role=\"button\">Marken<\/h3><div id=\"ac-204450\" class=\"c-accordion__content\">\n<p>Markenregistrierungen und Rechtsstreitigkeiten sind nach wie vor <strong>unser Nr. 1 IP Dienstleistung.<\/strong> Der kommerzielle<strong> Wert einer Marke<\/strong> kann oft sogar noch h\u00f6her sein als der eines Patents.<\/p>\n\n\n\n<p>Wir unterst\u00fctzen Ihr Unternehmen bei der Markenanmeldung, bei Grenzma\u00dfnahmen, Abmahnungen, Unterlassungsanspr\u00fcche, Rechtsstreitigkeiten, Lizenzierung, Widerspr\u00fcche, L\u00f6schungsantr\u00e4ge, usw. Wir agieren als lokaler oder <strong>EU-IP-Portfoliomanager<\/strong> f\u00fcr mehrere Mandanten.<\/p>\n<\/div><\/div>\n\n\n\n<div class=\"wp-block-pb-accordion-item c-accordion__item js-accordion-item no-js\" data-initially-open=\"false\" data-click-to-close=\"true\" data-auto-close=\"false\" data-scroll=\"false\" data-scroll-offset=\"0\"><h3 id=\"at-204451\" class=\"c-accordion__title js-accordion-controller\" role=\"button\">Geschmacksmuster als geistiges Eigentum<\/h3><div id=\"ac-204451\" class=\"c-accordion__content\">\n<p>Ein Geschmacksmuster kann als &#8222;zweidimensionales oder dreidimensionales Erscheinungsbild des Ganzen oder eines Teils eines Produkts&#8220; definiert werden. Sie ergibt sich zum Beispiel aus Merkmalen wie Linien, Konturen, Farben, Form, Gestalt, Textur oder Material des Produkts.<\/p>\n\n\n\n<p>Als <strong>Rechtsanw\u00e4lte f\u00fcr geistiges Eigentum<\/strong> vertreten wir Geschmacksmuster in Ungarn, Deutschland, der EU, Frankreich und Gro\u00dfbritannien.<\/p>\n\n\n\n<p>Es gibt keine Neuheitsrecherche f\u00fcr Designs, die wir vertreten. Es besteht jedoch ein gr\u00f6\u00dferes Risiko, dass ein Design angefochten und gel\u00f6scht wird.<\/p>\n<\/div><\/div>\n\n\n\n<div class=\"wp-block-pb-accordion-item c-accordion__item js-accordion-item no-js\" data-initially-open=\"false\" data-click-to-close=\"true\" data-auto-close=\"false\" data-scroll=\"false\" data-scroll-offset=\"0\"><h3 id=\"at-204452\" class=\"c-accordion__title js-accordion-controller\" role=\"button\">Urheberrecht<\/h3><div id=\"ac-204452\" class=\"c-accordion__content\">\n<p>Urheberrechts- und Datenbankschutz erm\u00f6glichen es dem Urheber oder Rechteinhaber, seine Anstrengungen oder Investitionen zu nutzen. Wir helfen unseren Mandanten dabei. Falls erforderlich, werden wir vor Gericht gehen, um Ihre Interessen zu sch\u00fctzen, aber wir werden uns auch bem\u00fchen, das beste Ergebnis bei der Aushandlung von Verwertungsvertr\u00e4gen in Ihrem Namen zu erzielen.<\/p>\n<\/div><\/div>\n\n\n\n<div class=\"wp-block-pb-accordion-item c-accordion__item js-accordion-item no-js\" data-initially-open=\"false\" data-click-to-close=\"true\" data-auto-close=\"false\" data-scroll=\"false\" data-scroll-offset=\"0\"><h3 id=\"at-204453\" class=\"c-accordion__title js-accordion-controller\" role=\"button\">Patente<\/h3><div id=\"ac-204453\" class=\"c-accordion__content\">\n<p>Patente spielen eine wichtige Rolle im Gesch\u00e4ft, da Patentinhaber f\u00fcr einen begrenzten Zeitraum ein territoriales Nutzungsrecht erhalten.<\/p>\n\n\n\n<p>Derzeit bieten wir Patentvertretungsdienstleistungen wie folgt an: Patenterneuerungen, \u00dcbertragung von Patenten, Due Diligence-Bewertung von IP-Rechten, Namens\u00e4nderung und Adress\u00e4nderung bei den Patent\u00e4mtern.<\/p>\n<\/div><\/div>\n\n\n\n<div class=\"wp-block-pb-accordion-item c-accordion__item js-accordion-item no-js\" data-initially-open=\"false\" data-click-to-close=\"true\" data-auto-close=\"false\" data-scroll=\"false\" data-scroll-offset=\"0\"><h3 id=\"at-204454\" class=\"c-accordion__title js-accordion-controller\" role=\"button\">Gebrauchsmuster<\/h3><div id=\"ac-204454\" class=\"c-accordion__content\">\n<p>Gebrauchsmuster sind nicht in jedem EU-Mitgliedstaat verf\u00fcgbar, k\u00f6nnen aber in Ungarn und in Deutschland registriert werden.<\/p>\n\n\n\n<p>W\u00e4hrend des Eintragungsverfahrens von Gebrauchsmustern wird nicht auf Neuheit, erfinderische T\u00e4tigkeit und industrielle Anwendung gepr\u00fcft. Aus diesem Grund kann der Schutz von Gebrauchsmustern einfacher, schneller und kosteng\u00fcnstiger als der Patentschutz erhalten werden.<\/p>\n\n\n\n<p>Sie sind auch eine Fall-Back-Option, wenn eine Patentanmeldung problematisch ist.<\/p>\n<\/div><\/div>\n\n\n\n<div class=\"wp-block-pb-accordion-item c-accordion__item js-accordion-item no-js\" data-initially-open=\"false\" data-click-to-close=\"true\" data-auto-close=\"false\" data-scroll=\"false\" data-scroll-offset=\"0\"><h3 id=\"at-204455\" class=\"c-accordion__title js-accordion-controller\" role=\"button\">Schutz von Gesch\u00e4ftsgeheimnissen und Lizenzierung von Gesch\u00e4ftsgeheimnissen<\/h3><div id=\"ac-204455\" class=\"c-accordion__content\">\n<p>Sie sind wichtige <strong>Rechte an geistigem Eigentum<\/strong> f\u00fcr ein t\u00e4gliches Gesch\u00e4ft und auch f\u00fcr <strong>Technologietransfer-Vereinbarungen.<\/strong><\/p>\n\n\n\n<p>Gem\u00e4\u00df dem TRIPS-\u00dcbereinkommen: Nat\u00fcrliche und juristische Personen m\u00fcssen die M\u00f6glichkeit haben, zu verhindern, dass Informationen, die ihrer Kontrolle unterliegen, ohne ihre Zustimmung in <em>einer Weise, die ehrlichen Gesch\u00e4ftspraktiken zuwiderspricht, weitergegeben, von anderen erworben oder von ihnen verwendet werden, solange diese Informationen<\/em>:<\/p>\n\n\n\n<p><em>a) in dem Sinne geheim ist, dass es sich nicht als Organ oder in der genauen Konfiguration und Montage seiner Bestandteile im Allgemeinen unter Personen in den Kreisen, die sich normalerweise mit der Art der betreffenden Informationen befassen, oder leicht zug\u00e4nglich ist;<\/em><\/p>\n\n\n\n<p><em>b) kommerziellen Wert hat, weil er geheim ist; und<\/em><\/p>\n\n\n\n<p><em>c) unter den gegebenen Umst\u00e4nden von der Person, die die Informationen rechtm\u00e4\u00dfig kontrolliert, angemessenen Ma\u00dfnahmen unterworfen wurden, um sie geheim zu halten<\/em><\/p>\n<\/div><\/div>\n\n\n\n<div class=\"wp-block-pb-accordion-item c-accordion__item js-accordion-item no-js\" data-initially-open=\"false\" data-click-to-close=\"true\" data-auto-close=\"false\" data-scroll=\"false\" data-scroll-offset=\"0\"><h3 id=\"at-204456\" class=\"c-accordion__title js-accordion-controller\" role=\"button\">Sortenschutz und geografische Angaben<\/h3><div id=\"ac-204456\" class=\"c-accordion__content\">\n<p>Diese Rechte sind die wichtigsten f\u00fcr die Landwirtschaft<\/p>\n\n\n\n<p>Jede nat\u00fcrliche oder juristische Person oder jedes Unternehmen kann den Schutz einer geografischen Angabe erlangen, wenn sie ein mit einer geografischen Angabe gekennzeichnetes Erzeugnis in dem geografischen Gebiet erzeugen, verarbeiten oder herstellen. Jeder, der das Erzeugnis in dem betreffenden Gebiet herstellt, erh\u00e4lt das Recht, die geografische Angabe zu verwenden.<\/p>\n\n\n\n<p>Sortenschutz gew\u00e4hrt Rechtsschutz f\u00fcr verbesserte Pflanzensorten &#8211; Hybriden, Linien, Klone usw. Der Besitzer eines <strong>Sortenschutzes<\/strong> hat ausschlie\u00dfliche Rechte, die Pflanzensorte zu nutzen oder zu <strong>lizenzieren. <\/strong><\/p>\n<\/div><\/div>\n\n<\/div><\/div><\/div>\n<\/div>\n<\/div><\/div>\n\n<div class=\"gb-container gb-container-2a545a7e\"><div class=\"gb-inside-container\">\n\n<h2 class=\"has-text-align-center wp-block-heading\">Geistiges Eigentum &#8211; IP &#8211; H\u00e4ufig gestellte Fragen &#8211; FAQ<\/h2>\n\n\n\n<p><\/p>\n\n\n\n<div class=\"schema-faq wp-block-yoast-faq-block\"><div class=\"schema-faq-section\" id=\"faq-question-1603882028301\"><strong class=\"schema-faq-question\">Was ist eine Gew\u00e4hrleistungsmarke?<\/strong> <p class=\"schema-faq-answer\">Gew\u00e4hrleistungsmarken weisen darauf hin, dass die Waren\/Dienstleistungen, die die Marke tragen, bestimmte Eigenschaften aufweisen, die von einer unabh\u00e4ngigen Stelle zertifiziert wurden. Daher kann nur eine nat\u00fcrliche oder juristische Person, die kein Hersteller \/H\u00e4ndler der Ware oder ein Lieferant der Dienstleistungen ist, der Inhaber der Gew\u00e4hrleistungsmarke sein. Die zertifizierten Produkteigenschaften, Nutzungsbedingungen der Marke sowie die Pr\u00fcf- und \u00dcberwachungsma\u00dfnahmen sind in den Vorschriften f\u00fcr die Verwendung der Gew\u00e4hrleistungsmarke festgelegt.<\/p> <\/div> <div class=\"schema-faq-section\" id=\"faq-question-1603886699489\"><strong class=\"schema-faq-question\">Wie kann ich ein Logo sch\u00fctzen? Kann ich zum Schutz des Logos auch eine Marke oder ein Geschmacksmuster eintragen lassen?<\/strong> <p class=\"schema-faq-answer\">Ein Logo kann gleichzeitig als Marke und als eingetragenes Geschmacksmuster gesch\u00fctzt werden. Wenn Sie Zweifel haben, welche Anmeldestrategie geeignet ist, um Ihr Logo zu sch\u00fctzen, sollten Sie einen <strong>IP-Anwalt<\/strong> mit Erfahrung im Marken- und Designrecht konsultieren.<\/p> <\/div> <div class=\"schema-faq-section\" id=\"faq-question-1603886959813\"><strong class=\"schema-faq-question\">Was ist geistiges Eigentum?<\/strong> <p class=\"schema-faq-answer\">Geistiges Eigentum (IP) bezieht sich auf Sch\u00f6pfungen des Geistes, wie Erfindungen; literarische und k\u00fcnstlerische Werke; Geschmacksmuster; und Symbole, Namen und Bilder, die im Handel verwendet werden. IP sind als z.B. Patente, Urheberrechte und Marken usw. gesch\u00fctzt.<\/p> <\/div> <div class=\"schema-faq-section\" id=\"faq-question-1603887661831\"><strong class=\"schema-faq-question\">Besitze ich das geistige Eigentum, das ich erschaffe?<\/strong> <p class=\"schema-faq-answer\">Nicht unbedingt. Der Urheber eines geistigen Eigentums besitzt in der Regel Urheberrechte, w\u00e4hrend andere Rechte m\u00f6glicherweise zuerst registriert werden m\u00fcssen. Es gibt auch gewisse Ausnahmen \u2013 z.B. wenn IP im Rahmen eines bestimmten Auftragsprojekts erstellt wird, geh\u00f6rt es in der Regel dem Auftraggeber.<\/p> <\/div> <\/div>\n\n<\/div><\/div>","protected":false},"excerpt":{"rendered":"<p>Geistiges Eigentum &#8211; IP &#8211; H\u00e4ufig gestellte Fragen &#8211; FAQ<\/p>\n","protected":false},"author":2,"featured_media":0,"parent":0,"menu_order":0,"comment_status":"closed","ping_status":"closed","template":"","meta":{"footnotes":""},"class_list":["post-20445","page","type-page","status-publish"],"aioseo_notices":[],"_links":{"self":[{"href":"https:\/\/sulelaw.com\/de\/wp-json\/wp\/v2\/pages\/20445","targetHints":{"allow":["GET"]}}],"collection":[{"href":"https:\/\/sulelaw.com\/de\/wp-json\/wp\/v2\/pages"}],"about":[{"href":"https:\/\/sulelaw.com\/de\/wp-json\/wp\/v2\/types\/page"}],"author":[{"embeddable":true,"href":"https:\/\/sulelaw.com\/de\/wp-json\/wp\/v2\/users\/2"}],"replies":[{"embeddable":true,"href":"https:\/\/sulelaw.com\/de\/wp-json\/wp\/v2\/comments?post=20445"}],"version-history":[{"count":17,"href":"https:\/\/sulelaw.com\/de\/wp-json\/wp\/v2\/pages\/20445\/revisions"}],"predecessor-version":[{"id":23955,"href":"https:\/\/sulelaw.com\/de\/wp-json\/wp\/v2\/pages\/20445\/revisions\/23955"}],"wp:attachment":[{"href":"https:\/\/sulelaw.com\/de\/wp-json\/wp\/v2\/media?parent=20445"}],"curies":[{"name":"wp","href":"https:\/\/api.w.org\/{rel}","templated":true}]}}