{"id":20398,"date":"2020-07-09T16:29:08","date_gmt":"2020-07-09T16:29:08","guid":{"rendered":"https:\/\/va87zabukmi.preview.infomaniak.website\/about-a-top-law-firm\/lawyers-in-germany-berlin-law-firm\/"},"modified":"2020-11-22T16:26:15","modified_gmt":"2020-11-22T16:26:15","slug":"lawyers-in-germany-berlin-law-firm","status":"publish","type":"page","link":"https:\/\/sulelaw.com\/de\/ueber-eine-top-anwaltskanzlei\/lawyers-in-germany-berlin-law-firm\/","title":{"rendered":"Jurist in Deutschland &#8211; Berlin"},"content":{"rendered":"\n<div class=\"gb-container gb-container-0239402a\"><div class=\"gb-inside-container\">\n<div class=\"gb-grid-wrapper gb-grid-wrapper-b7160b41\">\n<div class=\"gb-grid-column gb-grid-column-55f59cf0\"><div class=\"gb-container gb-container-55f59cf0\"><div class=\"gb-inside-container\">\n<h2 class=\"gb-headline gb-headline-c60a4638\">UNSER B\u00dcRO IN BERLIN<\/h2>\n\n\n\n<p>Unser B\u00fcro in Berlin hilft Ihnen in zwei Hauptbereichen: Wir unterst\u00fctzen Unternehmen, die in dem deutschen Markt eintreten wollen &#8211; entweder durch die Lieferung von Waren, die Erbringung von Dienstleistungen f\u00fcr deutsche Verbraucher oder Gesch\u00e4ftspartner oder durch die Gr\u00fcndung einer deutschen GmbH, um in Deutschland Gesch\u00e4fte zu t\u00e4tigen. Die Kanzlei S\u00fcle bietet ausl\u00e4ndischen Unternehmen und Existenzgr\u00fcndern in Deutschland rechtliche und strategische Unterst\u00fctzung in Deutschland. Dazu geh\u00f6rt die \u00dcberpr\u00fcfung von Websites, Vertr\u00e4gen und rechtlichen Erkl\u00e4rungen, bevor Sie Gesch\u00e4fte in Deutschland t\u00e4tigen.<\/p>\n\n\n\n<p>Andererseits erbringen wir seit der Er\u00f6ffnung unserer Berliner Niederlassung im Jahr 2019 weiterhin Dienstleistungen im Bereich des gewerblichen Rechtsschutzes in Deutschland, vor allem im deutschen <a href=\"https:\/\/sulelaw.com\/de\/trademark\/german-trademark\/\">Marken<\/a>&#8211; und Geschmacksmusterrecht.<\/p>\n\n\n\n<h2 class=\"gb-headline gb-headline-3d55e700\">Eine wahrhaft europ\u00e4ische Anwaltskanzlei mit Standort in Deutschland<\/h2>\n\n\n\n<p>Mit unseren Kanzleien in Budapest und <strong>Berlin <\/strong>und \u00fcber ein ausgew\u00e4hltes Netzwerk von <strong>Anwaltskanzleien <\/strong>in Europa beraten wir unsere Mandanten bei ihren europ\u00e4ischen und grenz\u00fcberschreitenden Projekten. Wir bieten einen mandantenfreundlichen One-Stop-Shop-Ansatz bei unseren internationalen <strong>Rechtsdienstleistungen<\/strong>. Wir sind in der Lage, viele unserer Dienstleistungen in der Europ\u00e4ischen Union abzudecken. Wenn Sie eine etablierte Anwaltskanzlei vertreten, k\u00f6nnen Sie sich auch gerne an uns wenden, um m\u00f6gliche Wege der Zusammenarbeit zu finden.<\/p>\n\n\n\n<h2 class=\"gb-headline gb-headline-c1697f4a\">Wer ist Herr \u00c1kos S\u00fcle, LL.M. (Berlin)?<\/h2>\n\n\n\n<p>\u00c1kos hat an der juristischen Fakult\u00e4t der ELTE, in seiner Heimatstadt Budapest, Ungarn, studiert. Sp\u00e4ter erwarb er einen spezialisierten Master-Abschluss in geistigem Eigentum, Datenschutz und Medienrecht an der Humboldt-Universit\u00e4t zu Berlin, Deutschland. Er verf\u00fcgt \u00fcber weitere Qualifikationen in geistigem Eigentum und als Datenschutzbeauftragter. Au\u00dferdem verf\u00fcgt er \u00fcber ein Zertifikat in Schiedsgerichtsbarkeit und Meditationstechniken. Er ist Mitglied der Budapester und der Berliner Rechtsanwaltskammer. Er hat diese Niederlassung gegr\u00fcndet, um spezialisierte Rechtsgebiete auf seine eigene Art und Weise zu praktizieren: \u00c1kos ist ein Jurist in Deutschland, der Ihnen zur Seite steht, um Ihr Unternehmen wachsen zu lassen.<\/p>\n\n\n\n<p><a href=\"https:\/\/www.linkedin.com\/in\/akossule\/\">\u00c1kos <\/a>gilt als hochqualifizierter und vielseitiger Anwalt, der 15 Jahre Erfahrung als IP\/IT- und Datenschutzanwalt gesammelt hat. Er ber\u00e4t internationale Unternehmen und kreative Privatpersonen in Fragen des geistigen Eigentums, des Datenschutzes und des Internet-, Medien- und Werberechts. <\/p>\n\n\n\n<p>\u00c1kos spricht neben seiner Muttersprache Ungarisch auch Englisch, Deutsch und Franz\u00f6sisch.<\/p>\n<\/div><\/div><\/div>\n\n\n\n<div class=\"gb-grid-column gb-grid-column-937fbd0d\"><div class=\"gb-container gb-container-937fbd0d\"><div class=\"gb-inside-container\">\n<figure class=\"wp-block-image size-full image-shadow img is-style-default\"><img loading=\"lazy\" decoding=\"async\" width=\"647\" height=\"600\" src=\"https:\/\/sulelaw.com\/wp-content\/uploads\/2020\/09\/647px-Berlin_Mitte_Rungestrasse_Zigarettenfabrik_Josetti_01.jpg\" alt=\"rechtsanw\u00e4lte in deutschland deutscher vertreter marken deutschland rechtsanwalt rechtsanwaltskanzlei\" class=\"wp-image-19071\" srcset=\"https:\/\/sulelaw.com\/wp-content\/uploads\/2020\/09\/647px-Berlin_Mitte_Rungestrasse_Zigarettenfabrik_Josetti_01.jpg 647w, https:\/\/sulelaw.com\/wp-content\/uploads\/2020\/09\/647px-Berlin_Mitte_Rungestrasse_Zigarettenfabrik_Josetti_01-300x278.jpg 300w\" sizes=\"auto, (max-width: 647px) 100vw, 647px\" \/><\/figure>\n\n\n\n<h2 class=\"gb-headline gb-headline-2a535034\">Unser Standort in Deutschland<\/h2>\n\n\n\n<p>Unser B\u00fcro in der Rungestr. 25, 10179 Berlin, Deutschland. &#8222;Erbaut 1906-1907, ehemalige Zigarettenfabrik Manoli AG, seit 1924 zusammen mit Zigarettenfabrik Josetti in der Rungestra\u00dfe 22-25 in Berlin-Mitte. Heute als \u201eJosetti-H\u00f6fe\u201c denkmalgesch\u00fctzt. Der weitl\u00e4ufige Komplex mit vier H\u00f6fen zieht sich bis zur Spree. Die viergeschossige Fassade mit drei f\u00fcnfgeschossigen Risaliten folgt dem abgeknickten Verlauf der Stra\u00dfe. Der Komplex wurde bis zum Zweiten Weltkrieg als Zigarettenfabrik genutzt; danach residierten hier unter anderem der DDR-Chiphersteller Robotron, das Landesamt zur Regelung offener Verm\u00f6gensfragen und (bis 2006) das &#8222;Dokument Kino. Heute befinden sich hier Wohnungen, B\u00fcros und kleinere  Dienstleistungsbetriebe aus den Bereichen Kultur, Medien, Mode und Design. Links im Bild sieht man die Ecke des Jannowitzcenters.&#8220; (Unver\u00e4ndertes Zitat von J\u00f6rg Z\u00e4gel &#8211; <a href=\"https:\/\/creativecommons.org\/licenses\/by-sa\/3.0\/deed.de\" target=\"_blank\" rel=\"noreferrer noopener\">CC BY-SA 3.0<\/a> von <a href=\"https:\/\/de.wikipedia.org\/wiki\/Datei:Berlin,_Mitte,_Rungestrasse,_Zigarettenfabrik_Josetti_01.jpg\" target=\"_blank\" rel=\"noreferrer noopener nofollow\">Wikipedia<\/a>) Im letzten Jahrzehnt wurde es vollst\u00e4ndig saniert, um modernen Standards zu entsprechen. Im Zuge der Sanierungsarbeiten wurde die gesamte B\u00fcrofl\u00e4che des Geb\u00e4udes auf 14.600 qm erweitert. Zu den derzeitigen Mietern der Josetti H\u00f6fe geh\u00f6ren neben der deutschen Niederlassung der Anwaltskanzlei S\u00fcle namhafte Unternehmen aus der Medien- und Finanzbranche. Das Geb\u00e4ude steht unter Denkmalschutz.<\/p>\n<\/div><\/div><\/div>\n<\/div>\n<\/div><\/div>\n\n\n\n<div class=\"gb-container gb-container-b6f5a70f\"><div class=\"gb-inside-container\">\n<div class=\"gb-container gb-container-64d8f91c\"><div class=\"gb-inside-container\">\n<h2 class=\"gb-headline gb-headline-306b14e0\">Deutsche Rechtsanw\u00e4lte &#8211; FAQ<\/h2>\n\n\n\n<div class=\"schema-faq wp-block-yoast-faq-block\"><div class=\"schema-faq-section\" id=\"faq-question-1606053031903\"><strong class=\"schema-faq-question\">Was sind die Vorschriften zur anwaltlichen Verschwiegenheit in Deutschland?<\/strong> <p class=\"schema-faq-answer\">Der Rechtsanwalt ist zur Verschwiegenheit verpflichtet und berechtigt. Diese Pflicht bezieht sich auf alles, was ihm in Aus\u00fcbung seines Berufes bekannt geworden ist. Dies gilt nicht f\u00fcr Tatsachen, die offenkundig sind oder ihrer Bedeutung nach keiner Geheimhaltung bed\u00fcrfen. Dies gilt auch nach Beendigung des Mandats. Aus der Verschwiegenheitspflicht resultieren Vorschriften zum Zeugnisverweigerungsrecht.<\/p> <\/div> <div class=\"schema-faq-section\" id=\"faq-question-1606053628437\"><strong class=\"schema-faq-question\">Was ist das Gebot der Sachlichkeit f\u00fcr Rechtsanw\u00e4lte?<\/strong> <p class=\"schema-faq-answer\">Der Rechtsanwalt darf sich bei seiner Berufsaus\u00fcbung nicht unsachlich verhalten. Unsachlich ist insbesondere ein Verhalten, bei dem es sich um die bewusste Verbreitung von Unwahrheiten oder solche herabsetzenden \u00c4u\u00dferungen handelt, zu denen andere Beteiligte oder der Verfahrensverlauf keinen Anlass gegeben haben.<\/p> <\/div> <div class=\"schema-faq-section\" id=\"faq-question-1606053852692\"><strong class=\"schema-faq-question\">Wie l\u00f6st man eine Interessenkollision?<\/strong> <p class=\"schema-faq-answer\">Gem\u00e4\u00df \u00a7 3 Abs. 1 BORA darf ein Rechtsanwalt nicht t\u00e4tig werden, wenn er eine andere Partei in derselben Rechtssache im widerstreitenden Interesse bereits beraten oder vertreten hat oder in sonstiger Weise i.S.d. \u00a7\u00a7 45, 46 BRAO beruflich befasst war. \u00dcber \u00a7 3 Abs. 2 S. 1 BORA gilt dieses Verbot auch f\u00fcr alle mit ihm in derselben Berufsaus\u00fcbungs- oder B\u00fcrogemeinschaft verbundenen Rechtsanw\u00e4lte.<\/p> <\/div> <div class=\"schema-faq-section\" id=\"faq-question-1606054351048\"><strong class=\"schema-faq-question\">Wie erfolgt die Unterrichtung des Mandanten?<\/strong> <p class=\"schema-faq-answer\">Der <strong>Rechtsanwalt <\/strong>ist verpflichtet, das Mandat in angemessener Zeit zu bearbeiten und den Mandanten \u00fcber alle f\u00fcr den Fortgang der Sache wesentlichen Vorg\u00e4nge und Ma\u00dfnahmen unverz\u00fcglich zu unterrichten. Dem Mandanten ist insbesondere von allen wesentlichen erhaltenen oder versandten Schriftst\u00fccken Kenntnis zu geben. Anfragen des Mandanten sind unverz\u00fcglich zu beantworten.<\/p> <\/div> <div class=\"schema-faq-section\" id=\"faq-question-1606054459933\"><strong class=\"schema-faq-question\">Was bedeutet pro bono in Deutschland?<\/strong> <p class=\"schema-faq-answer\">Solche Aufgaben erledigen Anw\u00e4lte\u00a0<strong>pro bono<\/strong>\u00a0publico, also\u00a0<strong>zum Wohle der \u00d6ffent\u00adlichkeit<\/strong>. F\u00fcr ihre Arbeit, mag sie auch noch so aufwendig gewesen sein, erh\u00e4lt die Kanzlei kein <strong>Honorar<\/strong>. <\/p> <\/div> <div class=\"schema-faq-section\" id=\"faq-question-1606054894243\"><strong class=\"schema-faq-question\">Wer ist Europ\u00e4ischer Rechtsanwalt?<\/strong> <p class=\"schema-faq-answer\">F\u00fcr Juristen aus Staaten, die Mitglied der Europ\u00e4ischen Union sowie der Schweiz sind, gibt es die M\u00f6glichkeit, als Europ\u00e4ischer Rechtsanwalt nach dem EuRAG t\u00e4tig zu sein. Sie d\u00fcrfen diese Berufsbezeichnung nur nach Aush\u00e4ndigung der Aufnahmeurkunde f\u00fchren. Der niedergelassene europ\u00e4ische Rechtsanwalt ist berechtigt, im beruflichen Verkehr zugleich die Bezeichnung &#8222;Mitglied der Rechtsanwaltskammer&#8220; zu verwenden. Dennoch, die Bezeichnung &#8222;<strong>europ\u00e4ischer Rechtsanwalt<\/strong>&#8220; darf als Berufsbezeichnung und in der Werbung nicht verwendet werden. Der niedergelassene europ\u00e4ische Rechtsanwalt hat die Berufsbezeichnung zu verwenden, die er im Herkunftsstaat nach dem dort geltenden Recht zu f\u00fchren berechtigt ist. Wer danach berechtigt ist, die Berufsbezeichnung &#8222;Rechtsanwalt&#8220; zu f\u00fchren, hat zus\u00e4tzlich die Berufsorganisation anzugeben, der er im Herkunftsstaat angeh\u00f6rt. Der niedergelassene europ\u00e4ische Rechtsanwalt, der als Syndikusrechtsanwalt in die Rechtsanwaltskammer aufgenommen wurde, hat der urspr\u00fcnglichen Berufsbezeichnung die Bezeichnung \u201eSyndikus\u201c in Klammern nachzustellen.<\/p> <\/div> <\/div>\n<\/div><\/div>\n<\/div><\/div>\n\n\n\n<p><\/p>\n","protected":false},"excerpt":{"rendered":"<p>Deutsche Rechtsanw\u00e4lte &#8211; FAQ<\/p>\n","protected":false},"author":2,"featured_media":0,"parent":19466,"menu_order":0,"comment_status":"closed","ping_status":"closed","template":"","meta":{"footnotes":""},"class_list":["post-20398","page","type-page","status-publish"],"aioseo_notices":[],"_links":{"self":[{"href":"https:\/\/sulelaw.com\/de\/wp-json\/wp\/v2\/pages\/20398","targetHints":{"allow":["GET"]}}],"collection":[{"href":"https:\/\/sulelaw.com\/de\/wp-json\/wp\/v2\/pages"}],"about":[{"href":"https:\/\/sulelaw.com\/de\/wp-json\/wp\/v2\/types\/page"}],"author":[{"embeddable":true,"href":"https:\/\/sulelaw.com\/de\/wp-json\/wp\/v2\/users\/2"}],"replies":[{"embeddable":true,"href":"https:\/\/sulelaw.com\/de\/wp-json\/wp\/v2\/comments?post=20398"}],"version-history":[{"count":20,"href":"https:\/\/sulelaw.com\/de\/wp-json\/wp\/v2\/pages\/20398\/revisions"}],"predecessor-version":[{"id":22034,"href":"https:\/\/sulelaw.com\/de\/wp-json\/wp\/v2\/pages\/20398\/revisions\/22034"}],"up":[{"embeddable":true,"href":"https:\/\/sulelaw.com\/de\/wp-json\/wp\/v2\/pages\/19466"}],"wp:attachment":[{"href":"https:\/\/sulelaw.com\/de\/wp-json\/wp\/v2\/media?parent=20398"}],"curies":[{"name":"wp","href":"https:\/\/api.w.org\/{rel}","templated":true}]}}