{"id":19569,"date":"2020-10-01T19:32:46","date_gmt":"2020-10-01T19:32:46","guid":{"rendered":"https:\/\/va87zabukmi.preview.infomaniak.website\/?page_id=19569"},"modified":"2024-10-07T09:08:05","modified_gmt":"2024-10-07T09:08:05","slug":"kontakt","status":"publish","type":"page","link":"https:\/\/sulelaw.com\/de\/kontakt\/","title":{"rendered":"Kontakt"},"content":{"rendered":"<div class=\"gb-container gb-container-773ee761\"><div class=\"gb-inside-container\">\n<div class=\"gb-grid-wrapper gb-grid-wrapper-2133caaa\">\n<div class=\"gb-grid-column gb-grid-column-17be5e6c\"><div class=\"gb-container gb-container-17be5e6c\"><div class=\"gb-inside-container\">\n\n<h2 class=\"gb-headline gb-headline-1d13e19d gb-headline-text\">Kontaktieren Sie uns<\/h2>\n\n<\/div><\/div><\/div>\n\n<div class=\"gb-grid-column gb-grid-column-bfae7363\"><div class=\"gb-container gb-container-bfae7363\"><div class=\"gb-inside-container\">\n\n<p class=\"gb-headline gb-headline-943e7487\"><span class=\"gb-icon\"><svg aria-hidden=\"true\" height=\"1em\" width=\"1em\" viewBox=\"0 0 384 512\" xmlns=\"http:\/\/www.w3.org\/2000\/svg\"><path fill=\"currentColor\" d=\"M172.268 501.67C26.97 291.031 0 269.413 0 192 0 85.961 85.961 0 192 0s192 85.961 192 192c0 77.413-26.97 99.031-172.268 309.67-9.535 13.774-29.93 13.773-39.464 0zM192 272c44.183 0 80-35.817 80-80s-35.817-80-80-80-80 35.817-80 80 35.817 80 80 80z\"><\/path><\/svg><\/span><span class=\"gb-headline-text\">S\u00fcle \u00dcgyv\u00e9di Iroda \/ S\u00fcle Law Firm<br>84 Frankel Le\u00f3 \u00fat <br>1023 Budapest, Ungarn<\/span><\/p>\n\n\n\n<p class=\"gb-headline gb-headline-e947d0c2\"><span class=\"gb-icon\"><svg aria-hidden=\"true\" height=\"1em\" width=\"1em\" viewBox=\"0 0 384 512\" xmlns=\"http:\/\/www.w3.org\/2000\/svg\"><path fill=\"currentColor\" d=\"M172.268 501.67C26.97 291.031 0 269.413 0 192 0 85.961 85.961 0 192 0s192 85.961 192 192c0 77.413-26.97 99.031-172.268 309.67-9.535 13.774-29.93 13.773-39.464 0zM192 272c44.183 0 80-35.817 80-80s-35.817-80-80-80-80 35.817-80 80 35.817 80 80 80z\"><\/path><\/svg><\/span><span class=\"gb-headline-text\">Kanzlei S\u00fcle \/ S\u00fcle Law Firm<br>Scharnweberstr. 9<br>15537 Erkner, Deutschland<\/span><\/p>\n\n\n\n<p class=\"gb-headline gb-headline-5e446df9\"><span class=\"gb-icon\"><svg aria-hidden=\"true\" height=\"1em\" width=\"1em\" viewBox=\"0 0 512 512\" xmlns=\"http:\/\/www.w3.org\/2000\/svg\"><path fill=\"currentColor\" d=\"M464 64H48C21.49 64 0 85.49 0 112v288c0 26.51 21.49 48 48 48h416c26.51 0 48-21.49 48-48V112c0-26.51-21.49-48-48-48zm0 48v40.805c-22.422 18.259-58.168 46.651-134.587 106.49-16.841 13.247-50.201 45.072-73.413 44.701-23.208.375-56.579-31.459-73.413-44.701C106.18 199.465 70.425 171.067 48 152.805V112h416zM48 400V214.398c22.914 18.251 55.409 43.862 104.938 82.646 21.857 17.205 60.134 55.186 103.062 54.955 42.717.231 80.509-37.199 103.053-54.947 49.528-38.783 82.032-64.401 104.947-82.653V400H48z\"><\/path><\/svg><\/span><span class=\"gb-headline-text\">E-Mail:  <a href=\"mailto:de@sulelaw.com\" target=\"_blank\" rel=\"noopener\" title=\"\">de@sulelaw.com<\/a>; <a href=\"mailto:hu@sulelaw.com\" target=\"_blank\" rel=\"noopener\" title=\"\">hu@sulelaw.com<\/a> <\/span><\/p>\n\n<\/div><\/div><\/div>\n<\/div>\n<\/div><\/div>\n\n\n<p><\/p>\n","protected":false},"excerpt":{"rendered":"","protected":false},"author":2,"featured_media":0,"parent":0,"menu_order":0,"comment_status":"closed","ping_status":"closed","template":"","meta":{"footnotes":""},"class_list":["post-19569","page","type-page","status-publish"],"aioseo_notices":[],"_links":{"self":[{"href":"https:\/\/sulelaw.com\/de\/wp-json\/wp\/v2\/pages\/19569","targetHints":{"allow":["GET"]}}],"collection":[{"href":"https:\/\/sulelaw.com\/de\/wp-json\/wp\/v2\/pages"}],"about":[{"href":"https:\/\/sulelaw.com\/de\/wp-json\/wp\/v2\/types\/page"}],"author":[{"embeddable":true,"href":"https:\/\/sulelaw.com\/de\/wp-json\/wp\/v2\/users\/2"}],"replies":[{"embeddable":true,"href":"https:\/\/sulelaw.com\/de\/wp-json\/wp\/v2\/comments?post=19569"}],"version-history":[{"count":6,"href":"https:\/\/sulelaw.com\/de\/wp-json\/wp\/v2\/pages\/19569\/revisions"}],"predecessor-version":[{"id":24237,"href":"https:\/\/sulelaw.com\/de\/wp-json\/wp\/v2\/pages\/19569\/revisions\/24237"}],"wp:attachment":[{"href":"https:\/\/sulelaw.com\/de\/wp-json\/wp\/v2\/media?parent=19569"}],"curies":[{"name":"wp","href":"https:\/\/api.w.org\/{rel}","templated":true}]}}