{"id":19554,"date":"2020-10-01T17:27:42","date_gmt":"2020-10-01T17:27:42","guid":{"rendered":"https:\/\/va87zabukmi.preview.infomaniak.website\/?page_id=19554"},"modified":"2020-11-15T14:00:58","modified_gmt":"2020-11-15T14:00:58","slug":"nutzungsbedingungen","status":"publish","type":"page","link":"https:\/\/sulelaw.com\/de\/ueber-eine-top-anwaltskanzlei\/nutzungsbedingungen\/","title":{"rendered":"Nutzungsbedingungen"},"content":{"rendered":"\n<div class=\"gb-container gb-container-1a210b3c\"><div class=\"gb-inside-container\">\n<div class=\"gb-headline-wrapper gb-headline-wrapper-3f01195c\"><span class=\"gb-icon\"><svg aria-hidden=\"true\" height=\"1em\" width=\"1em\" viewBox=\"0 0 256 512\" xmlns=\"http:\/\/www.w3.org\/2000\/svg\"><path fill=\"currentColor\" d=\"M224.3 273l-136 136c-9.4 9.4-24.6 9.4-33.9 0l-22.6-22.6c-9.4-9.4-9.4-24.6 0-33.9l96.4-96.4-96.4-96.4c-9.4-9.4-9.4-24.6 0-33.9L54.3 103c9.4-9.4 24.6-9.4 33.9 0l136 136c9.5 9.4 9.5 24.6.1 34z\"><\/path><\/svg><\/span><p class=\"gb-headline gb-headline-3f01195c\">WIRKSAM: 1. JANUAR 2021<\/p><\/div>\n\n\n\n<p>Dies sind die Allgemeinen Nutzungsbedingungen f\u00fcr die Website der Anwaltskanzlei S\u00fcle, Budapest, Ungarn (&#8222;wir&#8220; oder &#8222;uns&#8220;):<\/p>\n\n\n\n<p><strong>Nutzung der Website zu diesen Bedingungen<\/strong><\/p>\n\n\n\n<p>Die gesamte Nutzung dieser Website (die &#8222;Website&#8220;) sowie das Herunterladen, Kopieren oder sonstige Verwenden von Informationen von der Website erfolgt zu den nachstehend aufgef\u00fchrten Bedingungen (die &#8222;Bedingungen&#8220;).<br>Durch Zugriff auf die Website wird davon ausgegangen, dass Sie diese Bedingungen vollst\u00e4ndig akzeptiert haben. Wenn Sie mit diesen Bedingungen nicht einverstanden sind, m\u00fcssen Sie die Nutzung der Website sofort einstellen.<br>Sie k\u00f6nnen eine Kopie dieser Bedingungen ausdrucken und aufbewahren, um sie zu \u00fcberpr\u00fcfen und zu akzeptieren. Die Bedingungen sind eine rechtliche Vereinbarung zwischen Ihnen und uns und k\u00f6nnen nur mit unserer Zustimmung ge\u00e4ndert werden. Wir behalten uns das Recht vor, die Bedingungen nach eigenem Ermessen zu \u00e4ndern, indem wir sie auf der Website \u00e4ndern.<\/p>\n\n\n\n<p><strong>Verbotene Verwendungen<\/strong><\/p>\n\n\n\n<p>Sie d\u00fcrfen die Website nur f\u00fcr rechtm\u00e4\u00dfige Zwecke nutzen. Sie d\u00fcrfen die Site nicht f\u00fcr folgendes nutzen:<\/p>\n\n\n\n<ol class=\"wp-block-list\"><li>\u00dcbermittlung oder Beschaffung von unerw\u00fcnschtem oder nicht autorisiertem Werbe- oder Verkaufsf\u00f6rderungsmaterial oder einer anderen Form \u00e4hnlicher Werbung (Spam).<\/li><li>Um wissentlich Daten zu \u00fcbertragen, senden oder hochladen, das Viren, Trojaner, W\u00fcrmer, Tastendruck-Logger, Spyware, Adware oder andere sch\u00e4dliche Programme oder \u00e4hnlichen Computercode enth\u00e4lt, der den Betrieb von Computersoftware oder -hardware beeintr\u00e4chtigen soll.<\/li><\/ol>\n\n\n\n<p><strong>Genauigkeit der Informationen und Haftungsausschluss<\/strong><\/p>\n\n\n\n<p>Wir geben stets unser Bestes, um sicherzustellen, dass alle Informationen auf der Website korrekt sind. Wenn Sie auf der Website ungenaue Informationen finden, kontaktieren Sie uns bitte.<br>Wir \u00fcbernehmen keine Gew\u00e4hr daf\u00fcr, dass die Informationen korrekt oder aktuell oder vollst\u00e4ndig sind, und \u00fcbernehmen keine Haftung f\u00fcr Verluste oder Sch\u00e4den, die durch ungenaue Informationen verursacht werden. Anders als in diesen Bedingungen festgelegt, \u00fcbernehmen wir keine Haftung und bieten keine Gew\u00e4hrleistungen in Bezug auf die Website und deren Inhalt, soweit diese Haftung gesetzlich ausgeschlossen werden kann.<\/p>\n\n\n\n<p><strong>Urheberrechte \u00a9<\/strong><\/p>\n\n\n\n<p>Diese Website enth\u00e4lt urheberrechtlich gesch\u00fctztes Material und andere gesch\u00fctzte Informationen, einschlie\u00dflich, aber nicht beschr\u00e4nkt auf Text, Software, Fotos, Grafiken, und kann in Zukunft Video, Musik und Ton enthalten. Der gesamte Inhalt der Website ist durch Urheber- und \/ oder Datenbankrechte gesch\u00fctzt. Wir oder unsere Lizenzgeber besitzen die Urheber- und \/ oder Datenbankrechte an der Auswahl, Koordinierung und Verbesserung solcher Inhalte sowie an den Originalinhalten. Sie d\u00fcrfen den Inhalt weder ganz noch teilweise \u00e4ndern, ver\u00f6ffentlichen, \u00fcbertragen, an der \u00dcbertragung oder dem Verkauf teilnehmen, abgeleitete Werke erstellen oder in irgendeiner Weise verwerten, es sei denn, dies ist in diesen Nutzungsbedingungen vorgesehen oder mit dem entsprechenden Creative Commons-Lizenz  gekennzeichnet.<br>Der Inhalt der Website ist unter der Creative Commons Unported-Lizenz 3.0 Unported (CC BY-NC-ND 3.0) verf\u00fcgbar, die unter http:\/\/creativecommons.org\/licenses\/by-nc-nd\/3.0\/deed.de verf\u00fcgbar ist<\/p>\n\n\n\n<p>Sie d\u00fcrfen:<br>Teilen \u2014 das Material in jedwedem Format oder Medium vervielf\u00e4ltigen und weiterverbreiten<\/p>\n\n\n\n<p>Unter folgenden Bedingungen:<br>Namensnennung \u2014 Sie m\u00fcssen angemessene Urheber- und Rechteangaben machen, einen Link zur Lizenz beif\u00fcgen und angeben, ob \u00c4nderungen vorgenommen wurden. Diese Angaben d\u00fcrfen in jeder angemessenen Art und Weise gemacht werden, allerdings nicht so, dass der Eindruck entsteht, der Lizenzgeber unterst\u00fctze gerade Sie oder Ihre Nutzung besonders.<\/p>\n\n\n\n<p>Nicht kommerziell \u2014 Sie d\u00fcrfen das Material nicht f\u00fcr kommerzielle Zwecke nutzen.<\/p>\n\n\n\n<p>Keine Bearbeitungen \u2014 Wenn Sie das Material remixen, ver\u00e4ndern oder darauf anderweitig direkt aufbauen, d\u00fcrfen Sie die bearbeitete Fassung des Materials nicht verbreiten.<\/p>\n\n\n\n<p>Keine weiteren Einschr\u00e4nkungen \u2014 Sie d\u00fcrfen keine zus\u00e4tzlichen Klauseln oder technische Verfahren einsetzen, die anderen rechtlich irgendetwas untersagen, was die Lizenz erlaubt.<\/p>\n\n\n\n<p>&#8222;The Law Offices of \u00c1kos S\u00fcle&#8220; und &#8222;S\u00fcle Law Firm&#8220; sind unsere Handelsnamen. Sie d\u00fcrfen diese Handelsnamen ohne unsere schriftliche Zustimmung nicht verwenden.<br>Wir k\u00f6nnen Links zu anderen Websites bereitstellen, die von anderen Personen oder Organisationen betrieben werden. Die Verwendung eines solchen Links bedeutet, dass Sie unsere Website eventuell verlassen und wir keine Verantwortung f\u00fcr verlinkte Websites \u00fcbernehmen und keine Gew\u00e4hrleistungen, Garantien oder Zusicherungen geben.<br>Sie k\u00f6nnen unter den folgenden Bedingungen auf die Homepage der Website verlinken: dass Sie unser Logo nicht entfernen, \u00e4ndern oder verzerren; Sie erstellen keinen Rahmen herum. Sie implizieren nicht, dass wir andere Produkte oder Dienstleistungen anders als unsere eigenen unterst\u00fctzen. Sie stellen Ihre Beziehung zu uns nicht falsch dar und legen keine falschen Informationen \u00fcber uns vor. Sie verlinken nicht von einer Website, die nicht den geltenden Gesetzen entspricht.<br>Wir behalten uns das Recht vor, die Erlaubnis zum Verlinken auf die Website nach eigenem Ermessen zu widerrufen.<\/p>\n\n\n\n<p><strong>Unsere Haftung Ihnen gegen\u00fcber<\/strong><\/p>\n\n\n\n<p>Wir stellen die Informationen auf dieser Website kostenlos zur Verf\u00fcgung. Die Website wird ohne Haftung f\u00fcr die angegebenen Informationen bereitgestellt.<br>Der Zugriff auf diese Website kann vor\u00fcbergehend und ohne vorherige Ank\u00fcndigung im Falle eines Systemausfalls, einer Wartung oder Reparatur oder auf andere Weise nach unserem Ermessen ausgesetzt werden.<br>In keinem Fall haften wir Ihnen gegen\u00fcber f\u00fcr direkte, indirekte oder Folgesch\u00e4den, entgangenen Gewinn, Umsatz oder guten Willen, die sich aus Ihrer Nutzung der Website, Informationen auf der Website oder einer vor\u00fcbergehenden Aussetzung der Website durch uns aus irgendeinem Grund ergeben. Vorbehaltlich der nachstehenden Bestimmungen sind alle gesetzlich festgelegten Bestimmungen ausgeschlossen.<br>Wir \u00fcbernehmen eine Haftung f\u00fcr Tod oder K\u00f6rperverletzung, die durch grobe Fahrl\u00e4ssigkeit verursacht wurden und nach ungarischem Recht nicht ausgeschlossen werden k\u00f6nnen.<br>Die Informationen auf der Website sind nicht dazu bestimmt auf Ihre speziellen Anforderungen einzugehen. Diese Informationen stellen keine Form von Rechtsberatung, Rat, Beratung oder Empfehlung dar und sind nicht dazu gedacht, dass Sie sich darauf verlassen, wenn Sie Entscheidungen treffen. Sie sollten uns direkt f\u00fcr unsere Rechtsberatung ansprechen.<\/p>\n\n\n\n<p><strong>Sperren von der Site<\/strong><\/p>\n\n\n\n<p>Wir behalten uns das Recht vor, Benutzer von der Website nach unserem Ermessen dauerhaft oder vor\u00fcbergehend zu sperren. Ein solcher Benutzer muss benachrichtigt werden und darf dann nicht versuchen, die Website unter einem anderen Namen oder \u00fcber einen anderen Benutzer zu nutzen.<\/p>\n\n\n\n<p><strong>Gerichtsstand und Streitbeilegung<\/strong><\/p>\n\n\n\n<p>F\u00fcr diese Bedingungen gelten die ungarischen Gesetze, ungeachtet der Gerichtsbarkeit, in der Sie ans\u00e4ssig sind. Sie erkl\u00e4ren sich unwiderruflich damit einverstanden, dass die ungarischen Gerichte ausschlie\u00dflich f\u00fcr die Beilegung von Streitigkeiten zust\u00e4ndig sind, die sich aus, unter oder im Zusammenhang mit diesen Bedingungen ergeben, und zu diesem Zweck alle Streitigkeiten unwiderruflich der Zust\u00e4ndigkeit der ungarischen Gerichte unterwerfen. Der Erf\u00fcllungsort ist Ungarn.<br>Wir \u00fcbernehmen keine Garantie oder Gew\u00e4hrleistung daf\u00fcr, dass die Website oder die dar\u00fcber verf\u00fcgbaren Informationen anderen Gesetzen als denen Ungarns entsprechen.<strong><br><br>Allgemeines<\/strong><\/p>\n\n\n\n<p>Wir k\u00f6nnen diese Bedingungen jederzeit \u00e4ndern, indem wir eine \u00c4nderung auf der Website ver\u00f6ffentlichen. Sie sollten die Website von Zeit zu Zeit \u00fcberpr\u00fcfen, um sich mit den jeweils aktuellen Gesch\u00e4ftsbedingungen vertraut zu machen.<strong><br><\/strong><\/p>\n<\/div><\/div>\n","protected":false},"excerpt":{"rendered":"<p>WIRKSAM: 1. JANUAR 2021 Dies sind die Allgemeinen Nutzungsbedingungen f\u00fcr die Website der Anwaltskanzlei S\u00fcle, Budapest, Ungarn (&#8222;wir&#8220; oder &#8222;uns&#8220;): Nutzung der Website zu diesen Bedingungen Die gesamte Nutzung dieser Website (die &#8222;Website&#8220;) sowie das Herunterladen, Kopieren oder sonstige Verwenden von Informationen von der Website erfolgt zu den nachstehend aufgef\u00fchrten Bedingungen (die &#8222;Bedingungen&#8220;).Durch Zugriff auf &#8230; <a title=\"Nutzungsbedingungen\" class=\"read-more\" href=\"https:\/\/sulelaw.com\/de\/ueber-eine-top-anwaltskanzlei\/nutzungsbedingungen\/\" aria-label=\"Mehr Informationen \u00fcber Nutzungsbedingungen\">Weiterlesen<\/a><\/p>\n","protected":false},"author":1,"featured_media":0,"parent":19466,"menu_order":0,"comment_status":"closed","ping_status":"closed","template":"","meta":{"footnotes":""},"class_list":["post-19554","page","type-page","status-publish"],"aioseo_notices":[],"_links":{"self":[{"href":"https:\/\/sulelaw.com\/de\/wp-json\/wp\/v2\/pages\/19554","targetHints":{"allow":["GET"]}}],"collection":[{"href":"https:\/\/sulelaw.com\/de\/wp-json\/wp\/v2\/pages"}],"about":[{"href":"https:\/\/sulelaw.com\/de\/wp-json\/wp\/v2\/types\/page"}],"author":[{"embeddable":true,"href":"https:\/\/sulelaw.com\/de\/wp-json\/wp\/v2\/users\/1"}],"replies":[{"embeddable":true,"href":"https:\/\/sulelaw.com\/de\/wp-json\/wp\/v2\/comments?post=19554"}],"version-history":[{"count":5,"href":"https:\/\/sulelaw.com\/de\/wp-json\/wp\/v2\/pages\/19554\/revisions"}],"predecessor-version":[{"id":21752,"href":"https:\/\/sulelaw.com\/de\/wp-json\/wp\/v2\/pages\/19554\/revisions\/21752"}],"up":[{"embeddable":true,"href":"https:\/\/sulelaw.com\/de\/wp-json\/wp\/v2\/pages\/19466"}],"wp:attachment":[{"href":"https:\/\/sulelaw.com\/de\/wp-json\/wp\/v2\/media?parent=19554"}],"curies":[{"name":"wp","href":"https:\/\/api.w.org\/{rel}","templated":true}]}}