{"id":19531,"date":"2020-10-01T12:53:36","date_gmt":"2020-10-01T12:53:36","guid":{"rendered":"https:\/\/va87zabukmi.preview.infomaniak.website\/?page_id=19531"},"modified":"2023-03-23T12:24:11","modified_gmt":"2023-03-23T12:24:11","slug":"datenschutz-bestimmungen","status":"publish","type":"page","link":"https:\/\/sulelaw.com\/de\/ueber-eine-top-anwaltskanzlei\/datenschutz-bestimmungen\/","title":{"rendered":"Datenschutzbestimmungen"},"content":{"rendered":"<div class=\"gb-container gb-container-1a210b3c\"><div class=\"gb-inside-container\">\n\n<p class=\"gb-headline gb-headline-ee7ddef8\"><span class=\"gb-icon\"><svg xmlns=\"http:\/\/www.w3.org\/2000\/svg\" viewBox=\"0 0 256 512\" width=\"1em\" height=\"1em\" aria-hidden=\"true\"><path d=\"M224.3 273l-136 136c-9.4 9.4-24.6 9.4-33.9 0l-22.6-22.6c-9.4-9.4-9.4-24.6 0-33.9l96.4-96.4-96.4-96.4c-9.4-9.4-9.4-24.6 0-33.9L54.3 103c9.4-9.4 24.6-9.4 33.9 0l136 136c9.5 9.4 9.5 24.6.1 34z\" fill=\"currentColor\"><\/path><\/svg><\/span><span class=\"gb-headline-text\">WIRKSAM: AB 1. JANUAR 2021<\/span><\/p>\n\n\n\n<p>Diese Datenschutzerkl\u00e4rung hilft Ihnen zu verstehen, welche personenbezogenen Daten wir \u00fcber Sie sammeln, wie wir diese personenbezogenen Daten verwenden und welche Rechte Sie in Bezug auf Ihre personenbezogenen Daten haben.<br>Personenbezogene Daten sind alle Informationen, die zur Identifizierung einer Person verwendet werden k\u00f6nnen ein, entweder allein oder in Kombination mit anderen Daten. Beispiele f\u00fcr personenbezogene Daten sind Ihr Name und Ihre Adresse. Diese Bestimmungen gelten f\u00fcr nat\u00fcrliche Personen.<\/p>\n\n\n\n<p>Unsere Datenschutzrichtlinie ist wie folgt aufgebaut:<\/p>\n\n\n\n<p><strong>I. Der <strong>Datenverantwortliche<\/strong><br>II. Ihre Rechte<br>III. Die Details der Datenverarbeitung<br><br>I. Der Datenverantwortliche<br><\/strong>Wir (als &#8222;Datenverantwortlicher&#8220;) sind f\u00fcr diese Website verantwortlich:<br><br>KANZLEI S\u00dcLE (S\u00dcLE \u00dcGYV\u00c9DI IRODA)<br><br>Eingetragener Sitz: Frankel Le\u00f3 \u00fat 84, 1023 Budapest, Ungarn<br><br>Eingetragen bei der Budapester Anwaltskammer unter # 2800<br><br>E-Mail: info@sulelaw.com<strong><strong><br><br>II. Ihre Rechte<br><br><\/strong><\/strong>Sie haben folgende Rechte zu Ihren pers\u00f6nlichen Daten:<br><br>\u2022 Sie haben das Recht, den Zugriff auf Ihre Daten anzufordern.<br>\u2022 Sie haben das Recht, Ihre Daten zu korrigieren, wenn sie falsch sind.<br>\u2022 Sie haben das Recht, der Verarbeitung Ihrer Daten zu widersprechen.<strong><strong><br><br>III. Informationen zur Datenverarbeitung<br><br><\/strong><\/strong>Ihre pers\u00f6nlichen Daten werden nicht f\u00fcr automatisierte Entscheidungen (eine Entscheidung, die ausschlie\u00dflich auf automatisierte Weise ohne menschliches Eingreifen getroffen wird) oder f\u00fcr die Profilerstellung (automatisierte Verarbeitung personenbezogener Daten zur Bewertung bestimmter Bedingungen einer Person) verwendet.<br>Wir werden Ihre pers\u00f6nlichen Daten f\u00fcr den Zweck verarbeiten, f\u00fcr den wir sie gesammelt haben. Wenn wir Ihre personenbezogenen Daten f\u00fcr einen anderen Zweck verarbeiten, der unserer Ansicht nach mit dem urspr\u00fcnglichen Zweck im Einklang steht ist, werden wir Sie benachrichtigen und die Rechtsgrundlage erl\u00e4utern, die dies erm\u00f6glicht.<br>Bitte beachten Sie, dass wir Ihre personenbezogenen Daten m\u00f6glicherweise ohne Ihr Wissen oder Ihre Zustimmung, in \u00dcbereinstimmung mit den oben genannten Regeln, verarbeitet werden k\u00f6nnen, sofern dies gesetzlich vorgeschrieben oder zul\u00e4ssig ist.<strong><strong><br><br>Serverdaten<br><br><\/strong><\/strong>In den Server-Protokolldateien werden Typ und Version Ihres Browsers, Betriebssystems, die Website, von der Sie gekommen sind (Referrer-URL), die auf unserer Website besuchten Seiten, Datum und Uhrzeit Ihres Besuchs sowie die IP-Adresse aufgezeichnet von der aus Sie unsere Website besucht haben.<br>Die so gesammelten Daten werden vor\u00fcbergehend gespeichert. Grundlage f\u00fcr diese Speicherung ist Art. 6 (1) f) DSGVO. Unser berechtigtes Interesse liegt in der Verbesserung, Stabilit\u00e4t, Funktionalit\u00e4t und Sicherheit unserer Website.<br>Die personenbezogenen Daten werden regelm\u00e4\u00dfig gel\u00f6scht, es sei denn, eine fortgesetzte Speicherung ist zu Beweiszwecken erforderlich, und sie werden bis zur Untersuchung des betreffenden Vorfalls aufbewahrt.<strong><strong><br><br>Kontakt<br><br><\/strong><\/strong>Wenn Sie uns per E-Mail oder \u00fcber das Kontaktformular kontaktieren, werden die von Ihnen angegebenen Daten zum Zwecke der Bearbeitung Ihrer Anfrage verwendet. Wir ben\u00f6tigen diese Daten, um Ihre Anfrage bearbeiten und beantworten zu k\u00f6nnen. Andernfalls k\u00f6nnen wir es nicht vollst\u00e4ndig oder \u00fcberhaupt nicht beantworten. Rechtsgrundlage f\u00fcr diese Datenverarbeitung ist Art. 6 (1) b) DSGVO<br><br>Ihre Daten werden nach sechs Monaten gel\u00f6scht, nachdem wir Ihre Anfrage vollst\u00e4ndig beantwortet haben, es sei denn, es besteht eine gesetzliche Verpflichtung zur Speicherung Ihrer Daten.<\/p>\n\n\n\n<p><strong>YouTube <\/strong>Unsere Website verwendet keine Plugins von YouTube<\/p>\n\n\n\n<p><strong>Facebook <\/strong>Unsere Website verwendet keine Plugins von Facebook<strong><br><br>Einbettung in soziale Medien <\/strong>Unsere Website verwendet keine Einbettung in soziale Medien.<strong><br><br>Social Media-Plug-Ins <\/strong>Auf unserer Website werden keine Social Media-Plug-Ins verwendet.<strong><br><br>Shariff-Social-Media-Schaltfl\u00e4chen <\/strong>Auf unserer Website werden keine Shariff-Social-Media-Schaltfl\u00e4chen verwendet.<strong><br><br>Google Analytics <\/strong>Wir verwenden nicht Google Analytics auf unserer Website.<strong><br><br>Website-Statistiken<br><br><\/strong>Wir verwenden den Service unseres Website-Hosts, um zu analysieren, wie unsere Website verwendet wird. Rechtsgrundlage ist Art. 6 (1) f) DSGVO. Unser berechtigtes Interesse liegt in der Analyse, Optimierung und dem wirtschaftlichen Betrieb unserer Website.<br>Nutzung und benutzerbezogene Informationen wie IP-Adresse, Ort, Zeit oder H\u00e4ufigkeit Ihrer Besuche auf unserer Website werden an eine der \u00fcbermittelt Server und dort gespeichert. Wir nutzen diesen Service jedoch mit der sogenannten Anonymisierungsfunktion.<br>Die auf diese Weise gesammelten Daten werden wiederum verwendet, um uns eine Bewertung der Besuche auf unserer Website und der Aktivit\u00e4ten der Besucher dort zu geben. Diese Daten k\u00f6nnen auch zur Bereitstellung anderer Dienste im Zusammenhang mit der Nutzung unserer Website und des Internets im Allgemeinen verwendet werden.<br>Der Host unserer Website ist SiteGround Spain SL, ein Unternehmen, das nach den Gesetzen des K\u00f6nigreichs Spanien registriert ist und existiert (Nummer CIF: B87194171), mit registrierter Adresse: Calle de Prim 19, 28004 Madrid, Spanien und ist der Datenverarbeiter der pers\u00f6nlichen Daten, die wir von Ihnen sammeln.<strong><br><br>Google-Maps <\/strong>Unsere Website verwendet kein Google Maps.<strong><br><br>Google Fonts<br><br><\/strong>Unsere Website beabsichtigt nicht, Google Fonts zum Anzeigen externer Schriftarten zu verwenden. Wenn jedoch ein technisches Problem mit der Codierung der Website auftritt, kann dies m\u00f6glicherweise auftreten. Google Fonts ist ein Dienst von Google Ireland Limited, Gordon House, Barrow Street, Dublin 4, Irland (im Folgenden: Google).<br>Um die Anzeige bestimmter Schriftarten auf unserer Website zu erm\u00f6glichen, muss eine Verbindung zum Google-Server in den USA hergestellt werden wird immer dann eingerichtet, wenn auf unsere Website zugegriffen wird. Wir haben technische Ma\u00dfnahmen getroffen, um diesen Zugang zu vermeiden.<br>Die Rechtsgrundlage ist Art. 6 (1) f) DSGVO. Unser berechtigtes Interesse liegt in der Optimierung und dem wirtschaftlichen Betrieb unserer Website.<br>Wenn Sie auf unsere Website zugreifen, wird eine Verbindung zu Google hergestellt, \u00fcber die Google die Website identifizieren kann, von der Ihre Anfrage gesendet wurde, und an welche IP-Adresse die Schriftarten gesendet werden werden zur Anzeige \u00fcbertragen.<br>Google bietet detaillierte Informationen unter:<br>https:\/\/adssettings.google.com\/authenticated<br>https:\/\/policies.google.com\/privacy<strong><br><br>Benutzerdefinierte Google-Suchmaschine (&#8222;CSE&#8220;) <\/strong>F\u00fcr Suchvorg\u00e4nge auf der Website verwenden wir nicht die benutzerdefinierte Google-Suchmaschine (CSE).<strong><br><br>YouTube<\/strong><\/p>\n\n\n\n<p>Wir k\u00f6nnen YouTube auf unserer Website verwenden. Dies ist ein Videoportal, das von YouTube LLC, 901 Cherry Ave, 94066 San Bruno, CA, USA, betrieben wird und im Folgenden als &#8222;YouTube&#8220; bezeichnet wird.<br>F\u00fcr Benutzer mit Sitz im Europ\u00e4ischen Wirtschaftsraum oder in der Schweiz ist der f\u00fcr Sie verantwortliche Datenverantwortliche verantwortlich Informationen sind Google Ireland Limited, Gordon House, Barrow Street, Dublin 4, Irland, im Folgenden als &#8222;Google&#8220; bezeichnet.<br>Wir verwenden YouTube in seinem erweiterten Datenschutzmodus, um Ihnen Videos anzuzeigen. Rechtsgrundlage ist Art. 6 (1) f) DSGVO. Unser berechtigtes Interesse liegt in der Verbesserung der Qualit\u00e4t unserer Website. Laut YouTube bedeutet der erweiterte Datenschutzmodus, dass die unten angegebenen Daten nur dann an den YouTube-Server \u00fcbertragen werden, wenn Sie tats\u00e4chlich ein Video starten.<br>Ohne diesen Modus wird sofort eine Verbindung zum YouTube-Server in den USA hergestellt Wenn Sie auf eine unserer Webseiten zugreifen, auf denen ein YouTube-Video eingebettet ist.<br>Diese Verbindung ist erforderlich, um das entsprechende Video auf unserer Website in Ihrem Browser anzeigen zu k\u00f6nnen. YouTube zeichnet mindestens Ihre IP-Adresse, das Datum und die Uhrzeit der Anzeige des Videos sowie die von Ihnen besuchte Website auf und verarbeitet sie. Au\u00dferdem wird eine Verbindung zum DoubleClick-Werbenetzwerk von Google hergestellt.<br>Wenn Sie beim Zugriff auf unsere Website bei YouTube angemeldet sind, weist YouTube die Verbindungsinformationen Ihrem YouTube-Konto zu. Um dies zu verhindern, musst du dich entweder vor dem Besuch unserer Website von YouTube abmelden oder die entsprechenden Einstellungen in deinem YouTube-Konto vornehmen.<br>Zum Zweck der Funktionalit\u00e4t und Analyse des Nutzungsverhaltens speichert YouTube Cookies dauerhaft \u00fcber deinen Browser auf deinem Ger\u00e4t. Wenn Sie dieser Verarbeitung nicht zustimmen, haben Sie die M\u00f6glichkeit, die Installation von Cookies zu verhindern, indem Sie die entsprechenden Einstellungen in Ihrem Browser vornehmen. Weitere Informationen finden Sie in unserer Cookie-Mitteilung.<br>Weitere Informationen zur Erfassung und Verwendung von Daten sowie zu Ihren Rechten und Schutzoptionen finden Sie in den Datenschutzbestimmungen von Google unter https:\/\/policies.google.com\/privacy<\/p>\n\n\n\n<p><strong>Google AdWords <\/strong>Wir verwenden nicht das Online-Werbetool Google AdWords.<\/p>\n\n\n\n<p><strong>Google AdSense <\/strong>Wir verwenden nicht Google AdSense auf unserer Website.<strong><br><br>Google Remarketing <\/strong>Wir verwenden nicht die Remarketing-Funktion auf unserer Website.<strong><br><br>Microsoft Bing Ads <\/strong>Auf unserer Website verwenden wir nicht das Conversion- und Tracking-Tool Bing Ads.<strong><br><br>Cookies <\/strong>Siehe unsere separate Cookie-Mitteilung<strong><br><\/strong><\/p>\n\n<\/div><\/div>","protected":false},"excerpt":{"rendered":"<p>WIRKSAM: AB 1. JANUAR 2021 Diese Datenschutzerkl\u00e4rung hilft Ihnen zu verstehen, welche personenbezogenen Daten wir \u00fcber Sie sammeln, wie wir diese personenbezogenen Daten verwenden und welche Rechte Sie in Bezug auf Ihre personenbezogenen Daten haben.Personenbezogene Daten sind alle Informationen, die zur Identifizierung einer Person verwendet werden k\u00f6nnen ein, entweder allein oder in Kombination mit anderen &#8230; <a title=\"Datenschutzbestimmungen\" class=\"read-more\" href=\"https:\/\/sulelaw.com\/de\/ueber-eine-top-anwaltskanzlei\/datenschutz-bestimmungen\/\" aria-label=\"Mehr Informationen \u00fcber Datenschutzbestimmungen\">Weiterlesen<\/a><\/p>\n","protected":false},"author":1,"featured_media":0,"parent":19466,"menu_order":0,"comment_status":"closed","ping_status":"closed","template":"","meta":{"footnotes":""},"class_list":["post-19531","page","type-page","status-publish"],"aioseo_notices":[],"_links":{"self":[{"href":"https:\/\/sulelaw.com\/de\/wp-json\/wp\/v2\/pages\/19531","targetHints":{"allow":["GET"]}}],"collection":[{"href":"https:\/\/sulelaw.com\/de\/wp-json\/wp\/v2\/pages"}],"about":[{"href":"https:\/\/sulelaw.com\/de\/wp-json\/wp\/v2\/types\/page"}],"author":[{"embeddable":true,"href":"https:\/\/sulelaw.com\/de\/wp-json\/wp\/v2\/users\/1"}],"replies":[{"embeddable":true,"href":"https:\/\/sulelaw.com\/de\/wp-json\/wp\/v2\/comments?post=19531"}],"version-history":[{"count":6,"href":"https:\/\/sulelaw.com\/de\/wp-json\/wp\/v2\/pages\/19531\/revisions"}],"predecessor-version":[{"id":24014,"href":"https:\/\/sulelaw.com\/de\/wp-json\/wp\/v2\/pages\/19531\/revisions\/24014"}],"up":[{"embeddable":true,"href":"https:\/\/sulelaw.com\/de\/wp-json\/wp\/v2\/pages\/19466"}],"wp:attachment":[{"href":"https:\/\/sulelaw.com\/de\/wp-json\/wp\/v2\/media?parent=19531"}],"curies":[{"name":"wp","href":"https:\/\/api.w.org\/{rel}","templated":true}]}}