{"id":19523,"date":"2020-10-01T10:04:21","date_gmt":"2020-10-01T10:04:21","guid":{"rendered":"https:\/\/va87zabukmi.preview.infomaniak.website\/?page_id=19523"},"modified":"2024-03-26T08:47:15","modified_gmt":"2024-03-26T08:47:15","slug":"impressum","status":"publish","type":"page","link":"https:\/\/sulelaw.com\/de\/ueber-eine-top-anwaltskanzlei\/impressum\/","title":{"rendered":"Impressum"},"content":{"rendered":"<div class=\"gb-container gb-container-1a210b3c\"><div class=\"gb-inside-container\">\n\n<p class=\"gb-headline gb-headline-3f01195c\"><span class=\"gb-icon\"><svg xmlns=\"http:\/\/www.w3.org\/2000\/svg\" viewBox=\"0 0 256 512\" width=\"1em\" height=\"1em\" aria-hidden=\"true\"><path d=\"M224.3 273l-136 136c-9.4 9.4-24.6 9.4-33.9 0l-22.6-22.6c-9.4-9.4-9.4-24.6 0-33.9l96.4-96.4-96.4-96.4c-9.4-9.4-9.4-24.6 0-33.9L54.3 103c9.4-9.4 24.6-9.4 33.9 0l136 136c9.5 9.4 9.5 24.6.1 34z\" fill=\"currentColor\"><\/path><\/svg><\/span><span class=\"gb-headline-text\">ANWALTSKANZLEI IN BUdapest, UNGARN<\/span><\/p>\n\n\n\n<p>Die Kanzlei S\u00fcle ist eine eingetragene rechtliche Person in Ungarn<\/p>\n\n\n\n<p>Juristische Form: Anwaltskanzlei (&#8222;\u00fcgyv\u00e9di iroda&#8220;)<\/p>\n\n\n\n<p>Die Kanzlei S\u00fcle ist bei der Budapester Anwaltskammer unter Nr. 2800 registriert<\/p>\n\n\n\n<p>Die Webseite unter sulelaw.com ist von der Kanzlei S\u00fcle (Ungarn) betreut<\/p>\n\n\n\n<p>Vertreter: \u00c1kos S\u00fcle, LL.M. <\/p>\n\n\n\n<p>Berufsbezeichnungen:  \u00c1kos S\u00fcle ist &#8222;\u00fcgyv\u00e9d&#8220; in Ungarn und Rechtsanwalt in Deutschland<\/p>\n\n\n\n<p>Sitz: Frankel Le\u00f3 \u00fat 84, 1023 Budapest, Ungarn<\/p>\n\n\n\n<p>Tel.: +36 1 700 2255<\/p>\n\n\n\n<p>Fax: +36 1 700 1877<\/p>\n\n\n\n<p>E-Mail: hu@sulelaw.com<\/p>\n\n\n\n<p>EU MwSt Nr.: HU18132331<\/p>\n\n\n\n<p><strong><strong>Zust\u00e4ndig:&nbsp;<\/strong><\/strong>Budapester Rechtsanwaltskammer, Szalay u. 7, 1055 Budapest, Ungarn<\/p>\n\n\n\n<p>Tel.: +36 (1) 353-0155, 353-0810<\/p>\n\n\n\n<p>Fax: +36 (1) 332-1385<\/p>\n\n\n\n<p>E-Mail: szolgaltatas@bpbar.hu<\/p>\n\n\n\n<p>www.bpugyvedikamara.hu<\/p>\n\n\n\n<p><strong><strong>Es gelten folgende Berufsordnungen:<\/strong><\/strong><\/p>\n\n\n\n<p>Gesetz \u00fcber Rechtsanw\u00e4lte Nr. LXXVIII \/ 2017<\/p>\n\n\n\n<p>Die Regelungen der Ungarischen Rechtsanwaltskammer und der Budapester Rechtsanwaltskammer <\/p>\n\n\n\n<p>Texte abrufbar unter www.bpugyvedikamara.hu\/jogszabalyok<\/p>\n\n\n\n<p><strong>Versicherung<\/strong><br>Die Kanzlei S\u00fcle ist bei der Allianz Hung\u00e1ria Zrt berufshaftpflichtversichert. Der r\u00e4umliche Geltungsbereich des Versicherungsschutzes umfasst Dienstleistungen in den Mitgliedsl\u00e4ndern der Europ\u00e4ischen Union und gen\u00fcgt mindestens den Anforderungen der Regelung Nr. 9\/2017 M\u00dcK der Ungarischen Rechtsanwaltskammer (Magyar \u00dcgyv\u00e9di Kamara)<\/p>\n\n\n\n<p class=\"gb-headline gb-headline-68b6ec85\"><span class=\"gb-icon\"><svg xmlns=\"http:\/\/www.w3.org\/2000\/svg\" viewBox=\"0 0 256 512\" width=\"1em\" height=\"1em\" aria-hidden=\"true\"><path d=\"M224.3 273l-136 136c-9.4 9.4-24.6 9.4-33.9 0l-22.6-22.6c-9.4-9.4-9.4-24.6 0-33.9l96.4-96.4-96.4-96.4c-9.4-9.4-9.4-24.6 0-33.9L54.3 103c9.4-9.4 24.6-9.4 33.9 0l136 136c9.5 9.4 9.5 24.6.1 34z\" fill=\"currentColor\"><\/path><\/svg><\/span><span class=\"gb-headline-text\"><strong><strong>ANWALTSKANZLEI IN<\/strong> Berlin, DEUTSCHLAND<\/strong><\/span><\/p>\n\n\n\n<p>S\u00fcle Law Firm und Kanzlei S\u00fcle sind Etablissementbezeichnungen von \u00c1kos S\u00fcle, LL.M. in Deutschland<\/p>\n\n\n\n<p>\u00c1kos S\u00fcle, LL.M. ist Mitglied der Rechtsanwaltskammer des Landes Brandenburg<\/p>\n\n\n\n<p>Berufsbezeichnungen:  \u00c1kos S\u00fcle ist Rechtsanwalt in Deutschland<\/p>\n\n\n\n<p>Scharnweberstr. 9, 15537 Erkner<\/p>\n\n\n\n<p>Tel. 03362 &#8211; 5097737 \u2003<\/p>\n\n\n\n<p>Fax: 03362 &#8211; 5097737 \u2003<\/p>\n\n\n\n<p>E-Mail: de@sulelaw.com<\/p>\n\n\n\n<p>EU MwSt Nr.: DE323492898<\/p>\n\n\n\n<p><strong><strong>Zust\u00e4ndige Rechtsanwaltskammer:\u00a0<\/strong><\/strong>Rechtsanwaltskammer des Landes Brandenburg, Grillendamm 2, 14776 Brandenburg an der Havel<\/p>\n\n\n\n<p>Tel. 03381 &#8211; 25 33 0<\/p>\n\n\n\n<p>Fax: 03381 &#8211; 25 33 23<\/p>\n\n\n\n<p>E-Mail: <a href=\"mailto:info@rak-brb.de\">info@rak-brb.de<\/a><\/p>\n\n\n\n<p><a href=\"https:\/\/www.rak-brb.de\/\" target=\"_blank\" rel=\"noopener\" title=\"\">www.rak-brb.de<\/a><\/p>\n\n\n\n<p><\/p>\n\n\n\n<p><strong><strong>Es gelten folgende Geb\u00fchren- und Berufsordnungen:<\/strong><\/strong><\/p>\n\n\n\n<p>Bundesrechtsanwaltsordnung&nbsp;(BRAO)<\/p>\n\n\n\n<p>Berufsordnung f\u00fcr Rechtsanw\u00e4lte&nbsp;(BORA)<\/p>\n\n\n\n<p>Rechtsanwaltsverg\u00fctungsgesetz&nbsp;(RVG)<\/p>\n\n\n\n<p>Fachanwaltsordnung<\/p>\n\n\n\n<p>Berufsregeln der CCBE f\u00fcr Rechtsanw\u00e4lte der Europ\u00e4ischen Gemeinschaft<\/p>\n\n\n\n<p><\/p>\n\n\n\n<p><strong>Versicherung<\/strong><br>\u00c1kos S\u00fcle, LL.M. (Berlin) ist bei der R+V Versicherung AG (Raiffeisenplatz 1,&nbsp;65189 Wiesbaden) berufshaftpflichtversichert. Der r\u00e4umliche Geltungsbereich des Versicherungsschutzes umfasst Dienstleistungen in den Mitgliedsl\u00e4ndern der Europ\u00e4ischen Union und gen\u00fcgt mindestens den Anforderungen der \u00a7 51 Bundesrechtsanwaltsordnung (BRAO).<\/p>\n\n\n\n<p class=\"gb-headline gb-headline-7dc4f56e\"><span class=\"gb-icon\"><svg xmlns=\"http:\/\/www.w3.org\/2000\/svg\" viewBox=\"0 0 256 512\" width=\"1em\" height=\"1em\" aria-hidden=\"true\"><path d=\"M224.3 273l-136 136c-9.4 9.4-24.6 9.4-33.9 0l-22.6-22.6c-9.4-9.4-9.4-24.6 0-33.9l96.4-96.4-96.4-96.4c-9.4-9.4-9.4-24.6 0-33.9L54.3 103c9.4-9.4 24.6-9.4 33.9 0l136 136c9.5 9.4 9.5 24.6.1 34z\" fill=\"currentColor\"><\/path><\/svg><\/span><span class=\"gb-headline-text\">Online-Streitbeilegung und Streitbeilegung von Verbraucher<\/span><\/p>\n\n\n\n<p>Die Europ\u00e4ische Kommission stellt eine Plattform f\u00fcr die au\u00dfergerichtliche Online-Streitbeilegung (OS-Plattform) bereit, die&nbsp;unter&nbsp;www.ec.europa.eu\/consumers\/odr&nbsp;aufrufbar&nbsp;ist. Wir sind weder verpflichtet noch bereit, an dem Streitschlichtungsverfahren teilzunehmen.<\/p>\n\n<\/div><\/div>","protected":false},"excerpt":{"rendered":"<p>ANWALTSKANZLEI IN BUdapest, UNGARN Die Kanzlei S\u00fcle ist eine eingetragene rechtliche Person in Ungarn Juristische Form: Anwaltskanzlei (&#8222;\u00fcgyv\u00e9di iroda&#8220;) Die Kanzlei S\u00fcle ist bei der Budapester Anwaltskammer unter Nr. 2800 registriert Die Webseite unter sulelaw.com ist von der Kanzlei S\u00fcle (Ungarn) betreut Vertreter: \u00c1kos S\u00fcle, LL.M. Berufsbezeichnungen: \u00c1kos S\u00fcle ist &#8222;\u00fcgyv\u00e9d&#8220; in Ungarn und Rechtsanwalt &#8230; <a title=\"Impressum\" class=\"read-more\" href=\"https:\/\/sulelaw.com\/de\/ueber-eine-top-anwaltskanzlei\/impressum\/\" aria-label=\"Mehr Informationen \u00fcber Impressum\">Weiterlesen<\/a><\/p>\n","protected":false},"author":1,"featured_media":0,"parent":19466,"menu_order":0,"comment_status":"closed","ping_status":"closed","template":"","meta":{"footnotes":""},"class_list":["post-19523","page","type-page","status-publish"],"aioseo_notices":[],"_links":{"self":[{"href":"https:\/\/sulelaw.com\/de\/wp-json\/wp\/v2\/pages\/19523","targetHints":{"allow":["GET"]}}],"collection":[{"href":"https:\/\/sulelaw.com\/de\/wp-json\/wp\/v2\/pages"}],"about":[{"href":"https:\/\/sulelaw.com\/de\/wp-json\/wp\/v2\/types\/page"}],"author":[{"embeddable":true,"href":"https:\/\/sulelaw.com\/de\/wp-json\/wp\/v2\/users\/1"}],"replies":[{"embeddable":true,"href":"https:\/\/sulelaw.com\/de\/wp-json\/wp\/v2\/comments?post=19523"}],"version-history":[{"count":6,"href":"https:\/\/sulelaw.com\/de\/wp-json\/wp\/v2\/pages\/19523\/revisions"}],"predecessor-version":[{"id":24228,"href":"https:\/\/sulelaw.com\/de\/wp-json\/wp\/v2\/pages\/19523\/revisions\/24228"}],"up":[{"embeddable":true,"href":"https:\/\/sulelaw.com\/de\/wp-json\/wp\/v2\/pages\/19466"}],"wp:attachment":[{"href":"https:\/\/sulelaw.com\/de\/wp-json\/wp\/v2\/media?parent=19523"}],"curies":[{"name":"wp","href":"https:\/\/api.w.org\/{rel}","templated":true}]}}