{"id":19488,"date":"2020-09-29T07:57:39","date_gmt":"2020-09-29T07:57:39","guid":{"rendered":"https:\/\/va87zabukmi.preview.infomaniak.website\/?page_id=19488"},"modified":"2020-11-15T14:00:45","modified_gmt":"2020-11-15T14:00:45","slug":"cookie-politik","status":"publish","type":"page","link":"https:\/\/sulelaw.com\/de\/ueber-eine-top-anwaltskanzlei\/cookie-politik\/","title":{"rendered":"Cookie-Politik"},"content":{"rendered":"\n<div class=\"gb-container gb-container-1a210b3c\"><div class=\"gb-inside-container\">\n<div class=\"gb-headline-wrapper gb-headline-wrapper-3f01195c\"><span class=\"gb-icon\"><svg xmlns=\"http:\/\/www.w3.org\/2000\/svg\" viewBox=\"0 0 256 512\" width=\"1em\" height=\"1em\" aria-hidden=\"true\"><path d=\"M224.3 273l-136 136c-9.4 9.4-24.6 9.4-33.9 0l-22.6-22.6c-9.4-9.4-9.4-24.6 0-33.9l96.4-96.4-96.4-96.4c-9.4-9.4-9.4-24.6 0-33.9L54.3 103c9.4-9.4 24.6-9.4 33.9 0l136 136c9.5 9.4 9.5 24.6.1 34z\" fill=\"currentColor\"><\/path><\/svg><\/span><p class=\"gb-headline gb-headline-3f01195c\">Cookies<\/p><\/div>\n\n\n\n<p>Cookies werden erstellt, wenn Sie eine Website besuchen oder eine App verwenden. Es handelt sich im Grunde genommen um kleine Textdateien, die auf Ihrem Ger\u00e4t gespeichert werden und Ihre Erfahrung anpassen. In dieser Datei werden m\u00f6glicherweise Informationen zu Ihren Einstellungen gespeichert, die auf den Einstellungen basieren, die Sie beim letzten Besuch bei uns festgelegt haben. Wir verwenden Cookies auch aus anderen Gr\u00fcnden, z. B. f\u00fcr Werbung und Marketing, um mit verschiedenen Layouts auf der Website zu experimentieren, Ihre Besuche auf der Website zu messen und Ihre Vorlieben zu verstehen. So k\u00f6nnen wir Ihnen personalisierte Werbung, Angebote und Inhalte zeigen, die nur f\u00fcr Sie sind. Durch die weitere Nutzung unserer Websites, Inhalte, Produkte oder Dienstleistungen stimmen Sie zur Verwendung von Cookies zu, wie in dieser Mitteilung beschrieben. Cookies sind ein wichtiger Bestandteil des Internets. Sie vereinfachen die Verwendung von Ger\u00e4ten und den Zugriff auf Online-Informationen erheblich und wirken sich auf viele n\u00fctzliche Funktionen von Websites aus. Es gibt viele verschiedene Verwendungszwecke f\u00fcr Cookies, die jedoch in vier Hauptgruppen unterteilt sind.<\/p>\n\n\n\n<p><br><strong>\u2022 Cookies, die ben\u00f6tigt werden, um den gew\u00fcnschten Inhalt, das gew\u00fcnschte Produkt oder die gew\u00fcnschte Dienstleistung darzustellen<\/strong><\/p>\n\n\n\n<p>Einige Cookies sind wichtig, damit Ihre Ger\u00e4te die Informationen herunterladen oder streamen k\u00f6nnen. Sie k\u00f6nnen sich also auf Websites bewegen und deren Funktionen nutzen. Ohne diese Cookies k\u00f6nnen Inhalte, Produkte oder Dienstleistungen, nach denen Sie gefragt haben, nicht bereitgestellt werden. Hier einige Beispiele f\u00fcr wichtige Cookies:<br>Positionieren Sie Informationen auf einem Smartphone-Bildschirm, Tablet-Ger\u00e4t oder einem anderen Bildschirm, damit Sie die Website sehen und ihre Funktionalit\u00e4t nutzen k\u00f6nnen.  Ohne Cookies m\u00fcssen Sie sich m\u00f6glicherweise auf jeder von Ihnen besuchten Website Ihre Lautst\u00e4rke und Anzeigeeinstellungen wiederholt anpassen. Einige sind Sitzungscookies, die eine reibungslose Navigation durch die Website erm\u00f6glichen.<\/p>\n\n\n\n<p><br><strong>\u2022 Die Verbesserung Ihrer Browser-Erfahrung<\/strong><\/p>\n\n\n\n<p>Cookies erm\u00f6glichen es der App oder Website, sich an von Ihnen getroffene Entscheidungen zu erinnern, z. B. Ihre Sprache oder Region, und bieten verbesserte Funktionen. Im Folgenden finden Sie einige Beispiele f\u00fcr die Verwendung von Cookies, um Ihre Erfahrung mit unseren Anwendungen und Websites zu verbessern:<br>Speichern Sie Ihre Einstellungen und Einstellungen, einschlie\u00dflich der Marketingeinstellungen, z. B. die Auswahl, ob Sie Marketinginformationen erhalten m\u00f6chten.<br>Denken Sie daran, wenn Sie eine Umfrage ausgef\u00fcllt haben, werden Sie nicht aufgefordert, diese erneut durchzuf\u00fchren.<br>Denken Sie daran, ob Sie schon einmal auf der Anwendung oder Website waren.<br>Beschr\u00e4nken Sie die H\u00e4ufigkeit, mit der Ihnen eine bestimmte Online-Werbung angezeigt wird. Dies wird manchmal als &#8222;Frequenzbegrenzung&#8220; bezeichnet.<br>Anzeigen von Informationen, die f\u00fcr Inhalte, Produkte oder Dienstleistungen relevant sind, die Sie erhalten.<br>Sie erhalten Zugriff auf Inhalte, die von Social-Media-Websites wie Facebook oder Twitter bereitgestellt werden.<br>Anzeigen von Links zu verwandten Artikeln, die f\u00fcr die angezeigten Informationen relevant sind.<br>Erinnern an eine Anwendung oder Website, die Sie eingegeben haben, z. B. Wettervorhersagen.<\/p>\n\n\n\n<p><br><strong>\u2022 Analytik<\/strong><\/p>\n\n\n\n<p>Wir m\u00f6chten nachverfolgen, welche Websites, Informationen und Links beliebt sind und welche nicht so h\u00e4ufig verwendet werden, um unsere Informationen relevant und aktuell zu halten. Es ist auch sehr n\u00fctzlich, Trends erkennen zu k\u00f6nnen, wie Menschen durch unsere Informationen navigieren (sich darin zurechtfinden) und wann und wo \u201eFehlermeldungen\u201c entstehen k\u00f6nnen. Diese Gruppe von Cookies, oft als &#8222;Analyse-Cookies&#8220; bezeichnet, wird zum Sammeln dieser Informationen verwendet. Die gesammelten Informationen werden mit den Informationen aus den Cookies aller anderen gruppiert. Wir k\u00f6nnen dann eher die allgemeinen Nutzungsmuster als die Aktivit\u00e4ten einer Person sehen. Analytik-Cookies werden verwendet, um die Funktionsweise einer Anwendung, einer Website und ihrer Seiten zu verbessern. Unsere Anwendungen, Web-Standorte, Websites und Mitteilungen, die Sie von uns erhalten, enthalten kleine unsichtbare Bilder, die als &#8222;Web Beacons&#8220; oder &#8222;Pixel&#8220; bezeichnet werden. Diese werden verwendet, um die Interaktion zwischen Ihnen und den Online-Informationen oder E-Mails zu verwalten und um die Effektivit\u00e4t der Kommunikation beurteilen zu k\u00f6nnen.<\/p>\n\n\n\n<p><br><strong>\u2022 Affiliate-Cookies<\/strong><\/p>\n\n\n\n<p>Wir verwenden keine &#8222;Affiliate&#8220; -Cookies. <\/p>\n<\/div><\/div>\n","protected":false},"excerpt":{"rendered":"<p>Cookies Cookies werden erstellt, wenn Sie eine Website besuchen oder eine App verwenden. Es handelt sich im Grunde genommen um kleine Textdateien, die auf Ihrem Ger\u00e4t gespeichert werden und Ihre Erfahrung anpassen. In dieser Datei werden m\u00f6glicherweise Informationen zu Ihren Einstellungen gespeichert, die auf den Einstellungen basieren, die Sie beim letzten Besuch bei uns festgelegt &#8230; <a title=\"Cookie-Politik\" class=\"read-more\" href=\"https:\/\/sulelaw.com\/de\/ueber-eine-top-anwaltskanzlei\/cookie-politik\/\" aria-label=\"Mehr Informationen \u00fcber Cookie-Politik\">Weiterlesen<\/a><\/p>\n","protected":false},"author":1,"featured_media":0,"parent":19466,"menu_order":0,"comment_status":"closed","ping_status":"closed","template":"","meta":{"footnotes":""},"class_list":["post-19488","page","type-page","status-publish"],"aioseo_notices":[],"_links":{"self":[{"href":"https:\/\/sulelaw.com\/de\/wp-json\/wp\/v2\/pages\/19488","targetHints":{"allow":["GET"]}}],"collection":[{"href":"https:\/\/sulelaw.com\/de\/wp-json\/wp\/v2\/pages"}],"about":[{"href":"https:\/\/sulelaw.com\/de\/wp-json\/wp\/v2\/types\/page"}],"author":[{"embeddable":true,"href":"https:\/\/sulelaw.com\/de\/wp-json\/wp\/v2\/users\/1"}],"replies":[{"embeddable":true,"href":"https:\/\/sulelaw.com\/de\/wp-json\/wp\/v2\/comments?post=19488"}],"version-history":[{"count":4,"href":"https:\/\/sulelaw.com\/de\/wp-json\/wp\/v2\/pages\/19488\/revisions"}],"predecessor-version":[{"id":21751,"href":"https:\/\/sulelaw.com\/de\/wp-json\/wp\/v2\/pages\/19488\/revisions\/21751"}],"up":[{"embeddable":true,"href":"https:\/\/sulelaw.com\/de\/wp-json\/wp\/v2\/pages\/19466"}],"wp:attachment":[{"href":"https:\/\/sulelaw.com\/de\/wp-json\/wp\/v2\/media?parent=19488"}],"curies":[{"name":"wp","href":"https:\/\/api.w.org\/{rel}","templated":true}]}}