{"id":19466,"date":"2020-02-26T19:25:29","date_gmt":"2020-02-26T19:25:29","guid":{"rendered":"https:\/\/va87zabukmi.preview.infomaniak.website\/about-a-top-law-firm\/"},"modified":"2021-03-13T19:09:43","modified_gmt":"2021-03-13T19:09:43","slug":"ueber-eine-top-anwaltskanzlei","status":"publish","type":"page","link":"https:\/\/sulelaw.com\/de\/ueber-eine-top-anwaltskanzlei\/","title":{"rendered":"\u00dcber eine Top-Anwaltskanzlei"},"content":{"rendered":"<div class=\"gb-container gb-container-f7e9f539\" id=\"facts-figures\"><div class=\"gb-inside-container\">\n<div class=\"gb-grid-wrapper gb-grid-wrapper-d0c2aba9\">\n<div class=\"gb-grid-column gb-grid-column-f8b2e4ab\"><div class=\"gb-container gb-container-f8b2e4ab\"><div class=\"gb-inside-container\">\n\n<h2 class=\"gb-headline gb-headline-66089cb2 gb-headline-text\" id=\"facts-figures\">Fakten und Zahlen<\/h2>\n\n\n<div class=\"gb-grid-column gb-grid-column-5222c55b\"><div class=\"gb-container gb-container-5222c55b\"><div class=\"gb-inside-container\">\n<div class=\"gb-grid-column gb-grid-column-5a02964e\"><div class=\"gb-container gb-container-5a02964e\"><div class=\"gb-inside-container\">\n<div class=\"gb-grid-column gb-grid-column-cddc7388\"><div class=\"gb-container gb-container-cddc7388\"><div class=\"gb-inside-container\">\n\n<p><\/p>\n\n\n<div class=\"gb-grid-column gb-grid-column-031a9b10\"><div class=\"gb-container gb-container-031a9b10\"><div class=\"gb-inside-container\"><\/div><\/div><\/div>\n<\/div><\/div><\/div>\n<\/div><\/div><\/div>\n<\/div><\/div><\/div>\n<\/div><\/div><\/div>\n<\/div>\n\n<div class=\"gb-grid-wrapper gb-grid-wrapper-7416a90c\">\n<div class=\"gb-grid-column gb-grid-column-2919c156\"><div class=\"gb-container gb-container-2919c156\"><div class=\"gb-inside-container\">\n<div class=\"gb-container gb-container-a67599b4\"><div class=\"gb-inside-container\">\n\n<h3 class=\"gb-headline gb-headline-56d31156 gb-headline-text\">Gegr\u00fcndet<\/h3>\n\n\n\n<h4 class=\"gb-headline gb-headline-749cede7 gb-headline-text\">2011<\/h4>\n\n<\/div><\/div>\n<\/div><\/div><\/div>\n\n<div class=\"gb-grid-column gb-grid-column-272d15fc\"><div class=\"gb-container gb-container-272d15fc\"><div class=\"gb-inside-container\">\n<div class=\"gb-container gb-container-1597367c\"><div class=\"gb-inside-container\">\n\n<h3 class=\"gb-headline gb-headline-08706694 gb-headline-text\">Mandanten aus \u00fcber<\/h3>\n\n\n\n<h4 class=\"gb-headline gb-headline-6f925a89 gb-headline-text\">40 L\u00e4ndern<\/h4>\n\n<\/div><\/div>\n<\/div><\/div><\/div>\n\n<div class=\"gb-grid-column gb-grid-column-9202feda\"><div class=\"gb-container gb-container-9202feda\"><div class=\"gb-inside-container\">\n<div class=\"gb-container gb-container-9cdfb4ce\"><div class=\"gb-inside-container\">\n\n<h3 class=\"gb-headline gb-headline-70b85c66 gb-headline-text\">Angemeldete Marken &#8211; 2019<\/h3>\n\n\n\n<h4 class=\"gb-headline gb-headline-b7effbc2 gb-headline-text\">465<\/h4>\n\n<\/div><\/div>\n<\/div><\/div><\/div>\n<\/div>\n\n<div class=\"gb-grid-wrapper gb-grid-wrapper-f605b59b\">\n<div class=\"gb-grid-column gb-grid-column-a7c34118\"><div class=\"gb-container gb-container-a7c34118\"><div class=\"gb-inside-container\">\n<div class=\"gb-container gb-container-1ee6d6a3\"><div class=\"gb-inside-container\">\n\n<h3 class=\"gb-headline gb-headline-f2d6054a gb-headline-text\">Angemeldete Marken &#8211; 2020<\/h3>\n\n\n\n<h4 class=\"gb-headline gb-headline-154e4250 gb-headline-text\">684<\/h4>\n\n<\/div><\/div>\n<\/div><\/div><\/div>\n\n<div class=\"gb-grid-column gb-grid-column-1578a5c9\"><div class=\"gb-container gb-container-1578a5c9\"><div class=\"gb-inside-container\">\n<div class=\"gb-container gb-container-f58e4de0\"><div class=\"gb-inside-container\">\n\n<h3 class=\"gb-headline gb-headline-3f02ae17 gb-headline-text\"> Geschmacksmuster &#8211; 2019<\/h3>\n\n\n\n<h4 class=\"gb-headline gb-headline-ca072f0e gb-headline-text\">316<\/h4>\n\n<\/div><\/div>\n<\/div><\/div><\/div>\n\n<div class=\"gb-grid-column gb-grid-column-4d9e59b2\"><div class=\"gb-container gb-container-4d9e59b2\"><div class=\"gb-inside-container\">\n<div class=\"gb-container gb-container-fee0d8f8\"><div class=\"gb-inside-container\">\n\n<h3 class=\"gb-headline gb-headline-2fab6480 gb-headline-text\">Geschmacksmuster &#8211; 2020<\/h3>\n\n\n\n<h4 class=\"gb-headline gb-headline-0ef5e42e gb-headline-text\">537<\/h4>\n\n<\/div><\/div>\n<\/div><\/div><\/div>\n<\/div>\n<\/div><\/div>\n\n<div class=\"gb-container gb-container-d9b80e93\" id=\"awards-rankings\"><div class=\"gb-inside-container\">\n<div class=\"gb-grid-wrapper gb-grid-wrapper-9f609c2a\">\n<div class=\"gb-grid-column gb-grid-column-9ee76106\"><div class=\"gb-container gb-container-9ee76106\" id=\"awards-rankings\"><div class=\"gb-inside-container\">\n\n<h2 class=\"gb-headline gb-headline-023999cf gb-headline-text\">Auszeichnungen &amp; Rankings<\/h2>\n\n\n\n<p>S\u00fcle&#8217;s hervorragender Ruf in allen seinen T\u00e4tigkeitsbereichen wird durch zahlreiche renommierte juristische Auszeichnungen und Kanzleilisten belegt:<\/p>\n\n\n\n<h2 class=\"gb-headline gb-headline-52ba2e6d gb-headline-text\">2021<\/h2>\n\n\n\n<p>Gewinner der &#8222;Corporate IP Law Firm of the Year in Hungary 2021&#8220; bei den Corporate Intl Global Awards<\/p>\n\n\n\n<p>Gewinner der &#8222;Corporate IP Law Firm of the Year in Hungary 2021&#8220; und der &#8222;Intellectual Property Law Firm of the Year in Hungary &#8211; 2021&#8220; bei den Global Law Experts Annual Awards<\/p>\n\n\n\n<h2 class=\"gb-headline gb-headline-8d66bee7 gb-headline-text\">2020<\/h2>\n\n\n\n<p>Global Law Experts (GLE) Auszeichnungen in der Kategorie: Rechtsanwaltskanzlei des Jahres f\u00fcr geistiges Eigentum in Ungarn (Corporate Intellectual Property Law Firm of the Year)<\/p>\n\n\n\n<p>Leaders in Law &#8211; 2020 Global Awards, Gewinner f\u00fcr: Markenrechtsanwalt des Jahres in Ungarn<\/p>\n\n\n\n<p>Kanzlei des Jahres f\u00fcr gewerblichen Rechtsschutz in Ungarn 2020 bei Corporate Intl Global Awards<\/p>\n\n\n\n<p>Nr. 1 auf der Liste der Top 25 Anmelder der EUIPO seit f\u00fcnf Jahren in Folge, f\u00fcr Ungarn<\/p>\n\n<\/div><\/div><\/div>\n\n<div class=\"gb-grid-column gb-grid-column-8ca8f531\"><div class=\"gb-container gb-container-8ca8f531\"><div class=\"gb-inside-container\">\n\n<hr class=\"wp-block-separator\"\/>\n\n\n\n<figure class=\"wp-block-gallery columns-3 wp-block-gallery-1 is-layout-flex wp-block-gallery-is-layout-flex\"><ul class=\"blocks-gallery-grid\"><li class=\"blocks-gallery-item\"><figure><img loading=\"lazy\" decoding=\"async\" width=\"150\" height=\"138\" src=\"https:\/\/sulelaw.com\/wp-content\/uploads\/2021\/03\/GLE-Handbook-Best-law-firm-Hungary.png\" alt=\"\" data-id=\"23531\" data-full-url=\"https:\/\/sulelaw.com\/wp-content\/uploads\/2021\/03\/GLE-Handbook-Best-law-firm-Hungary.png\" data-link=\"https:\/\/sulelaw.com\/de\/gle-handbook-best-law-firm-hungary-2\/\" class=\"wp-image-23531\"\/><\/figure><\/li><li class=\"blocks-gallery-item\"><figure><img loading=\"lazy\" decoding=\"async\" width=\"150\" height=\"165\" src=\"https:\/\/sulelaw.com\/wp-content\/uploads\/2021\/03\/Corporate-INTL-Global-Awards-2021-Sule-Law-Firm-IP-Law-Firm-top.png\" alt=\"\" data-id=\"23525\" data-full-url=\"https:\/\/sulelaw.com\/wp-content\/uploads\/2021\/03\/Corporate-INTL-Global-Awards-2021-Sule-Law-Firm-IP-Law-Firm-top.png\" data-link=\"https:\/\/sulelaw.com\/de\/corporate-intl-global-awards-2021-sule-law-firm-ip-law-firm-top-2\/\" class=\"wp-image-23525\"\/><\/figure><\/li><li class=\"blocks-gallery-item\"><figure><img loading=\"lazy\" decoding=\"async\" width=\"150\" height=\"129\" src=\"https:\/\/sulelaw.com\/wp-content\/uploads\/2021\/03\/award-winning-law-firm.png\" alt=\"best ranked law firm\" data-id=\"23519\" data-full-url=\"https:\/\/sulelaw.com\/wp-content\/uploads\/2021\/03\/award-winning-law-firm.png\" data-link=\"https:\/\/sulelaw.com\/de\/award-winning-law-firm-2\/\" class=\"wp-image-23519\"\/><\/figure><\/li><\/ul><\/figure>\n\n\n\n<hr class=\"wp-block-separator\"\/>\n\n\n<div class=\"gb-container gb-container-4f4c54fd\"><div class=\"gb-inside-container\">\n\n<h2 class=\"gb-headline gb-headline-b529932e\"><span class=\"gb-icon\"><svg aria-hidden=\"true\" height=\"1em\" width=\"1em\" viewBox=\"0 0 256 512\" xmlns=\"http:\/\/www.w3.org\/2000\/svg\"><path fill=\"currentColor\" d=\"M224.3 273l-136 136c-9.4 9.4-24.6 9.4-33.9 0l-22.6-22.6c-9.4-9.4-9.4-24.6 0-33.9l96.4-96.4-96.4-96.4c-9.4-9.4-9.4-24.6 0-33.9L54.3 103c9.4-9.4 24.6-9.4 33.9 0l136 136c9.5 9.4 9.5 24.6.1 34z\"><\/path><\/svg><\/span><span class=\"gb-headline-text\">Kurz-Links:<\/span><\/h2>\n\n\n\n<h4 class=\"gb-headline gb-headline-d80cb316 gb-headline-text\"><a href=\"\/de\/locations\/jurist-in-deutschland-berlin\/\">Unser Berliner B\u00fcro<\/a><br><a href=\"\/de\/locations\/rechtsanwalt-in-budapest-ungarn\/\">Unser Budapester B\u00fcro<\/a><br><a href=\"https:\/\/sulelaw.com\/de\/ueber-eine-top-anwaltskanzlei\/#facts-figures\">Fakten und Zahlen<\/a><br><a href=\"https:\/\/sulelaw.com\/de\/ueber-eine-top-anwaltskanzlei\/#awards-rankings\">Auszeichnungen &amp; Rankings<\/a><br><a href=\"https:\/\/sulelaw.com\/de\/ueber-eine-top-anwaltskanzlei\/#clients\">Mandanten<\/a><br><a href=\"https:\/\/sulelaw.com\/de\/ueber-eine-top-anwaltskanzlei\/#industries\">Branchen<\/a><br><a href=\"https:\/\/sulelaw.com\/de\/ueber-eine-top-anwaltskanzlei\/#career\">Karriere<\/a><\/h4>\n\n<\/div><\/div>\n<\/div><\/div><\/div>\n\n<div class=\"gb-grid-column gb-grid-column-34a42008\"><div class=\"gb-container gb-container-34a42008\"><div class=\"gb-inside-container\">\n\n<h2 class=\"gb-headline gb-headline-f3d7a0a7 gb-headline-text\">2016-2019<\/h2>\n\n\n\n<p>The Lawyers Global Country Awards 2018 &#8211; Hungary &#8211; Law Firm of the Year<\/p>\n\n\n\n<p>Die S\u00fcle Rechtsanwaltskanzlei h\u00e4lt ihre Position auf der Top 25 Liste der EUIPO, f\u00fcr Ungarn als Spitzenanmelder von Marken- und Geschmacksmustern mit Rang 1.<\/p>\n\n<\/div><\/div><\/div>\n\n<div class=\"gb-grid-column gb-grid-column-00b6aa89\"><div class=\"gb-container gb-container-00b6aa89\"><div class=\"gb-inside-container\"><\/div><\/div><\/div>\n<\/div>\n<\/div><\/div>\n\n<div class=\"gb-container gb-container-1db9bf84\" id=\"clients\"><div class=\"gb-inside-container\">\n<div class=\"gb-grid-wrapper gb-grid-wrapper-3ece2710\">\n<div class=\"gb-grid-column gb-grid-column-1405a2a3\"><div class=\"gb-container gb-container-1405a2a3\"><div class=\"gb-inside-container\">\n\n<h2 class=\"gb-headline gb-headline-22793857 gb-headline-text\">Unsere Mandanten<\/h2>\n\n\n<div class=\"gb-grid-column gb-grid-column-88342885\"><div class=\"gb-container gb-container-88342885\"><div class=\"gb-inside-container\">\n<div class=\"gb-grid-column gb-grid-column-483d5274\"><div class=\"gb-container gb-container-483d5274\"><div class=\"gb-inside-container\">\n<div class=\"gb-grid-column gb-grid-column-e5e83ebf\"><div class=\"gb-container gb-container-e5e83ebf\"><div class=\"gb-inside-container\">\n\n<p>S\u00fcle zeichnet sich dadurch aus, dass er erstklassige juristische Arbeit von einem breiten Mandantenspektrum anzieht. Unsere Anw\u00e4ltinnen und Anw\u00e4lte geh\u00f6ren zu den Besten in ihrem Fachgebiet.<\/p>\n\n\n\n<p>Unsere Anw\u00e4lte geh\u00f6ren zu den Besten auf ihrem Gebiet. Unsere Klientel ist international und kommt aus den folgenden L\u00e4ndern (die Liste ist nicht ersch\u00f6pfend): \u00d6sterreich, Australien, Belgien, China, Frankreich, Deutschland, Ungarn, Indien, Italien, Korea, Lettland, Litauen, Luxemburg, Niederlande, Polen, Rum\u00e4nien, Russland, Serbien, Slowakei, Slowenien, Gro\u00dfbritannien, Ukraine, USA (Kalifornien, Delaware, Florida, Kansas, Maryland, Missouri, New York, Pennsylvania, Washington) und Vietnam.<\/p>\n\n\n\n<p>Einige unserer namhaften Mandanten waren bisher (nur internationale Unternehmen sind aufgef\u00fchrt):<\/p>\n\n\n<div class=\"gb-grid-column gb-grid-column-c54667a4\"><div class=\"gb-container gb-container-c54667a4\"><div class=\"gb-inside-container\">\n<div class=\"gb-grid-wrapper gb-grid-wrapper-f20c22e1\">\n<div class=\"gb-grid-column gb-grid-column-fe7b74e5\"><div class=\"gb-container gb-container-fe7b74e5\"><div class=\"gb-inside-container\">\n\n<p>\u2013 ein f\u00fchrender Hersteller von Unterhaltungselektronik<br>\u2013 ein Finanzdienstleistungsunternehmen<br>\u2013 ein Internet-VPN-Dienstleistungsunternehmen<br>\u2013 Anbieter von professionellen WLan-L\u00f6sungen<br>\u2013 ein Finanzinstitut<br>\u2013 ein Tabakunternehmen<br>\u2013 ein globales Telekommunikationsunternehmen<br>\u2013 ein landwirtschaftliches Unternehmen<br>\u2013 ein Unternehmen f\u00fcr Wasserbehandlungsprodukte und -dienstleistungen<br>\u2013 eine der wichtigsten Verteilungsgruppen der Welt<br>\u2013 ein Unternehmen f\u00fcr interne Audit-Ausbilder<br>\u2013 ein Hersteller von Luftentfeuchtern, Wasserk\u00fchlern und W\u00e4rmepumpen<br>\u2013 eine der gr\u00f6\u00dften Brauereien in Privatbesitz<br>\u2013 ein Modedesigner und Gr\u00fcnder einer gleichnamigen High-End-Schuhmarke<br>\u2013 Amazon Verk\u00e4ufer<br>\u2013 ein Hersteller von Schuhen und Kleidung mit wasserdichten\/atmungsaktiven Stoffen<br><\/p>\n\n<\/div><\/div><\/div>\n\n<div class=\"gb-grid-column gb-grid-column-a4c23663\"><div class=\"gb-container gb-container-a4c23663\"><div class=\"gb-inside-container\">\n\n<p>\u2013 eine Vereinigung zur Erhaltung von Wildtieren<br>\u2013 ein Hersteller alkoholischer Getr\u00e4nke<br>\u2013 ein Hersteller von Instant-Nudeln<br>\u2013 ein Unternehmen f\u00fcr Milchprodukte<br>\u2013 ein globales Sicherheits- und Schutzunternehmen<br>\u2013 ein Stahlhersteller<br>\u2013 ein Markenlizenzierungsunternehmen<br>\u2013 eines der gr\u00f6\u00dften Einzelhandelsunternehmen f\u00fcr Schuhe und Sportbekleidung in Europa<br>\u2013 eine Fahrraddesigner- und Produktionsfirma<br>\u2013 eines der 20 f\u00fchrenden Pharmaunternehmen der Welt<br>\u2013 Musiker<br>\u2013 Start-ups<br>\u2013 ein internationaler Flughafen<br>\u2013 ein Franchisegeber in der Sportindustrie<br>\u2013 ein Hersteller und Einzelh\u00e4ndler von Freizeitartikeln<br>\u2013 eines der f\u00fchrenden Unternehmen in der Kunststoff- und Schaumstoffindustrie<\/p>\n\n<\/div><\/div><\/div>\n<\/div>\n<\/div><\/div><\/div>\n<\/div><\/div><\/div>\n<\/div><\/div><\/div>\n<\/div><\/div><\/div>\n<\/div><\/div><\/div>\n\n<div class=\"gb-grid-column gb-grid-column-97f9e6a9\"><div class=\"gb-container gb-container-97f9e6a9\"><div class=\"gb-inside-container\"><\/div><\/div><\/div>\n<\/div>\n<\/div><\/div>\n\n<div class=\"gb-container gb-container-ba7ece42\" id=\"industries\"><div class=\"gb-inside-container\">\n<div class=\"gb-grid-wrapper gb-grid-wrapper-c026c7d1\">\n<div class=\"gb-grid-column gb-grid-column-675be3fc\"><div class=\"gb-container gb-container-675be3fc\"><div class=\"gb-inside-container\">\n\n<h2 class=\"gb-headline gb-headline-d6caa095 gb-headline-text\" id=\"awards-rankings\">Die wichtigsten Branchen<\/h2>\n\n\n<div class=\"gb-grid-column gb-grid-column-c3d8f6b0\"><div class=\"gb-container gb-container-c3d8f6b0\"><div class=\"gb-inside-container\">\n<div class=\"gb-grid-column gb-grid-column-034b2c85\"><div class=\"gb-container gb-container-034b2c85\"><div class=\"gb-inside-container\">\n<div class=\"gb-grid-column gb-grid-column-f89e2cc1\"><div class=\"gb-container gb-container-f89e2cc1\"><div class=\"gb-inside-container\">\n\n<p><\/p>\n\n\n<div class=\"gb-grid-wrapper gb-grid-wrapper-ecb8dc6e\">\n<div class=\"gb-grid-column gb-grid-column-617cca40\"><div class=\"gb-container gb-container-617cca40\"><div class=\"gb-inside-container\">\n\n<h2 class=\"gb-headline gb-headline-abf0f97a gb-headline-text\">TELEKOMMUNIKATION, MEDIEN UND TECHNOLOGIE<\/h2>\n\n\n\n<p>Der Schl\u00fcsselsektor f\u00fcr uns. Dieser Sektor ist von st\u00e4ndigen Ver\u00e4nderungen gepr\u00e4gt und erfordert schnelle Reaktionszeiten und ein gutes Verst\u00e4ndnis der zugrunde liegenden technischen L\u00f6sungen. Der TMT-Sektor umfasst typischerweise grenz\u00fcberschreitende Herausforderungen im Zusammenhang mit Internet, Software, Start-ups, Fintech, E-Commerce, Medien, Werbung, Marketing in Ungarn und in der Europ\u00e4ischen Union.<\/p>\n\n<\/div><\/div><\/div>\n\n<div class=\"gb-grid-column gb-grid-column-83de6ef7\"><div class=\"gb-container gb-container-83de6ef7\"><div class=\"gb-inside-container\">\n\n<h2 class=\"gb-headline gb-headline-29770c68 gb-headline-text\">INDUSTRIE UND HERSTELLUNG<\/h2>\n\n\n\n<p>Ein sich st\u00e4ndig weiterentwickelnder, aber klassischer Sektor, der sich aus unseren Mandanten aus der Automobilindustrie, dem Maschinenbau, der Investitionsg\u00fcter-, Verpackungs-, Kunststoff- und Metallindustrie zusammensetzt. In diesem Sektor wird in der Regel st\u00e4ndig geforscht und entwickelt, w\u00e4hrend sie unsere Erfahrung in grenz\u00fcberschreitenden Fragen und f\u00fcr die Expansion ben\u00f6tigen.<\/p>\n\n<\/div><\/div><\/div>\n\n<div class=\"gb-grid-column gb-grid-column-ea21102a\"><div class=\"gb-container gb-container-ea21102a\"><div class=\"gb-inside-container\">\n\n<h2 class=\"gb-headline gb-headline-70a46131 gb-headline-text\">BIOWISSENSCHAFTEN, PHARMAZIE UND CHEMIKALIEN<\/h2>\n\n\n\n<p>Wir sind in den Bereichen Pharmazeutika, Medizinprodukte, Diagnostik und Gesundheitswesen t\u00e4tig und bieten ein tiefes Verst\u00e4ndnis der damit verbundenen ungarischen und europ\u00e4ischen rechtlichen Anforderungen.&nbsp;<\/p>\n\n<\/div><\/div><\/div>\n<\/div>\n\n<div class=\"gb-grid-wrapper gb-grid-wrapper-dc8a263f\">\n<div class=\"gb-grid-column gb-grid-column-55f83826\"><div class=\"gb-container gb-container-55f83826\"><div class=\"gb-inside-container\">\n\n<h2 class=\"gb-headline gb-headline-714a0f9a gb-headline-text\">KONSUMG\u00dcTER, FMCG UND VERTRIEB<\/h2>\n\n\n\n<p>Wir verf\u00fcgen \u00fcber umfassende Erfahrung mit der Vertretung von online vertriebenen Verbraucherprodukten. Wir haben ein grundlegendes Verst\u00e4ndnis des sich st\u00e4ndig \u00e4ndernden Gesch\u00e4ftsumfelds und der kommerziellen, wettbewerbsorientierten Probleme, mit denen dieser Sektor konfrontiert ist.<\/p>\n\n<\/div><\/div><\/div>\n\n<div class=\"gb-grid-column gb-grid-column-b11c4f05\"><div class=\"gb-container gb-container-b11c4f05\"><div class=\"gb-inside-container\">\n\n<h2 class=\"gb-headline gb-headline-db88521c gb-headline-text\">MODE, DESIGN, EINZELHANDEL<\/h2>\n\n\n\n<p>Wir verf\u00fcgen \u00fcber umfassende Erfahrung mit der Vertretung von online vertriebenen Verbraucherprodukten. Wir haben ein grundlegendes Verst\u00e4ndnis des sich st\u00e4ndig \u00e4ndernden Gesch\u00e4ftsumfelds und der kommerziellen, wettbewerbsorientierten Probleme, mit denen dieser Sektor konfrontiert ist.&nbsp;<\/p>\n\n<\/div><\/div><\/div>\n\n<div class=\"gb-grid-column gb-grid-column-b72f1cd8\"><div class=\"gb-container gb-container-b72f1cd8\"><div class=\"gb-inside-container\">\n\n<h2 class=\"gb-headline gb-headline-10d54efa gb-headline-text\">ERN\u00c4HRUNG UND LANDWIRTSCHAFT<\/h2>\n\n\n\n<p>Von traditionellen Lebensmitteln bis hin zu Nahrungserg\u00e4nzungsmitteln, sowohl f\u00fcr den menschlichen als auch f\u00fcr den tierischen Verzehr, bedient sich dieser Sektor innovativer Produktgestaltung und Vermarktung, was die interdisziplin\u00e4re Navigation auf den Gebieten des Lebensmittelrechts, des Kennzeichnungsrechts, des Marken- und Vermarktungsrechts, um nur einige zu nennen, erfordert.<\/p>\n\n<\/div><\/div><\/div>\n<\/div>\n\n<div class=\"gb-grid-wrapper gb-grid-wrapper-84bed67d\">\n<div class=\"gb-grid-column gb-grid-column-d7f62b92\"><div class=\"gb-container gb-container-d7f62b92\"><div class=\"gb-inside-container\">\n\n<h2 class=\"gb-headline gb-headline-a73646f6 gb-headline-text\">FINANZINSTITUTE<\/h2>\n\n\n\n<p>Wir verstehen die Produkte und Dienstleistungen, mit denen Finanzinstitute und <strong>Fintech <\/strong>zu tun haben, die Fristen, mit denen sie zu tun haben, und die regulatorischen Anforderungen, denen sie unterliegen, und nutzen dies, um unseren Kunden eine ma\u00dfgeschneiderte, kommerzielle und kosteng\u00fcnstige Beratung zu bieten.<\/p>\n\n<\/div><\/div><\/div>\n\n<div class=\"gb-grid-column gb-grid-column-18cd6f6c\"><div class=\"gb-container gb-container-18cd6f6c\"><div class=\"gb-inside-container\">\n\n<h2 class=\"gb-headline gb-headline-31165fce gb-headline-text\">INTERNET, SOFTWARE, START-UPS<\/h2>\n\n\n\n<p>Die IT ist einer der wichtigsten und sich am schnellsten ver\u00e4ndernden Sektoren der Welt. Die Softwareindustrie umfasst Unternehmen f\u00fcr die Entwicklung, Wartung und Ver\u00f6ffentlichung von Software, die unterschiedliche Gesch\u00e4ftsmodelle verwenden. Dieser Sektor geh\u00f6rt grunds\u00e4tzlich zu TMT.<\/p>\n\n<\/div><\/div><\/div>\n<\/div>\n<\/div><\/div><\/div>\n<\/div><\/div><\/div>\n<\/div><\/div><\/div>\n<\/div><\/div><\/div>\n\n<div class=\"gb-grid-column gb-grid-column-9d350437\"><div class=\"gb-container gb-container-9d350437\"><div class=\"gb-inside-container\"><\/div><\/div><\/div>\n<\/div>\n<\/div><\/div>\n\n<div class=\"gb-container gb-container-f268d427\" id=\"career\"><div class=\"gb-inside-container\">\n<div class=\"gb-grid-wrapper gb-grid-wrapper-9064e25e\">\n<div class=\"gb-grid-column gb-grid-column-bdb7cb9f\"><div class=\"gb-container gb-container-bdb7cb9f\"><div class=\"gb-inside-container\">\n\n<h2 class=\"gb-headline gb-headline-97c54a84 gb-headline-text\" id=\"awards-rankings\">Karriere<\/h2>\n\n\n<div class=\"gb-grid-column gb-grid-column-c986a3ee\"><div class=\"gb-container gb-container-c986a3ee\"><div class=\"gb-inside-container\">\n<div class=\"gb-grid-column gb-grid-column-efa3df76\"><div class=\"gb-container gb-container-efa3df76\"><div class=\"gb-inside-container\">\n<div class=\"gb-grid-column gb-grid-column-3b357ad1\"><div class=\"gb-container gb-container-3b357ad1\"><div class=\"gb-inside-container\">\n\n<p>Wir arbeiten mit intelligenten, kreativen, sympathischen und hoch motivierten Personen zusammen, die unsere Ziele, Werte, unseren Enthusiasmus und unser Streben nach Exzellenz in der Rechtspraxis teilen. Wir sind sicher, dass unser Personal immer eine wesentliche Rolle f\u00fcr unseren Erfolg als Kanzlei spielen wird.<br>S\u00fcle setzt sich daf\u00fcr ein, die Einstellung, Bindung und berufliche Entwicklung von talentierten, unterschiedlichen Personen auf allen Ebenen des Unternehmens zu f\u00f6rdern und zu unterst\u00fctzen.<\/p>\n\n\n<div class=\"gb-grid-wrapper gb-grid-wrapper-ef0d3007\">\n<div class=\"gb-grid-column gb-grid-column-bfcf4ec1\"><div class=\"gb-container gb-container-bfcf4ec1\"><div class=\"gb-inside-container\">\n\n<h2 class=\"gb-headline gb-headline-b5ad8523 gb-headline-text\">Rechtsanw\u00e4lte, Markenanw\u00e4lte und Patentanw\u00e4lte (m\/w\/d)<\/h2>\n\n\n\n<p>Wir sind immer daran interessiert, mit Anw\u00e4lten, Marken- und Patentanw\u00e4lten (m\/w\/d) zusammenzutreffen, die \u00fcber einen etablierten Kundenstamm oder \u00fcber F\u00e4higkeiten verf\u00fcgen die unseren erg\u00e4nzen k\u00f6nnten.<\/p>\n\n<\/div><\/div><\/div>\n\n<div class=\"gb-grid-column gb-grid-column-9bfd5cd2\"><div class=\"gb-container gb-container-9bfd5cd2\"><div class=\"gb-inside-container\">\n\n<h2 class=\"gb-headline gb-headline-4c5af03f gb-headline-text\">Rechtsassistenten, juristische Assistenz, PR-Assistenten (m\/w\/d)<\/h2>\n\n\n\n<p>Derzeit gibt es in unserer Firma keine offenen Stellen f\u00fcr diese Stellen.<\/p>\n\n<\/div><\/div><\/div>\n\n<div class=\"gb-grid-column gb-grid-column-2a4650d9\"><div class=\"gb-container gb-container-2a4650d9\"><div class=\"gb-inside-container\">\n\n<h2 class=\"gb-headline gb-headline-091391ee gb-headline-text\">Praktikanten (m\/w\/d)<\/h2>\n\n\n\n<p>Wir freuen uns \u00fcber Bewerbungen f\u00fcr Praktika in den Bereichen PR, Medien, Recht in unserem Berliner B\u00fcro mit Fernarbeit. Wir freuen uns auf Ihre Bewerbung, wenn Sie mindestens zwei der unten aufgef\u00fchrten Sprachen auf Konversationsniveau beherrschen: Englisch, Deutsch, Chinesisch, Franz\u00f6sisch<\/p>\n\n<\/div><\/div><\/div>\n<\/div>\n<\/div><\/div><\/div>\n<\/div><\/div><\/div>\n<\/div><\/div><\/div>\n<\/div><\/div><\/div>\n<\/div>\n<\/div><\/div>\n\n<div class=\"gb-container gb-container-d2271de1\"><div class=\"gb-inside-container\">\n<div class=\"gb-container gb-container-c9a174d3\"><div class=\"gb-inside-container\"><\/div><\/div>\n<\/div><\/div>","protected":false},"excerpt":{"rendered":"","protected":false},"author":2,"featured_media":0,"parent":0,"menu_order":0,"comment_status":"closed","ping_status":"closed","template":"","meta":{"footnotes":""},"class_list":["post-19466","page","type-page","status-publish"],"aioseo_notices":[],"_links":{"self":[{"href":"https:\/\/sulelaw.com\/de\/wp-json\/wp\/v2\/pages\/19466","targetHints":{"allow":["GET"]}}],"collection":[{"href":"https:\/\/sulelaw.com\/de\/wp-json\/wp\/v2\/pages"}],"about":[{"href":"https:\/\/sulelaw.com\/de\/wp-json\/wp\/v2\/types\/page"}],"author":[{"embeddable":true,"href":"https:\/\/sulelaw.com\/de\/wp-json\/wp\/v2\/users\/2"}],"replies":[{"embeddable":true,"href":"https:\/\/sulelaw.com\/de\/wp-json\/wp\/v2\/comments?post=19466"}],"version-history":[{"count":13,"href":"https:\/\/sulelaw.com\/de\/wp-json\/wp\/v2\/pages\/19466\/revisions"}],"predecessor-version":[{"id":23685,"href":"https:\/\/sulelaw.com\/de\/wp-json\/wp\/v2\/pages\/19466\/revisions\/23685"}],"wp:attachment":[{"href":"https:\/\/sulelaw.com\/de\/wp-json\/wp\/v2\/media?parent=19466"}],"curies":[{"name":"wp","href":"https:\/\/api.w.org\/{rel}","templated":true}]}}